{"id":180604,"date":"2024-04-10T16:51:23","date_gmt":"2024-04-10T14:51:35","guid":{"rendered":"https:\/\/arak.spicehorse.eu\/?post_type=product&#038;p=180604"},"modified":"2025-08-07T19:36:04","modified_gmt":"2025-08-07T17:36:04","slug":"dyon-poprsny-remen","status":"publish","type":"product","link":"https:\/\/arak.spicehorse.eu\/sk\/produkt\/dyon-poprsny-remen\/","title":{"rendered":"Dy\u2019on 5 bodov\u00fd poprsn\u00fd reme\u0148"},"content":{"rendered":"<div>\n<p><span lang=\"SK\">Dy\u2019on 5 bodov\u00fd poprsn\u00fd reme\u0148 \u00fa\u010dinne a\u00a0rovnomerne rozpty\u013euje tlak v\u00a0z\u00e1ujme maxim\u00e1lneho pohodlia. V\u010faka pru\u017en\u00fdm detailom umo\u017e\u0148uje v\u00e4\u010d\u0161iu mobilitu, pri\u010dom poskytuje \u00fa\u010dinn\u00fa podporu.<\/span><\/p>\n<\/div>\n<div>\n<p><span lang=\"SK\">Na ka\u017edodenn\u00e9 pou\u017e\u00edvanie v\u00a0z\u00e1ujme pohody a\u00a0v\u00fdkonnosti kon\u00ed.<\/span><\/p>\n<\/div>\n<div>\n<p><span lang=\"SK\">Poprsn\u00fd reme\u0148 je \u013eahko a\u00a0vo v\u00fdraznej miere nastavite\u013en\u00fd v\u00a0z\u00e1ujme zn\u00ed\u017eenia tlaku. S\u00a0dvomi ochrann\u00fdmi vlo\u017ekami, jedna je zo \u0161tepovanej ko\u017ee, druh\u00e1 je zo syntetick\u00e9ho baran\u010deka. <\/span><\/p>\n<\/div>\n<div>\n<p><span lang=\"SK\">Je s\u00fa\u010das\u0165ou kolekcie Dy\u2019on, so \u0161it\u00edm v\u00a0kr\u00e9movej farbe a\u00a0detailmi zo \u017eltej medi. Je dostupn\u00e1 v\u00a0hnedej a\u00a0\u010diernej farbe.\u00a0 <\/span><\/p>\n<\/div>\n<div>\n<p><span lang=\"SK\">Vysok\u00e1 kvalita, vyroben\u00e1 je z\u00a0odolnej eur\u00f3pskej rastlinne \u010dinenej hov\u00e4dzej ko\u017ee.\u00a0 \u010cistite ju glycer\u00ednov\u00fdm mydlom a\u00a0o\u0161etrujte paraf\u00ednov\u00fdm olejom.<\/span><\/p>\n<\/div>\n","protected":false},"excerpt":{"rendered":"<ul style=\"font-weight: 400;\">\n<li>5 bodov\u00e9 up\u00ednanie<\/li>\n<li>\u013dahko nastavite\u013en\u00fd<\/li>\n<li>Rovnomerne rozlo\u017een\u00e9 tlakov\u00e9 body<\/li>\n<\/ul>\n","protected":false},"featured_media":180612,"template":"","meta":{"_acf_changed":false},"product_cat":[75],"product_tag":[2886,570],"acf":[],"yoast_head":"<!-- This site is optimized with the Yoast SEO plugin v21.4 - https:\/\/yoast.com\/wordpress\/plugins\/seo\/ -->\n<title>Dy\u2019on 5 bodov\u00fd poprsn\u00fd reme\u0148 - Spicehorse<\/title>\n<meta name=\"description\" content=\"spicehorse.eu | Dy\u2019on 5 bodov\u00fd poprsn\u00fd reme\u0148 \u00fa\u010dinne a\u00a0rovnomerne rozpty\u013euje tlak v\u00a0z\u00e1ujme maxim\u00e1lneho pohodlia.\" \/>\n<meta name=\"robots\" content=\"index, follow, max-snippet:-1, max-image-preview:large, max-video-preview:-1\" \/>\n<link rel=\"canonical\" href=\"https:\/\/arak.spicehorse.eu\/sk\/produkt\/dyon-poprsny-remen\/\" \/>\n<meta property=\"og:locale\" content=\"sk_SK\" \/>\n<meta property=\"og:type\" content=\"article\" \/>\n<meta property=\"og:title\" content=\"Dy\u2019on 5 bodov\u00fd poprsn\u00fd reme\u0148 - Spicehorse\" \/>\n<meta property=\"og:description\" content=\"spicehorse.eu | Dy\u2019on 5 bodov\u00fd poprsn\u00fd reme\u0148 \u00fa\u010dinne a\u00a0rovnomerne rozpty\u013euje tlak v\u00a0z\u00e1ujme maxim\u00e1lneho pohodlia.\" \/>\n<meta property=\"og:url\" content=\"https:\/\/arak.spicehorse.eu\/sk\/produkt\/dyon-poprsny-remen\/\" \/>\n<meta property=\"og:site_name\" content=\"Spicehorse\" \/>\n<meta property=\"article:publisher\" content=\"https:\/\/www.facebook.com\/SPICEHORSE-550385625402457\/\" \/>\n<meta property=\"article:modified_time\" content=\"2025-08-07T17:36:04+00:00\" \/>\n<meta property=\"og:image\" content=\"https:\/\/arak.spicehorse.eu\/wp-content\/uploads\/2024\/04\/ab6e3427b60afee7c119e72f0045b7e0b44333874cffb3083fa0ed979f745f64.jpg\" \/>\n\t<meta property=\"og:image:width\" content=\"2048\" \/>\n\t<meta property=\"og:image:height\" content=\"1365\" \/>\n\t<meta property=\"og:image:type\" content=\"image\/jpeg\" \/>\n<meta name=\"twitter:card\" content=\"summary_large_image\" \/>\n<meta name=\"twitter:label1\" content=\"Predpokladan\u00fd \u010das \u010d\u00edtania\" \/>\n\t<meta name=\"twitter:data1\" content=\"1 min\u00fata\" \/>\n<script type=\"application\/ld+json\" class=\"yoast-schema-graph\">{\"@context\":\"https:\/\/schema.org\",\"@graph\":[{\"@type\":\"WebPage\",\"@id\":\"https:\/\/arak.spicehorse.eu\/sk\/produkt\/dyon-poprsny-remen\/\",\"url\":\"https:\/\/arak.spicehorse.eu\/sk\/produkt\/dyon-poprsny-remen\/\",\"name\":\"Dy\u2019on 5 bodov\u00fd poprsn\u00fd reme\u0148 - Spicehorse\",\"isPartOf\":{\"@id\":\"https:\/\/arak.spicehorse.eu\/en\/#website\"},\"datePublished\":\"2024-04-10T14:51:35+00:00\",\"dateModified\":\"2025-08-07T17:36:04+00:00\",\"description\":\"spicehorse.eu | Dy\u2019on 5 bodov\u00fd poprsn\u00fd reme\u0148 \u00fa\u010dinne a\u00a0rovnomerne rozpty\u013euje tlak v\u00a0z\u00e1ujme maxim\u00e1lneho pohodlia.\",\"breadcrumb\":{\"@id\":\"https:\/\/arak.spicehorse.eu\/sk\/produkt\/dyon-poprsny-remen\/#breadcrumb\"},\"inLanguage\":\"sk-SK\",\"potentialAction\":[{\"@type\":\"ReadAction\",\"target\":[\"https:\/\/arak.spicehorse.eu\/sk\/produkt\/dyon-poprsny-remen\/\"]}]},{\"@type\":\"BreadcrumbList\",\"@id\":\"https:\/\/arak.spicehorse.eu\/sk\/produkt\/dyon-poprsny-remen\/#breadcrumb\",\"itemListElement\":[{\"@type\":\"ListItem\",\"position\":1,\"name\":\"Home\",\"item\":\"https:\/\/arak.spicehorse.eu\/sk\/\"},{\"@type\":\"ListItem\",\"position\":2,\"name\":\"Predaj\u0148a\",\"item\":\"https:\/\/arak.spicehorse.eu\/sk\/predajna\/\"},{\"@type\":\"ListItem\",\"position\":3,\"name\":\"Dy\u2019on 5 bodov\u00fd poprsn\u00fd reme\u0148\"}]},{\"@type\":\"WebSite\",\"@id\":\"https:\/\/arak.spicehorse.eu\/en\/#website\",\"url\":\"https:\/\/arak.spicehorse.eu\/en\/\",\"name\":\"Spicehorse\",\"description\":\"UNDER DEVELOPMENT -\",\"potentialAction\":[{\"@type\":\"SearchAction\",\"target\":{\"@type\":\"EntryPoint\",\"urlTemplate\":\"https:\/\/arak.spicehorse.eu\/en\/?s={search_term_string}\"},\"query-input\":\"required name=search_term_string\"}],\"inLanguage\":\"sk-SK\"}]}<\/script>\n<!-- \/ Yoast SEO plugin. -->","yoast_head_json":{"title":"Dy\u2019on 5 bodov\u00fd poprsn\u00fd reme\u0148 - Spicehorse","description":"spicehorse.eu | Dy\u2019on 5 bodov\u00fd poprsn\u00fd reme\u0148 \u00fa\u010dinne a\u00a0rovnomerne rozpty\u013euje tlak v\u00a0z\u00e1ujme maxim\u00e1lneho pohodlia.","robots":{"index":"index","follow":"follow","max-snippet":"max-snippet:-1","max-image-preview":"max-image-preview:large","max-video-preview":"max-video-preview:-1"},"canonical":"https:\/\/arak.spicehorse.eu\/sk\/produkt\/dyon-poprsny-remen\/","og_locale":"sk_SK","og_type":"article","og_title":"Dy\u2019on 5 bodov\u00fd poprsn\u00fd reme\u0148 - Spicehorse","og_description":"spicehorse.eu | Dy\u2019on 5 bodov\u00fd poprsn\u00fd reme\u0148 \u00fa\u010dinne a\u00a0rovnomerne rozpty\u013euje tlak v\u00a0z\u00e1ujme maxim\u00e1lneho pohodlia.","og_url":"https:\/\/arak.spicehorse.eu\/sk\/produkt\/dyon-poprsny-remen\/","og_site_name":"Spicehorse","article_publisher":"https:\/\/www.facebook.com\/SPICEHORSE-550385625402457\/","article_modified_time":"2025-08-07T17:36:04+00:00","og_image":[{"width":2048,"height":1365,"url":"https:\/\/arak.spicehorse.eu\/wp-content\/uploads\/2024\/04\/ab6e3427b60afee7c119e72f0045b7e0b44333874cffb3083fa0ed979f745f64.jpg","type":"image\/jpeg"}],"twitter_card":"summary_large_image","twitter_misc":{"Predpokladan\u00fd \u010das \u010d\u00edtania":"1 min\u00fata"},"schema":{"@context":"https:\/\/schema.org","@graph":[{"@type":"WebPage","@id":"https:\/\/arak.spicehorse.eu\/sk\/produkt\/dyon-poprsny-remen\/","url":"https:\/\/arak.spicehorse.eu\/sk\/produkt\/dyon-poprsny-remen\/","name":"Dy\u2019on 5 bodov\u00fd poprsn\u00fd reme\u0148 - Spicehorse","isPartOf":{"@id":"https:\/\/arak.spicehorse.eu\/en\/#website"},"datePublished":"2024-04-10T14:51:35+00:00","dateModified":"2025-08-07T17:36:04+00:00","description":"spicehorse.eu | Dy\u2019on 5 bodov\u00fd poprsn\u00fd reme\u0148 \u00fa\u010dinne a\u00a0rovnomerne rozpty\u013euje tlak v\u00a0z\u00e1ujme maxim\u00e1lneho pohodlia.","breadcrumb":{"@id":"https:\/\/arak.spicehorse.eu\/sk\/produkt\/dyon-poprsny-remen\/#breadcrumb"},"inLanguage":"sk-SK","potentialAction":[{"@type":"ReadAction","target":["https:\/\/arak.spicehorse.eu\/sk\/produkt\/dyon-poprsny-remen\/"]}]},{"@type":"BreadcrumbList","@id":"https:\/\/arak.spicehorse.eu\/sk\/produkt\/dyon-poprsny-remen\/#breadcrumb","itemListElement":[{"@type":"ListItem","position":1,"name":"Home","item":"https:\/\/arak.spicehorse.eu\/sk\/"},{"@type":"ListItem","position":2,"name":"Predaj\u0148a","item":"https:\/\/arak.spicehorse.eu\/sk\/predajna\/"},{"@type":"ListItem","position":3,"name":"Dy\u2019on 5 bodov\u00fd poprsn\u00fd reme\u0148"}]},{"@type":"WebSite","@id":"https:\/\/arak.spicehorse.eu\/en\/#website","url":"https:\/\/arak.spicehorse.eu\/en\/","name":"Spicehorse","description":"UNDER DEVELOPMENT -","potentialAction":[{"@type":"SearchAction","target":{"@type":"EntryPoint","urlTemplate":"https:\/\/arak.spicehorse.eu\/en\/?s={search_term_string}"},"query-input":"required name=search_term_string"}],"inLanguage":"sk-SK"}]}},"_links":{"self":[{"href":"https:\/\/arak.spicehorse.eu\/sk\/wp-json\/wp\/v2\/product\/180604"}],"collection":[{"href":"https:\/\/arak.spicehorse.eu\/sk\/wp-json\/wp\/v2\/product"}],"about":[{"href":"https:\/\/arak.spicehorse.eu\/sk\/wp-json\/wp\/v2\/types\/product"}],"wp:featuredmedia":[{"embeddable":true,"href":"https:\/\/arak.spicehorse.eu\/sk\/wp-json\/wp\/v2\/media\/180612"}],"wp:attachment":[{"href":"https:\/\/arak.spicehorse.eu\/sk\/wp-json\/wp\/v2\/media?parent=180604"}],"wp:term":[{"taxonomy":"product_cat","embeddable":true,"href":"https:\/\/arak.spicehorse.eu\/sk\/wp-json\/wp\/v2\/product_cat?post=180604"},{"taxonomy":"product_tag","embeddable":true,"href":"https:\/\/arak.spicehorse.eu\/sk\/wp-json\/wp\/v2\/product_tag?post=180604"}],"curies":[{"name":"wp","href":"https:\/\/api.w.org\/{rel}","templated":true}]}}