{"id":180965,"date":"2024-04-18T08:03:15","date_gmt":"2024-04-18T06:03:24","guid":{"rendered":"https:\/\/arak.spicehorse.eu\/?post_type=product&#038;p=180965"},"modified":"2024-04-23T13:15:00","modified_gmt":"2024-04-23T11:15:00","slug":"qhp-equi-super-shiner-spongia","status":"publish","type":"product","link":"https:\/\/arak.spicehorse.eu\/sk\/produkt\/qhp-equi-super-shiner-spongia\/","title":{"rendered":"QHP Equi super shiner \u0161pongia"},"content":{"rendered":"<p style=\"font-weight: 400;\">QHP Equi super shiner \u010distiaca a le\u0161tiaca \u0161pongia m\u00e1 vo svojom n\u00e1zve v\u0161etko \u010do pon\u00faka. V\u010faka \u0161peci\u00e1lnej text\u00fare h\u013abkovo \u010dist\u00ed srs\u0165 ko\u0148a, stimuluje krvn\u00fd obeh. \u0160pongiu mo\u017eno pou\u017e\u00edva\u0165 v suchom aj mokrom stave. Vo v\u00e1kuovom balen\u00ed, po rozbalen\u00ed sa roztiahne na norm\u00e1lnu ve\u013ekos\u0165.<\/p>\n","protected":false},"excerpt":{"rendered":"<ul style=\"font-weight: 400;\">\n<li>Equi super shiner \u0161pongia pre kone<\/li>\n<li>\u010cist\u00ed srs\u0165 kon\u00ed<\/li>\n<li>Stimuluje krvn\u00fd obeh<\/li>\n<li>M\u00f4\u017ee sa pou\u017e\u00edva\u0165 such\u00e1 aj mokr\u00e1<\/li>\n<li>\u0160pongia je v\u00e1kuovo balen\u00e1, pri otvoren\u00ed obalu sa roztiahne.<\/li>\n<\/ul>\n","protected":false},"featured_media":180972,"template":"","meta":{"_acf_changed":false},"product_cat":[75,106,120],"product_tag":[467,401,1973],"acf":[],"yoast_head":"<!-- This site is optimized with the Yoast SEO plugin v21.4 - https:\/\/yoast.com\/wordpress\/plugins\/seo\/ -->\n<title>QHP Equi super shiner \u0161pongia - Spicehorse<\/title>\n<meta name=\"description\" content=\"spicehorse.eu | QHP Equi super shiner \u010distiaca a le\u0161tiaca \u0161pongia m\u00e1 vo svojom n\u00e1zve v\u0161etko \u010do pon\u00faka.\" \/>\n<meta name=\"robots\" content=\"index, follow, max-snippet:-1, max-image-preview:large, max-video-preview:-1\" \/>\n<link rel=\"canonical\" href=\"https:\/\/arak.spicehorse.eu\/termek\/qhp-equi-super-shiner-szivacs\/\" \/>\n<meta property=\"og:locale\" content=\"sk_SK\" \/>\n<meta property=\"og:type\" content=\"article\" \/>\n<meta property=\"og:title\" content=\"QHP Equi super shiner \u0161pongia - Spicehorse\" \/>\n<meta property=\"og:description\" content=\"spicehorse.eu | QHP Equi super shiner \u010distiaca a le\u0161tiaca \u0161pongia m\u00e1 vo svojom n\u00e1zve v\u0161etko \u010do pon\u00faka.\" \/>\n<meta property=\"og:url\" content=\"https:\/\/arak.spicehorse.eu\/termek\/qhp-equi-super-shiner-szivacs\/\" \/>\n<meta property=\"og:site_name\" content=\"Spicehorse\" \/>\n<meta property=\"article:publisher\" content=\"https:\/\/www.facebook.com\/SPICEHORSE-550385625402457\/\" \/>\n<meta property=\"article:modified_time\" content=\"2024-04-23T11:15:00+00:00\" \/>\n<meta property=\"og:image\" content=\"https:\/\/arak.spicehorse.eu\/wp-content\/uploads\/2024\/04\/5494zw-6.jpg\" \/>\n\t<meta property=\"og:image:width\" content=\"1280\" \/>\n\t<meta property=\"og:image:height\" content=\"1280\" \/>\n\t<meta property=\"og:image:type\" content=\"image\/jpeg\" \/>\n<meta name=\"twitter:card\" content=\"summary_large_image\" \/>\n<script type=\"application\/ld+json\" class=\"yoast-schema-graph\">{\"@context\":\"https:\/\/schema.org\",\"@graph\":[{\"@type\":\"WebPage\",\"@id\":\"https:\/\/arak.spicehorse.eu\/termek\/qhp-equi-super-shiner-szivacs\/\",\"url\":\"https:\/\/arak.spicehorse.eu\/termek\/qhp-equi-super-shiner-szivacs\/\",\"name\":\"QHP Equi super shiner \u0161pongia - Spicehorse\",\"isPartOf\":{\"@id\":\"https:\/\/arak.spicehorse.eu\/en\/#website\"},\"datePublished\":\"2024-04-18T06:03:24+00:00\",\"dateModified\":\"2024-04-23T11:15:00+00:00\",\"description\":\"spicehorse.eu | QHP Equi super shiner \u010distiaca a le\u0161tiaca \u0161pongia m\u00e1 vo svojom n\u00e1zve v\u0161etko \u010do pon\u00faka.\",\"breadcrumb\":{\"@id\":\"https:\/\/arak.spicehorse.eu\/termek\/qhp-equi-super-shiner-szivacs\/#breadcrumb\"},\"inLanguage\":\"sk-SK\",\"potentialAction\":[{\"@type\":\"ReadAction\",\"target\":[\"https:\/\/arak.spicehorse.eu\/termek\/qhp-equi-super-shiner-szivacs\/\"]}]},{\"@type\":\"BreadcrumbList\",\"@id\":\"https:\/\/arak.spicehorse.eu\/termek\/qhp-equi-super-shiner-szivacs\/#breadcrumb\",\"itemListElement\":[{\"@type\":\"ListItem\",\"position\":1,\"name\":\"Home\",\"item\":\"https:\/\/arak.spicehorse.eu\/sk\/\"},{\"@type\":\"ListItem\",\"position\":2,\"name\":\"Predaj\u0148a\",\"item\":\"https:\/\/arak.spicehorse.eu\/sk\/predajna\/\"},{\"@type\":\"ListItem\",\"position\":3,\"name\":\"QHP Equi super shiner \u0161pongia\"}]},{\"@type\":\"WebSite\",\"@id\":\"https:\/\/arak.spicehorse.eu\/en\/#website\",\"url\":\"https:\/\/arak.spicehorse.eu\/en\/\",\"name\":\"Spicehorse\",\"description\":\"UNDER DEVELOPMENT -\",\"potentialAction\":[{\"@type\":\"SearchAction\",\"target\":{\"@type\":\"EntryPoint\",\"urlTemplate\":\"https:\/\/arak.spicehorse.eu\/en\/?s={search_term_string}\"},\"query-input\":\"required name=search_term_string\"}],\"inLanguage\":\"sk-SK\"}]}<\/script>\n<!-- \/ Yoast SEO plugin. -->","yoast_head_json":{"title":"QHP Equi super shiner \u0161pongia - Spicehorse","description":"spicehorse.eu | QHP Equi super shiner \u010distiaca a le\u0161tiaca \u0161pongia m\u00e1 vo svojom n\u00e1zve v\u0161etko \u010do pon\u00faka.","robots":{"index":"index","follow":"follow","max-snippet":"max-snippet:-1","max-image-preview":"max-image-preview:large","max-video-preview":"max-video-preview:-1"},"canonical":"https:\/\/arak.spicehorse.eu\/termek\/qhp-equi-super-shiner-szivacs\/","og_locale":"sk_SK","og_type":"article","og_title":"QHP Equi super shiner \u0161pongia - Spicehorse","og_description":"spicehorse.eu | QHP Equi super shiner \u010distiaca a le\u0161tiaca \u0161pongia m\u00e1 vo svojom n\u00e1zve v\u0161etko \u010do pon\u00faka.","og_url":"https:\/\/arak.spicehorse.eu\/termek\/qhp-equi-super-shiner-szivacs\/","og_site_name":"Spicehorse","article_publisher":"https:\/\/www.facebook.com\/SPICEHORSE-550385625402457\/","article_modified_time":"2024-04-23T11:15:00+00:00","og_image":[{"width":1280,"height":1280,"url":"https:\/\/arak.spicehorse.eu\/wp-content\/uploads\/2024\/04\/5494zw-6.jpg","type":"image\/jpeg"}],"twitter_card":"summary_large_image","schema":{"@context":"https:\/\/schema.org","@graph":[{"@type":"WebPage","@id":"https:\/\/arak.spicehorse.eu\/termek\/qhp-equi-super-shiner-szivacs\/","url":"https:\/\/arak.spicehorse.eu\/termek\/qhp-equi-super-shiner-szivacs\/","name":"QHP Equi super shiner \u0161pongia - Spicehorse","isPartOf":{"@id":"https:\/\/arak.spicehorse.eu\/en\/#website"},"datePublished":"2024-04-18T06:03:24+00:00","dateModified":"2024-04-23T11:15:00+00:00","description":"spicehorse.eu | QHP Equi super shiner \u010distiaca a le\u0161tiaca \u0161pongia m\u00e1 vo svojom n\u00e1zve v\u0161etko \u010do pon\u00faka.","breadcrumb":{"@id":"https:\/\/arak.spicehorse.eu\/termek\/qhp-equi-super-shiner-szivacs\/#breadcrumb"},"inLanguage":"sk-SK","potentialAction":[{"@type":"ReadAction","target":["https:\/\/arak.spicehorse.eu\/termek\/qhp-equi-super-shiner-szivacs\/"]}]},{"@type":"BreadcrumbList","@id":"https:\/\/arak.spicehorse.eu\/termek\/qhp-equi-super-shiner-szivacs\/#breadcrumb","itemListElement":[{"@type":"ListItem","position":1,"name":"Home","item":"https:\/\/arak.spicehorse.eu\/sk\/"},{"@type":"ListItem","position":2,"name":"Predaj\u0148a","item":"https:\/\/arak.spicehorse.eu\/sk\/predajna\/"},{"@type":"ListItem","position":3,"name":"QHP Equi super shiner \u0161pongia"}]},{"@type":"WebSite","@id":"https:\/\/arak.spicehorse.eu\/en\/#website","url":"https:\/\/arak.spicehorse.eu\/en\/","name":"Spicehorse","description":"UNDER DEVELOPMENT -","potentialAction":[{"@type":"SearchAction","target":{"@type":"EntryPoint","urlTemplate":"https:\/\/arak.spicehorse.eu\/en\/?s={search_term_string}"},"query-input":"required name=search_term_string"}],"inLanguage":"sk-SK"}]}},"_links":{"self":[{"href":"https:\/\/arak.spicehorse.eu\/sk\/wp-json\/wp\/v2\/product\/180965"}],"collection":[{"href":"https:\/\/arak.spicehorse.eu\/sk\/wp-json\/wp\/v2\/product"}],"about":[{"href":"https:\/\/arak.spicehorse.eu\/sk\/wp-json\/wp\/v2\/types\/product"}],"wp:featuredmedia":[{"embeddable":true,"href":"https:\/\/arak.spicehorse.eu\/sk\/wp-json\/wp\/v2\/media\/180972"}],"wp:attachment":[{"href":"https:\/\/arak.spicehorse.eu\/sk\/wp-json\/wp\/v2\/media?parent=180965"}],"wp:term":[{"taxonomy":"product_cat","embeddable":true,"href":"https:\/\/arak.spicehorse.eu\/sk\/wp-json\/wp\/v2\/product_cat?post=180965"},{"taxonomy":"product_tag","embeddable":true,"href":"https:\/\/arak.spicehorse.eu\/sk\/wp-json\/wp\/v2\/product_tag?post=180965"}],"curies":[{"name":"wp","href":"https:\/\/api.w.org\/{rel}","templated":true}]}}