{"id":181023,"date":"2024-04-18T12:49:43","date_gmt":"2024-04-18T10:49:46","guid":{"rendered":"https:\/\/arak.spicehorse.eu\/?post_type=product&#038;p=181023"},"modified":"2024-05-02T20:52:23","modified_gmt":"2024-05-02T18:52:23","slug":"bm-horse-vozik-na-sedlo","status":"publish","type":"product","link":"https:\/\/arak.spicehorse.eu\/sk\/produkt\/bm-horse-vozik-na-sedlo\/","title":{"rendered":"BM Horse voz\u00edk na sedlo"},"content":{"rendered":"<p style=\"font-weight: 400;\">BM Horse voz\u00edk na sedlo, ktor\u00fd sa pou\u017e\u00edva ve\u013emi jednoducho, sl\u00fa\u017ei na transport a\u00a0skladovanie sedla, uzdy a\u00a0in\u00e9ho pr\u00edslu\u0161enstva.<\/p>\n<p style=\"font-weight: 400;\">V\u010faka mobiln\u00e9mu voz\u00edku na sedlo m\u00f4\u017eeme po\u013eahky a jednoducho prepravova\u0165 jazdeck\u00fa v\u00fdbavu. Mas\u00edvny tvar, modern\u00fd dizajn a\u00a0\u013eahk\u00e1 v\u00e1ha. V\u00a0aktu\u00e1lnych farb\u00e1ch, skuto\u010dne nev\u0161edn\u00fd vzh\u013ead.<\/p>\n<p style=\"font-weight: 400;\">Na skladovanie dvoch sediel, 3 ve\u0161iaky vzadu na uzdu, ohl\u00e1vku, po oboch stran\u00e1ch kr\u00fa\u017eky na bi\u010d a\u00a0palicu. Na spodnej strane kovov\u00fd ko\u0161\u00edk, do ktor\u00e9ho si m\u00f4\u017eeme ulo\u017ei\u0165 ak\u00e9ko\u013evek pr\u00edslu\u0161enstvo.<\/p>\n<p style=\"font-weight: 400;\">Mas\u00edvne a\u00a0stabiln\u00e9 koles\u00e1.<\/p>\n<p style=\"font-weight: 400;\">Rozmery: 600 \/ 760 \/ 1560 mm | V\u00e1ha: 20 kg.<\/p>\n<p style=\"font-weight: 400;\"><strong>Pros\u00edm, informujte sa o\u00a0v\u00fd\u0161ke n\u00e1kladov na dopravu, cenov\u00e1 kalkul\u00e1cia je individu\u00e1lna v z\u00e1vislosti od krajiny\/ presnej adresy.<\/strong><\/p>\n","protected":false},"excerpt":{"rendered":"<ul style=\"font-weight: 400;\">\n<li>zo stabilnej ocele \u013eahkej v\u00e1hy<\/li>\n<li>v \u010diernej a zlatej farbe (v pr\u00edpade individu\u00e1lnych po\u017eiadaviek aj v in\u00fdch farb\u00e1ch)<\/li>\n<li>2 dr\u017eiaky na sedlo<\/li>\n<li>3 ve\u0161iaky<\/li>\n<li>2 dr\u017eiaky na bi\u010d a palicu<\/li>\n<li>ko\u0161\u00edk na skladovanie pr\u00edslu\u0161enstva (460 \/ 300 \/ 300 mm)<\/li>\n<li>2 ve\u013ek\u00e9 stabiln\u00e9 koles\u00e1 o priemere \u00a0\u00d8 260mm<\/li>\n<\/ul>\n","protected":false},"featured_media":181026,"template":"","meta":{"_acf_changed":false},"product_cat":[75,120],"product_tag":[2892,338,2035],"acf":[],"yoast_head":"<!-- This site is optimized with the Yoast SEO plugin v21.4 - https:\/\/yoast.com\/wordpress\/plugins\/seo\/ -->\n<title>BM Horse voz\u00edk na sedlo - Spicehorse<\/title>\n<meta name=\"description\" content=\"spicehorse.eu |\u00a0BM Horse voz\u00edk na sedlo, ktor\u00fd sa pou\u017e\u00edva ve\u013emi jednoducho, sl\u00fa\u017ei na transport a\u00a0skladovanie sedla, uzdy a\u00a0in\u00e9ho pr\u00edslu\u0161enstva.\" \/>\n<meta name=\"robots\" content=\"index, follow, max-snippet:-1, max-image-preview:large, max-video-preview:-1\" \/>\n<link rel=\"canonical\" href=\"https:\/\/arak.spicehorse.eu\/termek\/bm-horse-nyeregkocsi\/\" \/>\n<meta property=\"og:locale\" content=\"sk_SK\" \/>\n<meta property=\"og:type\" content=\"article\" \/>\n<meta property=\"og:title\" content=\"BM Horse voz\u00edk na sedlo - Spicehorse\" \/>\n<meta property=\"og:description\" content=\"spicehorse.eu |\u00a0BM Horse voz\u00edk na sedlo, ktor\u00fd sa pou\u017e\u00edva ve\u013emi jednoducho, sl\u00fa\u017ei na transport a\u00a0skladovanie sedla, uzdy a\u00a0in\u00e9ho pr\u00edslu\u0161enstva.\" \/>\n<meta property=\"og:url\" content=\"https:\/\/arak.spicehorse.eu\/termek\/bm-horse-nyeregkocsi\/\" \/>\n<meta property=\"og:site_name\" content=\"Spicehorse\" \/>\n<meta property=\"article:publisher\" content=\"https:\/\/www.facebook.com\/SPICEHORSE-550385625402457\/\" \/>\n<meta property=\"article:modified_time\" content=\"2024-05-02T18:52:23+00:00\" \/>\n<meta property=\"og:image\" content=\"https:\/\/arak.spicehorse.eu\/wp-content\/uploads\/2024\/04\/saddle-cart-primary.jpg\" \/>\n\t<meta property=\"og:image:width\" content=\"1600\" \/>\n\t<meta property=\"og:image:height\" content=\"1600\" \/>\n\t<meta property=\"og:image:type\" content=\"image\/jpeg\" \/>\n<meta name=\"twitter:card\" content=\"summary_large_image\" \/>\n<meta name=\"twitter:label1\" content=\"Predpokladan\u00fd \u010das \u010d\u00edtania\" \/>\n\t<meta name=\"twitter:data1\" content=\"1 min\u00fata\" \/>\n<script type=\"application\/ld+json\" class=\"yoast-schema-graph\">{\"@context\":\"https:\/\/schema.org\",\"@graph\":[{\"@type\":\"WebPage\",\"@id\":\"https:\/\/arak.spicehorse.eu\/termek\/bm-horse-nyeregkocsi\/\",\"url\":\"https:\/\/arak.spicehorse.eu\/termek\/bm-horse-nyeregkocsi\/\",\"name\":\"BM Horse voz\u00edk na sedlo - Spicehorse\",\"isPartOf\":{\"@id\":\"https:\/\/arak.spicehorse.eu\/en\/#website\"},\"datePublished\":\"2024-04-18T10:49:46+00:00\",\"dateModified\":\"2024-05-02T18:52:23+00:00\",\"description\":\"spicehorse.eu |\u00a0BM Horse voz\u00edk na sedlo, ktor\u00fd sa pou\u017e\u00edva ve\u013emi jednoducho, sl\u00fa\u017ei na transport a\u00a0skladovanie sedla, uzdy a\u00a0in\u00e9ho pr\u00edslu\u0161enstva.\",\"breadcrumb\":{\"@id\":\"https:\/\/arak.spicehorse.eu\/termek\/bm-horse-nyeregkocsi\/#breadcrumb\"},\"inLanguage\":\"sk-SK\",\"potentialAction\":[{\"@type\":\"ReadAction\",\"target\":[\"https:\/\/arak.spicehorse.eu\/termek\/bm-horse-nyeregkocsi\/\"]}]},{\"@type\":\"BreadcrumbList\",\"@id\":\"https:\/\/arak.spicehorse.eu\/termek\/bm-horse-nyeregkocsi\/#breadcrumb\",\"itemListElement\":[{\"@type\":\"ListItem\",\"position\":1,\"name\":\"Home\",\"item\":\"https:\/\/arak.spicehorse.eu\/sk\/\"},{\"@type\":\"ListItem\",\"position\":2,\"name\":\"Predaj\u0148a\",\"item\":\"https:\/\/arak.spicehorse.eu\/sk\/predajna\/\"},{\"@type\":\"ListItem\",\"position\":3,\"name\":\"BM Horse voz\u00edk na sedlo\"}]},{\"@type\":\"WebSite\",\"@id\":\"https:\/\/arak.spicehorse.eu\/en\/#website\",\"url\":\"https:\/\/arak.spicehorse.eu\/en\/\",\"name\":\"Spicehorse\",\"description\":\"UNDER DEVELOPMENT -\",\"potentialAction\":[{\"@type\":\"SearchAction\",\"target\":{\"@type\":\"EntryPoint\",\"urlTemplate\":\"https:\/\/arak.spicehorse.eu\/en\/?s={search_term_string}\"},\"query-input\":\"required name=search_term_string\"}],\"inLanguage\":\"sk-SK\"}]}<\/script>\n<!-- \/ Yoast SEO plugin. -->","yoast_head_json":{"title":"BM Horse voz\u00edk na sedlo - Spicehorse","description":"spicehorse.eu |\u00a0BM Horse voz\u00edk na sedlo, ktor\u00fd sa pou\u017e\u00edva ve\u013emi jednoducho, sl\u00fa\u017ei na transport a\u00a0skladovanie sedla, uzdy a\u00a0in\u00e9ho pr\u00edslu\u0161enstva.","robots":{"index":"index","follow":"follow","max-snippet":"max-snippet:-1","max-image-preview":"max-image-preview:large","max-video-preview":"max-video-preview:-1"},"canonical":"https:\/\/arak.spicehorse.eu\/termek\/bm-horse-nyeregkocsi\/","og_locale":"sk_SK","og_type":"article","og_title":"BM Horse voz\u00edk na sedlo - Spicehorse","og_description":"spicehorse.eu |\u00a0BM Horse voz\u00edk na sedlo, ktor\u00fd sa pou\u017e\u00edva ve\u013emi jednoducho, sl\u00fa\u017ei na transport a\u00a0skladovanie sedla, uzdy a\u00a0in\u00e9ho pr\u00edslu\u0161enstva.","og_url":"https:\/\/arak.spicehorse.eu\/termek\/bm-horse-nyeregkocsi\/","og_site_name":"Spicehorse","article_publisher":"https:\/\/www.facebook.com\/SPICEHORSE-550385625402457\/","article_modified_time":"2024-05-02T18:52:23+00:00","og_image":[{"width":1600,"height":1600,"url":"https:\/\/arak.spicehorse.eu\/wp-content\/uploads\/2024\/04\/saddle-cart-primary.jpg","type":"image\/jpeg"}],"twitter_card":"summary_large_image","twitter_misc":{"Predpokladan\u00fd \u010das \u010d\u00edtania":"1 min\u00fata"},"schema":{"@context":"https:\/\/schema.org","@graph":[{"@type":"WebPage","@id":"https:\/\/arak.spicehorse.eu\/termek\/bm-horse-nyeregkocsi\/","url":"https:\/\/arak.spicehorse.eu\/termek\/bm-horse-nyeregkocsi\/","name":"BM Horse voz\u00edk na sedlo - Spicehorse","isPartOf":{"@id":"https:\/\/arak.spicehorse.eu\/en\/#website"},"datePublished":"2024-04-18T10:49:46+00:00","dateModified":"2024-05-02T18:52:23+00:00","description":"spicehorse.eu |\u00a0BM Horse voz\u00edk na sedlo, ktor\u00fd sa pou\u017e\u00edva ve\u013emi jednoducho, sl\u00fa\u017ei na transport a\u00a0skladovanie sedla, uzdy a\u00a0in\u00e9ho pr\u00edslu\u0161enstva.","breadcrumb":{"@id":"https:\/\/arak.spicehorse.eu\/termek\/bm-horse-nyeregkocsi\/#breadcrumb"},"inLanguage":"sk-SK","potentialAction":[{"@type":"ReadAction","target":["https:\/\/arak.spicehorse.eu\/termek\/bm-horse-nyeregkocsi\/"]}]},{"@type":"BreadcrumbList","@id":"https:\/\/arak.spicehorse.eu\/termek\/bm-horse-nyeregkocsi\/#breadcrumb","itemListElement":[{"@type":"ListItem","position":1,"name":"Home","item":"https:\/\/arak.spicehorse.eu\/sk\/"},{"@type":"ListItem","position":2,"name":"Predaj\u0148a","item":"https:\/\/arak.spicehorse.eu\/sk\/predajna\/"},{"@type":"ListItem","position":3,"name":"BM Horse voz\u00edk na sedlo"}]},{"@type":"WebSite","@id":"https:\/\/arak.spicehorse.eu\/en\/#website","url":"https:\/\/arak.spicehorse.eu\/en\/","name":"Spicehorse","description":"UNDER DEVELOPMENT -","potentialAction":[{"@type":"SearchAction","target":{"@type":"EntryPoint","urlTemplate":"https:\/\/arak.spicehorse.eu\/en\/?s={search_term_string}"},"query-input":"required name=search_term_string"}],"inLanguage":"sk-SK"}]}},"_links":{"self":[{"href":"https:\/\/arak.spicehorse.eu\/sk\/wp-json\/wp\/v2\/product\/181023"}],"collection":[{"href":"https:\/\/arak.spicehorse.eu\/sk\/wp-json\/wp\/v2\/product"}],"about":[{"href":"https:\/\/arak.spicehorse.eu\/sk\/wp-json\/wp\/v2\/types\/product"}],"wp:featuredmedia":[{"embeddable":true,"href":"https:\/\/arak.spicehorse.eu\/sk\/wp-json\/wp\/v2\/media\/181026"}],"wp:attachment":[{"href":"https:\/\/arak.spicehorse.eu\/sk\/wp-json\/wp\/v2\/media?parent=181023"}],"wp:term":[{"taxonomy":"product_cat","embeddable":true,"href":"https:\/\/arak.spicehorse.eu\/sk\/wp-json\/wp\/v2\/product_cat?post=181023"},{"taxonomy":"product_tag","embeddable":true,"href":"https:\/\/arak.spicehorse.eu\/sk\/wp-json\/wp\/v2\/product_tag?post=181023"}],"curies":[{"name":"wp","href":"https:\/\/api.w.org\/{rel}","templated":true}]}}