{"id":181564,"date":"2024-05-22T08:03:39","date_gmt":"2024-05-22T06:03:51","guid":{"rendered":"https:\/\/arak.spicehorse.eu\/?post_type=product&#038;p=181564"},"modified":"2024-06-26T17:15:12","modified_gmt":"2024-06-26T15:15:12","slug":"ps-of-sweden-celenka-national-team-%f0%9f%92%99%f0%9f%a4%8d%e2%9d%a4%ef%b8%8f","status":"publish","type":"product","link":"https:\/\/arak.spicehorse.eu\/sk\/produkt\/ps-of-sweden-celenka-national-team-%f0%9f%92%99%f0%9f%a4%8d%e2%9d%a4%ef%b8%8f\/","title":{"rendered":"PS of Sweden \u010delenka National Team \ud83d\udc99\ud83e\udd0d\u2764\ufe0f"},"content":{"rendered":"<div>\n<p><span lang=\"SK\">Noste hrdo n\u00e1rodn\u00e9 farby po\u010das s\u00fa\u0165a\u017e\u00ed. \u010ci u\u017e ste zanieten\u00fd jazdec, fan\u00fa\u0161ik alebo hrd\u00fd vlastenec, v\u010faka kolekcii PS of Sweden National Team sa m\u00f4\u017eete vyjadri\u0165 pomocou v\u00e1\u0161ho ko\u0148a.<\/span><\/p>\n<\/div>\n<div>\n<p><span lang=\"SK\">Je vyroben\u00e1 z\u00a0ko\u017ee vysokej kvality v\u00a0tvare U, s\u00a0integrovan\u00fdmi kri\u0161t\u00e1\u013emi r\u00f4znych farieb. <\/span><\/p>\n<\/div>\n<div>\n<p><span lang=\"SK\">PS of Sweden \u010delenka v\u010faka patentovan\u00e9mu syst\u00e9mu Click It\u2122 umo\u017e\u0148uje, aby sa \u010delenka mohla vymeni\u0165 na uzde\u010dke behom nieko\u013ek\u00fdch sek\u00fand, a\u00a0to aj vtedy, ke\u010f je uzde\u010dka nasaden\u00e1 na ko\u0148ovi. Click It\u2122 umo\u017e\u0148uje pou\u017e\u00edvanie \u010delenky pri v\u0161etk\u00fdch uzde\u010dk\u00e1ch \u0161tandardizovan\u00fdch ve\u013ekost\u00ed (32 mm\/1,25\u2033).<\/span><\/p>\n<\/div>\n<div>\n<p><span lang=\"SK\">D\u013a\u017eka:<\/span><\/p>\n<\/div>\n<div>\n<p><span lang=\"SK\">Ve\u013ekos\u0165 2 (Cob) \u2013 40 cm<br \/>\nVe\u013ekos\u0165 3 (Full) \u2013 42 cm<br \/>\nVe\u013ekos\u0165 4 (X-Full) \u2013 44 cm<\/span><\/p>\n<\/div>\n","protected":false},"excerpt":{"rendered":"<p>Noste hrdo n\u00e1rodn\u00e9 farby po\u010das s\u00fa\u0165a\u017e\u00ed. \u010ci u\u017e ste zanieten\u00fd jazdec, fan\u00fa\u0161ik alebo hrd\u00fd vlastenec, v\u010faka kolekcii PS of Sweden National Team sa m\u00f4\u017eete vyjadri\u0165 pomocou v\u00e1\u0161ho ko\u0148a. Je vyroben\u00e1 z\u00a0ko\u017ee vysokej kvality v\u00a0tvare U, s\u00a0integrovan\u00fdmi kri\u0161t\u00e1\u013emi r\u00f4znych farieb. PS of Sweden \u010delenka v\u010faka patentovan\u00e9mu syst\u00e9mu Click It\u2122 umo\u017e\u0148uje, aby sa \u010delenka mohla vymeni\u0165 na [&hellip;]<\/p>\n","protected":false},"featured_media":181573,"template":"","meta":{"_acf_changed":false},"product_cat":[78,75,511],"product_tag":[530,241,2895,517,2796,529],"acf":[],"yoast_head":"<!-- This site is optimized with the Yoast SEO plugin v21.4 - https:\/\/yoast.com\/wordpress\/plugins\/seo\/ -->\n<title>PS of Sweden \u010delenka National Team \ud83d\udc99\ud83e\udd0d\u2764\ufe0f - Spicehorse<\/title>\n<meta name=\"description\" content=\"spicehorse.eu | N\u00e1dhern\u00e1 PS of Sweden \u010delenka s\u00a0prekr\u00e1snymi kri\u0161t\u00e1\u013emi. \u010celenka funguje s patentovan\u00fdm Click-it\u2122 syst\u00e9mom, preto ju mo\u017eno vymeni\u0165 aj vtedy, ak je uzde\u010dka u\u017e umiestnen\u00e1 na hlave ko\u0148a.\" \/>\n<meta name=\"robots\" content=\"index, follow, max-snippet:-1, max-image-preview:large, max-video-preview:-1\" \/>\n<link rel=\"canonical\" href=\"https:\/\/arak.spicehorse.eu\/sk\/produkt\/ps-of-sweden-celenka-national-team-\ud83d\udc99\ud83e\udd0d\u2764\ufe0f\/\" \/>\n<meta property=\"og:locale\" content=\"sk_SK\" \/>\n<meta property=\"og:type\" content=\"article\" \/>\n<meta property=\"og:title\" content=\"PS of Sweden \u010delenka National Team \ud83d\udc99\ud83e\udd0d\u2764\ufe0f - Spicehorse\" \/>\n<meta property=\"og:description\" content=\"spicehorse.eu | N\u00e1dhern\u00e1 PS of Sweden \u010delenka s\u00a0prekr\u00e1snymi kri\u0161t\u00e1\u013emi. \u010celenka funguje s patentovan\u00fdm Click-it\u2122 syst\u00e9mom, preto ju mo\u017eno vymeni\u0165 aj vtedy, ak je uzde\u010dka u\u017e umiestnen\u00e1 na hlave ko\u0148a.\" \/>\n<meta property=\"og:url\" content=\"https:\/\/arak.spicehorse.eu\/sk\/produkt\/ps-of-sweden-celenka-national-team-\ud83d\udc99\ud83e\udd0d\u2764\ufe0f\/\" \/>\n<meta property=\"og:site_name\" content=\"Spicehorse\" \/>\n<meta property=\"article:publisher\" content=\"https:\/\/www.facebook.com\/SPICEHORSE-550385625402457\/\" \/>\n<meta property=\"article:modified_time\" content=\"2024-06-26T15:15:12+00:00\" \/>\n<meta property=\"og:image\" content=\"https:\/\/arak.spicehorse.eu\/wp-content\/uploads\/2024\/05\/1099-50a61687f7-browband-olympic-america-black-2774-1500x2000-originaljpg.webp\" \/>\n\t<meta property=\"og:image:width\" content=\"800\" \/>\n\t<meta property=\"og:image:height\" content=\"1067\" \/>\n\t<meta property=\"og:image:type\" content=\"image\/webp\" \/>\n<meta name=\"twitter:card\" content=\"summary_large_image\" \/>\n<meta name=\"twitter:label1\" content=\"Predpokladan\u00fd \u010das \u010d\u00edtania\" \/>\n\t<meta name=\"twitter:data1\" content=\"1 min\u00fata\" \/>\n<script type=\"application\/ld+json\" class=\"yoast-schema-graph\">{\"@context\":\"https:\/\/schema.org\",\"@graph\":[{\"@type\":\"WebPage\",\"@id\":\"https:\/\/arak.spicehorse.eu\/sk\/produkt\/ps-of-sweden-celenka-national-team-%f0%9f%92%99%f0%9f%a4%8d%e2%9d%a4%ef%b8%8f\/\",\"url\":\"https:\/\/arak.spicehorse.eu\/sk\/produkt\/ps-of-sweden-celenka-national-team-%f0%9f%92%99%f0%9f%a4%8d%e2%9d%a4%ef%b8%8f\/\",\"name\":\"PS of Sweden \u010delenka National Team \ud83d\udc99\ud83e\udd0d\u2764\ufe0f - Spicehorse\",\"isPartOf\":{\"@id\":\"https:\/\/arak.spicehorse.eu\/en\/#website\"},\"datePublished\":\"2024-05-22T06:03:51+00:00\",\"dateModified\":\"2024-06-26T15:15:12+00:00\",\"description\":\"spicehorse.eu | N\u00e1dhern\u00e1 PS of Sweden \u010delenka s\u00a0prekr\u00e1snymi kri\u0161t\u00e1\u013emi. \u010celenka funguje s patentovan\u00fdm Click-it\u2122 syst\u00e9mom, preto ju mo\u017eno vymeni\u0165 aj vtedy, ak je uzde\u010dka u\u017e umiestnen\u00e1 na hlave ko\u0148a.\",\"breadcrumb\":{\"@id\":\"https:\/\/arak.spicehorse.eu\/sk\/produkt\/ps-of-sweden-celenka-national-team-%f0%9f%92%99%f0%9f%a4%8d%e2%9d%a4%ef%b8%8f\/#breadcrumb\"},\"inLanguage\":\"sk-SK\",\"potentialAction\":[{\"@type\":\"ReadAction\",\"target\":[\"https:\/\/arak.spicehorse.eu\/sk\/produkt\/ps-of-sweden-celenka-national-team-%f0%9f%92%99%f0%9f%a4%8d%e2%9d%a4%ef%b8%8f\/\"]}]},{\"@type\":\"BreadcrumbList\",\"@id\":\"https:\/\/arak.spicehorse.eu\/sk\/produkt\/ps-of-sweden-celenka-national-team-%f0%9f%92%99%f0%9f%a4%8d%e2%9d%a4%ef%b8%8f\/#breadcrumb\",\"itemListElement\":[{\"@type\":\"ListItem\",\"position\":1,\"name\":\"Home\",\"item\":\"https:\/\/arak.spicehorse.eu\/sk\/\"},{\"@type\":\"ListItem\",\"position\":2,\"name\":\"Predaj\u0148a\",\"item\":\"https:\/\/arak.spicehorse.eu\/sk\/predajna\/\"},{\"@type\":\"ListItem\",\"position\":3,\"name\":\"PS of Sweden \u010delenka National Team \ud83d\udc99\ud83e\udd0d\u2764\ufe0f\"}]},{\"@type\":\"WebSite\",\"@id\":\"https:\/\/arak.spicehorse.eu\/en\/#website\",\"url\":\"https:\/\/arak.spicehorse.eu\/en\/\",\"name\":\"Spicehorse\",\"description\":\"UNDER DEVELOPMENT -\",\"potentialAction\":[{\"@type\":\"SearchAction\",\"target\":{\"@type\":\"EntryPoint\",\"urlTemplate\":\"https:\/\/arak.spicehorse.eu\/en\/?s={search_term_string}\"},\"query-input\":\"required name=search_term_string\"}],\"inLanguage\":\"sk-SK\"}]}<\/script>\n<!-- \/ Yoast SEO plugin. -->","yoast_head_json":{"title":"PS of Sweden \u010delenka National Team \ud83d\udc99\ud83e\udd0d\u2764\ufe0f - Spicehorse","description":"spicehorse.eu | N\u00e1dhern\u00e1 PS of Sweden \u010delenka s\u00a0prekr\u00e1snymi kri\u0161t\u00e1\u013emi. \u010celenka funguje s patentovan\u00fdm Click-it\u2122 syst\u00e9mom, preto ju mo\u017eno vymeni\u0165 aj vtedy, ak je uzde\u010dka u\u017e umiestnen\u00e1 na hlave ko\u0148a.","robots":{"index":"index","follow":"follow","max-snippet":"max-snippet:-1","max-image-preview":"max-image-preview:large","max-video-preview":"max-video-preview:-1"},"canonical":"https:\/\/arak.spicehorse.eu\/sk\/produkt\/ps-of-sweden-celenka-national-team-\ud83d\udc99\ud83e\udd0d\u2764\ufe0f\/","og_locale":"sk_SK","og_type":"article","og_title":"PS of Sweden \u010delenka National Team \ud83d\udc99\ud83e\udd0d\u2764\ufe0f - Spicehorse","og_description":"spicehorse.eu | N\u00e1dhern\u00e1 PS of Sweden \u010delenka s\u00a0prekr\u00e1snymi kri\u0161t\u00e1\u013emi. \u010celenka funguje s patentovan\u00fdm Click-it\u2122 syst\u00e9mom, preto ju mo\u017eno vymeni\u0165 aj vtedy, ak je uzde\u010dka u\u017e umiestnen\u00e1 na hlave ko\u0148a.","og_url":"https:\/\/arak.spicehorse.eu\/sk\/produkt\/ps-of-sweden-celenka-national-team-\ud83d\udc99\ud83e\udd0d\u2764\ufe0f\/","og_site_name":"Spicehorse","article_publisher":"https:\/\/www.facebook.com\/SPICEHORSE-550385625402457\/","article_modified_time":"2024-06-26T15:15:12+00:00","og_image":[{"width":800,"height":1067,"url":"https:\/\/arak.spicehorse.eu\/wp-content\/uploads\/2024\/05\/1099-50a61687f7-browband-olympic-america-black-2774-1500x2000-originaljpg.webp","type":"image\/webp"}],"twitter_card":"summary_large_image","twitter_misc":{"Predpokladan\u00fd \u010das \u010d\u00edtania":"1 min\u00fata"},"schema":{"@context":"https:\/\/schema.org","@graph":[{"@type":"WebPage","@id":"https:\/\/arak.spicehorse.eu\/sk\/produkt\/ps-of-sweden-celenka-national-team-%f0%9f%92%99%f0%9f%a4%8d%e2%9d%a4%ef%b8%8f\/","url":"https:\/\/arak.spicehorse.eu\/sk\/produkt\/ps-of-sweden-celenka-national-team-%f0%9f%92%99%f0%9f%a4%8d%e2%9d%a4%ef%b8%8f\/","name":"PS of Sweden \u010delenka National Team \ud83d\udc99\ud83e\udd0d\u2764\ufe0f - Spicehorse","isPartOf":{"@id":"https:\/\/arak.spicehorse.eu\/en\/#website"},"datePublished":"2024-05-22T06:03:51+00:00","dateModified":"2024-06-26T15:15:12+00:00","description":"spicehorse.eu | N\u00e1dhern\u00e1 PS of Sweden \u010delenka s\u00a0prekr\u00e1snymi kri\u0161t\u00e1\u013emi. \u010celenka funguje s patentovan\u00fdm Click-it\u2122 syst\u00e9mom, preto ju mo\u017eno vymeni\u0165 aj vtedy, ak je uzde\u010dka u\u017e umiestnen\u00e1 na hlave ko\u0148a.","breadcrumb":{"@id":"https:\/\/arak.spicehorse.eu\/sk\/produkt\/ps-of-sweden-celenka-national-team-%f0%9f%92%99%f0%9f%a4%8d%e2%9d%a4%ef%b8%8f\/#breadcrumb"},"inLanguage":"sk-SK","potentialAction":[{"@type":"ReadAction","target":["https:\/\/arak.spicehorse.eu\/sk\/produkt\/ps-of-sweden-celenka-national-team-%f0%9f%92%99%f0%9f%a4%8d%e2%9d%a4%ef%b8%8f\/"]}]},{"@type":"BreadcrumbList","@id":"https:\/\/arak.spicehorse.eu\/sk\/produkt\/ps-of-sweden-celenka-national-team-%f0%9f%92%99%f0%9f%a4%8d%e2%9d%a4%ef%b8%8f\/#breadcrumb","itemListElement":[{"@type":"ListItem","position":1,"name":"Home","item":"https:\/\/arak.spicehorse.eu\/sk\/"},{"@type":"ListItem","position":2,"name":"Predaj\u0148a","item":"https:\/\/arak.spicehorse.eu\/sk\/predajna\/"},{"@type":"ListItem","position":3,"name":"PS of Sweden \u010delenka National Team \ud83d\udc99\ud83e\udd0d\u2764\ufe0f"}]},{"@type":"WebSite","@id":"https:\/\/arak.spicehorse.eu\/en\/#website","url":"https:\/\/arak.spicehorse.eu\/en\/","name":"Spicehorse","description":"UNDER DEVELOPMENT -","potentialAction":[{"@type":"SearchAction","target":{"@type":"EntryPoint","urlTemplate":"https:\/\/arak.spicehorse.eu\/en\/?s={search_term_string}"},"query-input":"required name=search_term_string"}],"inLanguage":"sk-SK"}]}},"_links":{"self":[{"href":"https:\/\/arak.spicehorse.eu\/sk\/wp-json\/wp\/v2\/product\/181564"}],"collection":[{"href":"https:\/\/arak.spicehorse.eu\/sk\/wp-json\/wp\/v2\/product"}],"about":[{"href":"https:\/\/arak.spicehorse.eu\/sk\/wp-json\/wp\/v2\/types\/product"}],"wp:featuredmedia":[{"embeddable":true,"href":"https:\/\/arak.spicehorse.eu\/sk\/wp-json\/wp\/v2\/media\/181573"}],"wp:attachment":[{"href":"https:\/\/arak.spicehorse.eu\/sk\/wp-json\/wp\/v2\/media?parent=181564"}],"wp:term":[{"taxonomy":"product_cat","embeddable":true,"href":"https:\/\/arak.spicehorse.eu\/sk\/wp-json\/wp\/v2\/product_cat?post=181564"},{"taxonomy":"product_tag","embeddable":true,"href":"https:\/\/arak.spicehorse.eu\/sk\/wp-json\/wp\/v2\/product_tag?post=181564"}],"curies":[{"name":"wp","href":"https:\/\/api.w.org\/{rel}","templated":true}]}}