{"id":182036,"date":"2024-06-01T18:27:11","date_gmt":"2024-06-01T16:27:24","guid":{"rendered":"https:\/\/arak.spicehorse.eu\/?post_type=product&#038;p=182036"},"modified":"2024-06-25T19:14:29","modified_gmt":"2024-06-25T17:14:29","slug":"dyon-diamond-skokova-podsedlova-decka","status":"publish","type":"product","link":"https:\/\/arak.spicehorse.eu\/sk\/produkt\/dyon-diamond-skokova-podsedlova-decka\/","title":{"rendered":"Dy\u2019on Diamond skokov\u00e1 podsedlov\u00e1 de\u010dka"},"content":{"rendered":"<p style=\"font-weight: 400;\">Anatomicky tvarovan\u00e1 Dy\u2019on podsedlov\u00e1 de\u010dka, nevyv\u00edja tlak na citliv\u00fa oblas\u0165 koh\u00fatika. M\u00e1 jedine\u010dn\u00fd a\u00a0nad\u010dasov\u00fd dizajn, v\u010faka ktor\u00e9mu je dokonalou vo\u013ebou pre v\u0161etk\u00fdch jazdcov.<\/p>\n<p style=\"font-weight: 400;\">Na ka\u017edodenn\u00e9 pou\u017e\u00edvanie. Jedine\u010dn\u00e9 \u0161tepovanie, po\u013eahky odv\u00e1dza vlhkos\u0165 a\u00a0je mimoriadne priedu\u0161n\u00e1. Je m\u00e4kko polstrovan\u00e1, dokonale dosad\u00e1 medzi chrb\u00e1t ko\u0148a a\u00a0sedlo, pri\u010dom chr\u00e1ni chrb\u00e1t ko\u0148a pred vy\u0161\u00fachan\u00edm.<\/p>\n<p style=\"font-weight: 400;\">Bez ru\u0161iv\u00fdch such\u00fdch zipsov, iba jeden nylonov\u00fd popruh pre upevnenie k\u00a0podbru\u0161n\u00edku. Dy\u2019on logo po oboch stran\u00e1ch, pod\u013ea po\u017eiadaviek na \u0148u mo\u017eno po\u013eahky umiestni\u0165 aj sponzorsk\u00e9 logo.<\/p>\n<p style=\"font-weight: 400;\">Mo\u017eno pra\u0165 v\u00a0pr\u00e1\u010dke na 30\u00b0C (nevkladajte do su\u0161i\u010dky), odpor\u00fa\u010da sa pou\u017e\u00edvanie vrecka na pranie.<\/p>\n","protected":false},"excerpt":{"rendered":"<p>Anatomicky tvarovan\u00e1 Dy\u2019on podsedlov\u00e1 de\u010dka, nevyv\u00edja tlak na citliv\u00fa oblas\u0165 koh\u00fatika. M\u00e1 jedine\u010dn\u00fd a\u00a0nad\u010dasov\u00fd dizajn, v\u010faka ktor\u00e9mu je dokonalou vo\u013ebou pre v\u0161etk\u00fdch jazdcov. Na ka\u017edodenn\u00e9 pou\u017e\u00edvanie. Jedine\u010dn\u00e9 \u0161tepovanie, po\u013eahky odv\u00e1dza vlhkos\u0165 a\u00a0je mimoriadne priedu\u0161n\u00e1. Je m\u00e4kko polstrovan\u00e1, dokonale dosad\u00e1 medzi chrb\u00e1t ko\u0148a a\u00a0sedlo, pri\u010dom chr\u00e1ni chrb\u00e1t ko\u0148a pred vy\u0161\u00fachan\u00edm. Bez ru\u0161iv\u00fdch such\u00fdch zipsov, iba jeden [&hellip;]<\/p>\n","protected":false},"featured_media":182045,"template":"","meta":{"_acf_changed":false},"product_cat":[75,367],"product_tag":[2963,2886,219],"acf":[],"yoast_head":"<!-- This site is optimized with the Yoast SEO plugin v21.4 - https:\/\/yoast.com\/wordpress\/plugins\/seo\/ -->\n<title>Dy\u2019on Diamond skokov\u00e1 podsedlov\u00e1 de\u010dka<\/title>\n<meta name=\"description\" content=\"spicehorse.eu | Anatomicky tvarovan\u00e1 Dy\u2019on podsedlov\u00e1 de\u010dka, nevyv\u00edja tlak na citliv\u00fa oblas\u0165 koh\u00fatika.\" \/>\n<meta name=\"robots\" content=\"index, follow, max-snippet:-1, max-image-preview:large, max-video-preview:-1\" \/>\n<link rel=\"canonical\" href=\"https:\/\/arak.spicehorse.eu\/termek\/dyon-diamond-ugro-nyeregalatet\/\" \/>\n<meta property=\"og:locale\" content=\"sk_SK\" \/>\n<meta property=\"og:type\" content=\"article\" \/>\n<meta property=\"og:title\" content=\"Dy\u2019on Diamond skokov\u00e1 podsedlov\u00e1 de\u010dka\" \/>\n<meta property=\"og:description\" content=\"spicehorse.eu | Anatomicky tvarovan\u00e1 Dy\u2019on podsedlov\u00e1 de\u010dka, nevyv\u00edja tlak na citliv\u00fa oblas\u0165 koh\u00fatika.\" \/>\n<meta property=\"og:url\" content=\"https:\/\/arak.spicehorse.eu\/termek\/dyon-diamond-ugro-nyeregalatet\/\" \/>\n<meta property=\"og:site_name\" content=\"Spicehorse\" \/>\n<meta property=\"article:publisher\" content=\"https:\/\/www.facebook.com\/SPICEHORSE-550385625402457\/\" \/>\n<meta property=\"article:modified_time\" content=\"2024-06-25T17:14:29+00:00\" \/>\n<meta property=\"og:image\" content=\"https:\/\/arak.spicehorse.eu\/wp-content\/uploads\/2024\/06\/ho22kbl-scaled.jpg\" \/>\n\t<meta property=\"og:image:width\" content=\"2560\" \/>\n\t<meta property=\"og:image:height\" content=\"2560\" \/>\n\t<meta property=\"og:image:type\" content=\"image\/jpeg\" \/>\n<meta name=\"twitter:card\" content=\"summary_large_image\" \/>\n<meta name=\"twitter:label1\" content=\"Predpokladan\u00fd \u010das \u010d\u00edtania\" \/>\n\t<meta name=\"twitter:data1\" content=\"1 min\u00fata\" \/>\n<script type=\"application\/ld+json\" class=\"yoast-schema-graph\">{\"@context\":\"https:\/\/schema.org\",\"@graph\":[{\"@type\":\"WebPage\",\"@id\":\"https:\/\/arak.spicehorse.eu\/termek\/dyon-diamond-ugro-nyeregalatet\/\",\"url\":\"https:\/\/arak.spicehorse.eu\/termek\/dyon-diamond-ugro-nyeregalatet\/\",\"name\":\"Dy\u2019on Diamond skokov\u00e1 podsedlov\u00e1 de\u010dka\",\"isPartOf\":{\"@id\":\"https:\/\/arak.spicehorse.eu\/en\/#website\"},\"datePublished\":\"2024-06-01T16:27:24+00:00\",\"dateModified\":\"2024-06-25T17:14:29+00:00\",\"description\":\"spicehorse.eu | Anatomicky tvarovan\u00e1 Dy\u2019on podsedlov\u00e1 de\u010dka, nevyv\u00edja tlak na citliv\u00fa oblas\u0165 koh\u00fatika.\",\"breadcrumb\":{\"@id\":\"https:\/\/arak.spicehorse.eu\/termek\/dyon-diamond-ugro-nyeregalatet\/#breadcrumb\"},\"inLanguage\":\"sk-SK\",\"potentialAction\":[{\"@type\":\"ReadAction\",\"target\":[\"https:\/\/arak.spicehorse.eu\/termek\/dyon-diamond-ugro-nyeregalatet\/\"]}]},{\"@type\":\"BreadcrumbList\",\"@id\":\"https:\/\/arak.spicehorse.eu\/termek\/dyon-diamond-ugro-nyeregalatet\/#breadcrumb\",\"itemListElement\":[{\"@type\":\"ListItem\",\"position\":1,\"name\":\"Home\",\"item\":\"https:\/\/arak.spicehorse.eu\/sk\/\"},{\"@type\":\"ListItem\",\"position\":2,\"name\":\"Predaj\u0148a\",\"item\":\"https:\/\/arak.spicehorse.eu\/sk\/predajna\/\"},{\"@type\":\"ListItem\",\"position\":3,\"name\":\"Dy\u2019on Diamond skokov\u00e1 podsedlov\u00e1 de\u010dka\"}]},{\"@type\":\"WebSite\",\"@id\":\"https:\/\/arak.spicehorse.eu\/en\/#website\",\"url\":\"https:\/\/arak.spicehorse.eu\/en\/\",\"name\":\"Spicehorse\",\"description\":\"UNDER DEVELOPMENT -\",\"potentialAction\":[{\"@type\":\"SearchAction\",\"target\":{\"@type\":\"EntryPoint\",\"urlTemplate\":\"https:\/\/arak.spicehorse.eu\/en\/?s={search_term_string}\"},\"query-input\":\"required name=search_term_string\"}],\"inLanguage\":\"sk-SK\"}]}<\/script>\n<!-- \/ Yoast SEO plugin. -->","yoast_head_json":{"title":"Dy\u2019on Diamond skokov\u00e1 podsedlov\u00e1 de\u010dka","description":"spicehorse.eu | Anatomicky tvarovan\u00e1 Dy\u2019on podsedlov\u00e1 de\u010dka, nevyv\u00edja tlak na citliv\u00fa oblas\u0165 koh\u00fatika.","robots":{"index":"index","follow":"follow","max-snippet":"max-snippet:-1","max-image-preview":"max-image-preview:large","max-video-preview":"max-video-preview:-1"},"canonical":"https:\/\/arak.spicehorse.eu\/termek\/dyon-diamond-ugro-nyeregalatet\/","og_locale":"sk_SK","og_type":"article","og_title":"Dy\u2019on Diamond skokov\u00e1 podsedlov\u00e1 de\u010dka","og_description":"spicehorse.eu | Anatomicky tvarovan\u00e1 Dy\u2019on podsedlov\u00e1 de\u010dka, nevyv\u00edja tlak na citliv\u00fa oblas\u0165 koh\u00fatika.","og_url":"https:\/\/arak.spicehorse.eu\/termek\/dyon-diamond-ugro-nyeregalatet\/","og_site_name":"Spicehorse","article_publisher":"https:\/\/www.facebook.com\/SPICEHORSE-550385625402457\/","article_modified_time":"2024-06-25T17:14:29+00:00","og_image":[{"width":2560,"height":2560,"url":"https:\/\/arak.spicehorse.eu\/wp-content\/uploads\/2024\/06\/ho22kbl-scaled.jpg","type":"image\/jpeg"}],"twitter_card":"summary_large_image","twitter_misc":{"Predpokladan\u00fd \u010das \u010d\u00edtania":"1 min\u00fata"},"schema":{"@context":"https:\/\/schema.org","@graph":[{"@type":"WebPage","@id":"https:\/\/arak.spicehorse.eu\/termek\/dyon-diamond-ugro-nyeregalatet\/","url":"https:\/\/arak.spicehorse.eu\/termek\/dyon-diamond-ugro-nyeregalatet\/","name":"Dy\u2019on Diamond skokov\u00e1 podsedlov\u00e1 de\u010dka","isPartOf":{"@id":"https:\/\/arak.spicehorse.eu\/en\/#website"},"datePublished":"2024-06-01T16:27:24+00:00","dateModified":"2024-06-25T17:14:29+00:00","description":"spicehorse.eu | Anatomicky tvarovan\u00e1 Dy\u2019on podsedlov\u00e1 de\u010dka, nevyv\u00edja tlak na citliv\u00fa oblas\u0165 koh\u00fatika.","breadcrumb":{"@id":"https:\/\/arak.spicehorse.eu\/termek\/dyon-diamond-ugro-nyeregalatet\/#breadcrumb"},"inLanguage":"sk-SK","potentialAction":[{"@type":"ReadAction","target":["https:\/\/arak.spicehorse.eu\/termek\/dyon-diamond-ugro-nyeregalatet\/"]}]},{"@type":"BreadcrumbList","@id":"https:\/\/arak.spicehorse.eu\/termek\/dyon-diamond-ugro-nyeregalatet\/#breadcrumb","itemListElement":[{"@type":"ListItem","position":1,"name":"Home","item":"https:\/\/arak.spicehorse.eu\/sk\/"},{"@type":"ListItem","position":2,"name":"Predaj\u0148a","item":"https:\/\/arak.spicehorse.eu\/sk\/predajna\/"},{"@type":"ListItem","position":3,"name":"Dy\u2019on Diamond skokov\u00e1 podsedlov\u00e1 de\u010dka"}]},{"@type":"WebSite","@id":"https:\/\/arak.spicehorse.eu\/en\/#website","url":"https:\/\/arak.spicehorse.eu\/en\/","name":"Spicehorse","description":"UNDER DEVELOPMENT -","potentialAction":[{"@type":"SearchAction","target":{"@type":"EntryPoint","urlTemplate":"https:\/\/arak.spicehorse.eu\/en\/?s={search_term_string}"},"query-input":"required name=search_term_string"}],"inLanguage":"sk-SK"}]}},"_links":{"self":[{"href":"https:\/\/arak.spicehorse.eu\/sk\/wp-json\/wp\/v2\/product\/182036"}],"collection":[{"href":"https:\/\/arak.spicehorse.eu\/sk\/wp-json\/wp\/v2\/product"}],"about":[{"href":"https:\/\/arak.spicehorse.eu\/sk\/wp-json\/wp\/v2\/types\/product"}],"wp:featuredmedia":[{"embeddable":true,"href":"https:\/\/arak.spicehorse.eu\/sk\/wp-json\/wp\/v2\/media\/182045"}],"wp:attachment":[{"href":"https:\/\/arak.spicehorse.eu\/sk\/wp-json\/wp\/v2\/media?parent=182036"}],"wp:term":[{"taxonomy":"product_cat","embeddable":true,"href":"https:\/\/arak.spicehorse.eu\/sk\/wp-json\/wp\/v2\/product_cat?post=182036"},{"taxonomy":"product_tag","embeddable":true,"href":"https:\/\/arak.spicehorse.eu\/sk\/wp-json\/wp\/v2\/product_tag?post=182036"}],"curies":[{"name":"wp","href":"https:\/\/api.w.org\/{rel}","templated":true}]}}