{"id":182272,"date":"2024-06-05T12:47:38","date_gmt":"2024-06-05T10:47:48","guid":{"rendered":"https:\/\/arak.spicehorse.eu\/?post_type=product&#038;p=182272"},"modified":"2025-10-03T19:51:31","modified_gmt":"2025-10-03T17:51:31","slug":"candy-horse-sisky-nechtik-a-petrzlen-2-ks","status":"publish","type":"product","link":"https:\/\/arak.spicehorse.eu\/sk\/produkt\/candy-horse-sisky-nechtik-a-petrzlen-2-ks\/","title":{"rendered":"Candy Horse \u0161i\u0161ky necht\u00edk a petr\u017elen 2 ks"},"content":{"rendered":"<p style=\"font-weight: 400;\">Chutn\u00e9 kol\u00e1\u010diky Candy Horse v\u00a0tvare \u0161i\u0161iek posypan\u00e9\u00a0cenn\u00fdmi bylinkami. Ve\u013emi jednoduch\u00e9 d\u00e1vkovanie, s\u00fa to chutn\u00e9 a\u00a0zdrav\u00e9 pamlsky pre v\u00e1\u0161ho ko\u0148a.<\/p>\n<p style=\"font-weight: 400;\">Jedno balenie obsahuje 2 ks \u0161i\u0161iek.<\/p>\n<p style=\"font-weight: 400;\">Zlo\u017eenie: celozrnn\u00e1 p\u0161eni\u010dn\u00e1 m\u00faka, celozrnn\u00e1 kukuri\u010dn\u00e1 m\u00faka, jemne mlet\u00e9 ovsen\u00e9 vlo\u010dky, pert\u017elenov\u00e1 v\u0148a\u0165, necht\u00edk, cukrov\u00e1 poleva, voda.<\/p>\n","protected":false},"excerpt":{"rendered":"<p>Chutn\u00e9 kol\u00e1\u010diky Candy Horse v\u00a0tvare \u0161i\u0161iek posypan\u00e9\u00a0cenn\u00fdmi bylinkami. Ve\u013emi jednoduch\u00e9 d\u00e1vkovanie, s\u00fa to chutn\u00e9 a\u00a0zdrav\u00e9 pamlsky pre v\u00e1\u0161ho ko\u0148a. Jedno balenie obsahuje 2 ks \u0161i\u0161iek. Zlo\u017eenie: celozrnn\u00e1 p\u0161eni\u010dn\u00e1 m\u00faka, celozrnn\u00e1 kukuri\u010dn\u00e1 m\u00faka, jemne mlet\u00e9 ovsen\u00e9 vlo\u010dky, pert\u017elenov\u00e1 v\u0148a\u0165, necht\u00edk, cukrov\u00e1 poleva, voda.<\/p>\n","protected":false},"featured_media":205668,"template":"","meta":{"_acf_changed":false},"product_cat":[3178,75,100,120],"product_tag":[2903],"acf":[],"yoast_head":"<!-- This site is optimized with the Yoast SEO plugin v21.4 - https:\/\/yoast.com\/wordpress\/plugins\/seo\/ -->\n<title>Candy Horse \u0161i\u0161ky necht\u00edk a petr\u017elen 2 ks - Spicehorse<\/title>\n<meta name=\"description\" content=\"spicehorse.eu | Chutn\u00e9 kol\u00e1\u010diky Candy Horse v\u00a0tvare \u0161i\u0161iek posypan\u00e9\u00a0cenn\u00fdmi bylinkami. Ve\u013emi jednoduch\u00e9 d\u00e1vkovanie, s\u00fa to chutn\u00e9 a\u00a0zdrav\u00e9 pamlsky pre v\u00e1\u0161ho ko\u0148a.\" \/>\n<meta name=\"robots\" content=\"index, follow, max-snippet:-1, max-image-preview:large, max-video-preview:-1\" \/>\n<link rel=\"canonical\" href=\"https:\/\/arak.spicehorse.eu\/sk\/produkt\/candy-horse-sisky-nechtik-a-petrzlen-2-ks\/\" \/>\n<meta property=\"og:locale\" content=\"sk_SK\" \/>\n<meta property=\"og:type\" content=\"article\" \/>\n<meta property=\"og:title\" content=\"Candy Horse \u0161i\u0161ky necht\u00edk a petr\u017elen 2 ks - Spicehorse\" \/>\n<meta property=\"og:description\" content=\"spicehorse.eu | Chutn\u00e9 kol\u00e1\u010diky Candy Horse v\u00a0tvare \u0161i\u0161iek posypan\u00e9\u00a0cenn\u00fdmi bylinkami. Ve\u013emi jednoduch\u00e9 d\u00e1vkovanie, s\u00fa to chutn\u00e9 a\u00a0zdrav\u00e9 pamlsky pre v\u00e1\u0161ho ko\u0148a.\" \/>\n<meta property=\"og:url\" content=\"https:\/\/arak.spicehorse.eu\/sk\/produkt\/candy-horse-sisky-nechtik-a-petrzlen-2-ks\/\" \/>\n<meta property=\"og:site_name\" content=\"Spicehorse\" \/>\n<meta property=\"article:publisher\" content=\"https:\/\/www.facebook.com\/SPICEHORSE-550385625402457\/\" \/>\n<meta property=\"article:modified_time\" content=\"2025-10-03T17:51:31+00:00\" \/>\n<meta property=\"og:image\" content=\"https:\/\/arak.spicehorse.eu\/wp-content\/uploads\/2024\/06\/packshots-spring-2255.webp\" \/>\n\t<meta property=\"og:image:width\" content=\"1080\" \/>\n\t<meta property=\"og:image:height\" content=\"1080\" \/>\n\t<meta property=\"og:image:type\" content=\"image\/webp\" \/>\n<meta name=\"twitter:card\" content=\"summary_large_image\" \/>\n<script type=\"application\/ld+json\" class=\"yoast-schema-graph\">{\"@context\":\"https:\/\/schema.org\",\"@graph\":[{\"@type\":\"WebPage\",\"@id\":\"https:\/\/arak.spicehorse.eu\/sk\/produkt\/candy-horse-sisky-nechtik-a-petrzlen-2-ks\/\",\"url\":\"https:\/\/arak.spicehorse.eu\/sk\/produkt\/candy-horse-sisky-nechtik-a-petrzlen-2-ks\/\",\"name\":\"Candy Horse \u0161i\u0161ky necht\u00edk a petr\u017elen 2 ks - Spicehorse\",\"isPartOf\":{\"@id\":\"https:\/\/arak.spicehorse.eu\/en\/#website\"},\"datePublished\":\"2024-06-05T10:47:48+00:00\",\"dateModified\":\"2025-10-03T17:51:31+00:00\",\"description\":\"spicehorse.eu | Chutn\u00e9 kol\u00e1\u010diky Candy Horse v\u00a0tvare \u0161i\u0161iek posypan\u00e9\u00a0cenn\u00fdmi bylinkami. Ve\u013emi jednoduch\u00e9 d\u00e1vkovanie, s\u00fa to chutn\u00e9 a\u00a0zdrav\u00e9 pamlsky pre v\u00e1\u0161ho ko\u0148a.\",\"breadcrumb\":{\"@id\":\"https:\/\/arak.spicehorse.eu\/sk\/produkt\/candy-horse-sisky-nechtik-a-petrzlen-2-ks\/#breadcrumb\"},\"inLanguage\":\"sk-SK\",\"potentialAction\":[{\"@type\":\"ReadAction\",\"target\":[\"https:\/\/arak.spicehorse.eu\/sk\/produkt\/candy-horse-sisky-nechtik-a-petrzlen-2-ks\/\"]}]},{\"@type\":\"BreadcrumbList\",\"@id\":\"https:\/\/arak.spicehorse.eu\/sk\/produkt\/candy-horse-sisky-nechtik-a-petrzlen-2-ks\/#breadcrumb\",\"itemListElement\":[{\"@type\":\"ListItem\",\"position\":1,\"name\":\"Home\",\"item\":\"https:\/\/arak.spicehorse.eu\/sk\/\"},{\"@type\":\"ListItem\",\"position\":2,\"name\":\"Predaj\u0148a\",\"item\":\"https:\/\/arak.spicehorse.eu\/sk\/predajna\/\"},{\"@type\":\"ListItem\",\"position\":3,\"name\":\"Candy Horse \u0161i\u0161ky necht\u00edk a petr\u017elen 2 ks\"}]},{\"@type\":\"WebSite\",\"@id\":\"https:\/\/arak.spicehorse.eu\/en\/#website\",\"url\":\"https:\/\/arak.spicehorse.eu\/en\/\",\"name\":\"Spicehorse\",\"description\":\"UNDER DEVELOPMENT -\",\"potentialAction\":[{\"@type\":\"SearchAction\",\"target\":{\"@type\":\"EntryPoint\",\"urlTemplate\":\"https:\/\/arak.spicehorse.eu\/en\/?s={search_term_string}\"},\"query-input\":\"required name=search_term_string\"}],\"inLanguage\":\"sk-SK\"}]}<\/script>\n<!-- \/ Yoast SEO plugin. -->","yoast_head_json":{"title":"Candy Horse \u0161i\u0161ky necht\u00edk a petr\u017elen 2 ks - Spicehorse","description":"spicehorse.eu | Chutn\u00e9 kol\u00e1\u010diky Candy Horse v\u00a0tvare \u0161i\u0161iek posypan\u00e9\u00a0cenn\u00fdmi bylinkami. Ve\u013emi jednoduch\u00e9 d\u00e1vkovanie, s\u00fa to chutn\u00e9 a\u00a0zdrav\u00e9 pamlsky pre v\u00e1\u0161ho ko\u0148a.","robots":{"index":"index","follow":"follow","max-snippet":"max-snippet:-1","max-image-preview":"max-image-preview:large","max-video-preview":"max-video-preview:-1"},"canonical":"https:\/\/arak.spicehorse.eu\/sk\/produkt\/candy-horse-sisky-nechtik-a-petrzlen-2-ks\/","og_locale":"sk_SK","og_type":"article","og_title":"Candy Horse \u0161i\u0161ky necht\u00edk a petr\u017elen 2 ks - Spicehorse","og_description":"spicehorse.eu | Chutn\u00e9 kol\u00e1\u010diky Candy Horse v\u00a0tvare \u0161i\u0161iek posypan\u00e9\u00a0cenn\u00fdmi bylinkami. Ve\u013emi jednoduch\u00e9 d\u00e1vkovanie, s\u00fa to chutn\u00e9 a\u00a0zdrav\u00e9 pamlsky pre v\u00e1\u0161ho ko\u0148a.","og_url":"https:\/\/arak.spicehorse.eu\/sk\/produkt\/candy-horse-sisky-nechtik-a-petrzlen-2-ks\/","og_site_name":"Spicehorse","article_publisher":"https:\/\/www.facebook.com\/SPICEHORSE-550385625402457\/","article_modified_time":"2025-10-03T17:51:31+00:00","og_image":[{"width":1080,"height":1080,"url":"https:\/\/arak.spicehorse.eu\/wp-content\/uploads\/2024\/06\/packshots-spring-2255.webp","type":"image\/webp"}],"twitter_card":"summary_large_image","schema":{"@context":"https:\/\/schema.org","@graph":[{"@type":"WebPage","@id":"https:\/\/arak.spicehorse.eu\/sk\/produkt\/candy-horse-sisky-nechtik-a-petrzlen-2-ks\/","url":"https:\/\/arak.spicehorse.eu\/sk\/produkt\/candy-horse-sisky-nechtik-a-petrzlen-2-ks\/","name":"Candy Horse \u0161i\u0161ky necht\u00edk a petr\u017elen 2 ks - Spicehorse","isPartOf":{"@id":"https:\/\/arak.spicehorse.eu\/en\/#website"},"datePublished":"2024-06-05T10:47:48+00:00","dateModified":"2025-10-03T17:51:31+00:00","description":"spicehorse.eu | Chutn\u00e9 kol\u00e1\u010diky Candy Horse v\u00a0tvare \u0161i\u0161iek posypan\u00e9\u00a0cenn\u00fdmi bylinkami. Ve\u013emi jednoduch\u00e9 d\u00e1vkovanie, s\u00fa to chutn\u00e9 a\u00a0zdrav\u00e9 pamlsky pre v\u00e1\u0161ho ko\u0148a.","breadcrumb":{"@id":"https:\/\/arak.spicehorse.eu\/sk\/produkt\/candy-horse-sisky-nechtik-a-petrzlen-2-ks\/#breadcrumb"},"inLanguage":"sk-SK","potentialAction":[{"@type":"ReadAction","target":["https:\/\/arak.spicehorse.eu\/sk\/produkt\/candy-horse-sisky-nechtik-a-petrzlen-2-ks\/"]}]},{"@type":"BreadcrumbList","@id":"https:\/\/arak.spicehorse.eu\/sk\/produkt\/candy-horse-sisky-nechtik-a-petrzlen-2-ks\/#breadcrumb","itemListElement":[{"@type":"ListItem","position":1,"name":"Home","item":"https:\/\/arak.spicehorse.eu\/sk\/"},{"@type":"ListItem","position":2,"name":"Predaj\u0148a","item":"https:\/\/arak.spicehorse.eu\/sk\/predajna\/"},{"@type":"ListItem","position":3,"name":"Candy Horse \u0161i\u0161ky necht\u00edk a petr\u017elen 2 ks"}]},{"@type":"WebSite","@id":"https:\/\/arak.spicehorse.eu\/en\/#website","url":"https:\/\/arak.spicehorse.eu\/en\/","name":"Spicehorse","description":"UNDER DEVELOPMENT -","potentialAction":[{"@type":"SearchAction","target":{"@type":"EntryPoint","urlTemplate":"https:\/\/arak.spicehorse.eu\/en\/?s={search_term_string}"},"query-input":"required name=search_term_string"}],"inLanguage":"sk-SK"}]}},"_links":{"self":[{"href":"https:\/\/arak.spicehorse.eu\/sk\/wp-json\/wp\/v2\/product\/182272"}],"collection":[{"href":"https:\/\/arak.spicehorse.eu\/sk\/wp-json\/wp\/v2\/product"}],"about":[{"href":"https:\/\/arak.spicehorse.eu\/sk\/wp-json\/wp\/v2\/types\/product"}],"wp:featuredmedia":[{"embeddable":true,"href":"https:\/\/arak.spicehorse.eu\/sk\/wp-json\/wp\/v2\/media\/205668"}],"wp:attachment":[{"href":"https:\/\/arak.spicehorse.eu\/sk\/wp-json\/wp\/v2\/media?parent=182272"}],"wp:term":[{"taxonomy":"product_cat","embeddable":true,"href":"https:\/\/arak.spicehorse.eu\/sk\/wp-json\/wp\/v2\/product_cat?post=182272"},{"taxonomy":"product_tag","embeddable":true,"href":"https:\/\/arak.spicehorse.eu\/sk\/wp-json\/wp\/v2\/product_tag?post=182272"}],"curies":[{"name":"wp","href":"https:\/\/api.w.org\/{rel}","templated":true}]}}