{"id":182876,"date":"2024-06-24T17:24:35","date_gmt":"2024-06-24T15:24:41","guid":{"rendered":"https:\/\/arak.spicehorse.eu\/?post_type=product&#038;p=182876"},"modified":"2024-07-04T20:12:47","modified_gmt":"2024-07-04T18:12:47","slug":"speed-fly-away-basic-sprej-na-odpudzovanie-hmyzu","status":"publish","type":"product","link":"https:\/\/arak.spicehorse.eu\/sk\/produkt\/speed-fly-away-basic-sprej-na-odpudzovanie-hmyzu\/","title":{"rendered":"SPEED Fly-Away Basic sprej na odpudzovanie hmyzu"},"content":{"rendered":"<p style=\"font-weight: 400;\">\u010ci u\u017e ide o\u00a0jazdenie za v\u010dasn\u00e9ho r\u00e1na, o\u00a0tr\u00e9ning alebo iba o\u00a0oby\u010dajn\u00e9 pasenie sa kon\u00ed po k\u00fapan\u00ed- kone aj jazdci sa musia v\u017edy popasova\u0165 s\u00a0nepr\u00edjemn\u00fdm hmyzom, a\u00a0to obzvl\u00e1\u0161\u0165 v\u00a0letn\u00fdch mesiacoch. Muchy, kom\u00e1re a\u00a0ostatn\u00fd hmyz dok\u00e1\u017eu sp\u00f4sobi\u0165 ve\u013ea nepr\u00edjemnost\u00ed..<\/p>\n<p style=\"font-weight: 400;\">SPEED Fly-Away X-treme je intenz\u00edvna formula, ktor\u00e1 dok\u00e1\u017ee odpudi\u0165 muchy, kom\u00e1re, klie\u0161te a ovady na dlh\u00fa dobu. Pr\u00edpravok neobsahuje alkohol, preto je tento sprej na odpudzovanie hmyzu vhodn\u00fd aj pre kone s\u00a0citlivou poko\u017ekou. Je mimoriadne hospod\u00e1rny, bez pachu a\u00a0dostupn\u00fd v\u00a0znovu naplnite\u013enej f\u013ea\u0161i z\u00a0na 100% recyklovan\u00e9ho materi\u00e1lu. Praktick\u00fd znovu naplnite\u013en\u00fd syst\u00e9m je vyroben\u00fd v\u00a0z\u00e1ujme ochrany \u017eivotn\u00e9ho prostredia. Znamen\u00e1 to, \u017ee 500 ml f\u013ea\u0161u m\u00f4\u017eete pou\u017e\u00edva\u0165 opakovane.<\/p>\n<p style=\"font-weight: 400;\">Je dobr\u00e9 vedie\u0165: Icaridin je zlo\u017eka odpor\u00fa\u010dan\u00e1 WHO (Svetov\u00e1 zdravotn\u00edcka organiz\u00e1cia) ako spo\u013eahliv\u00fd repelent proti hmyzu.<\/p>\n<p style=\"font-weight: 400;\">Pou\u017eitie :<br \/>\nPred pou\u017eit\u00edm dobre pretrias\u0165. Nan\u00e1\u0161ajte rovnomerne v\u00a0tenkej vrstve. Nestriekajte bezprostredne na hlavu.<\/p>\n<p style=\"font-weight: 400;\">Aplik\u00e1cia na hlavu:<br \/>\nTekutinu nastriekajte na dla\u0148 alebo na \u0161pongiu a\u00a0opatrne nan\u00e1\u0161ajte na hlavu, vyh\u00fdbajte sa oblasti o\u010d\u00ed a\u00a0nosa.<\/p>\n<p style=\"font-weight: 400;\">D\u00f4le\u017eit\u00e9 pozn\u00e1mky:<\/p>\n<p style=\"font-weight: 400;\">Nestriekajte na ruky de\u0165om.<br \/>\nNepou\u017e\u00edvajte na po\u0161koden\u00fa poko\u017eku (napr. pri sp\u00e1len\u00ed).<br \/>\nOpakovan\u00e9 pou\u017e\u00edvanie v\u00fdlu\u010dne v\u00a0pr\u00edpade potreby, napr. po silnom poten\u00ed.<br \/>\nPri prehltnut\u00ed: Okam\u017eite vyh\u013eadajte toxikologick\u00fa pohotovos\u0165 alebo lek\u00e1ra.<br \/>\nPou\u017e\u00edvajte v\u00fdlu\u010dne na dobre vetranom mieste.<br \/>\nNevdychujte.<br \/>\nZabr\u00e1\u0148te kontaktu s potravinami.<br \/>\nSkladujte na chladnom dobre vetranom mieste.<br \/>\nObsah\/ f\u013ea\u0161u zne\u0161kodnite pod\u013ea miestnych predpisov.<br \/>\nPraktick\u00e1 rada: proti klie\u0161\u0165om a\u00a0rozto\u010dom nastriekajte SPEED Fly-Away X-treme aj na nohy.<\/p>\n<p style=\"font-weight: 400;\">Bezpe\u010dnostn\u00e9 pokyny :<br \/>\nPred pou\u017eit\u00edm si v\u017edy d\u00f4kladne pre\u010d\u00edtajte etiketu a\u00a0pr\u00edbalov\u00e9 inform\u00e1cie. Bioc\u00eddy pou\u017e\u00edvajte ve\u013emi opatrne. Pre \u010fal\u0161ie inform\u00e1cie si pre\u0161tudujte etiketu a\u00a0balenie.<\/p>\n","protected":false},"excerpt":{"rendered":"<p>\u010ci u\u017e ide o\u00a0jazdenie za v\u010dasn\u00e9ho r\u00e1na, o\u00a0tr\u00e9ning alebo iba o\u00a0oby\u010dajn\u00e9 pasenie sa kon\u00ed po k\u00fapan\u00ed- kone aj jazdci sa musia v\u017edy popasova\u0165 s\u00a0nepr\u00edjemn\u00fdm hmyzom, a\u00a0to obzvl\u00e1\u0161\u0165 v\u00a0letn\u00fdch mesiacoch. Muchy, kom\u00e1re a\u00a0ostatn\u00fd hmyz dok\u00e1\u017eu sp\u00f4sobi\u0165 ve\u013ea nepr\u00edjemnost\u00ed.. SPEED Fly-Away X-treme je intenz\u00edvna formula, ktor\u00e1 dok\u00e1\u017ee odpudi\u0165 muchy, kom\u00e1re, klie\u0161te a ovady na dlh\u00fa dobu. Pr\u00edpravok [&hellip;]<\/p>\n","protected":false},"featured_media":182881,"template":"","meta":{"_acf_changed":false},"product_cat":[75,106],"product_tag":[499,401,2677],"acf":[],"yoast_head":"<!-- This site is optimized with the Yoast SEO plugin v21.4 - https:\/\/yoast.com\/wordpress\/plugins\/seo\/ -->\n<title>SPEED Fly-Away Basic sprej na odpudzovanie hmyzu - Spicehorse<\/title>\n<meta name=\"description\" content=\"spicehorse.eu | \u010ci u\u017e ide o\u00a0jazdenie za v\u010dasn\u00e9ho r\u00e1na, o\u00a0tr\u00e9ning alebo iba o\u00a0oby\u010dajn\u00e9 pasenie sa kon\u00ed po k\u00fapan\u00ed- kone aj jazdci sa musia v\u017edy popasova\u0165 s\u00a0nepr\u00edjemn\u00fdm hmyzom, a\u00a0to obzvl\u00e1\u0161\u0165 v\u00a0letn\u00fdch mesiacoch.\" \/>\n<meta name=\"robots\" content=\"index, follow, max-snippet:-1, max-image-preview:large, max-video-preview:-1\" \/>\n<link rel=\"canonical\" href=\"https:\/\/arak.spicehorse.eu\/termek\/speed-fly-away-basic-rovarriaszto-spray\/\" \/>\n<meta property=\"og:locale\" content=\"sk_SK\" \/>\n<meta property=\"og:type\" content=\"article\" \/>\n<meta property=\"og:title\" content=\"SPEED Fly-Away Basic sprej na odpudzovanie hmyzu - Spicehorse\" \/>\n<meta property=\"og:description\" content=\"spicehorse.eu | \u010ci u\u017e ide o\u00a0jazdenie za v\u010dasn\u00e9ho r\u00e1na, o\u00a0tr\u00e9ning alebo iba o\u00a0oby\u010dajn\u00e9 pasenie sa kon\u00ed po k\u00fapan\u00ed- kone aj jazdci sa musia v\u017edy popasova\u0165 s\u00a0nepr\u00edjemn\u00fdm hmyzom, a\u00a0to obzvl\u00e1\u0161\u0165 v\u00a0letn\u00fdch mesiacoch.\" \/>\n<meta property=\"og:url\" content=\"https:\/\/arak.spicehorse.eu\/termek\/speed-fly-away-basic-rovarriaszto-spray\/\" \/>\n<meta property=\"og:site_name\" content=\"Spicehorse\" \/>\n<meta property=\"article:publisher\" content=\"https:\/\/www.facebook.com\/SPICEHORSE-550385625402457\/\" \/>\n<meta property=\"article:modified_time\" content=\"2024-07-04T18:12:47+00:00\" \/>\n<meta property=\"og:image\" content=\"https:\/\/arak.spicehorse.eu\/wp-content\/uploads\/2024\/06\/speed-fly-away-basic-500ml-4260655857251.jpg\" \/>\n\t<meta property=\"og:image:width\" content=\"1200\" \/>\n\t<meta property=\"og:image:height\" content=\"1200\" \/>\n\t<meta property=\"og:image:type\" content=\"image\/jpeg\" \/>\n<meta name=\"twitter:card\" content=\"summary_large_image\" \/>\n<meta name=\"twitter:label1\" content=\"Predpokladan\u00fd \u010das \u010d\u00edtania\" \/>\n\t<meta name=\"twitter:data1\" content=\"2 min\u00faty\" \/>\n<script type=\"application\/ld+json\" class=\"yoast-schema-graph\">{\"@context\":\"https:\/\/schema.org\",\"@graph\":[{\"@type\":\"WebPage\",\"@id\":\"https:\/\/arak.spicehorse.eu\/termek\/speed-fly-away-basic-rovarriaszto-spray\/\",\"url\":\"https:\/\/arak.spicehorse.eu\/termek\/speed-fly-away-basic-rovarriaszto-spray\/\",\"name\":\"SPEED Fly-Away Basic sprej na odpudzovanie hmyzu - Spicehorse\",\"isPartOf\":{\"@id\":\"https:\/\/arak.spicehorse.eu\/en\/#website\"},\"datePublished\":\"2024-06-24T15:24:41+00:00\",\"dateModified\":\"2024-07-04T18:12:47+00:00\",\"description\":\"spicehorse.eu | \u010ci u\u017e ide o\u00a0jazdenie za v\u010dasn\u00e9ho r\u00e1na, o\u00a0tr\u00e9ning alebo iba o\u00a0oby\u010dajn\u00e9 pasenie sa kon\u00ed po k\u00fapan\u00ed- kone aj jazdci sa musia v\u017edy popasova\u0165 s\u00a0nepr\u00edjemn\u00fdm hmyzom, a\u00a0to obzvl\u00e1\u0161\u0165 v\u00a0letn\u00fdch mesiacoch.\",\"breadcrumb\":{\"@id\":\"https:\/\/arak.spicehorse.eu\/termek\/speed-fly-away-basic-rovarriaszto-spray\/#breadcrumb\"},\"inLanguage\":\"sk-SK\",\"potentialAction\":[{\"@type\":\"ReadAction\",\"target\":[\"https:\/\/arak.spicehorse.eu\/termek\/speed-fly-away-basic-rovarriaszto-spray\/\"]}]},{\"@type\":\"BreadcrumbList\",\"@id\":\"https:\/\/arak.spicehorse.eu\/termek\/speed-fly-away-basic-rovarriaszto-spray\/#breadcrumb\",\"itemListElement\":[{\"@type\":\"ListItem\",\"position\":1,\"name\":\"Home\",\"item\":\"https:\/\/arak.spicehorse.eu\/sk\/\"},{\"@type\":\"ListItem\",\"position\":2,\"name\":\"Predaj\u0148a\",\"item\":\"https:\/\/arak.spicehorse.eu\/sk\/predajna\/\"},{\"@type\":\"ListItem\",\"position\":3,\"name\":\"SPEED Fly-Away Basic sprej na odpudzovanie hmyzu\"}]},{\"@type\":\"WebSite\",\"@id\":\"https:\/\/arak.spicehorse.eu\/en\/#website\",\"url\":\"https:\/\/arak.spicehorse.eu\/en\/\",\"name\":\"Spicehorse\",\"description\":\"UNDER DEVELOPMENT -\",\"potentialAction\":[{\"@type\":\"SearchAction\",\"target\":{\"@type\":\"EntryPoint\",\"urlTemplate\":\"https:\/\/arak.spicehorse.eu\/en\/?s={search_term_string}\"},\"query-input\":\"required name=search_term_string\"}],\"inLanguage\":\"sk-SK\"}]}<\/script>\n<!-- \/ Yoast SEO plugin. -->","yoast_head_json":{"title":"SPEED Fly-Away Basic sprej na odpudzovanie hmyzu - Spicehorse","description":"spicehorse.eu | \u010ci u\u017e ide o\u00a0jazdenie za v\u010dasn\u00e9ho r\u00e1na, o\u00a0tr\u00e9ning alebo iba o\u00a0oby\u010dajn\u00e9 pasenie sa kon\u00ed po k\u00fapan\u00ed- kone aj jazdci sa musia v\u017edy popasova\u0165 s\u00a0nepr\u00edjemn\u00fdm hmyzom, a\u00a0to obzvl\u00e1\u0161\u0165 v\u00a0letn\u00fdch mesiacoch.","robots":{"index":"index","follow":"follow","max-snippet":"max-snippet:-1","max-image-preview":"max-image-preview:large","max-video-preview":"max-video-preview:-1"},"canonical":"https:\/\/arak.spicehorse.eu\/termek\/speed-fly-away-basic-rovarriaszto-spray\/","og_locale":"sk_SK","og_type":"article","og_title":"SPEED Fly-Away Basic sprej na odpudzovanie hmyzu - Spicehorse","og_description":"spicehorse.eu | \u010ci u\u017e ide o\u00a0jazdenie za v\u010dasn\u00e9ho r\u00e1na, o\u00a0tr\u00e9ning alebo iba o\u00a0oby\u010dajn\u00e9 pasenie sa kon\u00ed po k\u00fapan\u00ed- kone aj jazdci sa musia v\u017edy popasova\u0165 s\u00a0nepr\u00edjemn\u00fdm hmyzom, a\u00a0to obzvl\u00e1\u0161\u0165 v\u00a0letn\u00fdch mesiacoch.","og_url":"https:\/\/arak.spicehorse.eu\/termek\/speed-fly-away-basic-rovarriaszto-spray\/","og_site_name":"Spicehorse","article_publisher":"https:\/\/www.facebook.com\/SPICEHORSE-550385625402457\/","article_modified_time":"2024-07-04T18:12:47+00:00","og_image":[{"width":1200,"height":1200,"url":"https:\/\/arak.spicehorse.eu\/wp-content\/uploads\/2024\/06\/speed-fly-away-basic-500ml-4260655857251.jpg","type":"image\/jpeg"}],"twitter_card":"summary_large_image","twitter_misc":{"Predpokladan\u00fd \u010das \u010d\u00edtania":"2 min\u00faty"},"schema":{"@context":"https:\/\/schema.org","@graph":[{"@type":"WebPage","@id":"https:\/\/arak.spicehorse.eu\/termek\/speed-fly-away-basic-rovarriaszto-spray\/","url":"https:\/\/arak.spicehorse.eu\/termek\/speed-fly-away-basic-rovarriaszto-spray\/","name":"SPEED Fly-Away Basic sprej na odpudzovanie hmyzu - Spicehorse","isPartOf":{"@id":"https:\/\/arak.spicehorse.eu\/en\/#website"},"datePublished":"2024-06-24T15:24:41+00:00","dateModified":"2024-07-04T18:12:47+00:00","description":"spicehorse.eu | \u010ci u\u017e ide o\u00a0jazdenie za v\u010dasn\u00e9ho r\u00e1na, o\u00a0tr\u00e9ning alebo iba o\u00a0oby\u010dajn\u00e9 pasenie sa kon\u00ed po k\u00fapan\u00ed- kone aj jazdci sa musia v\u017edy popasova\u0165 s\u00a0nepr\u00edjemn\u00fdm hmyzom, a\u00a0to obzvl\u00e1\u0161\u0165 v\u00a0letn\u00fdch mesiacoch.","breadcrumb":{"@id":"https:\/\/arak.spicehorse.eu\/termek\/speed-fly-away-basic-rovarriaszto-spray\/#breadcrumb"},"inLanguage":"sk-SK","potentialAction":[{"@type":"ReadAction","target":["https:\/\/arak.spicehorse.eu\/termek\/speed-fly-away-basic-rovarriaszto-spray\/"]}]},{"@type":"BreadcrumbList","@id":"https:\/\/arak.spicehorse.eu\/termek\/speed-fly-away-basic-rovarriaszto-spray\/#breadcrumb","itemListElement":[{"@type":"ListItem","position":1,"name":"Home","item":"https:\/\/arak.spicehorse.eu\/sk\/"},{"@type":"ListItem","position":2,"name":"Predaj\u0148a","item":"https:\/\/arak.spicehorse.eu\/sk\/predajna\/"},{"@type":"ListItem","position":3,"name":"SPEED Fly-Away Basic sprej na odpudzovanie hmyzu"}]},{"@type":"WebSite","@id":"https:\/\/arak.spicehorse.eu\/en\/#website","url":"https:\/\/arak.spicehorse.eu\/en\/","name":"Spicehorse","description":"UNDER DEVELOPMENT -","potentialAction":[{"@type":"SearchAction","target":{"@type":"EntryPoint","urlTemplate":"https:\/\/arak.spicehorse.eu\/en\/?s={search_term_string}"},"query-input":"required name=search_term_string"}],"inLanguage":"sk-SK"}]}},"_links":{"self":[{"href":"https:\/\/arak.spicehorse.eu\/sk\/wp-json\/wp\/v2\/product\/182876"}],"collection":[{"href":"https:\/\/arak.spicehorse.eu\/sk\/wp-json\/wp\/v2\/product"}],"about":[{"href":"https:\/\/arak.spicehorse.eu\/sk\/wp-json\/wp\/v2\/types\/product"}],"wp:featuredmedia":[{"embeddable":true,"href":"https:\/\/arak.spicehorse.eu\/sk\/wp-json\/wp\/v2\/media\/182881"}],"wp:attachment":[{"href":"https:\/\/arak.spicehorse.eu\/sk\/wp-json\/wp\/v2\/media?parent=182876"}],"wp:term":[{"taxonomy":"product_cat","embeddable":true,"href":"https:\/\/arak.spicehorse.eu\/sk\/wp-json\/wp\/v2\/product_cat?post=182876"},{"taxonomy":"product_tag","embeddable":true,"href":"https:\/\/arak.spicehorse.eu\/sk\/wp-json\/wp\/v2\/product_tag?post=182876"}],"curies":[{"name":"wp","href":"https:\/\/api.w.org\/{rel}","templated":true}]}}