{"id":182915,"date":"2024-06-27T22:17:36","date_gmt":"2024-06-27T20:17:51","guid":{"rendered":"https:\/\/arak.spicehorse.eu\/?post_type=product&#038;p=182915"},"modified":"2024-07-19T15:30:19","modified_gmt":"2024-07-19T13:30:19","slug":"kentucky-plaited-cord-skokova-podsedlova-decka","status":"publish","type":"product","link":"https:\/\/arak.spicehorse.eu\/sk\/produkt\/kentucky-plaited-cord-skokova-podsedlova-decka\/","title":{"rendered":"Kentucky Plaited Cord skokov\u00e1 podsedlov\u00e1 de\u010dka"},"content":{"rendered":"<p style=\"font-weight: 400;\">Kentucky Horsewear Plaited Cord podsedlov\u00e1 de\u010dka vyroben\u00e1 z\u00a0men\u010destrov\u00e9ho materi\u00e1lu najvy\u0161\u0161ej kvality, je \u0161t\u00fdlov\u00e1 a\u00a0funk\u010dn\u00e1 z\u00e1rove\u0148. V\u010faka pleten\u00e9mu \u0161nurovaniu m\u00e1 klasick\u00fd elegantn\u00fd dizajn. Je dostupn\u00e1 vo viacer\u00fdch farb\u00e1ch, aby ste si po\u013eahky mohli vybra\u0165 tak\u00fa, ktor\u00e1 sa najviac hod\u00ed k\u00a0v\u00e1\u0161mu ko\u0148ovi.<\/p>\n<p style=\"font-weight: 400;\">Jedine\u010dn\u00e9 \u0161tepovanie. Pod\u0161\u00edvka je zmes bavlny a\u00a0polyesteru, dobre odv\u00e1dza pot a\u00a0je mimoriadne priedu\u0161n\u00e1. Kentucky logo z\u00a0veg\u00e1nskej ko\u017ee na jednej strane.<\/p>\n<p style=\"font-weight: 400;\">Bez ru\u0161iv\u00fdch such\u00fdch zipsov, iba jeden popruh na pripevnenie k\u00a0podbru\u0161n\u00edku. V\u010faka tvarovaniu so \u0161trukt\u00farou gofri a\u00a0polstrovaniu sa sedlo po\u010das jazdenia nezo\u0161mykuje. R\u00fdchlo schne a\u00a0je dokonale polstrovan\u00e1 pod sedlom.<\/p>\n<p style=\"font-weight: 400;\">Kentucky podsedlov\u00fa de\u010dku mo\u017eno jednoducho \u010disti\u0165. Mo\u017eno ju pra\u0165 v\u00a0pr\u00e1\u010dke na 30\u00b0C\u00a0 (nevkladajte do su\u0161i\u010dky). Ak sa k\u00f4\u0148 po\u010das jazdenia pot\u00ed, odpor\u00fa\u010dame podsedlov\u00fa de\u010dku pra\u0165 \u010dastej\u0161ie, preto\u017ee such\u00fd pot m\u00f4\u017ee vy\u0161\u00facha\u0165 chrb\u00e1t ko\u0148a.<\/p>\n","protected":false},"excerpt":{"rendered":"<h3 style=\"font-weight: 400;\"><strong>Kentucky Plaited Cord podsedlov\u00e1 de\u010dka vyroben\u00e1 z\u00a0men\u010destrov\u00e9ho materi\u00e1lu najvy\u0161\u0161ej kvality, je \u0161t\u00fdlov\u00e1 a\u00a0funk\u010dn\u00e1 z\u00e1rove\u0148.<\/strong><\/h3>\n<ul style=\"font-weight: 400;\">\n<li>Klasick\u00fd dizajn, pleten\u00e9 \u0161nurovanie<\/li>\n<li>Jedine\u010dn\u00e9 \u0161tepovanie<\/li>\n<li>R\u00fdchlo schn\u00faca, priedu\u0161n\u00e1<\/li>\n<li>Anatomick\u00e9 tvarovanie<\/li>\n<li>Bez ru\u0161iv\u00fdch \u0161n\u00farok<\/li>\n<\/ul>\n","protected":false},"featured_media":182972,"template":"","meta":{"_acf_changed":false},"product_cat":[75,367],"product_tag":[184,219,3026,244],"acf":[],"yoast_head":"<!-- This site is optimized with the Yoast SEO plugin v21.4 - https:\/\/yoast.com\/wordpress\/plugins\/seo\/ -->\n<title>Kentucky Plaited Cord skokov\u00e1 podsedlov\u00e1 de\u010dka - Spicehorse<\/title>\n<meta name=\"description\" content=\"spicehorse.eu | Kentucky Horsewear Plaited Cord podsedlov\u00e1 de\u010dka vyroben\u00e1 z\u00a0men\u010destrov\u00e9ho materi\u00e1lu najvy\u0161\u0161ej kvality, je \u0161t\u00fdlov\u00e1 a\u00a0funk\u010dn\u00e1 z\u00e1rove\u0148.\" \/>\n<meta name=\"robots\" content=\"index, follow, max-snippet:-1, max-image-preview:large, max-video-preview:-1\" \/>\n<link rel=\"canonical\" href=\"https:\/\/arak.spicehorse.eu\/sk\/produkt\/kentucky-plaited-cord-skokova-podsedlova-decka\/\" \/>\n<meta property=\"og:locale\" content=\"sk_SK\" \/>\n<meta property=\"og:type\" content=\"article\" \/>\n<meta property=\"og:title\" content=\"Kentucky Plaited Cord skokov\u00e1 podsedlov\u00e1 de\u010dka - Spicehorse\" \/>\n<meta property=\"og:description\" content=\"spicehorse.eu | Kentucky Horsewear Plaited Cord podsedlov\u00e1 de\u010dka vyroben\u00e1 z\u00a0men\u010destrov\u00e9ho materi\u00e1lu najvy\u0161\u0161ej kvality, je \u0161t\u00fdlov\u00e1 a\u00a0funk\u010dn\u00e1 z\u00e1rove\u0148.\" \/>\n<meta property=\"og:url\" content=\"https:\/\/arak.spicehorse.eu\/sk\/produkt\/kentucky-plaited-cord-skokova-podsedlova-decka\/\" \/>\n<meta property=\"og:site_name\" content=\"Spicehorse\" \/>\n<meta property=\"article:publisher\" content=\"https:\/\/www.facebook.com\/SPICEHORSE-550385625402457\/\" \/>\n<meta property=\"article:modified_time\" content=\"2024-07-19T13:30:19+00:00\" \/>\n<meta property=\"og:image\" content=\"https:\/\/arak.spicehorse.eu\/wp-content\/uploads\/2024\/06\/img-8372.jpg\" \/>\n\t<meta property=\"og:image:width\" content=\"1600\" \/>\n\t<meta property=\"og:image:height\" content=\"1600\" \/>\n\t<meta property=\"og:image:type\" content=\"image\/jpeg\" \/>\n<meta name=\"twitter:card\" content=\"summary_large_image\" \/>\n<meta name=\"twitter:label1\" content=\"Predpokladan\u00fd \u010das \u010d\u00edtania\" \/>\n\t<meta name=\"twitter:data1\" content=\"1 min\u00fata\" \/>\n<script type=\"application\/ld+json\" class=\"yoast-schema-graph\">{\"@context\":\"https:\/\/schema.org\",\"@graph\":[{\"@type\":\"WebPage\",\"@id\":\"https:\/\/arak.spicehorse.eu\/sk\/produkt\/kentucky-plaited-cord-skokova-podsedlova-decka\/\",\"url\":\"https:\/\/arak.spicehorse.eu\/sk\/produkt\/kentucky-plaited-cord-skokova-podsedlova-decka\/\",\"name\":\"Kentucky Plaited Cord skokov\u00e1 podsedlov\u00e1 de\u010dka - Spicehorse\",\"isPartOf\":{\"@id\":\"https:\/\/arak.spicehorse.eu\/en\/#website\"},\"datePublished\":\"2024-06-27T20:17:51+00:00\",\"dateModified\":\"2024-07-19T13:30:19+00:00\",\"description\":\"spicehorse.eu | Kentucky Horsewear Plaited Cord podsedlov\u00e1 de\u010dka vyroben\u00e1 z\u00a0men\u010destrov\u00e9ho materi\u00e1lu najvy\u0161\u0161ej kvality, je \u0161t\u00fdlov\u00e1 a\u00a0funk\u010dn\u00e1 z\u00e1rove\u0148.\",\"breadcrumb\":{\"@id\":\"https:\/\/arak.spicehorse.eu\/sk\/produkt\/kentucky-plaited-cord-skokova-podsedlova-decka\/#breadcrumb\"},\"inLanguage\":\"sk-SK\",\"potentialAction\":[{\"@type\":\"ReadAction\",\"target\":[\"https:\/\/arak.spicehorse.eu\/sk\/produkt\/kentucky-plaited-cord-skokova-podsedlova-decka\/\"]}]},{\"@type\":\"BreadcrumbList\",\"@id\":\"https:\/\/arak.spicehorse.eu\/sk\/produkt\/kentucky-plaited-cord-skokova-podsedlova-decka\/#breadcrumb\",\"itemListElement\":[{\"@type\":\"ListItem\",\"position\":1,\"name\":\"Home\",\"item\":\"https:\/\/arak.spicehorse.eu\/sk\/\"},{\"@type\":\"ListItem\",\"position\":2,\"name\":\"Predaj\u0148a\",\"item\":\"https:\/\/arak.spicehorse.eu\/sk\/predajna\/\"},{\"@type\":\"ListItem\",\"position\":3,\"name\":\"Kentucky Plaited Cord skokov\u00e1 podsedlov\u00e1 de\u010dka\"}]},{\"@type\":\"WebSite\",\"@id\":\"https:\/\/arak.spicehorse.eu\/en\/#website\",\"url\":\"https:\/\/arak.spicehorse.eu\/en\/\",\"name\":\"Spicehorse\",\"description\":\"UNDER DEVELOPMENT -\",\"potentialAction\":[{\"@type\":\"SearchAction\",\"target\":{\"@type\":\"EntryPoint\",\"urlTemplate\":\"https:\/\/arak.spicehorse.eu\/en\/?s={search_term_string}\"},\"query-input\":\"required name=search_term_string\"}],\"inLanguage\":\"sk-SK\"}]}<\/script>\n<!-- \/ Yoast SEO plugin. -->","yoast_head_json":{"title":"Kentucky Plaited Cord skokov\u00e1 podsedlov\u00e1 de\u010dka - Spicehorse","description":"spicehorse.eu | Kentucky Horsewear Plaited Cord podsedlov\u00e1 de\u010dka vyroben\u00e1 z\u00a0men\u010destrov\u00e9ho materi\u00e1lu najvy\u0161\u0161ej kvality, je \u0161t\u00fdlov\u00e1 a\u00a0funk\u010dn\u00e1 z\u00e1rove\u0148.","robots":{"index":"index","follow":"follow","max-snippet":"max-snippet:-1","max-image-preview":"max-image-preview:large","max-video-preview":"max-video-preview:-1"},"canonical":"https:\/\/arak.spicehorse.eu\/sk\/produkt\/kentucky-plaited-cord-skokova-podsedlova-decka\/","og_locale":"sk_SK","og_type":"article","og_title":"Kentucky Plaited Cord skokov\u00e1 podsedlov\u00e1 de\u010dka - Spicehorse","og_description":"spicehorse.eu | Kentucky Horsewear Plaited Cord podsedlov\u00e1 de\u010dka vyroben\u00e1 z\u00a0men\u010destrov\u00e9ho materi\u00e1lu najvy\u0161\u0161ej kvality, je \u0161t\u00fdlov\u00e1 a\u00a0funk\u010dn\u00e1 z\u00e1rove\u0148.","og_url":"https:\/\/arak.spicehorse.eu\/sk\/produkt\/kentucky-plaited-cord-skokova-podsedlova-decka\/","og_site_name":"Spicehorse","article_publisher":"https:\/\/www.facebook.com\/SPICEHORSE-550385625402457\/","article_modified_time":"2024-07-19T13:30:19+00:00","og_image":[{"width":1600,"height":1600,"url":"https:\/\/arak.spicehorse.eu\/wp-content\/uploads\/2024\/06\/img-8372.jpg","type":"image\/jpeg"}],"twitter_card":"summary_large_image","twitter_misc":{"Predpokladan\u00fd \u010das \u010d\u00edtania":"1 min\u00fata"},"schema":{"@context":"https:\/\/schema.org","@graph":[{"@type":"WebPage","@id":"https:\/\/arak.spicehorse.eu\/sk\/produkt\/kentucky-plaited-cord-skokova-podsedlova-decka\/","url":"https:\/\/arak.spicehorse.eu\/sk\/produkt\/kentucky-plaited-cord-skokova-podsedlova-decka\/","name":"Kentucky Plaited Cord skokov\u00e1 podsedlov\u00e1 de\u010dka - Spicehorse","isPartOf":{"@id":"https:\/\/arak.spicehorse.eu\/en\/#website"},"datePublished":"2024-06-27T20:17:51+00:00","dateModified":"2024-07-19T13:30:19+00:00","description":"spicehorse.eu | Kentucky Horsewear Plaited Cord podsedlov\u00e1 de\u010dka vyroben\u00e1 z\u00a0men\u010destrov\u00e9ho materi\u00e1lu najvy\u0161\u0161ej kvality, je \u0161t\u00fdlov\u00e1 a\u00a0funk\u010dn\u00e1 z\u00e1rove\u0148.","breadcrumb":{"@id":"https:\/\/arak.spicehorse.eu\/sk\/produkt\/kentucky-plaited-cord-skokova-podsedlova-decka\/#breadcrumb"},"inLanguage":"sk-SK","potentialAction":[{"@type":"ReadAction","target":["https:\/\/arak.spicehorse.eu\/sk\/produkt\/kentucky-plaited-cord-skokova-podsedlova-decka\/"]}]},{"@type":"BreadcrumbList","@id":"https:\/\/arak.spicehorse.eu\/sk\/produkt\/kentucky-plaited-cord-skokova-podsedlova-decka\/#breadcrumb","itemListElement":[{"@type":"ListItem","position":1,"name":"Home","item":"https:\/\/arak.spicehorse.eu\/sk\/"},{"@type":"ListItem","position":2,"name":"Predaj\u0148a","item":"https:\/\/arak.spicehorse.eu\/sk\/predajna\/"},{"@type":"ListItem","position":3,"name":"Kentucky Plaited Cord skokov\u00e1 podsedlov\u00e1 de\u010dka"}]},{"@type":"WebSite","@id":"https:\/\/arak.spicehorse.eu\/en\/#website","url":"https:\/\/arak.spicehorse.eu\/en\/","name":"Spicehorse","description":"UNDER DEVELOPMENT -","potentialAction":[{"@type":"SearchAction","target":{"@type":"EntryPoint","urlTemplate":"https:\/\/arak.spicehorse.eu\/en\/?s={search_term_string}"},"query-input":"required name=search_term_string"}],"inLanguage":"sk-SK"}]}},"_links":{"self":[{"href":"https:\/\/arak.spicehorse.eu\/sk\/wp-json\/wp\/v2\/product\/182915"}],"collection":[{"href":"https:\/\/arak.spicehorse.eu\/sk\/wp-json\/wp\/v2\/product"}],"about":[{"href":"https:\/\/arak.spicehorse.eu\/sk\/wp-json\/wp\/v2\/types\/product"}],"wp:featuredmedia":[{"embeddable":true,"href":"https:\/\/arak.spicehorse.eu\/sk\/wp-json\/wp\/v2\/media\/182972"}],"wp:attachment":[{"href":"https:\/\/arak.spicehorse.eu\/sk\/wp-json\/wp\/v2\/media?parent=182915"}],"wp:term":[{"taxonomy":"product_cat","embeddable":true,"href":"https:\/\/arak.spicehorse.eu\/sk\/wp-json\/wp\/v2\/product_cat?post=182915"},{"taxonomy":"product_tag","embeddable":true,"href":"https:\/\/arak.spicehorse.eu\/sk\/wp-json\/wp\/v2\/product_tag?post=182915"}],"curies":[{"name":"wp","href":"https:\/\/api.w.org\/{rel}","templated":true}]}}