{"id":183651,"date":"2024-07-09T15:12:27","date_gmt":"2024-07-09T13:12:28","guid":{"rendered":"https:\/\/arak.spicehorse.eu\/?post_type=product&#038;p=183651"},"modified":"2025-06-18T15:55:29","modified_gmt":"2025-06-18T13:55:29","slug":"flex-on-set-na-osetrovanie-koze","status":"publish","type":"product","link":"https:\/\/arak.spicehorse.eu\/sk\/produkt\/flex-on-set-na-osetrovanie-koze\/","title":{"rendered":"FLEX-ON set na o\u0161etrovanie ko\u017ee"},"content":{"rendered":"<p style=\"font-weight: 400;\">Maxim\u00e1lna starostlivos\u0165 o\u00a0v\u00fdbavu z\u00a0ko\u017ee v\u010faka setu Flex-on na o\u0161etrovanie ko\u017ee. Obsahuje v\u0161etko, \u010do m\u00f4\u017eeme potrebova\u0165 na to, aby sme ochr\u00e1nili a\u00a0udr\u017eali v\u00a0dokonalom stave na\u0161e ob\u013e\u00faben\u00e9 ko\u017een\u00e9 v\u00fdrobky.<\/p>\n<p style=\"font-weight: 400;\"><strong>Obsah balenia:<\/strong><\/p>\n<ul style=\"font-weight: 400;\">\n<li>Mydlo vyroben\u00e9 z\u00a0glycer\u00ednu a\u00a0kokosov\u00e9ho oleja. Toto mydlo bolo vyslovene navrhnut\u00e9 tak, aby h\u013abkovo \u010distilo ko\u017eu, pri\u010dom ju chr\u00e1ni a\u00a0vy\u017eivuje. Odstra\u0148uje ne\u010distoty, zvy\u0161ky prachu a\u00a0potu, ko\u017ea zost\u00e1va \u010dist\u00e1 a\u00a0elastick\u00e1.<\/li>\n<li>Mas\u0165 vyroben\u00e1 z na 100% pr\u00edrodn\u00fdch zlo\u017eiek a v\u010delieho vosku. Mas\u0165 h\u013abkovo vy\u017eivuje a chr\u00e1ni ko\u017eu, pom\u00e1ha zachova\u0165 jej elasticitu a trv\u00e1cnos\u0165. Je ide\u00e1lna na predch\u00e1dzaniu vysu\u0161eniu ko\u017ee a jej opotrebovaniu, pri\u010dom dod\u00e1va ko\u017ei n\u00e1dhern\u00fd vzh\u013ead.<\/li>\n<li>Rukavice vyroben\u00e9 z ko\u017ee z ov\u010dej vlny, pomocou ktor\u00fdch m\u00f4\u017eeme rovnomerne nanies\u0165 mas\u0165 aj mydlo na ko\u017een\u00fa v\u00fdbavu, pri\u010dom poskytuj\u00fa m\u00e4kk\u00fd a pr\u00edjemn\u00fd pocit na dotyk.<\/li>\n<\/ul>\n","protected":false},"excerpt":{"rendered":"<p>Maxim\u00e1lna starostlivos\u0165 o\u00a0v\u00fdbavu z\u00a0ko\u017ee v\u010faka setu Flex-on na o\u0161etrovanie ko\u017ee. Obsahuje v\u0161etko, \u010do m\u00f4\u017eeme potrebova\u0165 na to, aby sme ochr\u00e1nili a\u00a0udr\u017eali v\u00a0dokonalom stave na\u0161e ob\u013e\u00faben\u00e9 ko\u017een\u00e9 v\u00fdrobky. Obsah balenia: Mydlo vyroben\u00e9 z\u00a0glycer\u00ednu a\u00a0kokosov\u00e9ho oleja. Toto mydlo bolo vyslovene navrhnut\u00e9 tak, aby h\u013abkovo \u010distilo ko\u017eu, pri\u010dom ju chr\u00e1ni a\u00a0vy\u017eivuje. Odstra\u0148uje ne\u010distoty, zvy\u0161ky prachu a\u00a0potu, ko\u017ea zost\u00e1va [&hellip;]<\/p>\n","protected":false},"featured_media":183654,"template":"","meta":{"_acf_changed":false},"product_cat":[75,106,511],"product_tag":[2665,335,401,529],"acf":[],"yoast_head":"<!-- This site is optimized with the Yoast SEO plugin v21.4 - https:\/\/yoast.com\/wordpress\/plugins\/seo\/ -->\n<title>FLEX-ON set na o\u0161etrovanie ko\u017ee - Spicehorse<\/title>\n<meta name=\"description\" content=\"spicehorse.eu | Maxim\u00e1lna starostlivos\u0165 o\u00a0v\u00fdbavu z\u00a0ko\u017ee v\u010faka setu Flex-on na o\u0161etrovanie ko\u017ee.\" \/>\n<meta name=\"robots\" content=\"index, follow, max-snippet:-1, max-image-preview:large, max-video-preview:-1\" \/>\n<link rel=\"canonical\" href=\"https:\/\/arak.spicehorse.eu\/sk\/produkt\/flex-on-set-na-osetrovanie-koze\/\" \/>\n<meta property=\"og:locale\" content=\"sk_SK\" \/>\n<meta property=\"og:type\" content=\"article\" \/>\n<meta property=\"og:title\" content=\"FLEX-ON set na o\u0161etrovanie ko\u017ee - Spicehorse\" \/>\n<meta property=\"og:description\" content=\"spicehorse.eu | Maxim\u00e1lna starostlivos\u0165 o\u00a0v\u00fdbavu z\u00a0ko\u017ee v\u010faka setu Flex-on na o\u0161etrovanie ko\u017ee.\" \/>\n<meta property=\"og:url\" content=\"https:\/\/arak.spicehorse.eu\/sk\/produkt\/flex-on-set-na-osetrovanie-koze\/\" \/>\n<meta property=\"og:site_name\" content=\"Spicehorse\" \/>\n<meta property=\"article:publisher\" content=\"https:\/\/www.facebook.com\/SPICEHORSE-550385625402457\/\" \/>\n<meta property=\"article:modified_time\" content=\"2025-06-18T13:55:29+00:00\" \/>\n<meta property=\"og:image\" content=\"https:\/\/arak.spicehorse.eu\/wp-content\/uploads\/2024\/07\/pack-accessoires-nettoyage-selle1.jpg\" \/>\n\t<meta property=\"og:image:width\" content=\"1602\" \/>\n\t<meta property=\"og:image:height\" content=\"1671\" \/>\n\t<meta property=\"og:image:type\" content=\"image\/jpeg\" \/>\n<meta name=\"twitter:card\" content=\"summary_large_image\" \/>\n<meta name=\"twitter:label1\" content=\"Predpokladan\u00fd \u010das \u010d\u00edtania\" \/>\n\t<meta name=\"twitter:data1\" content=\"1 min\u00fata\" \/>\n<script type=\"application\/ld+json\" class=\"yoast-schema-graph\">{\"@context\":\"https:\/\/schema.org\",\"@graph\":[{\"@type\":\"WebPage\",\"@id\":\"https:\/\/arak.spicehorse.eu\/sk\/produkt\/flex-on-set-na-osetrovanie-koze\/\",\"url\":\"https:\/\/arak.spicehorse.eu\/sk\/produkt\/flex-on-set-na-osetrovanie-koze\/\",\"name\":\"FLEX-ON set na o\u0161etrovanie ko\u017ee - Spicehorse\",\"isPartOf\":{\"@id\":\"https:\/\/arak.spicehorse.eu\/en\/#website\"},\"datePublished\":\"2024-07-09T13:12:28+00:00\",\"dateModified\":\"2025-06-18T13:55:29+00:00\",\"description\":\"spicehorse.eu | Maxim\u00e1lna starostlivos\u0165 o\u00a0v\u00fdbavu z\u00a0ko\u017ee v\u010faka setu Flex-on na o\u0161etrovanie ko\u017ee.\",\"breadcrumb\":{\"@id\":\"https:\/\/arak.spicehorse.eu\/sk\/produkt\/flex-on-set-na-osetrovanie-koze\/#breadcrumb\"},\"inLanguage\":\"sk-SK\",\"potentialAction\":[{\"@type\":\"ReadAction\",\"target\":[\"https:\/\/arak.spicehorse.eu\/sk\/produkt\/flex-on-set-na-osetrovanie-koze\/\"]}]},{\"@type\":\"BreadcrumbList\",\"@id\":\"https:\/\/arak.spicehorse.eu\/sk\/produkt\/flex-on-set-na-osetrovanie-koze\/#breadcrumb\",\"itemListElement\":[{\"@type\":\"ListItem\",\"position\":1,\"name\":\"Home\",\"item\":\"https:\/\/arak.spicehorse.eu\/sk\/\"},{\"@type\":\"ListItem\",\"position\":2,\"name\":\"Predaj\u0148a\",\"item\":\"https:\/\/arak.spicehorse.eu\/sk\/predajna\/\"},{\"@type\":\"ListItem\",\"position\":3,\"name\":\"FLEX-ON set na o\u0161etrovanie ko\u017ee\"}]},{\"@type\":\"WebSite\",\"@id\":\"https:\/\/arak.spicehorse.eu\/en\/#website\",\"url\":\"https:\/\/arak.spicehorse.eu\/en\/\",\"name\":\"Spicehorse\",\"description\":\"UNDER DEVELOPMENT -\",\"potentialAction\":[{\"@type\":\"SearchAction\",\"target\":{\"@type\":\"EntryPoint\",\"urlTemplate\":\"https:\/\/arak.spicehorse.eu\/en\/?s={search_term_string}\"},\"query-input\":\"required name=search_term_string\"}],\"inLanguage\":\"sk-SK\"}]}<\/script>\n<!-- \/ Yoast SEO plugin. -->","yoast_head_json":{"title":"FLEX-ON set na o\u0161etrovanie ko\u017ee - Spicehorse","description":"spicehorse.eu | Maxim\u00e1lna starostlivos\u0165 o\u00a0v\u00fdbavu z\u00a0ko\u017ee v\u010faka setu Flex-on na o\u0161etrovanie ko\u017ee.","robots":{"index":"index","follow":"follow","max-snippet":"max-snippet:-1","max-image-preview":"max-image-preview:large","max-video-preview":"max-video-preview:-1"},"canonical":"https:\/\/arak.spicehorse.eu\/sk\/produkt\/flex-on-set-na-osetrovanie-koze\/","og_locale":"sk_SK","og_type":"article","og_title":"FLEX-ON set na o\u0161etrovanie ko\u017ee - Spicehorse","og_description":"spicehorse.eu | Maxim\u00e1lna starostlivos\u0165 o\u00a0v\u00fdbavu z\u00a0ko\u017ee v\u010faka setu Flex-on na o\u0161etrovanie ko\u017ee.","og_url":"https:\/\/arak.spicehorse.eu\/sk\/produkt\/flex-on-set-na-osetrovanie-koze\/","og_site_name":"Spicehorse","article_publisher":"https:\/\/www.facebook.com\/SPICEHORSE-550385625402457\/","article_modified_time":"2025-06-18T13:55:29+00:00","og_image":[{"width":1602,"height":1671,"url":"https:\/\/arak.spicehorse.eu\/wp-content\/uploads\/2024\/07\/pack-accessoires-nettoyage-selle1.jpg","type":"image\/jpeg"}],"twitter_card":"summary_large_image","twitter_misc":{"Predpokladan\u00fd \u010das \u010d\u00edtania":"1 min\u00fata"},"schema":{"@context":"https:\/\/schema.org","@graph":[{"@type":"WebPage","@id":"https:\/\/arak.spicehorse.eu\/sk\/produkt\/flex-on-set-na-osetrovanie-koze\/","url":"https:\/\/arak.spicehorse.eu\/sk\/produkt\/flex-on-set-na-osetrovanie-koze\/","name":"FLEX-ON set na o\u0161etrovanie ko\u017ee - Spicehorse","isPartOf":{"@id":"https:\/\/arak.spicehorse.eu\/en\/#website"},"datePublished":"2024-07-09T13:12:28+00:00","dateModified":"2025-06-18T13:55:29+00:00","description":"spicehorse.eu | Maxim\u00e1lna starostlivos\u0165 o\u00a0v\u00fdbavu z\u00a0ko\u017ee v\u010faka setu Flex-on na o\u0161etrovanie ko\u017ee.","breadcrumb":{"@id":"https:\/\/arak.spicehorse.eu\/sk\/produkt\/flex-on-set-na-osetrovanie-koze\/#breadcrumb"},"inLanguage":"sk-SK","potentialAction":[{"@type":"ReadAction","target":["https:\/\/arak.spicehorse.eu\/sk\/produkt\/flex-on-set-na-osetrovanie-koze\/"]}]},{"@type":"BreadcrumbList","@id":"https:\/\/arak.spicehorse.eu\/sk\/produkt\/flex-on-set-na-osetrovanie-koze\/#breadcrumb","itemListElement":[{"@type":"ListItem","position":1,"name":"Home","item":"https:\/\/arak.spicehorse.eu\/sk\/"},{"@type":"ListItem","position":2,"name":"Predaj\u0148a","item":"https:\/\/arak.spicehorse.eu\/sk\/predajna\/"},{"@type":"ListItem","position":3,"name":"FLEX-ON set na o\u0161etrovanie ko\u017ee"}]},{"@type":"WebSite","@id":"https:\/\/arak.spicehorse.eu\/en\/#website","url":"https:\/\/arak.spicehorse.eu\/en\/","name":"Spicehorse","description":"UNDER DEVELOPMENT -","potentialAction":[{"@type":"SearchAction","target":{"@type":"EntryPoint","urlTemplate":"https:\/\/arak.spicehorse.eu\/en\/?s={search_term_string}"},"query-input":"required name=search_term_string"}],"inLanguage":"sk-SK"}]}},"_links":{"self":[{"href":"https:\/\/arak.spicehorse.eu\/sk\/wp-json\/wp\/v2\/product\/183651"}],"collection":[{"href":"https:\/\/arak.spicehorse.eu\/sk\/wp-json\/wp\/v2\/product"}],"about":[{"href":"https:\/\/arak.spicehorse.eu\/sk\/wp-json\/wp\/v2\/types\/product"}],"wp:featuredmedia":[{"embeddable":true,"href":"https:\/\/arak.spicehorse.eu\/sk\/wp-json\/wp\/v2\/media\/183654"}],"wp:attachment":[{"href":"https:\/\/arak.spicehorse.eu\/sk\/wp-json\/wp\/v2\/media?parent=183651"}],"wp:term":[{"taxonomy":"product_cat","embeddable":true,"href":"https:\/\/arak.spicehorse.eu\/sk\/wp-json\/wp\/v2\/product_cat?post=183651"},{"taxonomy":"product_tag","embeddable":true,"href":"https:\/\/arak.spicehorse.eu\/sk\/wp-json\/wp\/v2\/product_tag?post=183651"}],"curies":[{"name":"wp","href":"https:\/\/api.w.org\/{rel}","templated":true}]}}