{"id":184099,"date":"2024-08-05T21:16:31","date_gmt":"2024-08-05T19:16:37","guid":{"rendered":"https:\/\/arak.spicehorse.eu\/?post_type=product&#038;p=184099"},"modified":"2024-11-18T13:11:09","modified_gmt":"2024-11-18T12:11:09","slug":"boss-equestrian-maya-signature-stripe-tricko-black","status":"publish","type":"product","link":"https:\/\/arak.spicehorse.eu\/sk\/produkt\/boss-equestrian-maya-signature-stripe-tricko-black\/","title":{"rendered":"BOSS Equestrian Maya Signature Stripe tri\u010dko Black"},"content":{"rendered":"<p style=\"font-weight: 400;\">BOSS Equestrian MAYA tri\u010dko s\u00a0kr\u00e1tkym ruk\u00e1vom a\u00a0okr\u00fahlym v\u00fdstrihom, s\u00a0ve\u013ek\u00fdm logom \u00a0BOSS Equestrian, vo farb\u00e1ch Signature Stripe.<\/p>\n<p style=\"font-weight: 400;\">95% bavlna, 5% elastan<\/p>\n","protected":false},"excerpt":{"rendered":"<p>BOSS Equestrian MAYA tri\u010dko s\u00a0kr\u00e1tkym ruk\u00e1vom a\u00a0okr\u00fahlym v\u00fdstrihom, s\u00a0ve\u013ek\u00fdm logom \u00a0BOSS Equestrian, vo farb\u00e1ch Signature Stripe. 95% bavlna, 5% elastan<\/p>\n","protected":false},"featured_media":184108,"template":"","meta":{"_acf_changed":false},"product_cat":[76,307],"product_tag":[2920,2226],"acf":[],"yoast_head":"<!-- This site is optimized with the Yoast SEO plugin v21.4 - https:\/\/yoast.com\/wordpress\/plugins\/seo\/ -->\n<title>BOSS Equestrian Maya Signature Stripe tri\u010dko Black - Spicehorse<\/title>\n<meta name=\"description\" content=\"spicehorse.eu | BOSS Equestrian MAYA tri\u010dko s kr\u00e1tkym ruk\u00e1vom a okr\u00fahlym v\u00fdstrihom, s ve\u013ek\u00fdm logom BOSS Equestrian, vo farb\u00e1ch Signature Stripe. 95% bavlna, 5% elastan\" \/>\n<meta name=\"robots\" content=\"index, follow, max-snippet:-1, max-image-preview:large, max-video-preview:-1\" \/>\n<link rel=\"canonical\" href=\"https:\/\/arak.spicehorse.eu\/sk\/produkt\/boss-equestrian-maya-signature-stripe-tricko-black\/\" \/>\n<meta property=\"og:locale\" content=\"sk_SK\" \/>\n<meta property=\"og:type\" content=\"article\" \/>\n<meta property=\"og:title\" content=\"BOSS Equestrian Maya Signature Stripe tri\u010dko Black - Spicehorse\" \/>\n<meta property=\"og:description\" content=\"spicehorse.eu | BOSS Equestrian MAYA tri\u010dko s kr\u00e1tkym ruk\u00e1vom a okr\u00fahlym v\u00fdstrihom, s ve\u013ek\u00fdm logom BOSS Equestrian, vo farb\u00e1ch Signature Stripe. 95% bavlna, 5% elastan\" \/>\n<meta property=\"og:url\" content=\"https:\/\/arak.spicehorse.eu\/sk\/produkt\/boss-equestrian-maya-signature-stripe-tricko-black\/\" \/>\n<meta property=\"og:site_name\" content=\"Spicehorse\" \/>\n<meta property=\"article:publisher\" content=\"https:\/\/www.facebook.com\/SPICEHORSE-550385625402457\/\" \/>\n<meta property=\"article:modified_time\" content=\"2024-11-18T12:11:09+00:00\" \/>\n<meta property=\"og:image\" content=\"https:\/\/arak.spicehorse.eu\/wp-content\/uploads\/2024\/08\/b3w0601-001-4jpg-master.jpg\" \/>\n\t<meta property=\"og:image:width\" content=\"1500\" \/>\n\t<meta property=\"og:image:height\" content=\"2275\" \/>\n\t<meta property=\"og:image:type\" content=\"image\/jpeg\" \/>\n<meta name=\"twitter:card\" content=\"summary_large_image\" \/>\n<script type=\"application\/ld+json\" class=\"yoast-schema-graph\">{\"@context\":\"https:\/\/schema.org\",\"@graph\":[{\"@type\":\"WebPage\",\"@id\":\"https:\/\/arak.spicehorse.eu\/sk\/produkt\/boss-equestrian-maya-signature-stripe-tricko-black\/\",\"url\":\"https:\/\/arak.spicehorse.eu\/sk\/produkt\/boss-equestrian-maya-signature-stripe-tricko-black\/\",\"name\":\"BOSS Equestrian Maya Signature Stripe tri\u010dko Black - Spicehorse\",\"isPartOf\":{\"@id\":\"https:\/\/arak.spicehorse.eu\/en\/#website\"},\"datePublished\":\"2024-08-05T19:16:37+00:00\",\"dateModified\":\"2024-11-18T12:11:09+00:00\",\"description\":\"spicehorse.eu | BOSS Equestrian MAYA tri\u010dko s kr\u00e1tkym ruk\u00e1vom a okr\u00fahlym v\u00fdstrihom, s ve\u013ek\u00fdm logom BOSS Equestrian, vo farb\u00e1ch Signature Stripe. 95% bavlna, 5% elastan\",\"breadcrumb\":{\"@id\":\"https:\/\/arak.spicehorse.eu\/sk\/produkt\/boss-equestrian-maya-signature-stripe-tricko-black\/#breadcrumb\"},\"inLanguage\":\"sk-SK\",\"potentialAction\":[{\"@type\":\"ReadAction\",\"target\":[\"https:\/\/arak.spicehorse.eu\/sk\/produkt\/boss-equestrian-maya-signature-stripe-tricko-black\/\"]}]},{\"@type\":\"BreadcrumbList\",\"@id\":\"https:\/\/arak.spicehorse.eu\/sk\/produkt\/boss-equestrian-maya-signature-stripe-tricko-black\/#breadcrumb\",\"itemListElement\":[{\"@type\":\"ListItem\",\"position\":1,\"name\":\"Home\",\"item\":\"https:\/\/arak.spicehorse.eu\/sk\/\"},{\"@type\":\"ListItem\",\"position\":2,\"name\":\"Predaj\u0148a\",\"item\":\"https:\/\/arak.spicehorse.eu\/sk\/predajna\/\"},{\"@type\":\"ListItem\",\"position\":3,\"name\":\"BOSS Equestrian Maya Signature Stripe tri\u010dko Black\"}]},{\"@type\":\"WebSite\",\"@id\":\"https:\/\/arak.spicehorse.eu\/en\/#website\",\"url\":\"https:\/\/arak.spicehorse.eu\/en\/\",\"name\":\"Spicehorse\",\"description\":\"UNDER DEVELOPMENT -\",\"potentialAction\":[{\"@type\":\"SearchAction\",\"target\":{\"@type\":\"EntryPoint\",\"urlTemplate\":\"https:\/\/arak.spicehorse.eu\/en\/?s={search_term_string}\"},\"query-input\":\"required name=search_term_string\"}],\"inLanguage\":\"sk-SK\"}]}<\/script>\n<!-- \/ Yoast SEO plugin. -->","yoast_head_json":{"title":"BOSS Equestrian Maya Signature Stripe tri\u010dko Black - Spicehorse","description":"spicehorse.eu | BOSS Equestrian MAYA tri\u010dko s kr\u00e1tkym ruk\u00e1vom a okr\u00fahlym v\u00fdstrihom, s ve\u013ek\u00fdm logom BOSS Equestrian, vo farb\u00e1ch Signature Stripe. 95% bavlna, 5% elastan","robots":{"index":"index","follow":"follow","max-snippet":"max-snippet:-1","max-image-preview":"max-image-preview:large","max-video-preview":"max-video-preview:-1"},"canonical":"https:\/\/arak.spicehorse.eu\/sk\/produkt\/boss-equestrian-maya-signature-stripe-tricko-black\/","og_locale":"sk_SK","og_type":"article","og_title":"BOSS Equestrian Maya Signature Stripe tri\u010dko Black - Spicehorse","og_description":"spicehorse.eu | BOSS Equestrian MAYA tri\u010dko s kr\u00e1tkym ruk\u00e1vom a okr\u00fahlym v\u00fdstrihom, s ve\u013ek\u00fdm logom BOSS Equestrian, vo farb\u00e1ch Signature Stripe. 95% bavlna, 5% elastan","og_url":"https:\/\/arak.spicehorse.eu\/sk\/produkt\/boss-equestrian-maya-signature-stripe-tricko-black\/","og_site_name":"Spicehorse","article_publisher":"https:\/\/www.facebook.com\/SPICEHORSE-550385625402457\/","article_modified_time":"2024-11-18T12:11:09+00:00","og_image":[{"width":1500,"height":2275,"url":"https:\/\/arak.spicehorse.eu\/wp-content\/uploads\/2024\/08\/b3w0601-001-4jpg-master.jpg","type":"image\/jpeg"}],"twitter_card":"summary_large_image","schema":{"@context":"https:\/\/schema.org","@graph":[{"@type":"WebPage","@id":"https:\/\/arak.spicehorse.eu\/sk\/produkt\/boss-equestrian-maya-signature-stripe-tricko-black\/","url":"https:\/\/arak.spicehorse.eu\/sk\/produkt\/boss-equestrian-maya-signature-stripe-tricko-black\/","name":"BOSS Equestrian Maya Signature Stripe tri\u010dko Black - Spicehorse","isPartOf":{"@id":"https:\/\/arak.spicehorse.eu\/en\/#website"},"datePublished":"2024-08-05T19:16:37+00:00","dateModified":"2024-11-18T12:11:09+00:00","description":"spicehorse.eu | BOSS Equestrian MAYA tri\u010dko s kr\u00e1tkym ruk\u00e1vom a okr\u00fahlym v\u00fdstrihom, s ve\u013ek\u00fdm logom BOSS Equestrian, vo farb\u00e1ch Signature Stripe. 95% bavlna, 5% elastan","breadcrumb":{"@id":"https:\/\/arak.spicehorse.eu\/sk\/produkt\/boss-equestrian-maya-signature-stripe-tricko-black\/#breadcrumb"},"inLanguage":"sk-SK","potentialAction":[{"@type":"ReadAction","target":["https:\/\/arak.spicehorse.eu\/sk\/produkt\/boss-equestrian-maya-signature-stripe-tricko-black\/"]}]},{"@type":"BreadcrumbList","@id":"https:\/\/arak.spicehorse.eu\/sk\/produkt\/boss-equestrian-maya-signature-stripe-tricko-black\/#breadcrumb","itemListElement":[{"@type":"ListItem","position":1,"name":"Home","item":"https:\/\/arak.spicehorse.eu\/sk\/"},{"@type":"ListItem","position":2,"name":"Predaj\u0148a","item":"https:\/\/arak.spicehorse.eu\/sk\/predajna\/"},{"@type":"ListItem","position":3,"name":"BOSS Equestrian Maya Signature Stripe tri\u010dko Black"}]},{"@type":"WebSite","@id":"https:\/\/arak.spicehorse.eu\/en\/#website","url":"https:\/\/arak.spicehorse.eu\/en\/","name":"Spicehorse","description":"UNDER DEVELOPMENT -","potentialAction":[{"@type":"SearchAction","target":{"@type":"EntryPoint","urlTemplate":"https:\/\/arak.spicehorse.eu\/en\/?s={search_term_string}"},"query-input":"required name=search_term_string"}],"inLanguage":"sk-SK"}]}},"_links":{"self":[{"href":"https:\/\/arak.spicehorse.eu\/sk\/wp-json\/wp\/v2\/product\/184099"}],"collection":[{"href":"https:\/\/arak.spicehorse.eu\/sk\/wp-json\/wp\/v2\/product"}],"about":[{"href":"https:\/\/arak.spicehorse.eu\/sk\/wp-json\/wp\/v2\/types\/product"}],"wp:featuredmedia":[{"embeddable":true,"href":"https:\/\/arak.spicehorse.eu\/sk\/wp-json\/wp\/v2\/media\/184108"}],"wp:attachment":[{"href":"https:\/\/arak.spicehorse.eu\/sk\/wp-json\/wp\/v2\/media?parent=184099"}],"wp:term":[{"taxonomy":"product_cat","embeddable":true,"href":"https:\/\/arak.spicehorse.eu\/sk\/wp-json\/wp\/v2\/product_cat?post=184099"},{"taxonomy":"product_tag","embeddable":true,"href":"https:\/\/arak.spicehorse.eu\/sk\/wp-json\/wp\/v2\/product_tag?post=184099"}],"curies":[{"name":"wp","href":"https:\/\/api.w.org\/{rel}","templated":true}]}}