{"id":184240,"date":"2024-08-13T20:36:43","date_gmt":"2024-08-13T18:36:53","guid":{"rendered":"https:\/\/arak.spicehorse.eu\/?post_type=product&#038;p=184240"},"modified":"2025-04-22T12:20:25","modified_gmt":"2025-04-22T10:20:25","slug":"boss-equestrian-hailey-plne-silikonove-jazdecke-nohavice-black","status":"publish","type":"product","link":"https:\/\/arak.spicehorse.eu\/sk\/produkt\/boss-equestrian-hailey-plne-silikonove-jazdecke-nohavice-black\/","title":{"rendered":"BOSS Equestrian Hailey plne silik\u00f3nov\u00e9 jazdeck\u00e9 nohavice Black"},"content":{"rendered":"<p style=\"font-weight: 400;\">BOSS Equestrian HAILEY jazdeck\u00e9 nohavice s\u00a0plne silik\u00f3novou sedacou \u010das\u0165ou a\u00a0zv\u00fd\u0161en\u00fdm p\u00e1som. S\u00fa vyroben\u00e9 z\u00a0priedu\u0161n\u00e9ho Power Sport materi\u00e1lu v\u00a0z\u00e1ujme maxim\u00e1lneho pohodlia. Vysoko vykrojen\u00fd p\u00e1s, zips a\u00a02 spony s\u00a0logom BOSS. Vreck\u00e1 s\u00fa zdoben\u00e9 stuhou vo farb\u00e1ch BOSS Signature Stripe. Silik\u00f3nov\u00e9 logo na \u013eavom stehne. Vzadu p\u00fatko na opasok pokryt\u00e9 stuhou Signature Stripe. Full grip vysoko kvalitn\u00e1 a\u00a0pohodln\u00e1 vlo\u017eka bez \u0161itia. Elastick\u00e9 jersey vlo\u017eky na l\u00fdtkach s\u00a0technol\u00f3giou \u00a0Silicon Grip Technology.<\/p>\n<p style=\"font-weight: 400;\">92% Meryl nylon, 8% \u0161pandex<\/p>\n","protected":false},"excerpt":{"rendered":"<p>BOSS Equestrian HAILEY jazdeck\u00e9 nohavice s\u00a0plne silik\u00f3novou sedacou \u010das\u0165ou a\u00a0zv\u00fd\u0161en\u00fdm p\u00e1som. S\u00fa vyroben\u00e9 z\u00a0priedu\u0161n\u00e9ho Power Sport materi\u00e1lu v\u00a0z\u00e1ujme maxim\u00e1lneho pohodlia. Vysoko vykrojen\u00fd p\u00e1s, zips a\u00a02 spony s\u00a0logom BOSS. Vreck\u00e1 s\u00fa zdoben\u00e9 stuhou vo farb\u00e1ch BOSS Signature Stripe. Silik\u00f3nov\u00e9 logo na \u013eavom stehne. Vzadu p\u00fatko na opasok pokryt\u00e9 stuhou Signature Stripe. Full grip vysoko kvalitn\u00e1 a\u00a0pohodln\u00e1 [&hellip;]<\/p>\n","protected":false},"featured_media":194000,"template":"","meta":{"_acf_changed":false},"product_cat":[78,76,305],"product_tag":[2920],"acf":[],"yoast_head":"<!-- This site is optimized with the Yoast SEO plugin v21.4 - https:\/\/yoast.com\/wordpress\/plugins\/seo\/ -->\n<title>BOSS Equestrian Hailey plne silik\u00f3nov\u00e9 jazdeck\u00e9 nohavice Black - Spicehorse<\/title>\n<meta name=\"description\" content=\"spicehorse.eu | BOSS Equestrian HAILEY jazdeck\u00e9 nohavice s\u00a0plne silik\u00f3novou sedacou \u010das\u0165ou a\u00a0zv\u00fd\u0161en\u00fdm p\u00e1som.\" \/>\n<meta name=\"robots\" content=\"index, follow, max-snippet:-1, max-image-preview:large, max-video-preview:-1\" \/>\n<link rel=\"canonical\" href=\"https:\/\/arak.spicehorse.eu\/sk\/produkt\/boss-equestrian-hailey-plne-silikonove-jazdecke-nohavice-black\/\" \/>\n<meta property=\"og:locale\" content=\"sk_SK\" \/>\n<meta property=\"og:type\" content=\"article\" \/>\n<meta property=\"og:title\" content=\"BOSS Equestrian Hailey plne silik\u00f3nov\u00e9 jazdeck\u00e9 nohavice Black - Spicehorse\" \/>\n<meta property=\"og:description\" content=\"spicehorse.eu | BOSS Equestrian HAILEY jazdeck\u00e9 nohavice s\u00a0plne silik\u00f3novou sedacou \u010das\u0165ou a\u00a0zv\u00fd\u0161en\u00fdm p\u00e1som.\" \/>\n<meta property=\"og:url\" content=\"https:\/\/arak.spicehorse.eu\/sk\/produkt\/boss-equestrian-hailey-plne-silikonove-jazdecke-nohavice-black\/\" \/>\n<meta property=\"og:site_name\" content=\"Spicehorse\" \/>\n<meta property=\"article:publisher\" content=\"https:\/\/www.facebook.com\/SPICEHORSE-550385625402457\/\" \/>\n<meta property=\"article:modified_time\" content=\"2025-04-22T10:20:25+00:00\" \/>\n<meta property=\"og:image\" content=\"https:\/\/arak.spicehorse.eu\/wp-content\/uploads\/2024\/08\/b1w1303-001-1jpg-master-groot-1-1.jpg\" \/>\n\t<meta property=\"og:image:width\" content=\"700\" \/>\n\t<meta property=\"og:image:height\" content=\"700\" \/>\n\t<meta property=\"og:image:type\" content=\"image\/jpeg\" \/>\n<meta name=\"twitter:card\" content=\"summary_large_image\" \/>\n<script type=\"application\/ld+json\" class=\"yoast-schema-graph\">{\"@context\":\"https:\/\/schema.org\",\"@graph\":[{\"@type\":\"WebPage\",\"@id\":\"https:\/\/arak.spicehorse.eu\/sk\/produkt\/boss-equestrian-hailey-plne-silikonove-jazdecke-nohavice-black\/\",\"url\":\"https:\/\/arak.spicehorse.eu\/sk\/produkt\/boss-equestrian-hailey-plne-silikonove-jazdecke-nohavice-black\/\",\"name\":\"BOSS Equestrian Hailey plne silik\u00f3nov\u00e9 jazdeck\u00e9 nohavice Black - Spicehorse\",\"isPartOf\":{\"@id\":\"https:\/\/arak.spicehorse.eu\/en\/#website\"},\"datePublished\":\"2024-08-13T18:36:53+00:00\",\"dateModified\":\"2025-04-22T10:20:25+00:00\",\"description\":\"spicehorse.eu | BOSS Equestrian HAILEY jazdeck\u00e9 nohavice s\u00a0plne silik\u00f3novou sedacou \u010das\u0165ou a\u00a0zv\u00fd\u0161en\u00fdm p\u00e1som.\",\"breadcrumb\":{\"@id\":\"https:\/\/arak.spicehorse.eu\/sk\/produkt\/boss-equestrian-hailey-plne-silikonove-jazdecke-nohavice-black\/#breadcrumb\"},\"inLanguage\":\"sk-SK\",\"potentialAction\":[{\"@type\":\"ReadAction\",\"target\":[\"https:\/\/arak.spicehorse.eu\/sk\/produkt\/boss-equestrian-hailey-plne-silikonove-jazdecke-nohavice-black\/\"]}]},{\"@type\":\"BreadcrumbList\",\"@id\":\"https:\/\/arak.spicehorse.eu\/sk\/produkt\/boss-equestrian-hailey-plne-silikonove-jazdecke-nohavice-black\/#breadcrumb\",\"itemListElement\":[{\"@type\":\"ListItem\",\"position\":1,\"name\":\"Home\",\"item\":\"https:\/\/arak.spicehorse.eu\/sk\/\"},{\"@type\":\"ListItem\",\"position\":2,\"name\":\"Predaj\u0148a\",\"item\":\"https:\/\/arak.spicehorse.eu\/sk\/predajna\/\"},{\"@type\":\"ListItem\",\"position\":3,\"name\":\"BOSS Equestrian Hailey plne silik\u00f3nov\u00e9 jazdeck\u00e9 nohavice Black\"}]},{\"@type\":\"WebSite\",\"@id\":\"https:\/\/arak.spicehorse.eu\/en\/#website\",\"url\":\"https:\/\/arak.spicehorse.eu\/en\/\",\"name\":\"Spicehorse\",\"description\":\"UNDER DEVELOPMENT -\",\"potentialAction\":[{\"@type\":\"SearchAction\",\"target\":{\"@type\":\"EntryPoint\",\"urlTemplate\":\"https:\/\/arak.spicehorse.eu\/en\/?s={search_term_string}\"},\"query-input\":\"required name=search_term_string\"}],\"inLanguage\":\"sk-SK\"}]}<\/script>\n<!-- \/ Yoast SEO plugin. -->","yoast_head_json":{"title":"BOSS Equestrian Hailey plne silik\u00f3nov\u00e9 jazdeck\u00e9 nohavice Black - Spicehorse","description":"spicehorse.eu | BOSS Equestrian HAILEY jazdeck\u00e9 nohavice s\u00a0plne silik\u00f3novou sedacou \u010das\u0165ou a\u00a0zv\u00fd\u0161en\u00fdm p\u00e1som.","robots":{"index":"index","follow":"follow","max-snippet":"max-snippet:-1","max-image-preview":"max-image-preview:large","max-video-preview":"max-video-preview:-1"},"canonical":"https:\/\/arak.spicehorse.eu\/sk\/produkt\/boss-equestrian-hailey-plne-silikonove-jazdecke-nohavice-black\/","og_locale":"sk_SK","og_type":"article","og_title":"BOSS Equestrian Hailey plne silik\u00f3nov\u00e9 jazdeck\u00e9 nohavice Black - Spicehorse","og_description":"spicehorse.eu | BOSS Equestrian HAILEY jazdeck\u00e9 nohavice s\u00a0plne silik\u00f3novou sedacou \u010das\u0165ou a\u00a0zv\u00fd\u0161en\u00fdm p\u00e1som.","og_url":"https:\/\/arak.spicehorse.eu\/sk\/produkt\/boss-equestrian-hailey-plne-silikonove-jazdecke-nohavice-black\/","og_site_name":"Spicehorse","article_publisher":"https:\/\/www.facebook.com\/SPICEHORSE-550385625402457\/","article_modified_time":"2025-04-22T10:20:25+00:00","og_image":[{"width":700,"height":700,"url":"https:\/\/arak.spicehorse.eu\/wp-content\/uploads\/2024\/08\/b1w1303-001-1jpg-master-groot-1-1.jpg","type":"image\/jpeg"}],"twitter_card":"summary_large_image","schema":{"@context":"https:\/\/schema.org","@graph":[{"@type":"WebPage","@id":"https:\/\/arak.spicehorse.eu\/sk\/produkt\/boss-equestrian-hailey-plne-silikonove-jazdecke-nohavice-black\/","url":"https:\/\/arak.spicehorse.eu\/sk\/produkt\/boss-equestrian-hailey-plne-silikonove-jazdecke-nohavice-black\/","name":"BOSS Equestrian Hailey plne silik\u00f3nov\u00e9 jazdeck\u00e9 nohavice Black - Spicehorse","isPartOf":{"@id":"https:\/\/arak.spicehorse.eu\/en\/#website"},"datePublished":"2024-08-13T18:36:53+00:00","dateModified":"2025-04-22T10:20:25+00:00","description":"spicehorse.eu | BOSS Equestrian HAILEY jazdeck\u00e9 nohavice s\u00a0plne silik\u00f3novou sedacou \u010das\u0165ou a\u00a0zv\u00fd\u0161en\u00fdm p\u00e1som.","breadcrumb":{"@id":"https:\/\/arak.spicehorse.eu\/sk\/produkt\/boss-equestrian-hailey-plne-silikonove-jazdecke-nohavice-black\/#breadcrumb"},"inLanguage":"sk-SK","potentialAction":[{"@type":"ReadAction","target":["https:\/\/arak.spicehorse.eu\/sk\/produkt\/boss-equestrian-hailey-plne-silikonove-jazdecke-nohavice-black\/"]}]},{"@type":"BreadcrumbList","@id":"https:\/\/arak.spicehorse.eu\/sk\/produkt\/boss-equestrian-hailey-plne-silikonove-jazdecke-nohavice-black\/#breadcrumb","itemListElement":[{"@type":"ListItem","position":1,"name":"Home","item":"https:\/\/arak.spicehorse.eu\/sk\/"},{"@type":"ListItem","position":2,"name":"Predaj\u0148a","item":"https:\/\/arak.spicehorse.eu\/sk\/predajna\/"},{"@type":"ListItem","position":3,"name":"BOSS Equestrian Hailey plne silik\u00f3nov\u00e9 jazdeck\u00e9 nohavice Black"}]},{"@type":"WebSite","@id":"https:\/\/arak.spicehorse.eu\/en\/#website","url":"https:\/\/arak.spicehorse.eu\/en\/","name":"Spicehorse","description":"UNDER DEVELOPMENT -","potentialAction":[{"@type":"SearchAction","target":{"@type":"EntryPoint","urlTemplate":"https:\/\/arak.spicehorse.eu\/en\/?s={search_term_string}"},"query-input":"required name=search_term_string"}],"inLanguage":"sk-SK"}]}},"_links":{"self":[{"href":"https:\/\/arak.spicehorse.eu\/sk\/wp-json\/wp\/v2\/product\/184240"}],"collection":[{"href":"https:\/\/arak.spicehorse.eu\/sk\/wp-json\/wp\/v2\/product"}],"about":[{"href":"https:\/\/arak.spicehorse.eu\/sk\/wp-json\/wp\/v2\/types\/product"}],"wp:featuredmedia":[{"embeddable":true,"href":"https:\/\/arak.spicehorse.eu\/sk\/wp-json\/wp\/v2\/media\/194000"}],"wp:attachment":[{"href":"https:\/\/arak.spicehorse.eu\/sk\/wp-json\/wp\/v2\/media?parent=184240"}],"wp:term":[{"taxonomy":"product_cat","embeddable":true,"href":"https:\/\/arak.spicehorse.eu\/sk\/wp-json\/wp\/v2\/product_cat?post=184240"},{"taxonomy":"product_tag","embeddable":true,"href":"https:\/\/arak.spicehorse.eu\/sk\/wp-json\/wp\/v2\/product_tag?post=184240"}],"curies":[{"name":"wp","href":"https:\/\/api.w.org\/{rel}","templated":true}]}}