{"id":184560,"date":"2024-09-04T09:23:13","date_gmt":"2024-09-04T07:23:14","guid":{"rendered":"https:\/\/arak.spicehorse.eu\/?post_type=product&#038;p=184560"},"modified":"2025-11-16T20:51:55","modified_gmt":"2025-11-16T19:51:55","slug":"qhp-hracka-pre-kone-valentine-teddy","status":"publish","type":"product","link":"https:\/\/arak.spicehorse.eu\/sk\/produkt\/qhp-hracka-pre-kone-valentine-teddy\/","title":{"rendered":"QHP hra\u010dka pre kone Valentine Teddy"},"content":{"rendered":"<p>QHP hra\u010dka pre kone. Ob\u010das sa V\u00e1\u0161 k\u00f4\u0148 v stajni nud\u00ed? V tom pr\u00edpade m\u00f4\u017ee by\u0165 pre V\u00e1s u\u017eito\u010dn\u00e1 hra\u010dka v\u00a0tvare mrkvy, ktor\u00fa mo\u017eno zavesi\u0165 na box! Z bavlnen\u00e9ho povrazov\u00e9ho materi\u00e1lu, ve\u013emi \u013eahko ju mo\u017eno zavesi\u0165. Je skuto\u010dn\u00fdm \u201espolo\u010dn\u00edkom\u201d na odstr\u00e1nenie nudy.<\/p>\n","protected":false},"excerpt":{"rendered":"<ul>\n<li>Vonkaj\u0161\u00ed materi\u00e1l: vel\u00far<\/li>\n<li>Vn\u00fatorn\u00fd materi\u00e1l: jutovina<\/li>\n<li>Materi\u00e1l povrazu: bavlna, jutovina<\/li>\n<li>Hra\u010dku mo\u017eno zavesi\u0165 do boxu<\/li>\n<li>Na odstr\u00e1nenie nudy<\/li>\n<li>\u013dahko sa upev\u0148uje<\/li>\n<li>Bezpe\u010dn\u00e9 pou\u017e\u00edvanie<\/li>\n<li>V\u00fd\u0161ka: 35 cm<\/li>\n<\/ul>\n","protected":false},"featured_media":184563,"template":"","meta":{"_acf_changed":false},"product_cat":[75,100,120],"product_tag":[227,1973,2828],"acf":[],"yoast_head":"<!-- This site is optimized with the Yoast SEO plugin v21.4 - https:\/\/yoast.com\/wordpress\/plugins\/seo\/ -->\n<title>QHP hra\u010dka pre kone Valentine Teddy - Spicehorse<\/title>\n<meta name=\"description\" content=\"spicehorse.eu | QHP hra\u010dka pre kone. Ob\u010das sa V\u00e1\u0161 k\u00f4\u0148 v stajni nud\u00ed? V tom pr\u00edpade m\u00f4\u017ee by\u0165 pre V\u00e1s u\u017eito\u010dn\u00e1 hra\u010dka v\u00a0tvare mrkvy, ktor\u00fa mo\u017eno zavesi\u0165 na box!\" \/>\n<meta name=\"robots\" content=\"index, follow, max-snippet:-1, max-image-preview:large, max-video-preview:-1\" \/>\n<link rel=\"canonical\" href=\"https:\/\/arak.spicehorse.eu\/sk\/produkt\/qhp-hracka-pre-kone-valentine-teddy\/\" \/>\n<meta property=\"og:locale\" content=\"sk_SK\" \/>\n<meta property=\"og:type\" content=\"article\" \/>\n<meta property=\"og:title\" content=\"QHP hra\u010dka pre kone Valentine Teddy - Spicehorse\" \/>\n<meta property=\"og:description\" content=\"spicehorse.eu | QHP hra\u010dka pre kone. Ob\u010das sa V\u00e1\u0161 k\u00f4\u0148 v stajni nud\u00ed? V tom pr\u00edpade m\u00f4\u017ee by\u0165 pre V\u00e1s u\u017eito\u010dn\u00e1 hra\u010dka v\u00a0tvare mrkvy, ktor\u00fa mo\u017eno zavesi\u0165 na box!\" \/>\n<meta property=\"og:url\" content=\"https:\/\/arak.spicehorse.eu\/sk\/produkt\/qhp-hracka-pre-kone-valentine-teddy\/\" \/>\n<meta property=\"og:site_name\" content=\"Spicehorse\" \/>\n<meta property=\"article:publisher\" content=\"https:\/\/www.facebook.com\/SPICEHORSE-550385625402457\/\" \/>\n<meta property=\"article:modified_time\" content=\"2025-11-16T19:51:55+00:00\" \/>\n<meta property=\"og:image\" content=\"https:\/\/arak.spicehorse.eu\/wp-content\/uploads\/2024\/09\/5421br-3.jpg\" \/>\n\t<meta property=\"og:image:width\" content=\"1280\" \/>\n\t<meta property=\"og:image:height\" content=\"1280\" \/>\n\t<meta property=\"og:image:type\" content=\"image\/jpeg\" \/>\n<meta name=\"twitter:card\" content=\"summary_large_image\" \/>\n<script type=\"application\/ld+json\" class=\"yoast-schema-graph\">{\"@context\":\"https:\/\/schema.org\",\"@graph\":[{\"@type\":\"WebPage\",\"@id\":\"https:\/\/arak.spicehorse.eu\/sk\/produkt\/qhp-hracka-pre-kone-valentine-teddy\/\",\"url\":\"https:\/\/arak.spicehorse.eu\/sk\/produkt\/qhp-hracka-pre-kone-valentine-teddy\/\",\"name\":\"QHP hra\u010dka pre kone Valentine Teddy - Spicehorse\",\"isPartOf\":{\"@id\":\"https:\/\/arak.spicehorse.eu\/en\/#website\"},\"datePublished\":\"2024-09-04T07:23:14+00:00\",\"dateModified\":\"2025-11-16T19:51:55+00:00\",\"description\":\"spicehorse.eu | QHP hra\u010dka pre kone. Ob\u010das sa V\u00e1\u0161 k\u00f4\u0148 v stajni nud\u00ed? V tom pr\u00edpade m\u00f4\u017ee by\u0165 pre V\u00e1s u\u017eito\u010dn\u00e1 hra\u010dka v\u00a0tvare mrkvy, ktor\u00fa mo\u017eno zavesi\u0165 na box!\",\"breadcrumb\":{\"@id\":\"https:\/\/arak.spicehorse.eu\/sk\/produkt\/qhp-hracka-pre-kone-valentine-teddy\/#breadcrumb\"},\"inLanguage\":\"sk-SK\",\"potentialAction\":[{\"@type\":\"ReadAction\",\"target\":[\"https:\/\/arak.spicehorse.eu\/sk\/produkt\/qhp-hracka-pre-kone-valentine-teddy\/\"]}]},{\"@type\":\"BreadcrumbList\",\"@id\":\"https:\/\/arak.spicehorse.eu\/sk\/produkt\/qhp-hracka-pre-kone-valentine-teddy\/#breadcrumb\",\"itemListElement\":[{\"@type\":\"ListItem\",\"position\":1,\"name\":\"Home\",\"item\":\"https:\/\/arak.spicehorse.eu\/sk\/\"},{\"@type\":\"ListItem\",\"position\":2,\"name\":\"Predaj\u0148a\",\"item\":\"https:\/\/arak.spicehorse.eu\/sk\/predajna\/\"},{\"@type\":\"ListItem\",\"position\":3,\"name\":\"QHP hra\u010dka pre kone Valentine Teddy\"}]},{\"@type\":\"WebSite\",\"@id\":\"https:\/\/arak.spicehorse.eu\/en\/#website\",\"url\":\"https:\/\/arak.spicehorse.eu\/en\/\",\"name\":\"Spicehorse\",\"description\":\"UNDER DEVELOPMENT -\",\"potentialAction\":[{\"@type\":\"SearchAction\",\"target\":{\"@type\":\"EntryPoint\",\"urlTemplate\":\"https:\/\/arak.spicehorse.eu\/en\/?s={search_term_string}\"},\"query-input\":\"required name=search_term_string\"}],\"inLanguage\":\"sk-SK\"}]}<\/script>\n<!-- \/ Yoast SEO plugin. -->","yoast_head_json":{"title":"QHP hra\u010dka pre kone Valentine Teddy - Spicehorse","description":"spicehorse.eu | QHP hra\u010dka pre kone. Ob\u010das sa V\u00e1\u0161 k\u00f4\u0148 v stajni nud\u00ed? V tom pr\u00edpade m\u00f4\u017ee by\u0165 pre V\u00e1s u\u017eito\u010dn\u00e1 hra\u010dka v\u00a0tvare mrkvy, ktor\u00fa mo\u017eno zavesi\u0165 na box!","robots":{"index":"index","follow":"follow","max-snippet":"max-snippet:-1","max-image-preview":"max-image-preview:large","max-video-preview":"max-video-preview:-1"},"canonical":"https:\/\/arak.spicehorse.eu\/sk\/produkt\/qhp-hracka-pre-kone-valentine-teddy\/","og_locale":"sk_SK","og_type":"article","og_title":"QHP hra\u010dka pre kone Valentine Teddy - Spicehorse","og_description":"spicehorse.eu | QHP hra\u010dka pre kone. Ob\u010das sa V\u00e1\u0161 k\u00f4\u0148 v stajni nud\u00ed? V tom pr\u00edpade m\u00f4\u017ee by\u0165 pre V\u00e1s u\u017eito\u010dn\u00e1 hra\u010dka v\u00a0tvare mrkvy, ktor\u00fa mo\u017eno zavesi\u0165 na box!","og_url":"https:\/\/arak.spicehorse.eu\/sk\/produkt\/qhp-hracka-pre-kone-valentine-teddy\/","og_site_name":"Spicehorse","article_publisher":"https:\/\/www.facebook.com\/SPICEHORSE-550385625402457\/","article_modified_time":"2025-11-16T19:51:55+00:00","og_image":[{"width":1280,"height":1280,"url":"https:\/\/arak.spicehorse.eu\/wp-content\/uploads\/2024\/09\/5421br-3.jpg","type":"image\/jpeg"}],"twitter_card":"summary_large_image","schema":{"@context":"https:\/\/schema.org","@graph":[{"@type":"WebPage","@id":"https:\/\/arak.spicehorse.eu\/sk\/produkt\/qhp-hracka-pre-kone-valentine-teddy\/","url":"https:\/\/arak.spicehorse.eu\/sk\/produkt\/qhp-hracka-pre-kone-valentine-teddy\/","name":"QHP hra\u010dka pre kone Valentine Teddy - Spicehorse","isPartOf":{"@id":"https:\/\/arak.spicehorse.eu\/en\/#website"},"datePublished":"2024-09-04T07:23:14+00:00","dateModified":"2025-11-16T19:51:55+00:00","description":"spicehorse.eu | QHP hra\u010dka pre kone. Ob\u010das sa V\u00e1\u0161 k\u00f4\u0148 v stajni nud\u00ed? V tom pr\u00edpade m\u00f4\u017ee by\u0165 pre V\u00e1s u\u017eito\u010dn\u00e1 hra\u010dka v\u00a0tvare mrkvy, ktor\u00fa mo\u017eno zavesi\u0165 na box!","breadcrumb":{"@id":"https:\/\/arak.spicehorse.eu\/sk\/produkt\/qhp-hracka-pre-kone-valentine-teddy\/#breadcrumb"},"inLanguage":"sk-SK","potentialAction":[{"@type":"ReadAction","target":["https:\/\/arak.spicehorse.eu\/sk\/produkt\/qhp-hracka-pre-kone-valentine-teddy\/"]}]},{"@type":"BreadcrumbList","@id":"https:\/\/arak.spicehorse.eu\/sk\/produkt\/qhp-hracka-pre-kone-valentine-teddy\/#breadcrumb","itemListElement":[{"@type":"ListItem","position":1,"name":"Home","item":"https:\/\/arak.spicehorse.eu\/sk\/"},{"@type":"ListItem","position":2,"name":"Predaj\u0148a","item":"https:\/\/arak.spicehorse.eu\/sk\/predajna\/"},{"@type":"ListItem","position":3,"name":"QHP hra\u010dka pre kone Valentine Teddy"}]},{"@type":"WebSite","@id":"https:\/\/arak.spicehorse.eu\/en\/#website","url":"https:\/\/arak.spicehorse.eu\/en\/","name":"Spicehorse","description":"UNDER DEVELOPMENT -","potentialAction":[{"@type":"SearchAction","target":{"@type":"EntryPoint","urlTemplate":"https:\/\/arak.spicehorse.eu\/en\/?s={search_term_string}"},"query-input":"required name=search_term_string"}],"inLanguage":"sk-SK"}]}},"_links":{"self":[{"href":"https:\/\/arak.spicehorse.eu\/sk\/wp-json\/wp\/v2\/product\/184560"}],"collection":[{"href":"https:\/\/arak.spicehorse.eu\/sk\/wp-json\/wp\/v2\/product"}],"about":[{"href":"https:\/\/arak.spicehorse.eu\/sk\/wp-json\/wp\/v2\/types\/product"}],"wp:featuredmedia":[{"embeddable":true,"href":"https:\/\/arak.spicehorse.eu\/sk\/wp-json\/wp\/v2\/media\/184563"}],"wp:attachment":[{"href":"https:\/\/arak.spicehorse.eu\/sk\/wp-json\/wp\/v2\/media?parent=184560"}],"wp:term":[{"taxonomy":"product_cat","embeddable":true,"href":"https:\/\/arak.spicehorse.eu\/sk\/wp-json\/wp\/v2\/product_cat?post=184560"},{"taxonomy":"product_tag","embeddable":true,"href":"https:\/\/arak.spicehorse.eu\/sk\/wp-json\/wp\/v2\/product_tag?post=184560"}],"curies":[{"name":"wp","href":"https:\/\/api.w.org\/{rel}","templated":true}]}}