{"id":184617,"date":"2024-09-04T10:46:33","date_gmt":"2024-09-04T08:46:39","guid":{"rendered":"https:\/\/arak.spicehorse.eu\/?post_type=product&#038;p=184617"},"modified":"2024-09-04T12:07:54","modified_gmt":"2024-09-04T10:07:54","slug":"lemieux-classic-cabraka-cinder","status":"publish","type":"product","link":"https:\/\/arak.spicehorse.eu\/sk\/produkt\/lemieux-classic-cabraka-cinder\/","title":{"rendered":"LeMieux Classic \u010dabraka Cinder"},"content":{"rendered":"<p>LeMieux Classic \u010dabraka je \u0161t\u00fdlovou a\u00a0praktickou vo\u013ebou pre n\u00e1ro\u010dn\u00e9 kone. Zo \u0161trikovan\u00e9ho materi\u00e1lu na\u0165ahuj\u00faceho sa do 3 smerov, s\u00a0m\u00e4kkou a\u00a0pohodlnou u\u0161nou \u010das\u0165ou z\u00a0lycry dokonale dosad\u00e1, uzde\u010dka sa pri jazden\u00ed nezo\u0161mykuje.<\/p>\n","protected":false},"excerpt":{"rendered":"<ul>\n<li>Mo\u017eno ju pra\u0165 v\u00a0pra\u010dke na n\u00edzkom stupni (30\u00b0)<\/li>\n<li>Odpor\u00fa\u010da sa pou\u017e\u00edvanie vrecka na pranie<\/li>\n<li>Nevkladajte do su\u0161i\u010dky<\/li>\n<\/ul>\n","protected":false},"featured_media":184629,"template":"","meta":{"_acf_changed":false},"product_cat":[75,108],"product_tag":[3039,2468,2369,3040],"acf":[],"yoast_head":"<!-- This site is optimized with the Yoast SEO plugin v21.4 - https:\/\/yoast.com\/wordpress\/plugins\/seo\/ -->\n<title>LeMieux Classic \u010dabraka Cinder - Spicehorse<\/title>\n<meta name=\"description\" content=\"spicehorse.eu | LeMieux Classic \u010dabraka je \u0161t\u00fdlovou a praktickou vo\u013ebou pre n\u00e1ro\u010dn\u00e9 kone. Zo \u0161trikovan\u00e9ho materi\u00e1lu na\u0165ahuj\u00faceho sa do 3 smerov, s m\u00e4kkou a pohodlnou u\u0161nou \u010das\u0165ou z lycry dokonale dosad\u00e1, uzde\u010dka sa pri jazden\u00ed nezo\u0161mykuje.\" \/>\n<meta name=\"robots\" content=\"index, follow, max-snippet:-1, max-image-preview:large, max-video-preview:-1\" \/>\n<link rel=\"canonical\" href=\"https:\/\/arak.spicehorse.eu\/termek\/lemieux-classic-fulvedo-cinder\/\" \/>\n<meta property=\"og:locale\" content=\"sk_SK\" \/>\n<meta property=\"og:type\" content=\"article\" \/>\n<meta property=\"og:title\" content=\"LeMieux Classic \u010dabraka Cinder - Spicehorse\" \/>\n<meta property=\"og:description\" content=\"spicehorse.eu | LeMieux Classic \u010dabraka je \u0161t\u00fdlovou a praktickou vo\u013ebou pre n\u00e1ro\u010dn\u00e9 kone. Zo \u0161trikovan\u00e9ho materi\u00e1lu na\u0165ahuj\u00faceho sa do 3 smerov, s m\u00e4kkou a pohodlnou u\u0161nou \u010das\u0165ou z lycry dokonale dosad\u00e1, uzde\u010dka sa pri jazden\u00ed nezo\u0161mykuje.\" \/>\n<meta property=\"og:url\" content=\"https:\/\/arak.spicehorse.eu\/termek\/lemieux-classic-fulvedo-cinder\/\" \/>\n<meta property=\"og:site_name\" content=\"Spicehorse\" \/>\n<meta property=\"article:publisher\" content=\"https:\/\/www.facebook.com\/SPICEHORSE-550385625402457\/\" \/>\n<meta property=\"article:modified_time\" content=\"2024-09-04T10:07:54+00:00\" \/>\n<meta property=\"og:image\" content=\"https:\/\/arak.spicehorse.eu\/wp-content\/uploads\/2024\/09\/lemieux-classic-cinder.jpg\" \/>\n\t<meta property=\"og:image:width\" content=\"684\" \/>\n\t<meta property=\"og:image:height\" content=\"684\" \/>\n\t<meta property=\"og:image:type\" content=\"image\/jpeg\" \/>\n<meta name=\"twitter:card\" content=\"summary_large_image\" \/>\n<script type=\"application\/ld+json\" class=\"yoast-schema-graph\">{\"@context\":\"https:\/\/schema.org\",\"@graph\":[{\"@type\":\"WebPage\",\"@id\":\"https:\/\/arak.spicehorse.eu\/termek\/lemieux-classic-fulvedo-cinder\/\",\"url\":\"https:\/\/arak.spicehorse.eu\/termek\/lemieux-classic-fulvedo-cinder\/\",\"name\":\"LeMieux Classic \u010dabraka Cinder - Spicehorse\",\"isPartOf\":{\"@id\":\"https:\/\/arak.spicehorse.eu\/en\/#website\"},\"datePublished\":\"2024-09-04T08:46:39+00:00\",\"dateModified\":\"2024-09-04T10:07:54+00:00\",\"description\":\"spicehorse.eu | LeMieux Classic \u010dabraka je \u0161t\u00fdlovou a praktickou vo\u013ebou pre n\u00e1ro\u010dn\u00e9 kone. Zo \u0161trikovan\u00e9ho materi\u00e1lu na\u0165ahuj\u00faceho sa do 3 smerov, s m\u00e4kkou a pohodlnou u\u0161nou \u010das\u0165ou z lycry dokonale dosad\u00e1, uzde\u010dka sa pri jazden\u00ed nezo\u0161mykuje.\",\"breadcrumb\":{\"@id\":\"https:\/\/arak.spicehorse.eu\/termek\/lemieux-classic-fulvedo-cinder\/#breadcrumb\"},\"inLanguage\":\"sk-SK\",\"potentialAction\":[{\"@type\":\"ReadAction\",\"target\":[\"https:\/\/arak.spicehorse.eu\/termek\/lemieux-classic-fulvedo-cinder\/\"]}]},{\"@type\":\"BreadcrumbList\",\"@id\":\"https:\/\/arak.spicehorse.eu\/termek\/lemieux-classic-fulvedo-cinder\/#breadcrumb\",\"itemListElement\":[{\"@type\":\"ListItem\",\"position\":1,\"name\":\"Home\",\"item\":\"https:\/\/arak.spicehorse.eu\/sk\/\"},{\"@type\":\"ListItem\",\"position\":2,\"name\":\"Predaj\u0148a\",\"item\":\"https:\/\/arak.spicehorse.eu\/sk\/predajna\/\"},{\"@type\":\"ListItem\",\"position\":3,\"name\":\"LeMieux Classic \u010dabraka Cinder\"}]},{\"@type\":\"WebSite\",\"@id\":\"https:\/\/arak.spicehorse.eu\/en\/#website\",\"url\":\"https:\/\/arak.spicehorse.eu\/en\/\",\"name\":\"Spicehorse\",\"description\":\"UNDER DEVELOPMENT -\",\"potentialAction\":[{\"@type\":\"SearchAction\",\"target\":{\"@type\":\"EntryPoint\",\"urlTemplate\":\"https:\/\/arak.spicehorse.eu\/en\/?s={search_term_string}\"},\"query-input\":\"required name=search_term_string\"}],\"inLanguage\":\"sk-SK\"}]}<\/script>\n<!-- \/ Yoast SEO plugin. -->","yoast_head_json":{"title":"LeMieux Classic \u010dabraka Cinder - Spicehorse","description":"spicehorse.eu | LeMieux Classic \u010dabraka je \u0161t\u00fdlovou a praktickou vo\u013ebou pre n\u00e1ro\u010dn\u00e9 kone. Zo \u0161trikovan\u00e9ho materi\u00e1lu na\u0165ahuj\u00faceho sa do 3 smerov, s m\u00e4kkou a pohodlnou u\u0161nou \u010das\u0165ou z lycry dokonale dosad\u00e1, uzde\u010dka sa pri jazden\u00ed nezo\u0161mykuje.","robots":{"index":"index","follow":"follow","max-snippet":"max-snippet:-1","max-image-preview":"max-image-preview:large","max-video-preview":"max-video-preview:-1"},"canonical":"https:\/\/arak.spicehorse.eu\/termek\/lemieux-classic-fulvedo-cinder\/","og_locale":"sk_SK","og_type":"article","og_title":"LeMieux Classic \u010dabraka Cinder - Spicehorse","og_description":"spicehorse.eu | LeMieux Classic \u010dabraka je \u0161t\u00fdlovou a praktickou vo\u013ebou pre n\u00e1ro\u010dn\u00e9 kone. Zo \u0161trikovan\u00e9ho materi\u00e1lu na\u0165ahuj\u00faceho sa do 3 smerov, s m\u00e4kkou a pohodlnou u\u0161nou \u010das\u0165ou z lycry dokonale dosad\u00e1, uzde\u010dka sa pri jazden\u00ed nezo\u0161mykuje.","og_url":"https:\/\/arak.spicehorse.eu\/termek\/lemieux-classic-fulvedo-cinder\/","og_site_name":"Spicehorse","article_publisher":"https:\/\/www.facebook.com\/SPICEHORSE-550385625402457\/","article_modified_time":"2024-09-04T10:07:54+00:00","og_image":[{"width":684,"height":684,"url":"https:\/\/arak.spicehorse.eu\/wp-content\/uploads\/2024\/09\/lemieux-classic-cinder.jpg","type":"image\/jpeg"}],"twitter_card":"summary_large_image","schema":{"@context":"https:\/\/schema.org","@graph":[{"@type":"WebPage","@id":"https:\/\/arak.spicehorse.eu\/termek\/lemieux-classic-fulvedo-cinder\/","url":"https:\/\/arak.spicehorse.eu\/termek\/lemieux-classic-fulvedo-cinder\/","name":"LeMieux Classic \u010dabraka Cinder - Spicehorse","isPartOf":{"@id":"https:\/\/arak.spicehorse.eu\/en\/#website"},"datePublished":"2024-09-04T08:46:39+00:00","dateModified":"2024-09-04T10:07:54+00:00","description":"spicehorse.eu | LeMieux Classic \u010dabraka je \u0161t\u00fdlovou a praktickou vo\u013ebou pre n\u00e1ro\u010dn\u00e9 kone. Zo \u0161trikovan\u00e9ho materi\u00e1lu na\u0165ahuj\u00faceho sa do 3 smerov, s m\u00e4kkou a pohodlnou u\u0161nou \u010das\u0165ou z lycry dokonale dosad\u00e1, uzde\u010dka sa pri jazden\u00ed nezo\u0161mykuje.","breadcrumb":{"@id":"https:\/\/arak.spicehorse.eu\/termek\/lemieux-classic-fulvedo-cinder\/#breadcrumb"},"inLanguage":"sk-SK","potentialAction":[{"@type":"ReadAction","target":["https:\/\/arak.spicehorse.eu\/termek\/lemieux-classic-fulvedo-cinder\/"]}]},{"@type":"BreadcrumbList","@id":"https:\/\/arak.spicehorse.eu\/termek\/lemieux-classic-fulvedo-cinder\/#breadcrumb","itemListElement":[{"@type":"ListItem","position":1,"name":"Home","item":"https:\/\/arak.spicehorse.eu\/sk\/"},{"@type":"ListItem","position":2,"name":"Predaj\u0148a","item":"https:\/\/arak.spicehorse.eu\/sk\/predajna\/"},{"@type":"ListItem","position":3,"name":"LeMieux Classic \u010dabraka Cinder"}]},{"@type":"WebSite","@id":"https:\/\/arak.spicehorse.eu\/en\/#website","url":"https:\/\/arak.spicehorse.eu\/en\/","name":"Spicehorse","description":"UNDER DEVELOPMENT -","potentialAction":[{"@type":"SearchAction","target":{"@type":"EntryPoint","urlTemplate":"https:\/\/arak.spicehorse.eu\/en\/?s={search_term_string}"},"query-input":"required name=search_term_string"}],"inLanguage":"sk-SK"}]}},"_links":{"self":[{"href":"https:\/\/arak.spicehorse.eu\/sk\/wp-json\/wp\/v2\/product\/184617"}],"collection":[{"href":"https:\/\/arak.spicehorse.eu\/sk\/wp-json\/wp\/v2\/product"}],"about":[{"href":"https:\/\/arak.spicehorse.eu\/sk\/wp-json\/wp\/v2\/types\/product"}],"wp:featuredmedia":[{"embeddable":true,"href":"https:\/\/arak.spicehorse.eu\/sk\/wp-json\/wp\/v2\/media\/184629"}],"wp:attachment":[{"href":"https:\/\/arak.spicehorse.eu\/sk\/wp-json\/wp\/v2\/media?parent=184617"}],"wp:term":[{"taxonomy":"product_cat","embeddable":true,"href":"https:\/\/arak.spicehorse.eu\/sk\/wp-json\/wp\/v2\/product_cat?post=184617"},{"taxonomy":"product_tag","embeddable":true,"href":"https:\/\/arak.spicehorse.eu\/sk\/wp-json\/wp\/v2\/product_tag?post=184617"}],"curies":[{"name":"wp","href":"https:\/\/api.w.org\/{rel}","templated":true}]}}