{"id":184725,"date":"2024-09-04T17:50:30","date_gmt":"2024-09-04T15:50:37","guid":{"rendered":"https:\/\/arak.spicehorse.eu\/?post_type=product&#038;p=184725"},"modified":"2024-09-04T18:48:12","modified_gmt":"2024-09-04T16:48:12","slug":"lemieux-loire-cabraka-ember","status":"publish","type":"product","link":"https:\/\/arak.spicehorse.eu\/sk\/produkt\/lemieux-loire-cabraka-ember\/","title":{"rendered":"LeMieux Loire \u010dabraka Ember"},"content":{"rendered":"<p>LeMieux Loire luxusn\u00e1 \u010dabraka s\u00a0vypukl\u00fdm kovov\u00fdm logom je \u0161t\u00fdlov\u00fdm doplnkom tejto kolekcie. Z\u00a0n\u00e1dhern\u00e9ho ru\u010dne \u0161trikovan\u00e9ho materi\u00e1lu, ktor\u00fd sa na\u0165ahuje do troch smerov, s\u00a0\u010das\u0165ou tkaniny z\u00a0luxusn\u00e9ho sat\u00e9nu a\u00a0u\u0161nou \u010das\u0165ou z\u00a0jemnej elastickej Lycry.<\/p>\n","protected":false},"excerpt":{"rendered":"<ul>\n<li>Mo\u017eno pra\u0165 v\u00a0pr\u00e1\u010dke na n\u00edzkom stupni (30 stup\u0148ov)<\/li>\n<li>Odpor\u00fa\u010da sa pou\u017e\u00edvanie vrecka na pranie<\/li>\n<li>Nevkladajte do su\u0161i\u010dky<\/li>\n<\/ul>\n","protected":false},"featured_media":184740,"template":"","meta":{"_acf_changed":false},"product_cat":[75,108],"product_tag":[3041,2369,3040,2395],"acf":[],"yoast_head":"<!-- This site is optimized with the Yoast SEO plugin v21.4 - https:\/\/yoast.com\/wordpress\/plugins\/seo\/ -->\n<title>LeMieux Loire \u010dabraka Ember - Spicehorse<\/title>\n<meta name=\"description\" content=\"spicehorse.eu | LeMieux Loire luxusn\u00e1 \u010dabraka s\u00a0vypukl\u00fdm kovov\u00fdm logom je \u0161t\u00fdlov\u00fdm doplnkom tejto kolekcie.\" \/>\n<meta name=\"robots\" content=\"index, follow, max-snippet:-1, max-image-preview:large, max-video-preview:-1\" \/>\n<link rel=\"canonical\" href=\"https:\/\/arak.spicehorse.eu\/termek\/lemieux-loire-fulvedo-ember\/\" \/>\n<meta property=\"og:locale\" content=\"sk_SK\" \/>\n<meta property=\"og:type\" content=\"article\" \/>\n<meta property=\"og:title\" content=\"LeMieux Loire \u010dabraka Ember - Spicehorse\" \/>\n<meta property=\"og:description\" content=\"spicehorse.eu | LeMieux Loire luxusn\u00e1 \u010dabraka s\u00a0vypukl\u00fdm kovov\u00fdm logom je \u0161t\u00fdlov\u00fdm doplnkom tejto kolekcie.\" \/>\n<meta property=\"og:url\" content=\"https:\/\/arak.spicehorse.eu\/termek\/lemieux-loire-fulvedo-ember\/\" \/>\n<meta property=\"og:site_name\" content=\"Spicehorse\" \/>\n<meta property=\"article:publisher\" content=\"https:\/\/www.facebook.com\/SPICEHORSE-550385625402457\/\" \/>\n<meta property=\"article:modified_time\" content=\"2024-09-04T16:48:12+00:00\" \/>\n<meta property=\"og:image\" content=\"https:\/\/arak.spicehorse.eu\/wp-content\/uploads\/2024\/09\/lemieux-loire-ember-fly-hood.jpg\" \/>\n\t<meta property=\"og:image:width\" content=\"684\" \/>\n\t<meta property=\"og:image:height\" content=\"684\" \/>\n\t<meta property=\"og:image:type\" content=\"image\/jpeg\" \/>\n<meta name=\"twitter:card\" content=\"summary_large_image\" \/>\n<script type=\"application\/ld+json\" class=\"yoast-schema-graph\">{\"@context\":\"https:\/\/schema.org\",\"@graph\":[{\"@type\":\"WebPage\",\"@id\":\"https:\/\/arak.spicehorse.eu\/termek\/lemieux-loire-fulvedo-ember\/\",\"url\":\"https:\/\/arak.spicehorse.eu\/termek\/lemieux-loire-fulvedo-ember\/\",\"name\":\"LeMieux Loire \u010dabraka Ember - Spicehorse\",\"isPartOf\":{\"@id\":\"https:\/\/arak.spicehorse.eu\/en\/#website\"},\"datePublished\":\"2024-09-04T15:50:37+00:00\",\"dateModified\":\"2024-09-04T16:48:12+00:00\",\"description\":\"spicehorse.eu | LeMieux Loire luxusn\u00e1 \u010dabraka s\u00a0vypukl\u00fdm kovov\u00fdm logom je \u0161t\u00fdlov\u00fdm doplnkom tejto kolekcie.\",\"breadcrumb\":{\"@id\":\"https:\/\/arak.spicehorse.eu\/termek\/lemieux-loire-fulvedo-ember\/#breadcrumb\"},\"inLanguage\":\"sk-SK\",\"potentialAction\":[{\"@type\":\"ReadAction\",\"target\":[\"https:\/\/arak.spicehorse.eu\/termek\/lemieux-loire-fulvedo-ember\/\"]}]},{\"@type\":\"BreadcrumbList\",\"@id\":\"https:\/\/arak.spicehorse.eu\/termek\/lemieux-loire-fulvedo-ember\/#breadcrumb\",\"itemListElement\":[{\"@type\":\"ListItem\",\"position\":1,\"name\":\"Home\",\"item\":\"https:\/\/arak.spicehorse.eu\/sk\/\"},{\"@type\":\"ListItem\",\"position\":2,\"name\":\"Predaj\u0148a\",\"item\":\"https:\/\/arak.spicehorse.eu\/sk\/predajna\/\"},{\"@type\":\"ListItem\",\"position\":3,\"name\":\"LeMieux Loire \u010dabraka Ember\"}]},{\"@type\":\"WebSite\",\"@id\":\"https:\/\/arak.spicehorse.eu\/en\/#website\",\"url\":\"https:\/\/arak.spicehorse.eu\/en\/\",\"name\":\"Spicehorse\",\"description\":\"UNDER DEVELOPMENT -\",\"potentialAction\":[{\"@type\":\"SearchAction\",\"target\":{\"@type\":\"EntryPoint\",\"urlTemplate\":\"https:\/\/arak.spicehorse.eu\/en\/?s={search_term_string}\"},\"query-input\":\"required name=search_term_string\"}],\"inLanguage\":\"sk-SK\"}]}<\/script>\n<!-- \/ Yoast SEO plugin. -->","yoast_head_json":{"title":"LeMieux Loire \u010dabraka Ember - Spicehorse","description":"spicehorse.eu | LeMieux Loire luxusn\u00e1 \u010dabraka s\u00a0vypukl\u00fdm kovov\u00fdm logom je \u0161t\u00fdlov\u00fdm doplnkom tejto kolekcie.","robots":{"index":"index","follow":"follow","max-snippet":"max-snippet:-1","max-image-preview":"max-image-preview:large","max-video-preview":"max-video-preview:-1"},"canonical":"https:\/\/arak.spicehorse.eu\/termek\/lemieux-loire-fulvedo-ember\/","og_locale":"sk_SK","og_type":"article","og_title":"LeMieux Loire \u010dabraka Ember - Spicehorse","og_description":"spicehorse.eu | LeMieux Loire luxusn\u00e1 \u010dabraka s\u00a0vypukl\u00fdm kovov\u00fdm logom je \u0161t\u00fdlov\u00fdm doplnkom tejto kolekcie.","og_url":"https:\/\/arak.spicehorse.eu\/termek\/lemieux-loire-fulvedo-ember\/","og_site_name":"Spicehorse","article_publisher":"https:\/\/www.facebook.com\/SPICEHORSE-550385625402457\/","article_modified_time":"2024-09-04T16:48:12+00:00","og_image":[{"width":684,"height":684,"url":"https:\/\/arak.spicehorse.eu\/wp-content\/uploads\/2024\/09\/lemieux-loire-ember-fly-hood.jpg","type":"image\/jpeg"}],"twitter_card":"summary_large_image","schema":{"@context":"https:\/\/schema.org","@graph":[{"@type":"WebPage","@id":"https:\/\/arak.spicehorse.eu\/termek\/lemieux-loire-fulvedo-ember\/","url":"https:\/\/arak.spicehorse.eu\/termek\/lemieux-loire-fulvedo-ember\/","name":"LeMieux Loire \u010dabraka Ember - Spicehorse","isPartOf":{"@id":"https:\/\/arak.spicehorse.eu\/en\/#website"},"datePublished":"2024-09-04T15:50:37+00:00","dateModified":"2024-09-04T16:48:12+00:00","description":"spicehorse.eu | LeMieux Loire luxusn\u00e1 \u010dabraka s\u00a0vypukl\u00fdm kovov\u00fdm logom je \u0161t\u00fdlov\u00fdm doplnkom tejto kolekcie.","breadcrumb":{"@id":"https:\/\/arak.spicehorse.eu\/termek\/lemieux-loire-fulvedo-ember\/#breadcrumb"},"inLanguage":"sk-SK","potentialAction":[{"@type":"ReadAction","target":["https:\/\/arak.spicehorse.eu\/termek\/lemieux-loire-fulvedo-ember\/"]}]},{"@type":"BreadcrumbList","@id":"https:\/\/arak.spicehorse.eu\/termek\/lemieux-loire-fulvedo-ember\/#breadcrumb","itemListElement":[{"@type":"ListItem","position":1,"name":"Home","item":"https:\/\/arak.spicehorse.eu\/sk\/"},{"@type":"ListItem","position":2,"name":"Predaj\u0148a","item":"https:\/\/arak.spicehorse.eu\/sk\/predajna\/"},{"@type":"ListItem","position":3,"name":"LeMieux Loire \u010dabraka Ember"}]},{"@type":"WebSite","@id":"https:\/\/arak.spicehorse.eu\/en\/#website","url":"https:\/\/arak.spicehorse.eu\/en\/","name":"Spicehorse","description":"UNDER DEVELOPMENT -","potentialAction":[{"@type":"SearchAction","target":{"@type":"EntryPoint","urlTemplate":"https:\/\/arak.spicehorse.eu\/en\/?s={search_term_string}"},"query-input":"required name=search_term_string"}],"inLanguage":"sk-SK"}]}},"_links":{"self":[{"href":"https:\/\/arak.spicehorse.eu\/sk\/wp-json\/wp\/v2\/product\/184725"}],"collection":[{"href":"https:\/\/arak.spicehorse.eu\/sk\/wp-json\/wp\/v2\/product"}],"about":[{"href":"https:\/\/arak.spicehorse.eu\/sk\/wp-json\/wp\/v2\/types\/product"}],"wp:featuredmedia":[{"embeddable":true,"href":"https:\/\/arak.spicehorse.eu\/sk\/wp-json\/wp\/v2\/media\/184740"}],"wp:attachment":[{"href":"https:\/\/arak.spicehorse.eu\/sk\/wp-json\/wp\/v2\/media?parent=184725"}],"wp:term":[{"taxonomy":"product_cat","embeddable":true,"href":"https:\/\/arak.spicehorse.eu\/sk\/wp-json\/wp\/v2\/product_cat?post=184725"},{"taxonomy":"product_tag","embeddable":true,"href":"https:\/\/arak.spicehorse.eu\/sk\/wp-json\/wp\/v2\/product_tag?post=184725"}],"curies":[{"name":"wp","href":"https:\/\/api.w.org\/{rel}","templated":true}]}}