{"id":184942,"date":"2024-09-06T17:51:53","date_gmt":"2024-09-06T15:52:05","guid":{"rendered":"https:\/\/arak.spicehorse.eu\/?post_type=product&#038;p=184942"},"modified":"2024-10-16T18:52:03","modified_gmt":"2024-10-16T16:52:03","slug":"qhp-gumene-ostrohy-rovne","status":"publish","type":"product","link":"https:\/\/arak.spicehorse.eu\/sk\/produkt\/qhp-gumene-ostrohy-rovne\/","title":{"rendered":"QHP gumen\u00e9 ostrohy rovn\u00e9"},"content":{"rendered":"<p style=\"font-weight: 400;\">Pou\u017e\u00edvan\u00edm ostr\u00f4h mo\u017eno zjemni\u0165 podporu, ktor\u00fa poskytuje jazdec ko\u0148ovi. QHP gumen\u00e9 ostrohy rovn\u00e9 Ostrovy s rovn\u00fdm koncom maj\u00fa ne\u017en\u00fd \u00fa\u010dinok na ko\u0148a.<\/p>\n","protected":false},"excerpt":{"rendered":"<ul style=\"font-weight: 400;\">\n<li>Materi\u00e1l: nehrdzavej\u00faca oce\u013e<\/li>\n<li>Ochrann\u00fd materi\u00e1l: guma<\/li>\n<li>Ostrohy z\u00a0nehrdzavej\u00facej ocele s\u00a0rovnou hlavou<\/li>\n<li>S\u00a0ochrannou gumou<\/li>\n<li>Nylonov\u00e9 ostrohov\u00e9 remienky<\/li>\n<\/ul>\n","protected":false},"featured_media":184951,"template":"","meta":{"_acf_changed":false},"product_cat":[76,1752],"product_tag":[1906,1973],"acf":[],"yoast_head":"<!-- This site is optimized with the Yoast SEO plugin v21.4 - https:\/\/yoast.com\/wordpress\/plugins\/seo\/ -->\n<title>QHP gumen\u00e9 ostrohy rovn\u00e9 - Spicehorse<\/title>\n<meta name=\"description\" content=\"spicehorse.eu | Pou\u017e\u00edvan\u00edm ostr\u00f4h mo\u017eno zjemni\u0165 podporu, ktor\u00fa poskytuje jazdec ko\u0148ovi.\" \/>\n<meta name=\"robots\" content=\"index, follow, max-snippet:-1, max-image-preview:large, max-video-preview:-1\" \/>\n<link rel=\"canonical\" href=\"https:\/\/arak.spicehorse.eu\/termek\/qhp-gumis-sarkantyu-egyenes\/\" \/>\n<meta property=\"og:locale\" content=\"sk_SK\" \/>\n<meta property=\"og:type\" content=\"article\" \/>\n<meta property=\"og:title\" content=\"QHP gumen\u00e9 ostrohy rovn\u00e9 - Spicehorse\" \/>\n<meta property=\"og:description\" content=\"spicehorse.eu | Pou\u017e\u00edvan\u00edm ostr\u00f4h mo\u017eno zjemni\u0165 podporu, ktor\u00fa poskytuje jazdec ko\u0148ovi.\" \/>\n<meta property=\"og:url\" content=\"https:\/\/arak.spicehorse.eu\/termek\/qhp-gumis-sarkantyu-egyenes\/\" \/>\n<meta property=\"og:site_name\" content=\"Spicehorse\" \/>\n<meta property=\"article:publisher\" content=\"https:\/\/www.facebook.com\/SPICEHORSE-550385625402457\/\" \/>\n<meta property=\"article:modified_time\" content=\"2024-10-16T16:52:03+00:00\" \/>\n<meta property=\"og:image\" content=\"https:\/\/arak.spicehorse.eu\/wp-content\/uploads\/2024\/09\/qhp-blunt-spur.jpg\" \/>\n\t<meta property=\"og:image:width\" content=\"1280\" \/>\n\t<meta property=\"og:image:height\" content=\"1280\" \/>\n\t<meta property=\"og:image:type\" content=\"image\/jpeg\" \/>\n<meta name=\"twitter:card\" content=\"summary_large_image\" \/>\n<script type=\"application\/ld+json\" class=\"yoast-schema-graph\">{\"@context\":\"https:\/\/schema.org\",\"@graph\":[{\"@type\":\"WebPage\",\"@id\":\"https:\/\/arak.spicehorse.eu\/termek\/qhp-gumis-sarkantyu-egyenes\/\",\"url\":\"https:\/\/arak.spicehorse.eu\/termek\/qhp-gumis-sarkantyu-egyenes\/\",\"name\":\"QHP gumen\u00e9 ostrohy rovn\u00e9 - Spicehorse\",\"isPartOf\":{\"@id\":\"https:\/\/arak.spicehorse.eu\/en\/#website\"},\"datePublished\":\"2024-09-06T15:52:05+00:00\",\"dateModified\":\"2024-10-16T16:52:03+00:00\",\"description\":\"spicehorse.eu | Pou\u017e\u00edvan\u00edm ostr\u00f4h mo\u017eno zjemni\u0165 podporu, ktor\u00fa poskytuje jazdec ko\u0148ovi.\",\"breadcrumb\":{\"@id\":\"https:\/\/arak.spicehorse.eu\/termek\/qhp-gumis-sarkantyu-egyenes\/#breadcrumb\"},\"inLanguage\":\"sk-SK\",\"potentialAction\":[{\"@type\":\"ReadAction\",\"target\":[\"https:\/\/arak.spicehorse.eu\/termek\/qhp-gumis-sarkantyu-egyenes\/\"]}]},{\"@type\":\"BreadcrumbList\",\"@id\":\"https:\/\/arak.spicehorse.eu\/termek\/qhp-gumis-sarkantyu-egyenes\/#breadcrumb\",\"itemListElement\":[{\"@type\":\"ListItem\",\"position\":1,\"name\":\"Home\",\"item\":\"https:\/\/arak.spicehorse.eu\/sk\/\"},{\"@type\":\"ListItem\",\"position\":2,\"name\":\"Predaj\u0148a\",\"item\":\"https:\/\/arak.spicehorse.eu\/sk\/predajna\/\"},{\"@type\":\"ListItem\",\"position\":3,\"name\":\"QHP gumen\u00e9 ostrohy rovn\u00e9\"}]},{\"@type\":\"WebSite\",\"@id\":\"https:\/\/arak.spicehorse.eu\/en\/#website\",\"url\":\"https:\/\/arak.spicehorse.eu\/en\/\",\"name\":\"Spicehorse\",\"description\":\"UNDER DEVELOPMENT -\",\"potentialAction\":[{\"@type\":\"SearchAction\",\"target\":{\"@type\":\"EntryPoint\",\"urlTemplate\":\"https:\/\/arak.spicehorse.eu\/en\/?s={search_term_string}\"},\"query-input\":\"required name=search_term_string\"}],\"inLanguage\":\"sk-SK\"}]}<\/script>\n<!-- \/ Yoast SEO plugin. -->","yoast_head_json":{"title":"QHP gumen\u00e9 ostrohy rovn\u00e9 - Spicehorse","description":"spicehorse.eu | Pou\u017e\u00edvan\u00edm ostr\u00f4h mo\u017eno zjemni\u0165 podporu, ktor\u00fa poskytuje jazdec ko\u0148ovi.","robots":{"index":"index","follow":"follow","max-snippet":"max-snippet:-1","max-image-preview":"max-image-preview:large","max-video-preview":"max-video-preview:-1"},"canonical":"https:\/\/arak.spicehorse.eu\/termek\/qhp-gumis-sarkantyu-egyenes\/","og_locale":"sk_SK","og_type":"article","og_title":"QHP gumen\u00e9 ostrohy rovn\u00e9 - Spicehorse","og_description":"spicehorse.eu | Pou\u017e\u00edvan\u00edm ostr\u00f4h mo\u017eno zjemni\u0165 podporu, ktor\u00fa poskytuje jazdec ko\u0148ovi.","og_url":"https:\/\/arak.spicehorse.eu\/termek\/qhp-gumis-sarkantyu-egyenes\/","og_site_name":"Spicehorse","article_publisher":"https:\/\/www.facebook.com\/SPICEHORSE-550385625402457\/","article_modified_time":"2024-10-16T16:52:03+00:00","og_image":[{"width":1280,"height":1280,"url":"https:\/\/arak.spicehorse.eu\/wp-content\/uploads\/2024\/09\/qhp-blunt-spur.jpg","type":"image\/jpeg"}],"twitter_card":"summary_large_image","schema":{"@context":"https:\/\/schema.org","@graph":[{"@type":"WebPage","@id":"https:\/\/arak.spicehorse.eu\/termek\/qhp-gumis-sarkantyu-egyenes\/","url":"https:\/\/arak.spicehorse.eu\/termek\/qhp-gumis-sarkantyu-egyenes\/","name":"QHP gumen\u00e9 ostrohy rovn\u00e9 - Spicehorse","isPartOf":{"@id":"https:\/\/arak.spicehorse.eu\/en\/#website"},"datePublished":"2024-09-06T15:52:05+00:00","dateModified":"2024-10-16T16:52:03+00:00","description":"spicehorse.eu | Pou\u017e\u00edvan\u00edm ostr\u00f4h mo\u017eno zjemni\u0165 podporu, ktor\u00fa poskytuje jazdec ko\u0148ovi.","breadcrumb":{"@id":"https:\/\/arak.spicehorse.eu\/termek\/qhp-gumis-sarkantyu-egyenes\/#breadcrumb"},"inLanguage":"sk-SK","potentialAction":[{"@type":"ReadAction","target":["https:\/\/arak.spicehorse.eu\/termek\/qhp-gumis-sarkantyu-egyenes\/"]}]},{"@type":"BreadcrumbList","@id":"https:\/\/arak.spicehorse.eu\/termek\/qhp-gumis-sarkantyu-egyenes\/#breadcrumb","itemListElement":[{"@type":"ListItem","position":1,"name":"Home","item":"https:\/\/arak.spicehorse.eu\/sk\/"},{"@type":"ListItem","position":2,"name":"Predaj\u0148a","item":"https:\/\/arak.spicehorse.eu\/sk\/predajna\/"},{"@type":"ListItem","position":3,"name":"QHP gumen\u00e9 ostrohy rovn\u00e9"}]},{"@type":"WebSite","@id":"https:\/\/arak.spicehorse.eu\/en\/#website","url":"https:\/\/arak.spicehorse.eu\/en\/","name":"Spicehorse","description":"UNDER DEVELOPMENT -","potentialAction":[{"@type":"SearchAction","target":{"@type":"EntryPoint","urlTemplate":"https:\/\/arak.spicehorse.eu\/en\/?s={search_term_string}"},"query-input":"required name=search_term_string"}],"inLanguage":"sk-SK"}]}},"_links":{"self":[{"href":"https:\/\/arak.spicehorse.eu\/sk\/wp-json\/wp\/v2\/product\/184942"}],"collection":[{"href":"https:\/\/arak.spicehorse.eu\/sk\/wp-json\/wp\/v2\/product"}],"about":[{"href":"https:\/\/arak.spicehorse.eu\/sk\/wp-json\/wp\/v2\/types\/product"}],"wp:featuredmedia":[{"embeddable":true,"href":"https:\/\/arak.spicehorse.eu\/sk\/wp-json\/wp\/v2\/media\/184951"}],"wp:attachment":[{"href":"https:\/\/arak.spicehorse.eu\/sk\/wp-json\/wp\/v2\/media?parent=184942"}],"wp:term":[{"taxonomy":"product_cat","embeddable":true,"href":"https:\/\/arak.spicehorse.eu\/sk\/wp-json\/wp\/v2\/product_cat?post=184942"},{"taxonomy":"product_tag","embeddable":true,"href":"https:\/\/arak.spicehorse.eu\/sk\/wp-json\/wp\/v2\/product_tag?post=184942"}],"curies":[{"name":"wp","href":"https:\/\/api.w.org\/{rel}","templated":true}]}}