{"id":184981,"date":"2024-09-08T19:19:05","date_gmt":"2024-09-08T17:19:17","guid":{"rendered":"https:\/\/arak.spicehorse.eu\/?post_type=product&#038;p=184981"},"modified":"2024-09-19T19:23:57","modified_gmt":"2024-09-19T17:23:57","slug":"qhp-gumene-ostrohy-s-rolkami","status":"publish","type":"product","link":"https:\/\/arak.spicehorse.eu\/sk\/produkt\/qhp-gumene-ostrohy-s-rolkami\/","title":{"rendered":"QHP gumen\u00e9 ostrohy s rolkami"},"content":{"rendered":"<p style=\"font-weight: 400;\">Pomocou ostroh sa zjem\u0148uje pomoc jazdca poskytovan\u00e1 pre ko\u0148a. Ostrohy s\u00a0vodorovn\u00fdmi rolkami zabezpe\u010duj\u00fa e\u0161te jemnej\u0161ie poskytovanie pomoci. Pou\u017e\u00edvan\u00edm pred\u00eddeme podr\u00e1\u017edeniu ko\u017ee, preto s\u00fa ide\u00e1lne aj pre kone s\u00a0citlivou poko\u017ekou. V\u010faka gumen\u00e9mu po\u0165ahu sa ostrohy nezo\u0161mykuj\u00fa ani po\u010das jazdenia.<\/p>\n","protected":false},"excerpt":{"rendered":"<ul style=\"font-weight: 400;\">\n<li>Materi\u00e1l: nehrdzavej\u00faca oce\u013e<\/li>\n<li>Ochrann\u00fd materi\u00e1l: guma<\/li>\n<li>Ostrohy z\u00a0nehrdzavej\u00facej ocele s\u00a0rolkami<\/li>\n<li>Ochrann\u00e1 guma<\/li>\n<li>Poskytuj\u00fa m\u00e4k\u0161iu pomoc<\/li>\n<li>Nylonov\u00e9 ostrohov\u00e9 remienky<\/li>\n<\/ul>\n","protected":false},"featured_media":184990,"template":"","meta":{"_acf_changed":false},"product_cat":[76,1752],"product_tag":[1906,1973],"acf":[],"yoast_head":"<!-- This site is optimized with the Yoast SEO plugin v21.4 - https:\/\/yoast.com\/wordpress\/plugins\/seo\/ -->\n<title>QHP gumen\u00e9 ostrohy s rolkami - Spicehorse<\/title>\n<meta name=\"description\" content=\"spicehorse.eu | Pomocou ostroh sa zjem\u0148uje pomoc jazdca poskytovan\u00e1 pre ko\u0148a.\" \/>\n<meta name=\"robots\" content=\"index, follow, max-snippet:-1, max-image-preview:large, max-video-preview:-1\" \/>\n<link rel=\"canonical\" href=\"https:\/\/arak.spicehorse.eu\/sk\/produkt\/qhp-gumene-ostrohy-s-rolkami\/\" \/>\n<meta property=\"og:locale\" content=\"sk_SK\" \/>\n<meta property=\"og:type\" content=\"article\" \/>\n<meta property=\"og:title\" content=\"QHP gumen\u00e9 ostrohy s rolkami - Spicehorse\" \/>\n<meta property=\"og:description\" content=\"spicehorse.eu | Pomocou ostroh sa zjem\u0148uje pomoc jazdca poskytovan\u00e1 pre ko\u0148a.\" \/>\n<meta property=\"og:url\" content=\"https:\/\/arak.spicehorse.eu\/sk\/produkt\/qhp-gumene-ostrohy-s-rolkami\/\" \/>\n<meta property=\"og:site_name\" content=\"Spicehorse\" \/>\n<meta property=\"article:publisher\" content=\"https:\/\/www.facebook.com\/SPICEHORSE-550385625402457\/\" \/>\n<meta property=\"article:modified_time\" content=\"2024-09-19T17:23:57+00:00\" \/>\n<meta property=\"og:image\" content=\"https:\/\/arak.spicehorse.eu\/wp-content\/uploads\/2024\/09\/qhp-roller-spur-bl.jpg\" \/>\n\t<meta property=\"og:image:width\" content=\"1280\" \/>\n\t<meta property=\"og:image:height\" content=\"1280\" \/>\n\t<meta property=\"og:image:type\" content=\"image\/jpeg\" \/>\n<meta name=\"twitter:card\" content=\"summary_large_image\" \/>\n<script type=\"application\/ld+json\" class=\"yoast-schema-graph\">{\"@context\":\"https:\/\/schema.org\",\"@graph\":[{\"@type\":\"WebPage\",\"@id\":\"https:\/\/arak.spicehorse.eu\/sk\/produkt\/qhp-gumene-ostrohy-s-rolkami\/\",\"url\":\"https:\/\/arak.spicehorse.eu\/sk\/produkt\/qhp-gumene-ostrohy-s-rolkami\/\",\"name\":\"QHP gumen\u00e9 ostrohy s rolkami - Spicehorse\",\"isPartOf\":{\"@id\":\"https:\/\/arak.spicehorse.eu\/en\/#website\"},\"datePublished\":\"2024-09-08T17:19:17+00:00\",\"dateModified\":\"2024-09-19T17:23:57+00:00\",\"description\":\"spicehorse.eu | Pomocou ostroh sa zjem\u0148uje pomoc jazdca poskytovan\u00e1 pre ko\u0148a.\",\"breadcrumb\":{\"@id\":\"https:\/\/arak.spicehorse.eu\/sk\/produkt\/qhp-gumene-ostrohy-s-rolkami\/#breadcrumb\"},\"inLanguage\":\"sk-SK\",\"potentialAction\":[{\"@type\":\"ReadAction\",\"target\":[\"https:\/\/arak.spicehorse.eu\/sk\/produkt\/qhp-gumene-ostrohy-s-rolkami\/\"]}]},{\"@type\":\"BreadcrumbList\",\"@id\":\"https:\/\/arak.spicehorse.eu\/sk\/produkt\/qhp-gumene-ostrohy-s-rolkami\/#breadcrumb\",\"itemListElement\":[{\"@type\":\"ListItem\",\"position\":1,\"name\":\"Home\",\"item\":\"https:\/\/arak.spicehorse.eu\/sk\/\"},{\"@type\":\"ListItem\",\"position\":2,\"name\":\"Predaj\u0148a\",\"item\":\"https:\/\/arak.spicehorse.eu\/sk\/predajna\/\"},{\"@type\":\"ListItem\",\"position\":3,\"name\":\"QHP gumen\u00e9 ostrohy s rolkami\"}]},{\"@type\":\"WebSite\",\"@id\":\"https:\/\/arak.spicehorse.eu\/en\/#website\",\"url\":\"https:\/\/arak.spicehorse.eu\/en\/\",\"name\":\"Spicehorse\",\"description\":\"UNDER DEVELOPMENT -\",\"potentialAction\":[{\"@type\":\"SearchAction\",\"target\":{\"@type\":\"EntryPoint\",\"urlTemplate\":\"https:\/\/arak.spicehorse.eu\/en\/?s={search_term_string}\"},\"query-input\":\"required name=search_term_string\"}],\"inLanguage\":\"sk-SK\"}]}<\/script>\n<!-- \/ Yoast SEO plugin. -->","yoast_head_json":{"title":"QHP gumen\u00e9 ostrohy s rolkami - Spicehorse","description":"spicehorse.eu | Pomocou ostroh sa zjem\u0148uje pomoc jazdca poskytovan\u00e1 pre ko\u0148a.","robots":{"index":"index","follow":"follow","max-snippet":"max-snippet:-1","max-image-preview":"max-image-preview:large","max-video-preview":"max-video-preview:-1"},"canonical":"https:\/\/arak.spicehorse.eu\/sk\/produkt\/qhp-gumene-ostrohy-s-rolkami\/","og_locale":"sk_SK","og_type":"article","og_title":"QHP gumen\u00e9 ostrohy s rolkami - Spicehorse","og_description":"spicehorse.eu | Pomocou ostroh sa zjem\u0148uje pomoc jazdca poskytovan\u00e1 pre ko\u0148a.","og_url":"https:\/\/arak.spicehorse.eu\/sk\/produkt\/qhp-gumene-ostrohy-s-rolkami\/","og_site_name":"Spicehorse","article_publisher":"https:\/\/www.facebook.com\/SPICEHORSE-550385625402457\/","article_modified_time":"2024-09-19T17:23:57+00:00","og_image":[{"width":1280,"height":1280,"url":"https:\/\/arak.spicehorse.eu\/wp-content\/uploads\/2024\/09\/qhp-roller-spur-bl.jpg","type":"image\/jpeg"}],"twitter_card":"summary_large_image","schema":{"@context":"https:\/\/schema.org","@graph":[{"@type":"WebPage","@id":"https:\/\/arak.spicehorse.eu\/sk\/produkt\/qhp-gumene-ostrohy-s-rolkami\/","url":"https:\/\/arak.spicehorse.eu\/sk\/produkt\/qhp-gumene-ostrohy-s-rolkami\/","name":"QHP gumen\u00e9 ostrohy s rolkami - Spicehorse","isPartOf":{"@id":"https:\/\/arak.spicehorse.eu\/en\/#website"},"datePublished":"2024-09-08T17:19:17+00:00","dateModified":"2024-09-19T17:23:57+00:00","description":"spicehorse.eu | Pomocou ostroh sa zjem\u0148uje pomoc jazdca poskytovan\u00e1 pre ko\u0148a.","breadcrumb":{"@id":"https:\/\/arak.spicehorse.eu\/sk\/produkt\/qhp-gumene-ostrohy-s-rolkami\/#breadcrumb"},"inLanguage":"sk-SK","potentialAction":[{"@type":"ReadAction","target":["https:\/\/arak.spicehorse.eu\/sk\/produkt\/qhp-gumene-ostrohy-s-rolkami\/"]}]},{"@type":"BreadcrumbList","@id":"https:\/\/arak.spicehorse.eu\/sk\/produkt\/qhp-gumene-ostrohy-s-rolkami\/#breadcrumb","itemListElement":[{"@type":"ListItem","position":1,"name":"Home","item":"https:\/\/arak.spicehorse.eu\/sk\/"},{"@type":"ListItem","position":2,"name":"Predaj\u0148a","item":"https:\/\/arak.spicehorse.eu\/sk\/predajna\/"},{"@type":"ListItem","position":3,"name":"QHP gumen\u00e9 ostrohy s rolkami"}]},{"@type":"WebSite","@id":"https:\/\/arak.spicehorse.eu\/en\/#website","url":"https:\/\/arak.spicehorse.eu\/en\/","name":"Spicehorse","description":"UNDER DEVELOPMENT -","potentialAction":[{"@type":"SearchAction","target":{"@type":"EntryPoint","urlTemplate":"https:\/\/arak.spicehorse.eu\/en\/?s={search_term_string}"},"query-input":"required name=search_term_string"}],"inLanguage":"sk-SK"}]}},"_links":{"self":[{"href":"https:\/\/arak.spicehorse.eu\/sk\/wp-json\/wp\/v2\/product\/184981"}],"collection":[{"href":"https:\/\/arak.spicehorse.eu\/sk\/wp-json\/wp\/v2\/product"}],"about":[{"href":"https:\/\/arak.spicehorse.eu\/sk\/wp-json\/wp\/v2\/types\/product"}],"wp:featuredmedia":[{"embeddable":true,"href":"https:\/\/arak.spicehorse.eu\/sk\/wp-json\/wp\/v2\/media\/184990"}],"wp:attachment":[{"href":"https:\/\/arak.spicehorse.eu\/sk\/wp-json\/wp\/v2\/media?parent=184981"}],"wp:term":[{"taxonomy":"product_cat","embeddable":true,"href":"https:\/\/arak.spicehorse.eu\/sk\/wp-json\/wp\/v2\/product_cat?post=184981"},{"taxonomy":"product_tag","embeddable":true,"href":"https:\/\/arak.spicehorse.eu\/sk\/wp-json\/wp\/v2\/product_tag?post=184981"}],"curies":[{"name":"wp","href":"https:\/\/api.w.org\/{rel}","templated":true}]}}