{"id":186569,"date":"2024-10-15T11:00:55","date_gmt":"2024-10-15T09:00:58","guid":{"rendered":"https:\/\/arak.spicehorse.eu\/?post_type=product&#038;p=186569"},"modified":"2025-09-20T09:53:42","modified_gmt":"2025-09-20T07:53:42","slug":"lemieux-hracka-ponik-coco","status":"publish","type":"product","link":"https:\/\/arak.spicehorse.eu\/sk\/produkt\/lemieux-hracka-ponik-coco\/","title":{"rendered":"LeMieux hra\u010dka pon\u00edk Coco"},"content":{"rendered":"<p style=\"font-weight: 400;\">LeMieux hra\u010dka pon\u00edk Coco je \u0161mrncov\u00fd siv\u00fd Working Hunter pon\u00edk. Je ve\u013emi pekn\u00fd, energick\u00fd a ve\u013ek\u00fd hunc\u00fat. S\u00a0peknou sivou srs\u0165ou so \u0161ed\u00fdmi \u0161kvrnami. Je mal\u00fd ale siln\u00fd, dok\u00e1\u017ee vysoko sk\u00e1ka\u0165 a\u00a0ve\u013emi r\u00e1d pracuje. Je skuto\u010dn\u00fdm bojovn\u00edkom a\u00a0nikdy sa nevzd\u00e1va. Je naroden\u00fd pre v\u00ed\u0165azstvo! Srs\u0165 je neskuto\u010dne m\u00e4kk\u00e1, dokonal\u00e1 na \u010desanie a\u00a0o\u0161etrovanie. Stoj\u00ed bezpe\u010dne na v\u0161etk\u00fdch \u0161tyroch noh\u00e1ch, je pru\u017en\u00fd, v\u010faka \u010domu sa s\u00a0n\u00edm deti (od troch rokov) m\u00f4\u017eu bezpe\u010dne hra\u0165. Coco prich\u00e1dza vo vlastnej elegantnej \u0161katuli, ktor\u00e1 sa po oto\u010den\u00ed premen\u00ed na luxusn\u00fa staj\u0148u! Samozrejme dostupn\u00e9 je ve\u013ek\u00e9 mno\u017estvo \u010fal\u0161ej v\u00fdbavy v\u00a0ob\u013e\u00faben\u00fdch farb\u00e1ch, vr\u00e1tane podsedlovej de\u010dky, \u010dabraky, band\u00e1\u017ee, ako aj dokonale funguj\u00facej uzde\u010dky a\u00a0sedla, ktor\u00e9 s\u00fa vyroben\u00e9 z\u00a0pravej ko\u017ee, \u010di\u017ee nie s\u00fa to len dokonal\u00e9 hra\u010dky pre die\u0165a, ale v\u010faka nim si deti m\u00f4\u017eu nacvi\u010di\u0165 osedlanie ko\u0148a a\u00a0z\u00e1rove\u0148 sa u\u010di\u0165! Ka\u017ed\u00fd pon\u00edk je individu\u00e1lne vyroben\u00fd, ru\u010dne, preto sa m\u00f4\u017eu mierne l\u00ed\u0161i\u0165 ve\u013ekos\u0165ou a\u00a0tvarom, prich\u00e1dza s\u00a0vlastn\u00fdm cestovn\u00fdm pasom \u00a0a\u00a0s\u00a0bro\u017e\u00farou s\u00a0pr\u00edslu\u0161n\u00fdm n\u00e1vodom. Bez v\u00fdbavy, tieto sa daj\u00fa zak\u00fapi\u0165 samostatne.<\/p>\n<p style=\"font-weight: 400;\">\u010cistite vlhkou handrou.<\/p>\n<p style=\"font-weight: 400;\">50 cm d\u013a\u017eka (od nosa po chvost), v\u00fd\u0161ka 30 cm v koh\u00fatiku (za\u010diatok \u0161ije)<\/p>\n<p style=\"font-weight: 400;\">Od 3 rokov<\/p>\n","protected":false},"excerpt":{"rendered":"<p>LeMieux hra\u010dka pon\u00edk Coco je \u0161mrncov\u00fd siv\u00fd Working Hunter pon\u00edk. Je ve\u013emi pekn\u00fd, energick\u00fd a ve\u013ek\u00fd hunc\u00fat. S\u00a0peknou sivou srs\u0165ou so \u0161ed\u00fdmi \u0161kvrnami. Je mal\u00fd ale siln\u00fd, dok\u00e1\u017ee vysoko sk\u00e1ka\u0165 a\u00a0ve\u013emi r\u00e1d pracuje. Je skuto\u010dn\u00fdm bojovn\u00edkom a\u00a0nikdy sa nevzd\u00e1va. Je naroden\u00fd pre v\u00ed\u0165azstvo! Srs\u0165 je neskuto\u010dne m\u00e4kk\u00e1, dokonal\u00e1 na \u010desanie a\u00a0o\u0161etrovanie. Stoj\u00ed bezpe\u010dne na v\u0161etk\u00fdch [&hellip;]<\/p>\n","protected":false},"featured_media":186572,"template":"","meta":{"_acf_changed":false},"product_cat":[2534,76,312],"product_tag":[227,2369,3040,2589,422,2389],"acf":[],"yoast_head":"<!-- This site is optimized with the Yoast SEO plugin v21.4 - https:\/\/yoast.com\/wordpress\/plugins\/seo\/ -->\n<title>LeMieux hra\u010dka pon\u00edk Coco - Spicehorse<\/title>\n<meta name=\"description\" content=\"spicehorse.eu | LeMieux hra\u010dka pon\u00edk Coco je \u0161mrncov\u00fd siv\u00fd Working Hunter pon\u00edk. Je ve\u013emi pekn\u00fd, energick\u00fd a ve\u013ek\u00fd hunc\u00fat.\" \/>\n<meta name=\"robots\" content=\"index, follow, max-snippet:-1, max-image-preview:large, max-video-preview:-1\" \/>\n<link rel=\"canonical\" href=\"https:\/\/arak.spicehorse.eu\/termek\/lemieux-jatekponi-coco\/\" \/>\n<meta property=\"og:locale\" content=\"sk_SK\" \/>\n<meta property=\"og:type\" content=\"article\" \/>\n<meta property=\"og:title\" content=\"LeMieux hra\u010dka pon\u00edk Coco - Spicehorse\" \/>\n<meta property=\"og:description\" content=\"spicehorse.eu | LeMieux hra\u010dka pon\u00edk Coco je \u0161mrncov\u00fd siv\u00fd Working Hunter pon\u00edk. Je ve\u013emi pekn\u00fd, energick\u00fd a ve\u013ek\u00fd hunc\u00fat.\" \/>\n<meta property=\"og:url\" content=\"https:\/\/arak.spicehorse.eu\/termek\/lemieux-jatekponi-coco\/\" \/>\n<meta property=\"og:site_name\" content=\"Spicehorse\" \/>\n<meta property=\"article:publisher\" content=\"https:\/\/www.facebook.com\/SPICEHORSE-550385625402457\/\" \/>\n<meta property=\"article:modified_time\" content=\"2025-09-20T07:53:42+00:00\" \/>\n<meta property=\"og:image\" content=\"https:\/\/arak.spicehorse.eu\/wp-content\/uploads\/2024\/10\/it05449-product-toypony-coco-1-1-scaled.jpg\" \/>\n\t<meta property=\"og:image:width\" content=\"1920\" \/>\n\t<meta property=\"og:image:height\" content=\"2560\" \/>\n\t<meta property=\"og:image:type\" content=\"image\/jpeg\" \/>\n<meta name=\"twitter:card\" content=\"summary_large_image\" \/>\n<meta name=\"twitter:label1\" content=\"Predpokladan\u00fd \u010das \u010d\u00edtania\" \/>\n\t<meta name=\"twitter:data1\" content=\"1 min\u00fata\" \/>\n<script type=\"application\/ld+json\" class=\"yoast-schema-graph\">{\"@context\":\"https:\/\/schema.org\",\"@graph\":[{\"@type\":\"WebPage\",\"@id\":\"https:\/\/arak.spicehorse.eu\/termek\/lemieux-jatekponi-coco\/\",\"url\":\"https:\/\/arak.spicehorse.eu\/termek\/lemieux-jatekponi-coco\/\",\"name\":\"LeMieux hra\u010dka pon\u00edk Coco - Spicehorse\",\"isPartOf\":{\"@id\":\"https:\/\/arak.spicehorse.eu\/en\/#website\"},\"datePublished\":\"2024-10-15T09:00:58+00:00\",\"dateModified\":\"2025-09-20T07:53:42+00:00\",\"description\":\"spicehorse.eu | LeMieux hra\u010dka pon\u00edk Coco je \u0161mrncov\u00fd siv\u00fd Working Hunter pon\u00edk. Je ve\u013emi pekn\u00fd, energick\u00fd a ve\u013ek\u00fd hunc\u00fat.\",\"breadcrumb\":{\"@id\":\"https:\/\/arak.spicehorse.eu\/termek\/lemieux-jatekponi-coco\/#breadcrumb\"},\"inLanguage\":\"sk-SK\",\"potentialAction\":[{\"@type\":\"ReadAction\",\"target\":[\"https:\/\/arak.spicehorse.eu\/termek\/lemieux-jatekponi-coco\/\"]}]},{\"@type\":\"BreadcrumbList\",\"@id\":\"https:\/\/arak.spicehorse.eu\/termek\/lemieux-jatekponi-coco\/#breadcrumb\",\"itemListElement\":[{\"@type\":\"ListItem\",\"position\":1,\"name\":\"Home\",\"item\":\"https:\/\/arak.spicehorse.eu\/sk\/\"},{\"@type\":\"ListItem\",\"position\":2,\"name\":\"Predaj\u0148a\",\"item\":\"https:\/\/arak.spicehorse.eu\/sk\/predajna\/\"},{\"@type\":\"ListItem\",\"position\":3,\"name\":\"LeMieux hra\u010dka pon\u00edk Coco\"}]},{\"@type\":\"WebSite\",\"@id\":\"https:\/\/arak.spicehorse.eu\/en\/#website\",\"url\":\"https:\/\/arak.spicehorse.eu\/en\/\",\"name\":\"Spicehorse\",\"description\":\"UNDER DEVELOPMENT -\",\"potentialAction\":[{\"@type\":\"SearchAction\",\"target\":{\"@type\":\"EntryPoint\",\"urlTemplate\":\"https:\/\/arak.spicehorse.eu\/en\/?s={search_term_string}\"},\"query-input\":\"required name=search_term_string\"}],\"inLanguage\":\"sk-SK\"}]}<\/script>\n<!-- \/ Yoast SEO plugin. -->","yoast_head_json":{"title":"LeMieux hra\u010dka pon\u00edk Coco - Spicehorse","description":"spicehorse.eu | LeMieux hra\u010dka pon\u00edk Coco je \u0161mrncov\u00fd siv\u00fd Working Hunter pon\u00edk. Je ve\u013emi pekn\u00fd, energick\u00fd a ve\u013ek\u00fd hunc\u00fat.","robots":{"index":"index","follow":"follow","max-snippet":"max-snippet:-1","max-image-preview":"max-image-preview:large","max-video-preview":"max-video-preview:-1"},"canonical":"https:\/\/arak.spicehorse.eu\/termek\/lemieux-jatekponi-coco\/","og_locale":"sk_SK","og_type":"article","og_title":"LeMieux hra\u010dka pon\u00edk Coco - Spicehorse","og_description":"spicehorse.eu | LeMieux hra\u010dka pon\u00edk Coco je \u0161mrncov\u00fd siv\u00fd Working Hunter pon\u00edk. Je ve\u013emi pekn\u00fd, energick\u00fd a ve\u013ek\u00fd hunc\u00fat.","og_url":"https:\/\/arak.spicehorse.eu\/termek\/lemieux-jatekponi-coco\/","og_site_name":"Spicehorse","article_publisher":"https:\/\/www.facebook.com\/SPICEHORSE-550385625402457\/","article_modified_time":"2025-09-20T07:53:42+00:00","og_image":[{"width":1920,"height":2560,"url":"https:\/\/arak.spicehorse.eu\/wp-content\/uploads\/2024\/10\/it05449-product-toypony-coco-1-1-scaled.jpg","type":"image\/jpeg"}],"twitter_card":"summary_large_image","twitter_misc":{"Predpokladan\u00fd \u010das \u010d\u00edtania":"1 min\u00fata"},"schema":{"@context":"https:\/\/schema.org","@graph":[{"@type":"WebPage","@id":"https:\/\/arak.spicehorse.eu\/termek\/lemieux-jatekponi-coco\/","url":"https:\/\/arak.spicehorse.eu\/termek\/lemieux-jatekponi-coco\/","name":"LeMieux hra\u010dka pon\u00edk Coco - Spicehorse","isPartOf":{"@id":"https:\/\/arak.spicehorse.eu\/en\/#website"},"datePublished":"2024-10-15T09:00:58+00:00","dateModified":"2025-09-20T07:53:42+00:00","description":"spicehorse.eu | LeMieux hra\u010dka pon\u00edk Coco je \u0161mrncov\u00fd siv\u00fd Working Hunter pon\u00edk. Je ve\u013emi pekn\u00fd, energick\u00fd a ve\u013ek\u00fd hunc\u00fat.","breadcrumb":{"@id":"https:\/\/arak.spicehorse.eu\/termek\/lemieux-jatekponi-coco\/#breadcrumb"},"inLanguage":"sk-SK","potentialAction":[{"@type":"ReadAction","target":["https:\/\/arak.spicehorse.eu\/termek\/lemieux-jatekponi-coco\/"]}]},{"@type":"BreadcrumbList","@id":"https:\/\/arak.spicehorse.eu\/termek\/lemieux-jatekponi-coco\/#breadcrumb","itemListElement":[{"@type":"ListItem","position":1,"name":"Home","item":"https:\/\/arak.spicehorse.eu\/sk\/"},{"@type":"ListItem","position":2,"name":"Predaj\u0148a","item":"https:\/\/arak.spicehorse.eu\/sk\/predajna\/"},{"@type":"ListItem","position":3,"name":"LeMieux hra\u010dka pon\u00edk Coco"}]},{"@type":"WebSite","@id":"https:\/\/arak.spicehorse.eu\/en\/#website","url":"https:\/\/arak.spicehorse.eu\/en\/","name":"Spicehorse","description":"UNDER DEVELOPMENT -","potentialAction":[{"@type":"SearchAction","target":{"@type":"EntryPoint","urlTemplate":"https:\/\/arak.spicehorse.eu\/en\/?s={search_term_string}"},"query-input":"required name=search_term_string"}],"inLanguage":"sk-SK"}]}},"_links":{"self":[{"href":"https:\/\/arak.spicehorse.eu\/sk\/wp-json\/wp\/v2\/product\/186569"}],"collection":[{"href":"https:\/\/arak.spicehorse.eu\/sk\/wp-json\/wp\/v2\/product"}],"about":[{"href":"https:\/\/arak.spicehorse.eu\/sk\/wp-json\/wp\/v2\/types\/product"}],"wp:featuredmedia":[{"embeddable":true,"href":"https:\/\/arak.spicehorse.eu\/sk\/wp-json\/wp\/v2\/media\/186572"}],"wp:attachment":[{"href":"https:\/\/arak.spicehorse.eu\/sk\/wp-json\/wp\/v2\/media?parent=186569"}],"wp:term":[{"taxonomy":"product_cat","embeddable":true,"href":"https:\/\/arak.spicehorse.eu\/sk\/wp-json\/wp\/v2\/product_cat?post=186569"},{"taxonomy":"product_tag","embeddable":true,"href":"https:\/\/arak.spicehorse.eu\/sk\/wp-json\/wp\/v2\/product_tag?post=186569"}],"curies":[{"name":"wp","href":"https:\/\/api.w.org\/{rel}","templated":true}]}}