{"id":186659,"date":"2024-10-16T11:36:07","date_gmt":"2024-10-16T09:36:09","guid":{"rendered":"https:\/\/arak.spicehorse.eu\/?post_type=product&#038;p=186659"},"modified":"2024-11-12T12:36:40","modified_gmt":"2024-11-12T11:36:40","slug":"lemieux-hracka-ponik-balik-roziet","status":"publish","type":"product","link":"https:\/\/arak.spicehorse.eu\/sk\/produkt\/lemieux-hracka-ponik-balik-roziet\/","title":{"rendered":"LeMieux hra\u010dka pon\u00edk bal\u00edk roziet"},"content":{"rendered":"<p style=\"font-weight: 400;\">Zagratulujme n\u00e1\u0161mu Toy Pony kon\u00edkovi t\u00fdmto bal\u00edkom roziet pre v\u00ed\u0165azov, ke\u010f pod\u00e1va skvel\u00fd v\u00fdkon po\u010das s\u00fa\u0165a\u017ee!<\/p>\n<p style=\"font-weight: 400;\">Ozdobn\u00e9 sat\u00e9nov\u00e9 stuhy zlo\u017een\u00e9 z\u00a0troch \u010dast\u00ed sl\u00fa\u017eia na odme\u0148ovanie hobby ko\u0148a za z\u00edskan\u00e9 prv\u00e9, druh\u00e9 a\u00a0tretie miesto. S\u00fa vybaven\u00e9 u\u0161kom, v\u010faka ktor\u00e9mu sa daj\u00fa \u013eahko a bezpe\u010dne pripevni\u0165 na ohl\u00e1vku alebo uzde\u010dku (pred\u00e1vaj\u00fa sa samostatne).<\/p>\n<p style=\"font-weight: 400;\">S\u00fa nepostr\u00e1date\u013enou v\u00fdbavou ka\u017ed\u00e9ho LeMieux hobby kon\u00edka, doplnky si m\u00f4\u017eete zak\u00fapi\u0165 samostatne.<\/p>\n<p style=\"font-weight: 400;\">Od 3 rokov.<\/p>\n","protected":false},"excerpt":{"rendered":"<p>Zagratulujme n\u00e1\u0161mu Toy Pony kon\u00edkovi t\u00fdmto bal\u00edkom roziet pre v\u00ed\u0165azov, ke\u010f pod\u00e1va skvel\u00fd v\u00fdkon po\u010das s\u00fa\u0165a\u017ee! Ozdobn\u00e9 sat\u00e9nov\u00e9 stuhy zlo\u017een\u00e9 z\u00a0troch \u010dast\u00ed sl\u00fa\u017eia na odme\u0148ovanie hobby ko\u0148a za z\u00edskan\u00e9 prv\u00e9, druh\u00e9 a\u00a0tretie miesto. S\u00fa vybaven\u00e9 u\u0161kom, v\u010faka ktor\u00e9mu sa daj\u00fa \u013eahko a bezpe\u010dne pripevni\u0165 na ohl\u00e1vku alebo uzde\u010dku (pred\u00e1vaj\u00fa sa samostatne). S\u00fa nepostr\u00e1date\u013enou v\u00fdbavou ka\u017ed\u00e9ho [&hellip;]<\/p>\n","protected":false},"featured_media":186662,"template":"","meta":{"_acf_changed":false},"product_cat":[2534,76,312],"product_tag":[227,3079,2369,3040,2589,422,2389],"acf":[],"yoast_head":"<!-- This site is optimized with the Yoast SEO plugin v21.4 - https:\/\/yoast.com\/wordpress\/plugins\/seo\/ -->\n<title>LeMieux hra\u010dka pon\u00edk bal\u00edk roziet - Spicehorse<\/title>\n<meta name=\"description\" content=\"spicehorse.eu | Zagratulujme n\u00e1\u0161mu Toy Pony kon\u00edkovi t\u00fdmto bal\u00edkom roziet pre v\u00ed\u0165azov, ke\u010f pod\u00e1va skvel\u00fd v\u00fdkon po\u010das s\u00fa\u0165a\u017ee!\" \/>\n<meta name=\"robots\" content=\"index, follow, max-snippet:-1, max-image-preview:large, max-video-preview:-1\" \/>\n<link rel=\"canonical\" href=\"https:\/\/arak.spicehorse.eu\/termek\/lemieux-jatekponi-rozetta-csomag\/\" \/>\n<meta property=\"og:locale\" content=\"sk_SK\" \/>\n<meta property=\"og:type\" content=\"article\" \/>\n<meta property=\"og:title\" content=\"LeMieux hra\u010dka pon\u00edk bal\u00edk roziet - Spicehorse\" \/>\n<meta property=\"og:description\" content=\"spicehorse.eu | Zagratulujme n\u00e1\u0161mu Toy Pony kon\u00edkovi t\u00fdmto bal\u00edkom roziet pre v\u00ed\u0165azov, ke\u010f pod\u00e1va skvel\u00fd v\u00fdkon po\u010das s\u00fa\u0165a\u017ee!\" \/>\n<meta property=\"og:url\" content=\"https:\/\/arak.spicehorse.eu\/termek\/lemieux-jatekponi-rozetta-csomag\/\" \/>\n<meta property=\"og:site_name\" content=\"Spicehorse\" \/>\n<meta property=\"article:publisher\" content=\"https:\/\/www.facebook.com\/SPICEHORSE-550385625402457\/\" \/>\n<meta property=\"article:modified_time\" content=\"2024-11-12T11:36:40+00:00\" \/>\n<meta property=\"og:image\" content=\"https:\/\/arak.spicehorse.eu\/wp-content\/uploads\/2024\/10\/it05858-product-toyponyrosettepack-multi-1-scaled.jpg\" \/>\n\t<meta property=\"og:image:width\" content=\"1920\" \/>\n\t<meta property=\"og:image:height\" content=\"2560\" \/>\n\t<meta property=\"og:image:type\" content=\"image\/jpeg\" \/>\n<meta name=\"twitter:card\" content=\"summary_large_image\" \/>\n<script type=\"application\/ld+json\" class=\"yoast-schema-graph\">{\"@context\":\"https:\/\/schema.org\",\"@graph\":[{\"@type\":\"WebPage\",\"@id\":\"https:\/\/arak.spicehorse.eu\/termek\/lemieux-jatekponi-rozetta-csomag\/\",\"url\":\"https:\/\/arak.spicehorse.eu\/termek\/lemieux-jatekponi-rozetta-csomag\/\",\"name\":\"LeMieux hra\u010dka pon\u00edk bal\u00edk roziet - Spicehorse\",\"isPartOf\":{\"@id\":\"https:\/\/arak.spicehorse.eu\/en\/#website\"},\"datePublished\":\"2024-10-16T09:36:09+00:00\",\"dateModified\":\"2024-11-12T11:36:40+00:00\",\"description\":\"spicehorse.eu | Zagratulujme n\u00e1\u0161mu Toy Pony kon\u00edkovi t\u00fdmto bal\u00edkom roziet pre v\u00ed\u0165azov, ke\u010f pod\u00e1va skvel\u00fd v\u00fdkon po\u010das s\u00fa\u0165a\u017ee!\",\"breadcrumb\":{\"@id\":\"https:\/\/arak.spicehorse.eu\/termek\/lemieux-jatekponi-rozetta-csomag\/#breadcrumb\"},\"inLanguage\":\"sk-SK\",\"potentialAction\":[{\"@type\":\"ReadAction\",\"target\":[\"https:\/\/arak.spicehorse.eu\/termek\/lemieux-jatekponi-rozetta-csomag\/\"]}]},{\"@type\":\"BreadcrumbList\",\"@id\":\"https:\/\/arak.spicehorse.eu\/termek\/lemieux-jatekponi-rozetta-csomag\/#breadcrumb\",\"itemListElement\":[{\"@type\":\"ListItem\",\"position\":1,\"name\":\"Home\",\"item\":\"https:\/\/arak.spicehorse.eu\/sk\/\"},{\"@type\":\"ListItem\",\"position\":2,\"name\":\"Predaj\u0148a\",\"item\":\"https:\/\/arak.spicehorse.eu\/sk\/predajna\/\"},{\"@type\":\"ListItem\",\"position\":3,\"name\":\"LeMieux hra\u010dka pon\u00edk bal\u00edk roziet\"}]},{\"@type\":\"WebSite\",\"@id\":\"https:\/\/arak.spicehorse.eu\/en\/#website\",\"url\":\"https:\/\/arak.spicehorse.eu\/en\/\",\"name\":\"Spicehorse\",\"description\":\"UNDER DEVELOPMENT -\",\"potentialAction\":[{\"@type\":\"SearchAction\",\"target\":{\"@type\":\"EntryPoint\",\"urlTemplate\":\"https:\/\/arak.spicehorse.eu\/en\/?s={search_term_string}\"},\"query-input\":\"required name=search_term_string\"}],\"inLanguage\":\"sk-SK\"}]}<\/script>\n<!-- \/ Yoast SEO plugin. -->","yoast_head_json":{"title":"LeMieux hra\u010dka pon\u00edk bal\u00edk roziet - Spicehorse","description":"spicehorse.eu | Zagratulujme n\u00e1\u0161mu Toy Pony kon\u00edkovi t\u00fdmto bal\u00edkom roziet pre v\u00ed\u0165azov, ke\u010f pod\u00e1va skvel\u00fd v\u00fdkon po\u010das s\u00fa\u0165a\u017ee!","robots":{"index":"index","follow":"follow","max-snippet":"max-snippet:-1","max-image-preview":"max-image-preview:large","max-video-preview":"max-video-preview:-1"},"canonical":"https:\/\/arak.spicehorse.eu\/termek\/lemieux-jatekponi-rozetta-csomag\/","og_locale":"sk_SK","og_type":"article","og_title":"LeMieux hra\u010dka pon\u00edk bal\u00edk roziet - Spicehorse","og_description":"spicehorse.eu | Zagratulujme n\u00e1\u0161mu Toy Pony kon\u00edkovi t\u00fdmto bal\u00edkom roziet pre v\u00ed\u0165azov, ke\u010f pod\u00e1va skvel\u00fd v\u00fdkon po\u010das s\u00fa\u0165a\u017ee!","og_url":"https:\/\/arak.spicehorse.eu\/termek\/lemieux-jatekponi-rozetta-csomag\/","og_site_name":"Spicehorse","article_publisher":"https:\/\/www.facebook.com\/SPICEHORSE-550385625402457\/","article_modified_time":"2024-11-12T11:36:40+00:00","og_image":[{"width":1920,"height":2560,"url":"https:\/\/arak.spicehorse.eu\/wp-content\/uploads\/2024\/10\/it05858-product-toyponyrosettepack-multi-1-scaled.jpg","type":"image\/jpeg"}],"twitter_card":"summary_large_image","schema":{"@context":"https:\/\/schema.org","@graph":[{"@type":"WebPage","@id":"https:\/\/arak.spicehorse.eu\/termek\/lemieux-jatekponi-rozetta-csomag\/","url":"https:\/\/arak.spicehorse.eu\/termek\/lemieux-jatekponi-rozetta-csomag\/","name":"LeMieux hra\u010dka pon\u00edk bal\u00edk roziet - Spicehorse","isPartOf":{"@id":"https:\/\/arak.spicehorse.eu\/en\/#website"},"datePublished":"2024-10-16T09:36:09+00:00","dateModified":"2024-11-12T11:36:40+00:00","description":"spicehorse.eu | Zagratulujme n\u00e1\u0161mu Toy Pony kon\u00edkovi t\u00fdmto bal\u00edkom roziet pre v\u00ed\u0165azov, ke\u010f pod\u00e1va skvel\u00fd v\u00fdkon po\u010das s\u00fa\u0165a\u017ee!","breadcrumb":{"@id":"https:\/\/arak.spicehorse.eu\/termek\/lemieux-jatekponi-rozetta-csomag\/#breadcrumb"},"inLanguage":"sk-SK","potentialAction":[{"@type":"ReadAction","target":["https:\/\/arak.spicehorse.eu\/termek\/lemieux-jatekponi-rozetta-csomag\/"]}]},{"@type":"BreadcrumbList","@id":"https:\/\/arak.spicehorse.eu\/termek\/lemieux-jatekponi-rozetta-csomag\/#breadcrumb","itemListElement":[{"@type":"ListItem","position":1,"name":"Home","item":"https:\/\/arak.spicehorse.eu\/sk\/"},{"@type":"ListItem","position":2,"name":"Predaj\u0148a","item":"https:\/\/arak.spicehorse.eu\/sk\/predajna\/"},{"@type":"ListItem","position":3,"name":"LeMieux hra\u010dka pon\u00edk bal\u00edk roziet"}]},{"@type":"WebSite","@id":"https:\/\/arak.spicehorse.eu\/en\/#website","url":"https:\/\/arak.spicehorse.eu\/en\/","name":"Spicehorse","description":"UNDER DEVELOPMENT -","potentialAction":[{"@type":"SearchAction","target":{"@type":"EntryPoint","urlTemplate":"https:\/\/arak.spicehorse.eu\/en\/?s={search_term_string}"},"query-input":"required name=search_term_string"}],"inLanguage":"sk-SK"}]}},"_links":{"self":[{"href":"https:\/\/arak.spicehorse.eu\/sk\/wp-json\/wp\/v2\/product\/186659"}],"collection":[{"href":"https:\/\/arak.spicehorse.eu\/sk\/wp-json\/wp\/v2\/product"}],"about":[{"href":"https:\/\/arak.spicehorse.eu\/sk\/wp-json\/wp\/v2\/types\/product"}],"wp:featuredmedia":[{"embeddable":true,"href":"https:\/\/arak.spicehorse.eu\/sk\/wp-json\/wp\/v2\/media\/186662"}],"wp:attachment":[{"href":"https:\/\/arak.spicehorse.eu\/sk\/wp-json\/wp\/v2\/media?parent=186659"}],"wp:term":[{"taxonomy":"product_cat","embeddable":true,"href":"https:\/\/arak.spicehorse.eu\/sk\/wp-json\/wp\/v2\/product_cat?post=186659"},{"taxonomy":"product_tag","embeddable":true,"href":"https:\/\/arak.spicehorse.eu\/sk\/wp-json\/wp\/v2\/product_tag?post=186659"}],"curies":[{"name":"wp","href":"https:\/\/api.w.org\/{rel}","templated":true}]}}