{"id":186767,"date":"2024-10-16T17:51:41","date_gmt":"2024-10-16T15:51:42","guid":{"rendered":"https:\/\/arak.spicehorse.eu\/?post_type=product&#038;p=186767"},"modified":"2024-11-12T12:40:11","modified_gmt":"2024-11-12T11:40:11","slug":"lemieux-mini-pohar-so-sosakom-navy","status":"publish","type":"product","link":"https:\/\/arak.spicehorse.eu\/sk\/produkt\/lemieux-mini-pohar-so-sosakom-navy\/","title":{"rendered":"LeMieux Mini poh\u00e1r so sos\u00e1kom Navy"},"content":{"rendered":"<p style=\"font-weight: 400;\">Rozko\u0161n\u00fd LeMieux poh\u00e1r so sos\u00e1kom s objemom 480 ml, nepriepustn\u00fd a poskytuje dostato\u010dn\u00fa hydrat\u00e1ciu na cest\u00e1ch. Ide\u00e1lne na turistiku, jazdu na koni a pikniky. V\u010faka v\u00e1kuovo izolovan\u00e9mu materi\u00e1lu z nehrdzavej\u00facej ocele udr\u017eiava teplotu n\u00e1poja.<\/p>\n<p style=\"font-weight: 400;\">S\u00a0veselou kontrastnou potla\u010dou roziet, vzorom pon\u00edka, v\u00a0tmavomodrej farbe so skrutkovac\u00edm uz\u00e1verom, slamkou bez obsahu BPA a\u00a0odkl\u00e1pac\u00edm vie\u010dkom. Prenosn\u00e1 rukov\u00e4\u0165 je ide\u00e1lna na nosenie v mal\u00fdch ruk\u00e1ch.<\/p>\n<p style=\"font-weight: 400;\">Neohrievajte v mikrovlnnej r\u00fare. Um\u00fdvajte ru\u010dne v teplej vode.<\/p>\n","protected":false},"excerpt":{"rendered":"<p>Rozko\u0161n\u00fd LeMieux poh\u00e1r so sos\u00e1kom s objemom 480 ml, nepriepustn\u00fd a poskytuje dostato\u010dn\u00fa hydrat\u00e1ciu na cest\u00e1ch. Ide\u00e1lne na turistiku, jazdu na koni a pikniky. V\u010faka v\u00e1kuovo izolovan\u00e9mu materi\u00e1lu z nehrdzavej\u00facej ocele udr\u017eiava teplotu n\u00e1poja. S\u00a0veselou kontrastnou potla\u010dou roziet, vzorom pon\u00edka, v\u00a0tmavomodrej farbe so skrutkovac\u00edm uz\u00e1verom, slamkou bez obsahu BPA a\u00a0odkl\u00e1pac\u00edm vie\u010dkom. Prenosn\u00e1 rukov\u00e4\u0165 je ide\u00e1lna [&hellip;]<\/p>\n","protected":false},"featured_media":186782,"template":"","meta":{"_acf_changed":false},"product_cat":[312,301,75,100,120],"product_tag":[2369,3040,2589,413,422],"acf":[],"yoast_head":"<!-- This site is optimized with the Yoast SEO plugin v21.4 - https:\/\/yoast.com\/wordpress\/plugins\/seo\/ -->\n<title>LeMieux Mini poh\u00e1r so sos\u00e1kom Navy - Spicehorse<\/title>\n<meta name=\"description\" content=\"spicehorse.eu | Rozko\u0161n\u00fd LeMieux poh\u00e1r so sos\u00e1kom s objemom 480 ml, nepriepustn\u00fd a poskytuje dostato\u010dn\u00fa hydrat\u00e1ciu na cest\u00e1ch.\" \/>\n<meta name=\"robots\" content=\"index, follow, max-snippet:-1, max-image-preview:large, max-video-preview:-1\" \/>\n<link rel=\"canonical\" href=\"https:\/\/arak.spicehorse.eu\/termek\/lemieux-mini-kulacs-navy\/\" \/>\n<meta property=\"og:locale\" content=\"sk_SK\" \/>\n<meta property=\"og:type\" content=\"article\" \/>\n<meta property=\"og:title\" content=\"LeMieux Mini poh\u00e1r so sos\u00e1kom Navy - Spicehorse\" \/>\n<meta property=\"og:description\" content=\"spicehorse.eu | Rozko\u0161n\u00fd LeMieux poh\u00e1r so sos\u00e1kom s objemom 480 ml, nepriepustn\u00fd a poskytuje dostato\u010dn\u00fa hydrat\u00e1ciu na cest\u00e1ch.\" \/>\n<meta property=\"og:url\" content=\"https:\/\/arak.spicehorse.eu\/termek\/lemieux-mini-kulacs-navy\/\" \/>\n<meta property=\"og:site_name\" content=\"Spicehorse\" \/>\n<meta property=\"article:publisher\" content=\"https:\/\/www.facebook.com\/SPICEHORSE-550385625402457\/\" \/>\n<meta property=\"article:modified_time\" content=\"2024-11-12T11:40:11+00:00\" \/>\n<meta property=\"og:image\" content=\"https:\/\/arak.spicehorse.eu\/wp-content\/uploads\/2024\/10\/it05564-product-minidrinksbottle-navy-1-1.jpg\" \/>\n\t<meta property=\"og:image:width\" content=\"1600\" \/>\n\t<meta property=\"og:image:height\" content=\"1600\" \/>\n\t<meta property=\"og:image:type\" content=\"image\/jpeg\" \/>\n<meta name=\"twitter:card\" content=\"summary_large_image\" \/>\n<script type=\"application\/ld+json\" class=\"yoast-schema-graph\">{\"@context\":\"https:\/\/schema.org\",\"@graph\":[{\"@type\":\"WebPage\",\"@id\":\"https:\/\/arak.spicehorse.eu\/termek\/lemieux-mini-kulacs-navy\/\",\"url\":\"https:\/\/arak.spicehorse.eu\/termek\/lemieux-mini-kulacs-navy\/\",\"name\":\"LeMieux Mini poh\u00e1r so sos\u00e1kom Navy - Spicehorse\",\"isPartOf\":{\"@id\":\"https:\/\/arak.spicehorse.eu\/en\/#website\"},\"datePublished\":\"2024-10-16T15:51:42+00:00\",\"dateModified\":\"2024-11-12T11:40:11+00:00\",\"description\":\"spicehorse.eu | Rozko\u0161n\u00fd LeMieux poh\u00e1r so sos\u00e1kom s objemom 480 ml, nepriepustn\u00fd a poskytuje dostato\u010dn\u00fa hydrat\u00e1ciu na cest\u00e1ch.\",\"breadcrumb\":{\"@id\":\"https:\/\/arak.spicehorse.eu\/termek\/lemieux-mini-kulacs-navy\/#breadcrumb\"},\"inLanguage\":\"sk-SK\",\"potentialAction\":[{\"@type\":\"ReadAction\",\"target\":[\"https:\/\/arak.spicehorse.eu\/termek\/lemieux-mini-kulacs-navy\/\"]}]},{\"@type\":\"BreadcrumbList\",\"@id\":\"https:\/\/arak.spicehorse.eu\/termek\/lemieux-mini-kulacs-navy\/#breadcrumb\",\"itemListElement\":[{\"@type\":\"ListItem\",\"position\":1,\"name\":\"Home\",\"item\":\"https:\/\/arak.spicehorse.eu\/sk\/\"},{\"@type\":\"ListItem\",\"position\":2,\"name\":\"Predaj\u0148a\",\"item\":\"https:\/\/arak.spicehorse.eu\/sk\/predajna\/\"},{\"@type\":\"ListItem\",\"position\":3,\"name\":\"LeMieux Mini poh\u00e1r so sos\u00e1kom Navy\"}]},{\"@type\":\"WebSite\",\"@id\":\"https:\/\/arak.spicehorse.eu\/en\/#website\",\"url\":\"https:\/\/arak.spicehorse.eu\/en\/\",\"name\":\"Spicehorse\",\"description\":\"UNDER DEVELOPMENT -\",\"potentialAction\":[{\"@type\":\"SearchAction\",\"target\":{\"@type\":\"EntryPoint\",\"urlTemplate\":\"https:\/\/arak.spicehorse.eu\/en\/?s={search_term_string}\"},\"query-input\":\"required name=search_term_string\"}],\"inLanguage\":\"sk-SK\"}]}<\/script>\n<!-- \/ Yoast SEO plugin. -->","yoast_head_json":{"title":"LeMieux Mini poh\u00e1r so sos\u00e1kom Navy - Spicehorse","description":"spicehorse.eu | Rozko\u0161n\u00fd LeMieux poh\u00e1r so sos\u00e1kom s objemom 480 ml, nepriepustn\u00fd a poskytuje dostato\u010dn\u00fa hydrat\u00e1ciu na cest\u00e1ch.","robots":{"index":"index","follow":"follow","max-snippet":"max-snippet:-1","max-image-preview":"max-image-preview:large","max-video-preview":"max-video-preview:-1"},"canonical":"https:\/\/arak.spicehorse.eu\/termek\/lemieux-mini-kulacs-navy\/","og_locale":"sk_SK","og_type":"article","og_title":"LeMieux Mini poh\u00e1r so sos\u00e1kom Navy - Spicehorse","og_description":"spicehorse.eu | Rozko\u0161n\u00fd LeMieux poh\u00e1r so sos\u00e1kom s objemom 480 ml, nepriepustn\u00fd a poskytuje dostato\u010dn\u00fa hydrat\u00e1ciu na cest\u00e1ch.","og_url":"https:\/\/arak.spicehorse.eu\/termek\/lemieux-mini-kulacs-navy\/","og_site_name":"Spicehorse","article_publisher":"https:\/\/www.facebook.com\/SPICEHORSE-550385625402457\/","article_modified_time":"2024-11-12T11:40:11+00:00","og_image":[{"width":1600,"height":1600,"url":"https:\/\/arak.spicehorse.eu\/wp-content\/uploads\/2024\/10\/it05564-product-minidrinksbottle-navy-1-1.jpg","type":"image\/jpeg"}],"twitter_card":"summary_large_image","schema":{"@context":"https:\/\/schema.org","@graph":[{"@type":"WebPage","@id":"https:\/\/arak.spicehorse.eu\/termek\/lemieux-mini-kulacs-navy\/","url":"https:\/\/arak.spicehorse.eu\/termek\/lemieux-mini-kulacs-navy\/","name":"LeMieux Mini poh\u00e1r so sos\u00e1kom Navy - Spicehorse","isPartOf":{"@id":"https:\/\/arak.spicehorse.eu\/en\/#website"},"datePublished":"2024-10-16T15:51:42+00:00","dateModified":"2024-11-12T11:40:11+00:00","description":"spicehorse.eu | Rozko\u0161n\u00fd LeMieux poh\u00e1r so sos\u00e1kom s objemom 480 ml, nepriepustn\u00fd a poskytuje dostato\u010dn\u00fa hydrat\u00e1ciu na cest\u00e1ch.","breadcrumb":{"@id":"https:\/\/arak.spicehorse.eu\/termek\/lemieux-mini-kulacs-navy\/#breadcrumb"},"inLanguage":"sk-SK","potentialAction":[{"@type":"ReadAction","target":["https:\/\/arak.spicehorse.eu\/termek\/lemieux-mini-kulacs-navy\/"]}]},{"@type":"BreadcrumbList","@id":"https:\/\/arak.spicehorse.eu\/termek\/lemieux-mini-kulacs-navy\/#breadcrumb","itemListElement":[{"@type":"ListItem","position":1,"name":"Home","item":"https:\/\/arak.spicehorse.eu\/sk\/"},{"@type":"ListItem","position":2,"name":"Predaj\u0148a","item":"https:\/\/arak.spicehorse.eu\/sk\/predajna\/"},{"@type":"ListItem","position":3,"name":"LeMieux Mini poh\u00e1r so sos\u00e1kom Navy"}]},{"@type":"WebSite","@id":"https:\/\/arak.spicehorse.eu\/en\/#website","url":"https:\/\/arak.spicehorse.eu\/en\/","name":"Spicehorse","description":"UNDER DEVELOPMENT -","potentialAction":[{"@type":"SearchAction","target":{"@type":"EntryPoint","urlTemplate":"https:\/\/arak.spicehorse.eu\/en\/?s={search_term_string}"},"query-input":"required name=search_term_string"}],"inLanguage":"sk-SK"}]}},"_links":{"self":[{"href":"https:\/\/arak.spicehorse.eu\/sk\/wp-json\/wp\/v2\/product\/186767"}],"collection":[{"href":"https:\/\/arak.spicehorse.eu\/sk\/wp-json\/wp\/v2\/product"}],"about":[{"href":"https:\/\/arak.spicehorse.eu\/sk\/wp-json\/wp\/v2\/types\/product"}],"wp:featuredmedia":[{"embeddable":true,"href":"https:\/\/arak.spicehorse.eu\/sk\/wp-json\/wp\/v2\/media\/186782"}],"wp:attachment":[{"href":"https:\/\/arak.spicehorse.eu\/sk\/wp-json\/wp\/v2\/media?parent=186767"}],"wp:term":[{"taxonomy":"product_cat","embeddable":true,"href":"https:\/\/arak.spicehorse.eu\/sk\/wp-json\/wp\/v2\/product_cat?post=186767"},{"taxonomy":"product_tag","embeddable":true,"href":"https:\/\/arak.spicehorse.eu\/sk\/wp-json\/wp\/v2\/product_tag?post=186767"}],"curies":[{"name":"wp","href":"https:\/\/api.w.org\/{rel}","templated":true}]}}