{"id":186879,"date":"2024-10-22T17:00:23","date_gmt":"2024-10-22T15:00:26","guid":{"rendered":"https:\/\/arak.spicehorse.eu\/?post_type=product&#038;p=186879"},"modified":"2025-10-01T20:40:47","modified_gmt":"2025-10-01T18:40:47","slug":"equestrian-stockholm-modern-mocha-skokova-podsedlova-decka","status":"publish","type":"product","link":"https:\/\/arak.spicehorse.eu\/sk\/produkt\/equestrian-stockholm-modern-mocha-skokova-podsedlova-decka\/","title":{"rendered":"Equestrian Stockholm Modern Mocha skokov\u00e1 podsedlov\u00e1 de\u010dka"},"content":{"rendered":"<div>\n<p><span lang=\"SK\">Elegantn\u00e1 Equestrian Stockholm podsedlov\u00e1 de\u0165ka v\u00a0kr\u00e1snej k\u00e1vovo hnedej farbe s\u00a0\u010diernymi detailmi. \u010cierna Equestrian Stockholm tabu\u013eka s\u00a0logom na boku a\u00a0kor\u00e1lkov\u00fd lem v\u00a0rovnakom farebnom t\u00f3ne. V\u010faka bambusov\u00e9mu materi\u00e1lu a\u00a0termoregula\u010dn\u00fdm vlastnostiam je ide\u00e1lnou vo\u013ebou po\u010das cel\u00e9ho roka- v\u00a0zime hreje a\u00a0v\u00a0lete chlad\u00ed. R\u00fdchlo schne, mimoriadne \u00fa\u010dinne absorbuje vlhkos\u0165 a\u00a0m\u00e1 antibakteri\u00e1lne \u00fa\u010dinky.<\/span><\/p>\n<\/div>\n<div>\n<p><span lang=\"SK\">Dokonale lad\u00ed s\u00a0ostatn\u00fdmi v\u00fdrobkami kolekcie Equestrian Stockholm\u00a0 Modern Mocha.<\/span><\/p>\n<\/div>\n","protected":false},"excerpt":{"rendered":"<ul style=\"font-weight: 400;\">\n<li>Ve\u013ekos\u0165: Full<\/li>\n<li>Farba: k\u00e1vov\u00e1 hned\u00e1<\/li>\n<li>Detaily: \u010dierny lem, hned\u00e9 Equestrian Stockholm logo \/ Ride against cancer n\u00e1pis \/ modern\u00e9 \u0161tepovanie \/ hned\u00e9 kor\u00e1le<\/li>\n<li>Lem: \u010dierny<\/li>\n<li>Kovov\u00e1 tabu\u013eka: \u010dierna<\/li>\n<li>Vn\u00fatorn\u00e1 \u010das\u0165: bambusov\u00e1 pod\u0161\u00edvka (24% bambus + 76% polyester) \/vonkaj\u0161ia \u010das\u0165: 100% polyester<\/li>\n<li>Pranie: mo\u017eno pra\u0165 na 30\u00b0\/ nepou\u017e\u00edvajte aviv\u00e1\u017e \/ nevkladajte do su\u0161i\u010dky \/ pre \u00fa\u010dinnej\u0161ie pranie a\u00a0ochranu kovovej tabu\u013eky perte z\u00a0rubovej strany\/ such\u00e9 zipsy majte zapnut\u00e9<\/li>\n<\/ul>\n","protected":false},"featured_media":186882,"template":"","meta":{"_acf_changed":false},"product_cat":[2643,78,75,367],"product_tag":[351,3082,219,2074],"acf":[],"yoast_head":"<!-- This site is optimized with the Yoast SEO plugin v21.4 - https:\/\/yoast.com\/wordpress\/plugins\/seo\/ -->\n<title>Equestrian Stockholm Modern Mocha skokov\u00e1 podsedlov\u00e1 de\u010dka - Spicehorse<\/title>\n<meta name=\"description\" content=\"spicehorse.eu | Elegantn\u00e1 Equestrian Stockholm podsedlov\u00e1 de\u0165ka v\u00a0kr\u00e1snej k\u00e1vovo hnedej farbe s\u00a0\u010diernymi detailmi.\" \/>\n<meta name=\"robots\" content=\"index, follow, max-snippet:-1, max-image-preview:large, max-video-preview:-1\" \/>\n<link rel=\"canonical\" href=\"https:\/\/arak.spicehorse.eu\/sk\/produkt\/equestrian-stockholm-modern-mocha-skokova-podsedlova-decka\/\" \/>\n<meta property=\"og:locale\" content=\"sk_SK\" \/>\n<meta property=\"og:type\" content=\"article\" \/>\n<meta property=\"og:title\" content=\"Equestrian Stockholm Modern Mocha skokov\u00e1 podsedlov\u00e1 de\u010dka - Spicehorse\" \/>\n<meta property=\"og:description\" content=\"spicehorse.eu | Elegantn\u00e1 Equestrian Stockholm podsedlov\u00e1 de\u0165ka v\u00a0kr\u00e1snej k\u00e1vovo hnedej farbe s\u00a0\u010diernymi detailmi.\" \/>\n<meta property=\"og:url\" content=\"https:\/\/arak.spicehorse.eu\/sk\/produkt\/equestrian-stockholm-modern-mocha-skokova-podsedlova-decka\/\" \/>\n<meta property=\"og:site_name\" content=\"Spicehorse\" \/>\n<meta property=\"article:publisher\" content=\"https:\/\/www.facebook.com\/SPICEHORSE-550385625402457\/\" \/>\n<meta property=\"article:modified_time\" content=\"2025-10-01T18:40:47+00:00\" \/>\n<meta property=\"og:image\" content=\"https:\/\/arak.spicehorse.eu\/wp-content\/uploads\/2024\/10\/modern-mocha-jumping-saddle-pad-hoppschabrak-springschabrack-spring-zadeldekje-1jpg.webp\" \/>\n\t<meta property=\"og:image:width\" content=\"1500\" \/>\n\t<meta property=\"og:image:height\" content=\"2048\" \/>\n\t<meta property=\"og:image:type\" content=\"image\/webp\" \/>\n<meta name=\"twitter:card\" content=\"summary_large_image\" \/>\n<script type=\"application\/ld+json\" class=\"yoast-schema-graph\">{\"@context\":\"https:\/\/schema.org\",\"@graph\":[{\"@type\":\"WebPage\",\"@id\":\"https:\/\/arak.spicehorse.eu\/sk\/produkt\/equestrian-stockholm-modern-mocha-skokova-podsedlova-decka\/\",\"url\":\"https:\/\/arak.spicehorse.eu\/sk\/produkt\/equestrian-stockholm-modern-mocha-skokova-podsedlova-decka\/\",\"name\":\"Equestrian Stockholm Modern Mocha skokov\u00e1 podsedlov\u00e1 de\u010dka - Spicehorse\",\"isPartOf\":{\"@id\":\"https:\/\/arak.spicehorse.eu\/en\/#website\"},\"datePublished\":\"2024-10-22T15:00:26+00:00\",\"dateModified\":\"2025-10-01T18:40:47+00:00\",\"description\":\"spicehorse.eu | Elegantn\u00e1 Equestrian Stockholm podsedlov\u00e1 de\u0165ka v\u00a0kr\u00e1snej k\u00e1vovo hnedej farbe s\u00a0\u010diernymi detailmi.\",\"breadcrumb\":{\"@id\":\"https:\/\/arak.spicehorse.eu\/sk\/produkt\/equestrian-stockholm-modern-mocha-skokova-podsedlova-decka\/#breadcrumb\"},\"inLanguage\":\"sk-SK\",\"potentialAction\":[{\"@type\":\"ReadAction\",\"target\":[\"https:\/\/arak.spicehorse.eu\/sk\/produkt\/equestrian-stockholm-modern-mocha-skokova-podsedlova-decka\/\"]}]},{\"@type\":\"BreadcrumbList\",\"@id\":\"https:\/\/arak.spicehorse.eu\/sk\/produkt\/equestrian-stockholm-modern-mocha-skokova-podsedlova-decka\/#breadcrumb\",\"itemListElement\":[{\"@type\":\"ListItem\",\"position\":1,\"name\":\"Home\",\"item\":\"https:\/\/arak.spicehorse.eu\/sk\/\"},{\"@type\":\"ListItem\",\"position\":2,\"name\":\"Predaj\u0148a\",\"item\":\"https:\/\/arak.spicehorse.eu\/sk\/predajna\/\"},{\"@type\":\"ListItem\",\"position\":3,\"name\":\"Equestrian Stockholm Modern Mocha skokov\u00e1 podsedlov\u00e1 de\u010dka\"}]},{\"@type\":\"WebSite\",\"@id\":\"https:\/\/arak.spicehorse.eu\/en\/#website\",\"url\":\"https:\/\/arak.spicehorse.eu\/en\/\",\"name\":\"Spicehorse\",\"description\":\"UNDER DEVELOPMENT -\",\"potentialAction\":[{\"@type\":\"SearchAction\",\"target\":{\"@type\":\"EntryPoint\",\"urlTemplate\":\"https:\/\/arak.spicehorse.eu\/en\/?s={search_term_string}\"},\"query-input\":\"required name=search_term_string\"}],\"inLanguage\":\"sk-SK\"}]}<\/script>\n<!-- \/ Yoast SEO plugin. -->","yoast_head_json":{"title":"Equestrian Stockholm Modern Mocha skokov\u00e1 podsedlov\u00e1 de\u010dka - Spicehorse","description":"spicehorse.eu | Elegantn\u00e1 Equestrian Stockholm podsedlov\u00e1 de\u0165ka v\u00a0kr\u00e1snej k\u00e1vovo hnedej farbe s\u00a0\u010diernymi detailmi.","robots":{"index":"index","follow":"follow","max-snippet":"max-snippet:-1","max-image-preview":"max-image-preview:large","max-video-preview":"max-video-preview:-1"},"canonical":"https:\/\/arak.spicehorse.eu\/sk\/produkt\/equestrian-stockholm-modern-mocha-skokova-podsedlova-decka\/","og_locale":"sk_SK","og_type":"article","og_title":"Equestrian Stockholm Modern Mocha skokov\u00e1 podsedlov\u00e1 de\u010dka - Spicehorse","og_description":"spicehorse.eu | Elegantn\u00e1 Equestrian Stockholm podsedlov\u00e1 de\u0165ka v\u00a0kr\u00e1snej k\u00e1vovo hnedej farbe s\u00a0\u010diernymi detailmi.","og_url":"https:\/\/arak.spicehorse.eu\/sk\/produkt\/equestrian-stockholm-modern-mocha-skokova-podsedlova-decka\/","og_site_name":"Spicehorse","article_publisher":"https:\/\/www.facebook.com\/SPICEHORSE-550385625402457\/","article_modified_time":"2025-10-01T18:40:47+00:00","og_image":[{"width":1500,"height":2048,"url":"https:\/\/arak.spicehorse.eu\/wp-content\/uploads\/2024\/10\/modern-mocha-jumping-saddle-pad-hoppschabrak-springschabrack-spring-zadeldekje-1jpg.webp","type":"image\/webp"}],"twitter_card":"summary_large_image","schema":{"@context":"https:\/\/schema.org","@graph":[{"@type":"WebPage","@id":"https:\/\/arak.spicehorse.eu\/sk\/produkt\/equestrian-stockholm-modern-mocha-skokova-podsedlova-decka\/","url":"https:\/\/arak.spicehorse.eu\/sk\/produkt\/equestrian-stockholm-modern-mocha-skokova-podsedlova-decka\/","name":"Equestrian Stockholm Modern Mocha skokov\u00e1 podsedlov\u00e1 de\u010dka - Spicehorse","isPartOf":{"@id":"https:\/\/arak.spicehorse.eu\/en\/#website"},"datePublished":"2024-10-22T15:00:26+00:00","dateModified":"2025-10-01T18:40:47+00:00","description":"spicehorse.eu | Elegantn\u00e1 Equestrian Stockholm podsedlov\u00e1 de\u0165ka v\u00a0kr\u00e1snej k\u00e1vovo hnedej farbe s\u00a0\u010diernymi detailmi.","breadcrumb":{"@id":"https:\/\/arak.spicehorse.eu\/sk\/produkt\/equestrian-stockholm-modern-mocha-skokova-podsedlova-decka\/#breadcrumb"},"inLanguage":"sk-SK","potentialAction":[{"@type":"ReadAction","target":["https:\/\/arak.spicehorse.eu\/sk\/produkt\/equestrian-stockholm-modern-mocha-skokova-podsedlova-decka\/"]}]},{"@type":"BreadcrumbList","@id":"https:\/\/arak.spicehorse.eu\/sk\/produkt\/equestrian-stockholm-modern-mocha-skokova-podsedlova-decka\/#breadcrumb","itemListElement":[{"@type":"ListItem","position":1,"name":"Home","item":"https:\/\/arak.spicehorse.eu\/sk\/"},{"@type":"ListItem","position":2,"name":"Predaj\u0148a","item":"https:\/\/arak.spicehorse.eu\/sk\/predajna\/"},{"@type":"ListItem","position":3,"name":"Equestrian Stockholm Modern Mocha skokov\u00e1 podsedlov\u00e1 de\u010dka"}]},{"@type":"WebSite","@id":"https:\/\/arak.spicehorse.eu\/en\/#website","url":"https:\/\/arak.spicehorse.eu\/en\/","name":"Spicehorse","description":"UNDER DEVELOPMENT -","potentialAction":[{"@type":"SearchAction","target":{"@type":"EntryPoint","urlTemplate":"https:\/\/arak.spicehorse.eu\/en\/?s={search_term_string}"},"query-input":"required name=search_term_string"}],"inLanguage":"sk-SK"}]}},"_links":{"self":[{"href":"https:\/\/arak.spicehorse.eu\/sk\/wp-json\/wp\/v2\/product\/186879"}],"collection":[{"href":"https:\/\/arak.spicehorse.eu\/sk\/wp-json\/wp\/v2\/product"}],"about":[{"href":"https:\/\/arak.spicehorse.eu\/sk\/wp-json\/wp\/v2\/types\/product"}],"wp:featuredmedia":[{"embeddable":true,"href":"https:\/\/arak.spicehorse.eu\/sk\/wp-json\/wp\/v2\/media\/186882"}],"wp:attachment":[{"href":"https:\/\/arak.spicehorse.eu\/sk\/wp-json\/wp\/v2\/media?parent=186879"}],"wp:term":[{"taxonomy":"product_cat","embeddable":true,"href":"https:\/\/arak.spicehorse.eu\/sk\/wp-json\/wp\/v2\/product_cat?post=186879"},{"taxonomy":"product_tag","embeddable":true,"href":"https:\/\/arak.spicehorse.eu\/sk\/wp-json\/wp\/v2\/product_tag?post=186879"}],"curies":[{"name":"wp","href":"https:\/\/api.w.org\/{rel}","templated":true}]}}