{"id":187935,"date":"2024-11-13T10:12:16","date_gmt":"2024-11-13T09:12:23","guid":{"rendered":"https:\/\/arak.spicehorse.eu\/?post_type=product&#038;p=187935"},"modified":"2024-12-02T11:36:30","modified_gmt":"2024-12-02T10:36:30","slug":"qhp-nastavitelny-krizovy-popruh-na-deku","status":"publish","type":"product","link":"https:\/\/arak.spicehorse.eu\/sk\/produkt\/qhp-nastavitelny-krizovy-popruh-na-deku\/","title":{"rendered":"QHP nastavite\u013en\u00fd kr\u00ed\u017eov\u00fd popruh na deku"},"content":{"rendered":"<p style=\"font-weight: 400;\">Praktick\u00e9 QHP menite\u013en\u00e9 kr\u00ed\u017eov\u00e9 popruhy, s\u00fa vhodn\u00e9 takmer ku ka\u017edej deke. Po\u013eahky si m\u00f4\u017eeme vymeni\u0165 zni\u010den\u00e9 alebo straten\u00e9 kr\u00ed\u017eov\u00e9 popruhy. Prichycuj\u00fa sa na bokoch pomocou spony. V\u010faka nim m\u00f4\u017eeme deku ve\u013emi \u013eahko upevni\u0165 na ko\u0148a.<\/p>\n","protected":false},"excerpt":{"rendered":"<ul style=\"font-weight: 400;\">\n<li>Materi\u00e1l: 100% polypropyl\u00e9n<\/li>\n<li>Spony: nehrdzavej\u00faca oce\u013e<\/li>\n<li>Nastavite\u013en\u00e9 kr\u00ed\u017eov\u00e9 popruhy<\/li>\n<li>M\u00f4\u017ee sa pou\u017ei\u0165 ku ka\u017edej deke s\u00a0odn\u00edmate\u013en\u00fdm kr\u00ed\u017eov\u00fdm popruhom<\/li>\n<li>S\u00a0kovovou sponou a gumou<\/li>\n<li>Nastavite\u013en\u00e1 v\u00a0rozmedz\u00ed 71 cm a\u017e 138 cm<\/li>\n<li>Set pozost\u00e1vaj\u00faci z\u00a0dvoch kusov<\/li>\n<\/ul>\n","protected":false},"featured_media":187941,"template":"","meta":{"_acf_changed":false},"product_cat":[75,99],"product_tag":[135,1973],"acf":[],"yoast_head":"<!-- This site is optimized with the Yoast SEO plugin v21.4 - https:\/\/yoast.com\/wordpress\/plugins\/seo\/ -->\n<title>QHP nastavite\u013en\u00fd kr\u00ed\u017eov\u00fd popruh na deku - Spicehorse<\/title>\n<meta name=\"description\" content=\"spicehorse.eu | Praktick\u00e9 QHP menite\u013en\u00e9 kr\u00ed\u017eov\u00e9 popruhy, s\u00fa vhodn\u00e9 takmer ku ka\u017edej deke. Po\u013eahky si m\u00f4\u017eeme vymeni\u0165 zni\u010den\u00e9 alebo straten\u00e9 kr\u00ed\u017eov\u00e9 popruhy.\" \/>\n<meta name=\"robots\" content=\"index, follow, max-snippet:-1, max-image-preview:large, max-video-preview:-1\" \/>\n<link rel=\"canonical\" href=\"https:\/\/arak.spicehorse.eu\/termek\/qhp-allithato-takaro-keresztpant\/\" \/>\n<meta property=\"og:locale\" content=\"sk_SK\" \/>\n<meta property=\"og:type\" content=\"article\" \/>\n<meta property=\"og:title\" content=\"QHP nastavite\u013en\u00fd kr\u00ed\u017eov\u00fd popruh na deku - Spicehorse\" \/>\n<meta property=\"og:description\" content=\"spicehorse.eu | Praktick\u00e9 QHP menite\u013en\u00e9 kr\u00ed\u017eov\u00e9 popruhy, s\u00fa vhodn\u00e9 takmer ku ka\u017edej deke. Po\u013eahky si m\u00f4\u017eeme vymeni\u0165 zni\u010den\u00e9 alebo straten\u00e9 kr\u00ed\u017eov\u00e9 popruhy.\" \/>\n<meta property=\"og:url\" content=\"https:\/\/arak.spicehorse.eu\/termek\/qhp-allithato-takaro-keresztpant\/\" \/>\n<meta property=\"og:site_name\" content=\"Spicehorse\" \/>\n<meta property=\"article:publisher\" content=\"https:\/\/www.facebook.com\/SPICEHORSE-550385625402457\/\" \/>\n<meta property=\"article:modified_time\" content=\"2024-12-02T10:36:30+00:00\" \/>\n<meta property=\"og:image\" content=\"https:\/\/arak.spicehorse.eu\/wp-content\/uploads\/2024\/11\/6200zw-1.jpg\" \/>\n\t<meta property=\"og:image:width\" content=\"1046\" \/>\n\t<meta property=\"og:image:height\" content=\"837\" \/>\n\t<meta property=\"og:image:type\" content=\"image\/jpeg\" \/>\n<meta name=\"twitter:card\" content=\"summary_large_image\" \/>\n<script type=\"application\/ld+json\" class=\"yoast-schema-graph\">{\"@context\":\"https:\/\/schema.org\",\"@graph\":[{\"@type\":\"WebPage\",\"@id\":\"https:\/\/arak.spicehorse.eu\/termek\/qhp-allithato-takaro-keresztpant\/\",\"url\":\"https:\/\/arak.spicehorse.eu\/termek\/qhp-allithato-takaro-keresztpant\/\",\"name\":\"QHP nastavite\u013en\u00fd kr\u00ed\u017eov\u00fd popruh na deku - Spicehorse\",\"isPartOf\":{\"@id\":\"https:\/\/arak.spicehorse.eu\/en\/#website\"},\"datePublished\":\"2024-11-13T09:12:23+00:00\",\"dateModified\":\"2024-12-02T10:36:30+00:00\",\"description\":\"spicehorse.eu | Praktick\u00e9 QHP menite\u013en\u00e9 kr\u00ed\u017eov\u00e9 popruhy, s\u00fa vhodn\u00e9 takmer ku ka\u017edej deke. Po\u013eahky si m\u00f4\u017eeme vymeni\u0165 zni\u010den\u00e9 alebo straten\u00e9 kr\u00ed\u017eov\u00e9 popruhy.\",\"breadcrumb\":{\"@id\":\"https:\/\/arak.spicehorse.eu\/termek\/qhp-allithato-takaro-keresztpant\/#breadcrumb\"},\"inLanguage\":\"sk-SK\",\"potentialAction\":[{\"@type\":\"ReadAction\",\"target\":[\"https:\/\/arak.spicehorse.eu\/termek\/qhp-allithato-takaro-keresztpant\/\"]}]},{\"@type\":\"BreadcrumbList\",\"@id\":\"https:\/\/arak.spicehorse.eu\/termek\/qhp-allithato-takaro-keresztpant\/#breadcrumb\",\"itemListElement\":[{\"@type\":\"ListItem\",\"position\":1,\"name\":\"Home\",\"item\":\"https:\/\/arak.spicehorse.eu\/sk\/\"},{\"@type\":\"ListItem\",\"position\":2,\"name\":\"Predaj\u0148a\",\"item\":\"https:\/\/arak.spicehorse.eu\/sk\/predajna\/\"},{\"@type\":\"ListItem\",\"position\":3,\"name\":\"QHP nastavite\u013en\u00fd kr\u00ed\u017eov\u00fd popruh na deku\"}]},{\"@type\":\"WebSite\",\"@id\":\"https:\/\/arak.spicehorse.eu\/en\/#website\",\"url\":\"https:\/\/arak.spicehorse.eu\/en\/\",\"name\":\"Spicehorse\",\"description\":\"UNDER DEVELOPMENT -\",\"potentialAction\":[{\"@type\":\"SearchAction\",\"target\":{\"@type\":\"EntryPoint\",\"urlTemplate\":\"https:\/\/arak.spicehorse.eu\/en\/?s={search_term_string}\"},\"query-input\":\"required name=search_term_string\"}],\"inLanguage\":\"sk-SK\"}]}<\/script>\n<!-- \/ Yoast SEO plugin. -->","yoast_head_json":{"title":"QHP nastavite\u013en\u00fd kr\u00ed\u017eov\u00fd popruh na deku - Spicehorse","description":"spicehorse.eu | Praktick\u00e9 QHP menite\u013en\u00e9 kr\u00ed\u017eov\u00e9 popruhy, s\u00fa vhodn\u00e9 takmer ku ka\u017edej deke. Po\u013eahky si m\u00f4\u017eeme vymeni\u0165 zni\u010den\u00e9 alebo straten\u00e9 kr\u00ed\u017eov\u00e9 popruhy.","robots":{"index":"index","follow":"follow","max-snippet":"max-snippet:-1","max-image-preview":"max-image-preview:large","max-video-preview":"max-video-preview:-1"},"canonical":"https:\/\/arak.spicehorse.eu\/termek\/qhp-allithato-takaro-keresztpant\/","og_locale":"sk_SK","og_type":"article","og_title":"QHP nastavite\u013en\u00fd kr\u00ed\u017eov\u00fd popruh na deku - Spicehorse","og_description":"spicehorse.eu | Praktick\u00e9 QHP menite\u013en\u00e9 kr\u00ed\u017eov\u00e9 popruhy, s\u00fa vhodn\u00e9 takmer ku ka\u017edej deke. Po\u013eahky si m\u00f4\u017eeme vymeni\u0165 zni\u010den\u00e9 alebo straten\u00e9 kr\u00ed\u017eov\u00e9 popruhy.","og_url":"https:\/\/arak.spicehorse.eu\/termek\/qhp-allithato-takaro-keresztpant\/","og_site_name":"Spicehorse","article_publisher":"https:\/\/www.facebook.com\/SPICEHORSE-550385625402457\/","article_modified_time":"2024-12-02T10:36:30+00:00","og_image":[{"width":1046,"height":837,"url":"https:\/\/arak.spicehorse.eu\/wp-content\/uploads\/2024\/11\/6200zw-1.jpg","type":"image\/jpeg"}],"twitter_card":"summary_large_image","schema":{"@context":"https:\/\/schema.org","@graph":[{"@type":"WebPage","@id":"https:\/\/arak.spicehorse.eu\/termek\/qhp-allithato-takaro-keresztpant\/","url":"https:\/\/arak.spicehorse.eu\/termek\/qhp-allithato-takaro-keresztpant\/","name":"QHP nastavite\u013en\u00fd kr\u00ed\u017eov\u00fd popruh na deku - Spicehorse","isPartOf":{"@id":"https:\/\/arak.spicehorse.eu\/en\/#website"},"datePublished":"2024-11-13T09:12:23+00:00","dateModified":"2024-12-02T10:36:30+00:00","description":"spicehorse.eu | Praktick\u00e9 QHP menite\u013en\u00e9 kr\u00ed\u017eov\u00e9 popruhy, s\u00fa vhodn\u00e9 takmer ku ka\u017edej deke. Po\u013eahky si m\u00f4\u017eeme vymeni\u0165 zni\u010den\u00e9 alebo straten\u00e9 kr\u00ed\u017eov\u00e9 popruhy.","breadcrumb":{"@id":"https:\/\/arak.spicehorse.eu\/termek\/qhp-allithato-takaro-keresztpant\/#breadcrumb"},"inLanguage":"sk-SK","potentialAction":[{"@type":"ReadAction","target":["https:\/\/arak.spicehorse.eu\/termek\/qhp-allithato-takaro-keresztpant\/"]}]},{"@type":"BreadcrumbList","@id":"https:\/\/arak.spicehorse.eu\/termek\/qhp-allithato-takaro-keresztpant\/#breadcrumb","itemListElement":[{"@type":"ListItem","position":1,"name":"Home","item":"https:\/\/arak.spicehorse.eu\/sk\/"},{"@type":"ListItem","position":2,"name":"Predaj\u0148a","item":"https:\/\/arak.spicehorse.eu\/sk\/predajna\/"},{"@type":"ListItem","position":3,"name":"QHP nastavite\u013en\u00fd kr\u00ed\u017eov\u00fd popruh na deku"}]},{"@type":"WebSite","@id":"https:\/\/arak.spicehorse.eu\/en\/#website","url":"https:\/\/arak.spicehorse.eu\/en\/","name":"Spicehorse","description":"UNDER DEVELOPMENT -","potentialAction":[{"@type":"SearchAction","target":{"@type":"EntryPoint","urlTemplate":"https:\/\/arak.spicehorse.eu\/en\/?s={search_term_string}"},"query-input":"required name=search_term_string"}],"inLanguage":"sk-SK"}]}},"_links":{"self":[{"href":"https:\/\/arak.spicehorse.eu\/sk\/wp-json\/wp\/v2\/product\/187935"}],"collection":[{"href":"https:\/\/arak.spicehorse.eu\/sk\/wp-json\/wp\/v2\/product"}],"about":[{"href":"https:\/\/arak.spicehorse.eu\/sk\/wp-json\/wp\/v2\/types\/product"}],"wp:featuredmedia":[{"embeddable":true,"href":"https:\/\/arak.spicehorse.eu\/sk\/wp-json\/wp\/v2\/media\/187941"}],"wp:attachment":[{"href":"https:\/\/arak.spicehorse.eu\/sk\/wp-json\/wp\/v2\/media?parent=187935"}],"wp:term":[{"taxonomy":"product_cat","embeddable":true,"href":"https:\/\/arak.spicehorse.eu\/sk\/wp-json\/wp\/v2\/product_cat?post=187935"},{"taxonomy":"product_tag","embeddable":true,"href":"https:\/\/arak.spicehorse.eu\/sk\/wp-json\/wp\/v2\/product_tag?post=187935"}],"curies":[{"name":"wp","href":"https:\/\/api.w.org\/{rel}","templated":true}]}}