{"id":188482,"date":"2024-11-26T14:07:33","date_gmt":"2024-11-26T13:07:36","guid":{"rendered":"https:\/\/arak.spicehorse.eu\/?post_type=product&#038;p=188482"},"modified":"2024-11-26T14:20:55","modified_gmt":"2024-11-26T13:20:55","slug":"ps-of-sweden-classic-drezurna-podsedlova-decka-midnight-green","status":"publish","type":"product","link":"https:\/\/arak.spicehorse.eu\/sk\/produkt\/ps-of-sweden-classic-drezurna-podsedlova-decka-midnight-green\/","title":{"rendered":"PS of Sweden Classic drez\u00farna podsedlov\u00e1 de\u010dka Midnight Green"},"content":{"rendered":"<p style=\"font-weight: 400;\">Elegantn\u00e1 anatomicky tvarovan\u00e1 PS OF SWEDEN podsedlov\u00e1 de\u010dka s\u00a0klasick\u00fdm \u0161tepovan\u00edm a\u00a0ikonick\u00fdm\u00a0 cit\u00e1tom pozd\u013a\u017e l\u00ednie chrbtice. Extra miesto v\u00a0oblasti koh\u00fatika pre myxim\u00e1lne pohodlie, s\u00a0polstrovan\u00edm zabra\u0148uj\u00facim zo\u0161mykovaniu podsedlovej de\u010dky, v\u010faka \u010domu sa podsedlov\u00e1 de\u010dka pri jazden\u00ed ne\u0161m\u00fdka. Vn\u00fatorn\u00e1 \u010das\u0165 je vyroben\u00e1 z\u00a0r\u00fdchlo schn\u00faceho antibakteri\u00e1lneho materi\u00e1lu, ktor\u00fd absorbuje a\u00a0odv\u00e1dza vlhkos\u0165 a\u00a0pot.<\/p>\n<p style=\"font-weight: 400;\">100% polyester<\/p>\n<p style=\"font-weight: 400;\">Cit\u00e1t \u00a0\u201cNormal is boring anyway.\u201d.<\/p>\n<p style=\"font-weight: 400;\"><strong>Materi\u00e1l a o\u0161etrovanie<\/strong><\/p>\n<p style=\"font-weight: 400;\">Pranie: mo\u017eno pra\u0165 na 40\u00b0 \/ nepou\u017e\u00edvajte aviv\u00e1\u017e \/ nevkladajte do su\u0161i\u010dky \/ su\u0161te zavesen\u00e9<\/p>\n","protected":false},"excerpt":{"rendered":"<ul style=\"font-weight: 400;\">\n<li>Anatomick\u00e9 tvarovanie<\/li>\n<li>Vyv\u00fd\u0161en\u00e1 \u010das\u0165 v\u00a0oblasti koh\u00fatika<\/li>\n<li>S\u00a0polstrovan\u00edm zabra\u0148uj\u00facim zo\u0161mykovaniu podsedlovej de\u010dky<\/li>\n<li>Pod\u0161\u00edvka zo sie\u0165ovan\u00e9ho materi\u00e1lu zabezpe\u010duje vo\u013en\u00e9 pr\u00fadenie vzduchu<\/li>\n<li>Z\u00a0r\u00fdchlo schn\u00faceho materi\u00e1lu<\/li>\n<li>Vonkaj\u0161ia \u010das\u0165 je z\u00a0antistatick\u00e9ho materi\u00e1lu odpudzuj\u00faceho ne\u010distoty<\/li>\n<li>5 x 5cm diagon\u00e1lne \u0161tepovanie<\/li>\n<li>Jedine\u010dn\u00fd cit\u00e1t pozd\u013a\u017e l\u00ednie chrbtice<\/li>\n<li>Dekorat\u00edvne \u0161n\u00farovanie<\/li>\n<li>PS kovov\u00e9 logo<\/li>\n<\/ul>\n","protected":false},"featured_media":188485,"template":"","meta":{"_acf_changed":false},"product_cat":[78,75,367],"product_tag":[2468,217,3056,3055,517],"acf":[],"yoast_head":"<!-- This site is optimized with the Yoast SEO plugin v21.4 - https:\/\/yoast.com\/wordpress\/plugins\/seo\/ -->\n<title>PS of Sweden Classic drez\u00farna podsedlov\u00e1 de\u010dka Midnight Green - Spicehorse<\/title>\n<meta name=\"description\" content=\"spicehorse.eu | Elegantn\u00e1 anatomicky tvarovan\u00e1 PS OF SWEDEN podsedlov\u00e1 de\u010dka s\u00a0klasick\u00fdm \u0161tepovan\u00edm a\u00a0ikonick\u00fdm\u00a0 cit\u00e1tom pozd\u013a\u017e l\u00ednie chrbtice.\" \/>\n<meta name=\"robots\" content=\"index, follow, max-snippet:-1, max-image-preview:large, max-video-preview:-1\" \/>\n<link rel=\"canonical\" href=\"https:\/\/arak.spicehorse.eu\/termek\/ps-of-sweden-classic-dijlovas-nyeregalatet-midnight-green\/\" \/>\n<meta property=\"og:locale\" content=\"sk_SK\" \/>\n<meta property=\"og:type\" content=\"article\" \/>\n<meta property=\"og:title\" content=\"PS of Sweden Classic drez\u00farna podsedlov\u00e1 de\u010dka Midnight Green - Spicehorse\" \/>\n<meta property=\"og:description\" content=\"spicehorse.eu | Elegantn\u00e1 anatomicky tvarovan\u00e1 PS OF SWEDEN podsedlov\u00e1 de\u010dka s\u00a0klasick\u00fdm \u0161tepovan\u00edm a\u00a0ikonick\u00fdm\u00a0 cit\u00e1tom pozd\u013a\u017e l\u00ednie chrbtice.\" \/>\n<meta property=\"og:url\" content=\"https:\/\/arak.spicehorse.eu\/termek\/ps-of-sweden-classic-dijlovas-nyeregalatet-midnight-green\/\" \/>\n<meta property=\"og:site_name\" content=\"Spicehorse\" \/>\n<meta property=\"article:publisher\" content=\"https:\/\/www.facebook.com\/SPICEHORSE-550385625402457\/\" \/>\n<meta property=\"article:modified_time\" content=\"2024-11-26T13:20:55+00:00\" \/>\n<meta property=\"og:image\" content=\"https:\/\/arak.spicehorse.eu\/wp-content\/uploads\/2024\/11\/1110-103-685-saddle-pad-classic-quilt-dressage-685-midnight-green-0016-1500x2000-1.jpg\" \/>\n\t<meta property=\"og:image:width\" content=\"1500\" \/>\n\t<meta property=\"og:image:height\" content=\"2000\" \/>\n\t<meta property=\"og:image:type\" content=\"image\/jpeg\" \/>\n<meta name=\"twitter:card\" content=\"summary_large_image\" \/>\n<meta name=\"twitter:label1\" content=\"Predpokladan\u00fd \u010das \u010d\u00edtania\" \/>\n\t<meta name=\"twitter:data1\" content=\"1 min\u00fata\" \/>\n<script type=\"application\/ld+json\" class=\"yoast-schema-graph\">{\"@context\":\"https:\/\/schema.org\",\"@graph\":[{\"@type\":\"WebPage\",\"@id\":\"https:\/\/arak.spicehorse.eu\/termek\/ps-of-sweden-classic-dijlovas-nyeregalatet-midnight-green\/\",\"url\":\"https:\/\/arak.spicehorse.eu\/termek\/ps-of-sweden-classic-dijlovas-nyeregalatet-midnight-green\/\",\"name\":\"PS of Sweden Classic drez\u00farna podsedlov\u00e1 de\u010dka Midnight Green - Spicehorse\",\"isPartOf\":{\"@id\":\"https:\/\/arak.spicehorse.eu\/en\/#website\"},\"datePublished\":\"2024-11-26T13:07:36+00:00\",\"dateModified\":\"2024-11-26T13:20:55+00:00\",\"description\":\"spicehorse.eu | Elegantn\u00e1 anatomicky tvarovan\u00e1 PS OF SWEDEN podsedlov\u00e1 de\u010dka s\u00a0klasick\u00fdm \u0161tepovan\u00edm a\u00a0ikonick\u00fdm\u00a0 cit\u00e1tom pozd\u013a\u017e l\u00ednie chrbtice.\",\"breadcrumb\":{\"@id\":\"https:\/\/arak.spicehorse.eu\/termek\/ps-of-sweden-classic-dijlovas-nyeregalatet-midnight-green\/#breadcrumb\"},\"inLanguage\":\"sk-SK\",\"potentialAction\":[{\"@type\":\"ReadAction\",\"target\":[\"https:\/\/arak.spicehorse.eu\/termek\/ps-of-sweden-classic-dijlovas-nyeregalatet-midnight-green\/\"]}]},{\"@type\":\"BreadcrumbList\",\"@id\":\"https:\/\/arak.spicehorse.eu\/termek\/ps-of-sweden-classic-dijlovas-nyeregalatet-midnight-green\/#breadcrumb\",\"itemListElement\":[{\"@type\":\"ListItem\",\"position\":1,\"name\":\"Home\",\"item\":\"https:\/\/arak.spicehorse.eu\/sk\/\"},{\"@type\":\"ListItem\",\"position\":2,\"name\":\"Predaj\u0148a\",\"item\":\"https:\/\/arak.spicehorse.eu\/sk\/predajna\/\"},{\"@type\":\"ListItem\",\"position\":3,\"name\":\"PS of Sweden Classic drez\u00farna podsedlov\u00e1 de\u010dka Midnight Green\"}]},{\"@type\":\"WebSite\",\"@id\":\"https:\/\/arak.spicehorse.eu\/en\/#website\",\"url\":\"https:\/\/arak.spicehorse.eu\/en\/\",\"name\":\"Spicehorse\",\"description\":\"UNDER DEVELOPMENT -\",\"potentialAction\":[{\"@type\":\"SearchAction\",\"target\":{\"@type\":\"EntryPoint\",\"urlTemplate\":\"https:\/\/arak.spicehorse.eu\/en\/?s={search_term_string}\"},\"query-input\":\"required name=search_term_string\"}],\"inLanguage\":\"sk-SK\"}]}<\/script>\n<!-- \/ Yoast SEO plugin. -->","yoast_head_json":{"title":"PS of Sweden Classic drez\u00farna podsedlov\u00e1 de\u010dka Midnight Green - Spicehorse","description":"spicehorse.eu | Elegantn\u00e1 anatomicky tvarovan\u00e1 PS OF SWEDEN podsedlov\u00e1 de\u010dka s\u00a0klasick\u00fdm \u0161tepovan\u00edm a\u00a0ikonick\u00fdm\u00a0 cit\u00e1tom pozd\u013a\u017e l\u00ednie chrbtice.","robots":{"index":"index","follow":"follow","max-snippet":"max-snippet:-1","max-image-preview":"max-image-preview:large","max-video-preview":"max-video-preview:-1"},"canonical":"https:\/\/arak.spicehorse.eu\/termek\/ps-of-sweden-classic-dijlovas-nyeregalatet-midnight-green\/","og_locale":"sk_SK","og_type":"article","og_title":"PS of Sweden Classic drez\u00farna podsedlov\u00e1 de\u010dka Midnight Green - Spicehorse","og_description":"spicehorse.eu | Elegantn\u00e1 anatomicky tvarovan\u00e1 PS OF SWEDEN podsedlov\u00e1 de\u010dka s\u00a0klasick\u00fdm \u0161tepovan\u00edm a\u00a0ikonick\u00fdm\u00a0 cit\u00e1tom pozd\u013a\u017e l\u00ednie chrbtice.","og_url":"https:\/\/arak.spicehorse.eu\/termek\/ps-of-sweden-classic-dijlovas-nyeregalatet-midnight-green\/","og_site_name":"Spicehorse","article_publisher":"https:\/\/www.facebook.com\/SPICEHORSE-550385625402457\/","article_modified_time":"2024-11-26T13:20:55+00:00","og_image":[{"width":1500,"height":2000,"url":"https:\/\/arak.spicehorse.eu\/wp-content\/uploads\/2024\/11\/1110-103-685-saddle-pad-classic-quilt-dressage-685-midnight-green-0016-1500x2000-1.jpg","type":"image\/jpeg"}],"twitter_card":"summary_large_image","twitter_misc":{"Predpokladan\u00fd \u010das \u010d\u00edtania":"1 min\u00fata"},"schema":{"@context":"https:\/\/schema.org","@graph":[{"@type":"WebPage","@id":"https:\/\/arak.spicehorse.eu\/termek\/ps-of-sweden-classic-dijlovas-nyeregalatet-midnight-green\/","url":"https:\/\/arak.spicehorse.eu\/termek\/ps-of-sweden-classic-dijlovas-nyeregalatet-midnight-green\/","name":"PS of Sweden Classic drez\u00farna podsedlov\u00e1 de\u010dka Midnight Green - Spicehorse","isPartOf":{"@id":"https:\/\/arak.spicehorse.eu\/en\/#website"},"datePublished":"2024-11-26T13:07:36+00:00","dateModified":"2024-11-26T13:20:55+00:00","description":"spicehorse.eu | Elegantn\u00e1 anatomicky tvarovan\u00e1 PS OF SWEDEN podsedlov\u00e1 de\u010dka s\u00a0klasick\u00fdm \u0161tepovan\u00edm a\u00a0ikonick\u00fdm\u00a0 cit\u00e1tom pozd\u013a\u017e l\u00ednie chrbtice.","breadcrumb":{"@id":"https:\/\/arak.spicehorse.eu\/termek\/ps-of-sweden-classic-dijlovas-nyeregalatet-midnight-green\/#breadcrumb"},"inLanguage":"sk-SK","potentialAction":[{"@type":"ReadAction","target":["https:\/\/arak.spicehorse.eu\/termek\/ps-of-sweden-classic-dijlovas-nyeregalatet-midnight-green\/"]}]},{"@type":"BreadcrumbList","@id":"https:\/\/arak.spicehorse.eu\/termek\/ps-of-sweden-classic-dijlovas-nyeregalatet-midnight-green\/#breadcrumb","itemListElement":[{"@type":"ListItem","position":1,"name":"Home","item":"https:\/\/arak.spicehorse.eu\/sk\/"},{"@type":"ListItem","position":2,"name":"Predaj\u0148a","item":"https:\/\/arak.spicehorse.eu\/sk\/predajna\/"},{"@type":"ListItem","position":3,"name":"PS of Sweden Classic drez\u00farna podsedlov\u00e1 de\u010dka Midnight Green"}]},{"@type":"WebSite","@id":"https:\/\/arak.spicehorse.eu\/en\/#website","url":"https:\/\/arak.spicehorse.eu\/en\/","name":"Spicehorse","description":"UNDER DEVELOPMENT -","potentialAction":[{"@type":"SearchAction","target":{"@type":"EntryPoint","urlTemplate":"https:\/\/arak.spicehorse.eu\/en\/?s={search_term_string}"},"query-input":"required name=search_term_string"}],"inLanguage":"sk-SK"}]}},"_links":{"self":[{"href":"https:\/\/arak.spicehorse.eu\/sk\/wp-json\/wp\/v2\/product\/188482"}],"collection":[{"href":"https:\/\/arak.spicehorse.eu\/sk\/wp-json\/wp\/v2\/product"}],"about":[{"href":"https:\/\/arak.spicehorse.eu\/sk\/wp-json\/wp\/v2\/types\/product"}],"wp:featuredmedia":[{"embeddable":true,"href":"https:\/\/arak.spicehorse.eu\/sk\/wp-json\/wp\/v2\/media\/188485"}],"wp:attachment":[{"href":"https:\/\/arak.spicehorse.eu\/sk\/wp-json\/wp\/v2\/media?parent=188482"}],"wp:term":[{"taxonomy":"product_cat","embeddable":true,"href":"https:\/\/arak.spicehorse.eu\/sk\/wp-json\/wp\/v2\/product_cat?post=188482"},{"taxonomy":"product_tag","embeddable":true,"href":"https:\/\/arak.spicehorse.eu\/sk\/wp-json\/wp\/v2\/product_tag?post=188482"}],"curies":[{"name":"wp","href":"https:\/\/api.w.org\/{rel}","templated":true}]}}