{"id":188612,"date":"2024-11-26T20:27:31","date_gmt":"2024-11-26T19:27:32","guid":{"rendered":"https:\/\/arak.spicehorse.eu\/?post_type=product&#038;p=188612"},"modified":"2024-12-02T12:30:05","modified_gmt":"2024-12-02T11:30:05","slug":"sweet-william-springer-spaniel-ponozky","status":"publish","type":"product","link":"https:\/\/arak.spicehorse.eu\/sk\/produkt\/sweet-william-springer-spaniel-ponozky\/","title":{"rendered":"Sweet William Springer Spaniel pono\u017eky"},"content":{"rendered":"<p style=\"font-weight: 400;\">Mimoriadne m\u00e4kk\u00e9 Sweet William Designpono\u017eky s\u00fa dokonalo vo\u013ebou pre v\u0161etk\u00fdch milovn\u00edkov psov!<\/p>\n<p style=\"font-weight: 400;\">Udr\u017eiavaj\u00fa nohy v\u00a0teple pri ka\u017edodennom ven\u010den\u00ed psov, z\u00e1rove\u0148 s\u00fa pohodln\u00e9 aj pri nosen\u00ed na doma, v\u00a0posteli po\u010das chladnej\u0161\u00edch dn\u00ed.<\/p>\n<p style=\"font-weight: 400;\">S\u00a0roztomilou v\u00fd\u0161ivkou na sivom vlnenom materi\u00e1ly.<\/p>\n<p style=\"font-weight: 400;\">Unisex tvar, jedna ve\u013ekos\u0165. Maxim\u00e1lne elastick\u00e9, preto sedia na nohe ka\u017ed\u00e9ho \u010dlena dom\u00e1cnosti.<\/p>\n<p style=\"font-weight: 400;\">30% vlna, 29% polyester, 21% akryl, 17% nylon, 3% \u0161pandex<\/p>\n<p style=\"font-weight: 400;\">Mo\u017eno pra\u0165 v\u00a0pr\u00e1\u010dke s\u00a0podobn\u00fdmi farbami.<\/p>\n","protected":false},"excerpt":{"rendered":"<p>Mimoriadne m\u00e4kk\u00e9 Sweet William Designpono\u017eky s\u00fa dokonalo vo\u013ebou pre v\u0161etk\u00fdch milovn\u00edkov psov! Udr\u017eiavaj\u00fa nohy v\u00a0teple pri ka\u017edodennom ven\u010den\u00ed psov, z\u00e1rove\u0148 s\u00fa pohodln\u00e9 aj pri nosen\u00ed na doma, v\u00a0posteli po\u010das chladnej\u0161\u00edch dn\u00ed. S\u00a0roztomilou v\u00fd\u0161ivkou na sivom vlnenom materi\u00e1ly. Unisex tvar, jedna ve\u013ekos\u0165. Maxim\u00e1lne elastick\u00e9, preto sedia na nohe ka\u017ed\u00e9ho \u010dlena dom\u00e1cnosti. 30% vlna, 29% polyester, 21% [&hellip;]<\/p>\n","protected":false},"featured_media":188615,"template":"","meta":{"_acf_changed":false},"product_cat":[310,74,301],"product_tag":[2177,1608],"acf":[],"yoast_head":"<!-- This site is optimized with the Yoast SEO plugin v21.4 - https:\/\/yoast.com\/wordpress\/plugins\/seo\/ -->\n<title>Sweet William Springer Spaniel pono\u017eky - Spicehorse<\/title>\n<meta name=\"description\" content=\"spicehorse.eu | Mimoriadne m\u00e4kk\u00e9 Sweet William Designpono\u017eky s\u00fa dokonalo vo\u013ebou pre v\u0161etk\u00fdch milovn\u00edkov psov!\" \/>\n<meta name=\"robots\" content=\"index, follow, max-snippet:-1, max-image-preview:large, max-video-preview:-1\" \/>\n<link rel=\"canonical\" href=\"https:\/\/arak.spicehorse.eu\/termek\/sweet-william-springer-spaniel-zokni\/\" \/>\n<meta property=\"og:locale\" content=\"sk_SK\" \/>\n<meta property=\"og:type\" content=\"article\" \/>\n<meta property=\"og:title\" content=\"Sweet William Springer Spaniel pono\u017eky - Spicehorse\" \/>\n<meta property=\"og:description\" content=\"spicehorse.eu | Mimoriadne m\u00e4kk\u00e9 Sweet William Designpono\u017eky s\u00fa dokonalo vo\u013ebou pre v\u0161etk\u00fdch milovn\u00edkov psov!\" \/>\n<meta property=\"og:url\" content=\"https:\/\/arak.spicehorse.eu\/termek\/sweet-william-springer-spaniel-zokni\/\" \/>\n<meta property=\"og:site_name\" content=\"Spicehorse\" \/>\n<meta property=\"article:publisher\" content=\"https:\/\/www.facebook.com\/SPICEHORSE-550385625402457\/\" \/>\n<meta property=\"article:modified_time\" content=\"2024-12-02T11:30:05+00:00\" \/>\n<meta property=\"og:image\" content=\"https:\/\/arak.spicehorse.eu\/wp-content\/uploads\/2024\/11\/original-springer-spaniel-dog-walking-socks.jpg\" \/>\n\t<meta property=\"og:image:width\" content=\"1024\" \/>\n\t<meta property=\"og:image:height\" content=\"1024\" \/>\n\t<meta property=\"og:image:type\" content=\"image\/jpeg\" \/>\n<meta name=\"twitter:card\" content=\"summary_large_image\" \/>\n<script type=\"application\/ld+json\" class=\"yoast-schema-graph\">{\"@context\":\"https:\/\/schema.org\",\"@graph\":[{\"@type\":\"WebPage\",\"@id\":\"https:\/\/arak.spicehorse.eu\/termek\/sweet-william-springer-spaniel-zokni\/\",\"url\":\"https:\/\/arak.spicehorse.eu\/termek\/sweet-william-springer-spaniel-zokni\/\",\"name\":\"Sweet William Springer Spaniel pono\u017eky - Spicehorse\",\"isPartOf\":{\"@id\":\"https:\/\/arak.spicehorse.eu\/en\/#website\"},\"datePublished\":\"2024-11-26T19:27:32+00:00\",\"dateModified\":\"2024-12-02T11:30:05+00:00\",\"description\":\"spicehorse.eu | Mimoriadne m\u00e4kk\u00e9 Sweet William Designpono\u017eky s\u00fa dokonalo vo\u013ebou pre v\u0161etk\u00fdch milovn\u00edkov psov!\",\"breadcrumb\":{\"@id\":\"https:\/\/arak.spicehorse.eu\/termek\/sweet-william-springer-spaniel-zokni\/#breadcrumb\"},\"inLanguage\":\"sk-SK\",\"potentialAction\":[{\"@type\":\"ReadAction\",\"target\":[\"https:\/\/arak.spicehorse.eu\/termek\/sweet-william-springer-spaniel-zokni\/\"]}]},{\"@type\":\"BreadcrumbList\",\"@id\":\"https:\/\/arak.spicehorse.eu\/termek\/sweet-william-springer-spaniel-zokni\/#breadcrumb\",\"itemListElement\":[{\"@type\":\"ListItem\",\"position\":1,\"name\":\"Home\",\"item\":\"https:\/\/arak.spicehorse.eu\/sk\/\"},{\"@type\":\"ListItem\",\"position\":2,\"name\":\"Predaj\u0148a\",\"item\":\"https:\/\/arak.spicehorse.eu\/sk\/predajna\/\"},{\"@type\":\"ListItem\",\"position\":3,\"name\":\"Sweet William Springer Spaniel pono\u017eky\"}]},{\"@type\":\"WebSite\",\"@id\":\"https:\/\/arak.spicehorse.eu\/en\/#website\",\"url\":\"https:\/\/arak.spicehorse.eu\/en\/\",\"name\":\"Spicehorse\",\"description\":\"UNDER DEVELOPMENT -\",\"potentialAction\":[{\"@type\":\"SearchAction\",\"target\":{\"@type\":\"EntryPoint\",\"urlTemplate\":\"https:\/\/arak.spicehorse.eu\/en\/?s={search_term_string}\"},\"query-input\":\"required name=search_term_string\"}],\"inLanguage\":\"sk-SK\"}]}<\/script>\n<!-- \/ Yoast SEO plugin. -->","yoast_head_json":{"title":"Sweet William Springer Spaniel pono\u017eky - Spicehorse","description":"spicehorse.eu | Mimoriadne m\u00e4kk\u00e9 Sweet William Designpono\u017eky s\u00fa dokonalo vo\u013ebou pre v\u0161etk\u00fdch milovn\u00edkov psov!","robots":{"index":"index","follow":"follow","max-snippet":"max-snippet:-1","max-image-preview":"max-image-preview:large","max-video-preview":"max-video-preview:-1"},"canonical":"https:\/\/arak.spicehorse.eu\/termek\/sweet-william-springer-spaniel-zokni\/","og_locale":"sk_SK","og_type":"article","og_title":"Sweet William Springer Spaniel pono\u017eky - Spicehorse","og_description":"spicehorse.eu | Mimoriadne m\u00e4kk\u00e9 Sweet William Designpono\u017eky s\u00fa dokonalo vo\u013ebou pre v\u0161etk\u00fdch milovn\u00edkov psov!","og_url":"https:\/\/arak.spicehorse.eu\/termek\/sweet-william-springer-spaniel-zokni\/","og_site_name":"Spicehorse","article_publisher":"https:\/\/www.facebook.com\/SPICEHORSE-550385625402457\/","article_modified_time":"2024-12-02T11:30:05+00:00","og_image":[{"width":1024,"height":1024,"url":"https:\/\/arak.spicehorse.eu\/wp-content\/uploads\/2024\/11\/original-springer-spaniel-dog-walking-socks.jpg","type":"image\/jpeg"}],"twitter_card":"summary_large_image","schema":{"@context":"https:\/\/schema.org","@graph":[{"@type":"WebPage","@id":"https:\/\/arak.spicehorse.eu\/termek\/sweet-william-springer-spaniel-zokni\/","url":"https:\/\/arak.spicehorse.eu\/termek\/sweet-william-springer-spaniel-zokni\/","name":"Sweet William Springer Spaniel pono\u017eky - Spicehorse","isPartOf":{"@id":"https:\/\/arak.spicehorse.eu\/en\/#website"},"datePublished":"2024-11-26T19:27:32+00:00","dateModified":"2024-12-02T11:30:05+00:00","description":"spicehorse.eu | Mimoriadne m\u00e4kk\u00e9 Sweet William Designpono\u017eky s\u00fa dokonalo vo\u013ebou pre v\u0161etk\u00fdch milovn\u00edkov psov!","breadcrumb":{"@id":"https:\/\/arak.spicehorse.eu\/termek\/sweet-william-springer-spaniel-zokni\/#breadcrumb"},"inLanguage":"sk-SK","potentialAction":[{"@type":"ReadAction","target":["https:\/\/arak.spicehorse.eu\/termek\/sweet-william-springer-spaniel-zokni\/"]}]},{"@type":"BreadcrumbList","@id":"https:\/\/arak.spicehorse.eu\/termek\/sweet-william-springer-spaniel-zokni\/#breadcrumb","itemListElement":[{"@type":"ListItem","position":1,"name":"Home","item":"https:\/\/arak.spicehorse.eu\/sk\/"},{"@type":"ListItem","position":2,"name":"Predaj\u0148a","item":"https:\/\/arak.spicehorse.eu\/sk\/predajna\/"},{"@type":"ListItem","position":3,"name":"Sweet William Springer Spaniel pono\u017eky"}]},{"@type":"WebSite","@id":"https:\/\/arak.spicehorse.eu\/en\/#website","url":"https:\/\/arak.spicehorse.eu\/en\/","name":"Spicehorse","description":"UNDER DEVELOPMENT -","potentialAction":[{"@type":"SearchAction","target":{"@type":"EntryPoint","urlTemplate":"https:\/\/arak.spicehorse.eu\/en\/?s={search_term_string}"},"query-input":"required name=search_term_string"}],"inLanguage":"sk-SK"}]}},"_links":{"self":[{"href":"https:\/\/arak.spicehorse.eu\/sk\/wp-json\/wp\/v2\/product\/188612"}],"collection":[{"href":"https:\/\/arak.spicehorse.eu\/sk\/wp-json\/wp\/v2\/product"}],"about":[{"href":"https:\/\/arak.spicehorse.eu\/sk\/wp-json\/wp\/v2\/types\/product"}],"wp:featuredmedia":[{"embeddable":true,"href":"https:\/\/arak.spicehorse.eu\/sk\/wp-json\/wp\/v2\/media\/188615"}],"wp:attachment":[{"href":"https:\/\/arak.spicehorse.eu\/sk\/wp-json\/wp\/v2\/media?parent=188612"}],"wp:term":[{"taxonomy":"product_cat","embeddable":true,"href":"https:\/\/arak.spicehorse.eu\/sk\/wp-json\/wp\/v2\/product_cat?post=188612"},{"taxonomy":"product_tag","embeddable":true,"href":"https:\/\/arak.spicehorse.eu\/sk\/wp-json\/wp\/v2\/product_tag?post=188612"}],"curies":[{"name":"wp","href":"https:\/\/api.w.org\/{rel}","templated":true}]}}