{"id":189212,"date":"2024-12-01T21:09:23","date_gmt":"2024-12-01T20:09:26","guid":{"rendered":"https:\/\/arak.spicehorse.eu\/?post_type=product&#038;p=189212"},"modified":"2024-12-04T18:49:51","modified_gmt":"2024-12-04T17:49:51","slug":"sweet-william-revival-krem-na-nohy","status":"publish","type":"product","link":"https:\/\/arak.spicehorse.eu\/sk\/produkt\/sweet-william-revival-krem-na-nohy\/","title":{"rendered":"Sweet William Revival kr\u00e9m na nohy"},"content":{"rendered":"<div>\n<p><span lang=\"SK\">Sweet William Dog Walkers Revival kr\u00e9m na nohy v\u00fdnimo\u010dnej kvality, je dokonal\u00fd po\u010das ka\u017edodenn\u00fdch prech\u00e1dzok s\u00a0va\u0161im mil\u00e1\u010dikom, dokonale vy\u017eivuje a\u00a0o\u0161etruje nohy, ktor\u00e9 s\u00fa o\u0161\u013eahan\u00e9 po\u010das\u00edm. S\u00a0pr\u00edrodn\u00fdmi olejmi a\u00a0vitam\u00ednom E. \u00a0<\/span><\/p>\n<\/div>\n<div>\n<p><span lang=\"SK\">Je dokonal\u00fdm dar\u010dekom pre v\u0161etk\u00fdch milovn\u00edkov psov. V\u00a0sklenenej d\u00f3ze jant\u00e1rovej farby.<\/span><\/p>\n<\/div>\n<div>\n<p><span lang=\"SK\">Nikdy nebol testovan\u00fd na zvierat\u00e1ch\/ Pr\u00edsne ur\u010den\u00fd iba pre \u013eud\u00ed a\u00a0nie pre \u0161tvornoh\u00fdch mil\u00e1\u010dikov\/ Pr\u00edrodn\u00e9 zlo\u017eky- bez SLS \u2013 Bez parab\u00e9nov<\/span><\/p>\n<\/div>\n<div>\n<p><span lang=\"SK\">Made in England<\/span><\/p>\n<\/div>\n<div>\n<p><span lang=\"SK\">60ml<\/span><\/p>\n<\/div>\n","protected":false},"excerpt":{"rendered":"<p>Sweet William Dog Walkers Revival kr\u00e9m na nohy v\u00fdnimo\u010dnej kvality, je dokonal\u00fd po\u010das ka\u017edodenn\u00fdch prech\u00e1dzok s\u00a0va\u0161im mil\u00e1\u010dikom, dokonale vy\u017eivuje a\u00a0o\u0161etruje nohy, ktor\u00e9 s\u00fa o\u0161\u013eahan\u00e9 po\u010das\u00edm. S\u00a0pr\u00edrodn\u00fdmi olejmi a\u00a0vitam\u00ednom E. \u00a0 Je dokonal\u00fdm dar\u010dekom pre v\u0161etk\u00fdch milovn\u00edkov psov. V\u00a0sklenenej d\u00f3ze jant\u00e1rovej farby. Nikdy nebol testovan\u00fd na zvierat\u00e1ch\/ Pr\u00edsne ur\u010den\u00fd iba pre \u013eud\u00ed a\u00a0nie pre \u0161tvornoh\u00fdch mil\u00e1\u010dikov\/ [&hellip;]<\/p>\n","protected":false},"featured_media":189215,"template":"","meta":{"_acf_changed":false},"product_cat":[74,1603],"product_tag":[401,1608],"acf":[],"yoast_head":"<!-- This site is optimized with the Yoast SEO plugin v21.4 - https:\/\/yoast.com\/wordpress\/plugins\/seo\/ -->\n<title>Sweet William Revival kr\u00e9m na nohy - Spicehorse<\/title>\n<meta name=\"description\" content=\"spicehorse.eu | Sweet William Dog Walkers Revival kr\u00e9m na nohy v\u00fdnimo\u010dnej kvality, je dokonal\u00fd po\u010das ka\u017edodenn\u00fdch prech\u00e1dzok s\u00a0va\u0161im mil\u00e1\u010dikom, dokonale vy\u017eivuje a\u00a0o\u0161etruje nohy, ktor\u00e9 s\u00fa o\u0161\u013eahan\u00e9 po\u010das\u00edm.\" \/>\n<meta name=\"robots\" content=\"index, follow, max-snippet:-1, max-image-preview:large, max-video-preview:-1\" \/>\n<link rel=\"canonical\" href=\"https:\/\/arak.spicehorse.eu\/termek\/sweet-william-revival-labkrem\/\" \/>\n<meta property=\"og:locale\" content=\"sk_SK\" \/>\n<meta property=\"og:type\" content=\"article\" \/>\n<meta property=\"og:title\" content=\"Sweet William Revival kr\u00e9m na nohy - Spicehorse\" \/>\n<meta property=\"og:description\" content=\"spicehorse.eu | Sweet William Dog Walkers Revival kr\u00e9m na nohy v\u00fdnimo\u010dnej kvality, je dokonal\u00fd po\u010das ka\u017edodenn\u00fdch prech\u00e1dzok s\u00a0va\u0161im mil\u00e1\u010dikom, dokonale vy\u017eivuje a\u00a0o\u0161etruje nohy, ktor\u00e9 s\u00fa o\u0161\u013eahan\u00e9 po\u010das\u00edm.\" \/>\n<meta property=\"og:url\" content=\"https:\/\/arak.spicehorse.eu\/termek\/sweet-william-revival-labkrem\/\" \/>\n<meta property=\"og:site_name\" content=\"Spicehorse\" \/>\n<meta property=\"article:publisher\" content=\"https:\/\/www.facebook.com\/SPICEHORSE-550385625402457\/\" \/>\n<meta property=\"article:modified_time\" content=\"2024-12-04T17:49:51+00:00\" \/>\n<meta property=\"og:image\" content=\"https:\/\/arak.spicehorse.eu\/wp-content\/uploads\/2024\/12\/foot-cream-001.jpg\" \/>\n\t<meta property=\"og:image:width\" content=\"1050\" \/>\n\t<meta property=\"og:image:height\" content=\"1050\" \/>\n\t<meta property=\"og:image:type\" content=\"image\/jpeg\" \/>\n<meta name=\"twitter:card\" content=\"summary_large_image\" \/>\n<meta name=\"twitter:label1\" content=\"Predpokladan\u00fd \u010das \u010d\u00edtania\" \/>\n\t<meta name=\"twitter:data1\" content=\"1 min\u00fata\" \/>\n<script type=\"application\/ld+json\" class=\"yoast-schema-graph\">{\"@context\":\"https:\/\/schema.org\",\"@graph\":[{\"@type\":\"WebPage\",\"@id\":\"https:\/\/arak.spicehorse.eu\/termek\/sweet-william-revival-labkrem\/\",\"url\":\"https:\/\/arak.spicehorse.eu\/termek\/sweet-william-revival-labkrem\/\",\"name\":\"Sweet William Revival kr\u00e9m na nohy - Spicehorse\",\"isPartOf\":{\"@id\":\"https:\/\/arak.spicehorse.eu\/en\/#website\"},\"datePublished\":\"2024-12-01T20:09:26+00:00\",\"dateModified\":\"2024-12-04T17:49:51+00:00\",\"description\":\"spicehorse.eu | Sweet William Dog Walkers Revival kr\u00e9m na nohy v\u00fdnimo\u010dnej kvality, je dokonal\u00fd po\u010das ka\u017edodenn\u00fdch prech\u00e1dzok s\u00a0va\u0161im mil\u00e1\u010dikom, dokonale vy\u017eivuje a\u00a0o\u0161etruje nohy, ktor\u00e9 s\u00fa o\u0161\u013eahan\u00e9 po\u010das\u00edm.\",\"breadcrumb\":{\"@id\":\"https:\/\/arak.spicehorse.eu\/termek\/sweet-william-revival-labkrem\/#breadcrumb\"},\"inLanguage\":\"sk-SK\",\"potentialAction\":[{\"@type\":\"ReadAction\",\"target\":[\"https:\/\/arak.spicehorse.eu\/termek\/sweet-william-revival-labkrem\/\"]}]},{\"@type\":\"BreadcrumbList\",\"@id\":\"https:\/\/arak.spicehorse.eu\/termek\/sweet-william-revival-labkrem\/#breadcrumb\",\"itemListElement\":[{\"@type\":\"ListItem\",\"position\":1,\"name\":\"Home\",\"item\":\"https:\/\/arak.spicehorse.eu\/sk\/\"},{\"@type\":\"ListItem\",\"position\":2,\"name\":\"Predaj\u0148a\",\"item\":\"https:\/\/arak.spicehorse.eu\/sk\/predajna\/\"},{\"@type\":\"ListItem\",\"position\":3,\"name\":\"Sweet William Revival kr\u00e9m na nohy\"}]},{\"@type\":\"WebSite\",\"@id\":\"https:\/\/arak.spicehorse.eu\/en\/#website\",\"url\":\"https:\/\/arak.spicehorse.eu\/en\/\",\"name\":\"Spicehorse\",\"description\":\"UNDER DEVELOPMENT -\",\"potentialAction\":[{\"@type\":\"SearchAction\",\"target\":{\"@type\":\"EntryPoint\",\"urlTemplate\":\"https:\/\/arak.spicehorse.eu\/en\/?s={search_term_string}\"},\"query-input\":\"required name=search_term_string\"}],\"inLanguage\":\"sk-SK\"}]}<\/script>\n<!-- \/ Yoast SEO plugin. -->","yoast_head_json":{"title":"Sweet William Revival kr\u00e9m na nohy - Spicehorse","description":"spicehorse.eu | Sweet William Dog Walkers Revival kr\u00e9m na nohy v\u00fdnimo\u010dnej kvality, je dokonal\u00fd po\u010das ka\u017edodenn\u00fdch prech\u00e1dzok s\u00a0va\u0161im mil\u00e1\u010dikom, dokonale vy\u017eivuje a\u00a0o\u0161etruje nohy, ktor\u00e9 s\u00fa o\u0161\u013eahan\u00e9 po\u010das\u00edm.","robots":{"index":"index","follow":"follow","max-snippet":"max-snippet:-1","max-image-preview":"max-image-preview:large","max-video-preview":"max-video-preview:-1"},"canonical":"https:\/\/arak.spicehorse.eu\/termek\/sweet-william-revival-labkrem\/","og_locale":"sk_SK","og_type":"article","og_title":"Sweet William Revival kr\u00e9m na nohy - Spicehorse","og_description":"spicehorse.eu | Sweet William Dog Walkers Revival kr\u00e9m na nohy v\u00fdnimo\u010dnej kvality, je dokonal\u00fd po\u010das ka\u017edodenn\u00fdch prech\u00e1dzok s\u00a0va\u0161im mil\u00e1\u010dikom, dokonale vy\u017eivuje a\u00a0o\u0161etruje nohy, ktor\u00e9 s\u00fa o\u0161\u013eahan\u00e9 po\u010das\u00edm.","og_url":"https:\/\/arak.spicehorse.eu\/termek\/sweet-william-revival-labkrem\/","og_site_name":"Spicehorse","article_publisher":"https:\/\/www.facebook.com\/SPICEHORSE-550385625402457\/","article_modified_time":"2024-12-04T17:49:51+00:00","og_image":[{"width":1050,"height":1050,"url":"https:\/\/arak.spicehorse.eu\/wp-content\/uploads\/2024\/12\/foot-cream-001.jpg","type":"image\/jpeg"}],"twitter_card":"summary_large_image","twitter_misc":{"Predpokladan\u00fd \u010das \u010d\u00edtania":"1 min\u00fata"},"schema":{"@context":"https:\/\/schema.org","@graph":[{"@type":"WebPage","@id":"https:\/\/arak.spicehorse.eu\/termek\/sweet-william-revival-labkrem\/","url":"https:\/\/arak.spicehorse.eu\/termek\/sweet-william-revival-labkrem\/","name":"Sweet William Revival kr\u00e9m na nohy - Spicehorse","isPartOf":{"@id":"https:\/\/arak.spicehorse.eu\/en\/#website"},"datePublished":"2024-12-01T20:09:26+00:00","dateModified":"2024-12-04T17:49:51+00:00","description":"spicehorse.eu | Sweet William Dog Walkers Revival kr\u00e9m na nohy v\u00fdnimo\u010dnej kvality, je dokonal\u00fd po\u010das ka\u017edodenn\u00fdch prech\u00e1dzok s\u00a0va\u0161im mil\u00e1\u010dikom, dokonale vy\u017eivuje a\u00a0o\u0161etruje nohy, ktor\u00e9 s\u00fa o\u0161\u013eahan\u00e9 po\u010das\u00edm.","breadcrumb":{"@id":"https:\/\/arak.spicehorse.eu\/termek\/sweet-william-revival-labkrem\/#breadcrumb"},"inLanguage":"sk-SK","potentialAction":[{"@type":"ReadAction","target":["https:\/\/arak.spicehorse.eu\/termek\/sweet-william-revival-labkrem\/"]}]},{"@type":"BreadcrumbList","@id":"https:\/\/arak.spicehorse.eu\/termek\/sweet-william-revival-labkrem\/#breadcrumb","itemListElement":[{"@type":"ListItem","position":1,"name":"Home","item":"https:\/\/arak.spicehorse.eu\/sk\/"},{"@type":"ListItem","position":2,"name":"Predaj\u0148a","item":"https:\/\/arak.spicehorse.eu\/sk\/predajna\/"},{"@type":"ListItem","position":3,"name":"Sweet William Revival kr\u00e9m na nohy"}]},{"@type":"WebSite","@id":"https:\/\/arak.spicehorse.eu\/en\/#website","url":"https:\/\/arak.spicehorse.eu\/en\/","name":"Spicehorse","description":"UNDER DEVELOPMENT -","potentialAction":[{"@type":"SearchAction","target":{"@type":"EntryPoint","urlTemplate":"https:\/\/arak.spicehorse.eu\/en\/?s={search_term_string}"},"query-input":"required name=search_term_string"}],"inLanguage":"sk-SK"}]}},"_links":{"self":[{"href":"https:\/\/arak.spicehorse.eu\/sk\/wp-json\/wp\/v2\/product\/189212"}],"collection":[{"href":"https:\/\/arak.spicehorse.eu\/sk\/wp-json\/wp\/v2\/product"}],"about":[{"href":"https:\/\/arak.spicehorse.eu\/sk\/wp-json\/wp\/v2\/types\/product"}],"wp:featuredmedia":[{"embeddable":true,"href":"https:\/\/arak.spicehorse.eu\/sk\/wp-json\/wp\/v2\/media\/189215"}],"wp:attachment":[{"href":"https:\/\/arak.spicehorse.eu\/sk\/wp-json\/wp\/v2\/media?parent=189212"}],"wp:term":[{"taxonomy":"product_cat","embeddable":true,"href":"https:\/\/arak.spicehorse.eu\/sk\/wp-json\/wp\/v2\/product_cat?post=189212"},{"taxonomy":"product_tag","embeddable":true,"href":"https:\/\/arak.spicehorse.eu\/sk\/wp-json\/wp\/v2\/product_tag?post=189212"}],"curies":[{"name":"wp","href":"https:\/\/api.w.org\/{rel}","templated":true}]}}