{"id":189429,"date":"2024-12-06T22:15:53","date_gmt":"2024-12-06T21:16:04","guid":{"rendered":"https:\/\/arak.spicehorse.eu\/?post_type=product&#038;p=189429"},"modified":"2024-12-20T12:12:00","modified_gmt":"2024-12-20T11:12:00","slug":"qhp-girland-ohlavka-vianoce","status":"publish","type":"product","link":"https:\/\/arak.spicehorse.eu\/sk\/produkt\/qhp-girland-ohlavka-vianoce\/","title":{"rendered":"QHP girland ohl\u00e1vka Vianoce"},"content":{"rendered":"<p style=\"font-weight: 400;\">Pre\u017eite ducha Vianoc spolu s\u00a0va\u0161\u00edm ko\u0148om v\u00a0tejto sl\u00e1vnostnej QHP ohl\u00e1vke s\u00a0girlandou. Ve\u013emi jednoducho sa nasadzuje a\u00a0sn\u00edma, nosov\u00e1 \u010das\u0165 je nastavite\u013en\u00e1.<\/p>\n","protected":false},"excerpt":{"rendered":"<ul style=\"font-weight: 400;\">\n<li>Materi\u00e1l: 100% polypropyl\u00e9n<\/li>\n<li>Kovov\u00e1 \u010das\u0165: RVS<\/li>\n<li>Materi\u00e1l girlandy: plastov\u00e1 f\u00f3lia<\/li>\n<li>Viano\u010dn\u00e1 ohl\u00e1vka s girlandou<\/li>\n<li>S\u00a0kovovou sponou<\/li>\n<li>Nastavite\u013en\u00e1 nosov\u00e1 \u010das\u0165<\/li>\n<\/ul>\n","protected":false},"featured_media":189464,"template":"","meta":{"_acf_changed":false},"product_cat":[75,114],"product_tag":[189,1973,1441],"acf":[],"yoast_head":"<!-- This site is optimized with the Yoast SEO plugin v21.4 - https:\/\/yoast.com\/wordpress\/plugins\/seo\/ -->\n<title>QHP girland ohl\u00e1vka Vianoce - Spicehorse<\/title>\n<meta name=\"description\" content=\"spicehorse.eu | Pre\u017eite ducha Vianoc spolu s\u00a0va\u0161\u00edm ko\u0148om v\u00a0tejto sl\u00e1vnostnej QHP ohl\u00e1vke s\u00a0girlandou.\" \/>\n<meta name=\"robots\" content=\"index, follow, max-snippet:-1, max-image-preview:large, max-video-preview:-1\" \/>\n<link rel=\"canonical\" href=\"https:\/\/arak.spicehorse.eu\/termek\/qhp-girland-kotofek-karacsony\/\" \/>\n<meta property=\"og:locale\" content=\"sk_SK\" \/>\n<meta property=\"og:type\" content=\"article\" \/>\n<meta property=\"og:title\" content=\"QHP girland ohl\u00e1vka Vianoce - Spicehorse\" \/>\n<meta property=\"og:description\" content=\"spicehorse.eu | Pre\u017eite ducha Vianoc spolu s\u00a0va\u0161\u00edm ko\u0148om v\u00a0tejto sl\u00e1vnostnej QHP ohl\u00e1vke s\u00a0girlandou.\" \/>\n<meta property=\"og:url\" content=\"https:\/\/arak.spicehorse.eu\/termek\/qhp-girland-kotofek-karacsony\/\" \/>\n<meta property=\"og:site_name\" content=\"Spicehorse\" \/>\n<meta property=\"article:publisher\" content=\"https:\/\/www.facebook.com\/SPICEHORSE-550385625402457\/\" \/>\n<meta property=\"article:modified_time\" content=\"2024-12-20T11:12:00+00:00\" \/>\n<meta property=\"og:image\" content=\"https:\/\/arak.spicehorse.eu\/wp-content\/uploads\/2024\/12\/1113go-1-3.jpg\" \/>\n\t<meta property=\"og:image:width\" content=\"1024\" \/>\n\t<meta property=\"og:image:height\" content=\"1280\" \/>\n\t<meta property=\"og:image:type\" content=\"image\/jpeg\" \/>\n<meta name=\"twitter:card\" content=\"summary_large_image\" \/>\n<script type=\"application\/ld+json\" class=\"yoast-schema-graph\">{\"@context\":\"https:\/\/schema.org\",\"@graph\":[{\"@type\":\"WebPage\",\"@id\":\"https:\/\/arak.spicehorse.eu\/termek\/qhp-girland-kotofek-karacsony\/\",\"url\":\"https:\/\/arak.spicehorse.eu\/termek\/qhp-girland-kotofek-karacsony\/\",\"name\":\"QHP girland ohl\u00e1vka Vianoce - Spicehorse\",\"isPartOf\":{\"@id\":\"https:\/\/arak.spicehorse.eu\/en\/#website\"},\"datePublished\":\"2024-12-06T21:16:04+00:00\",\"dateModified\":\"2024-12-20T11:12:00+00:00\",\"description\":\"spicehorse.eu | Pre\u017eite ducha Vianoc spolu s\u00a0va\u0161\u00edm ko\u0148om v\u00a0tejto sl\u00e1vnostnej QHP ohl\u00e1vke s\u00a0girlandou.\",\"breadcrumb\":{\"@id\":\"https:\/\/arak.spicehorse.eu\/termek\/qhp-girland-kotofek-karacsony\/#breadcrumb\"},\"inLanguage\":\"sk-SK\",\"potentialAction\":[{\"@type\":\"ReadAction\",\"target\":[\"https:\/\/arak.spicehorse.eu\/termek\/qhp-girland-kotofek-karacsony\/\"]}]},{\"@type\":\"BreadcrumbList\",\"@id\":\"https:\/\/arak.spicehorse.eu\/termek\/qhp-girland-kotofek-karacsony\/#breadcrumb\",\"itemListElement\":[{\"@type\":\"ListItem\",\"position\":1,\"name\":\"Home\",\"item\":\"https:\/\/arak.spicehorse.eu\/sk\/\"},{\"@type\":\"ListItem\",\"position\":2,\"name\":\"Predaj\u0148a\",\"item\":\"https:\/\/arak.spicehorse.eu\/sk\/predajna\/\"},{\"@type\":\"ListItem\",\"position\":3,\"name\":\"QHP girland ohl\u00e1vka Vianoce\"}]},{\"@type\":\"WebSite\",\"@id\":\"https:\/\/arak.spicehorse.eu\/en\/#website\",\"url\":\"https:\/\/arak.spicehorse.eu\/en\/\",\"name\":\"Spicehorse\",\"description\":\"UNDER DEVELOPMENT -\",\"potentialAction\":[{\"@type\":\"SearchAction\",\"target\":{\"@type\":\"EntryPoint\",\"urlTemplate\":\"https:\/\/arak.spicehorse.eu\/en\/?s={search_term_string}\"},\"query-input\":\"required name=search_term_string\"}],\"inLanguage\":\"sk-SK\"}]}<\/script>\n<!-- \/ Yoast SEO plugin. -->","yoast_head_json":{"title":"QHP girland ohl\u00e1vka Vianoce - Spicehorse","description":"spicehorse.eu | Pre\u017eite ducha Vianoc spolu s\u00a0va\u0161\u00edm ko\u0148om v\u00a0tejto sl\u00e1vnostnej QHP ohl\u00e1vke s\u00a0girlandou.","robots":{"index":"index","follow":"follow","max-snippet":"max-snippet:-1","max-image-preview":"max-image-preview:large","max-video-preview":"max-video-preview:-1"},"canonical":"https:\/\/arak.spicehorse.eu\/termek\/qhp-girland-kotofek-karacsony\/","og_locale":"sk_SK","og_type":"article","og_title":"QHP girland ohl\u00e1vka Vianoce - Spicehorse","og_description":"spicehorse.eu | Pre\u017eite ducha Vianoc spolu s\u00a0va\u0161\u00edm ko\u0148om v\u00a0tejto sl\u00e1vnostnej QHP ohl\u00e1vke s\u00a0girlandou.","og_url":"https:\/\/arak.spicehorse.eu\/termek\/qhp-girland-kotofek-karacsony\/","og_site_name":"Spicehorse","article_publisher":"https:\/\/www.facebook.com\/SPICEHORSE-550385625402457\/","article_modified_time":"2024-12-20T11:12:00+00:00","og_image":[{"width":1024,"height":1280,"url":"https:\/\/arak.spicehorse.eu\/wp-content\/uploads\/2024\/12\/1113go-1-3.jpg","type":"image\/jpeg"}],"twitter_card":"summary_large_image","schema":{"@context":"https:\/\/schema.org","@graph":[{"@type":"WebPage","@id":"https:\/\/arak.spicehorse.eu\/termek\/qhp-girland-kotofek-karacsony\/","url":"https:\/\/arak.spicehorse.eu\/termek\/qhp-girland-kotofek-karacsony\/","name":"QHP girland ohl\u00e1vka Vianoce - Spicehorse","isPartOf":{"@id":"https:\/\/arak.spicehorse.eu\/en\/#website"},"datePublished":"2024-12-06T21:16:04+00:00","dateModified":"2024-12-20T11:12:00+00:00","description":"spicehorse.eu | Pre\u017eite ducha Vianoc spolu s\u00a0va\u0161\u00edm ko\u0148om v\u00a0tejto sl\u00e1vnostnej QHP ohl\u00e1vke s\u00a0girlandou.","breadcrumb":{"@id":"https:\/\/arak.spicehorse.eu\/termek\/qhp-girland-kotofek-karacsony\/#breadcrumb"},"inLanguage":"sk-SK","potentialAction":[{"@type":"ReadAction","target":["https:\/\/arak.spicehorse.eu\/termek\/qhp-girland-kotofek-karacsony\/"]}]},{"@type":"BreadcrumbList","@id":"https:\/\/arak.spicehorse.eu\/termek\/qhp-girland-kotofek-karacsony\/#breadcrumb","itemListElement":[{"@type":"ListItem","position":1,"name":"Home","item":"https:\/\/arak.spicehorse.eu\/sk\/"},{"@type":"ListItem","position":2,"name":"Predaj\u0148a","item":"https:\/\/arak.spicehorse.eu\/sk\/predajna\/"},{"@type":"ListItem","position":3,"name":"QHP girland ohl\u00e1vka Vianoce"}]},{"@type":"WebSite","@id":"https:\/\/arak.spicehorse.eu\/en\/#website","url":"https:\/\/arak.spicehorse.eu\/en\/","name":"Spicehorse","description":"UNDER DEVELOPMENT -","potentialAction":[{"@type":"SearchAction","target":{"@type":"EntryPoint","urlTemplate":"https:\/\/arak.spicehorse.eu\/en\/?s={search_term_string}"},"query-input":"required name=search_term_string"}],"inLanguage":"sk-SK"}]}},"_links":{"self":[{"href":"https:\/\/arak.spicehorse.eu\/sk\/wp-json\/wp\/v2\/product\/189429"}],"collection":[{"href":"https:\/\/arak.spicehorse.eu\/sk\/wp-json\/wp\/v2\/product"}],"about":[{"href":"https:\/\/arak.spicehorse.eu\/sk\/wp-json\/wp\/v2\/types\/product"}],"wp:featuredmedia":[{"embeddable":true,"href":"https:\/\/arak.spicehorse.eu\/sk\/wp-json\/wp\/v2\/media\/189464"}],"wp:attachment":[{"href":"https:\/\/arak.spicehorse.eu\/sk\/wp-json\/wp\/v2\/media?parent=189429"}],"wp:term":[{"taxonomy":"product_cat","embeddable":true,"href":"https:\/\/arak.spicehorse.eu\/sk\/wp-json\/wp\/v2\/product_cat?post=189429"},{"taxonomy":"product_tag","embeddable":true,"href":"https:\/\/arak.spicehorse.eu\/sk\/wp-json\/wp\/v2\/product_tag?post=189429"}],"curies":[{"name":"wp","href":"https:\/\/api.w.org\/{rel}","templated":true}]}}