{"id":189752,"date":"2024-12-11T16:57:46","date_gmt":"2024-12-11T15:57:49","guid":{"rendered":"https:\/\/arak.spicehorse.eu\/?post_type=product&#038;p=189752"},"modified":"2025-07-01T19:54:38","modified_gmt":"2025-07-01T17:54:38","slug":"lemieux-mini-ponik-sam","status":"publish","type":"product","link":"https:\/\/arak.spicehorse.eu\/sk\/produkt\/lemieux-mini-ponik-sam\/","title":{"rendered":"LeMieux mini pon\u00edk Sammy"},"content":{"rendered":"<p style=\"font-weight: 400;\">Rozko\u0161n\u00fd LeMieux pon\u00edk vo ve\u013ekosti, ktor\u00e1 sa \u013eahko zmest\u00ed do mali\u010dk\u00e9ho va\u010dku!<\/p>\n<p style=\"font-weight: 400;\">Mil\u00e9 ply\u0161ov\u00e9 pon\u00edky stoja stabilne na \u0161tyroch noh\u00e1ch a\u00a0k\u00a0hra\u010dke prin\u00e1le\u017e\u00ed aj LeMieux fl\u00edsov\u00e1 deka vo ve\u013ekosti pre mini pon\u00edka.<\/p>\n<p style=\"font-weight: 400;\">Po\u013eahky s\u00a0ho m\u00f4\u017eete zobra\u0165 so sebou vo va\u010dku do stajn\u00ed, na s\u00fa\u0165a\u017ee \u010di dovolenky.<\/p>\n<p style=\"font-weight: 400;\">Ve\u013ekos\u0165: 22cm x 19cm x 10.5cm<\/p>\n<p style=\"font-weight: 400;\">\u010cistite vlhkou handrou.<\/p>\n","protected":false},"excerpt":{"rendered":"<p>Rozko\u0161n\u00fd LeMieux pon\u00edk vo ve\u013ekosti, ktor\u00e1 sa \u013eahko zmest\u00ed do mali\u010dk\u00e9ho va\u010dku! Mil\u00e9 ply\u0161ov\u00e9 pon\u00edky stoja stabilne na \u0161tyroch noh\u00e1ch a\u00a0k\u00a0hra\u010dke prin\u00e1le\u017e\u00ed aj LeMieux fl\u00edsov\u00e1 deka vo ve\u013ekosti pre mini pon\u00edka. Po\u013eahky s\u00a0ho m\u00f4\u017eete zobra\u0165 so sebou vo va\u010dku do stajn\u00ed, na s\u00fa\u0165a\u017ee \u010di dovolenky. Ve\u013ekos\u0165: 22cm x 19cm x 10.5cm \u010cistite vlhkou handrou.<\/p>\n","protected":false},"featured_media":189755,"template":"","meta":{"_acf_changed":false},"product_cat":[2534,76,312],"product_tag":[227,2369,2589,422,2389],"acf":[],"yoast_head":"<!-- This site is optimized with the Yoast SEO plugin v21.4 - https:\/\/yoast.com\/wordpress\/plugins\/seo\/ -->\n<title>LeMieux mini pon\u00edk Sammy - Spicehorse<\/title>\n<meta name=\"description\" content=\"spicehorse.eu | Rozko\u0161n\u00fd LeMieux pon\u00edk vo ve\u013ekosti, ktor\u00e1 sa \u013eahko zmest\u00ed do mali\u010dk\u00e9ho va\u010dku!\" \/>\n<meta name=\"robots\" content=\"index, follow, max-snippet:-1, max-image-preview:large, max-video-preview:-1\" \/>\n<link rel=\"canonical\" href=\"https:\/\/arak.spicehorse.eu\/sk\/produkt\/lemieux-mini-ponik-sam\/\" \/>\n<meta property=\"og:locale\" content=\"sk_SK\" \/>\n<meta property=\"og:type\" content=\"article\" \/>\n<meta property=\"og:title\" content=\"LeMieux mini pon\u00edk Sammy - Spicehorse\" \/>\n<meta property=\"og:description\" content=\"spicehorse.eu | Rozko\u0161n\u00fd LeMieux pon\u00edk vo ve\u013ekosti, ktor\u00e1 sa \u013eahko zmest\u00ed do mali\u010dk\u00e9ho va\u010dku!\" \/>\n<meta property=\"og:url\" content=\"https:\/\/arak.spicehorse.eu\/sk\/produkt\/lemieux-mini-ponik-sam\/\" \/>\n<meta property=\"og:site_name\" content=\"Spicehorse\" \/>\n<meta property=\"article:publisher\" content=\"https:\/\/www.facebook.com\/SPICEHORSE-550385625402457\/\" \/>\n<meta property=\"article:modified_time\" content=\"2025-07-01T17:54:38+00:00\" \/>\n<meta property=\"og:image\" content=\"https:\/\/arak.spicehorse.eu\/wp-content\/uploads\/2024\/12\/it06394-product-pocketpony-sam-1-scaled.jpg\" \/>\n\t<meta property=\"og:image:width\" content=\"1920\" \/>\n\t<meta property=\"og:image:height\" content=\"2560\" \/>\n\t<meta property=\"og:image:type\" content=\"image\/jpeg\" \/>\n<meta name=\"twitter:card\" content=\"summary_large_image\" \/>\n<script type=\"application\/ld+json\" class=\"yoast-schema-graph\">{\"@context\":\"https:\/\/schema.org\",\"@graph\":[{\"@type\":\"WebPage\",\"@id\":\"https:\/\/arak.spicehorse.eu\/sk\/produkt\/lemieux-mini-ponik-sam\/\",\"url\":\"https:\/\/arak.spicehorse.eu\/sk\/produkt\/lemieux-mini-ponik-sam\/\",\"name\":\"LeMieux mini pon\u00edk Sammy - Spicehorse\",\"isPartOf\":{\"@id\":\"https:\/\/arak.spicehorse.eu\/en\/#website\"},\"datePublished\":\"2024-12-11T15:57:49+00:00\",\"dateModified\":\"2025-07-01T17:54:38+00:00\",\"description\":\"spicehorse.eu | Rozko\u0161n\u00fd LeMieux pon\u00edk vo ve\u013ekosti, ktor\u00e1 sa \u013eahko zmest\u00ed do mali\u010dk\u00e9ho va\u010dku!\",\"breadcrumb\":{\"@id\":\"https:\/\/arak.spicehorse.eu\/sk\/produkt\/lemieux-mini-ponik-sam\/#breadcrumb\"},\"inLanguage\":\"sk-SK\",\"potentialAction\":[{\"@type\":\"ReadAction\",\"target\":[\"https:\/\/arak.spicehorse.eu\/sk\/produkt\/lemieux-mini-ponik-sam\/\"]}]},{\"@type\":\"BreadcrumbList\",\"@id\":\"https:\/\/arak.spicehorse.eu\/sk\/produkt\/lemieux-mini-ponik-sam\/#breadcrumb\",\"itemListElement\":[{\"@type\":\"ListItem\",\"position\":1,\"name\":\"Home\",\"item\":\"https:\/\/arak.spicehorse.eu\/sk\/\"},{\"@type\":\"ListItem\",\"position\":2,\"name\":\"Predaj\u0148a\",\"item\":\"https:\/\/arak.spicehorse.eu\/sk\/predajna\/\"},{\"@type\":\"ListItem\",\"position\":3,\"name\":\"LeMieux mini pon\u00edk Sammy\"}]},{\"@type\":\"WebSite\",\"@id\":\"https:\/\/arak.spicehorse.eu\/en\/#website\",\"url\":\"https:\/\/arak.spicehorse.eu\/en\/\",\"name\":\"Spicehorse\",\"description\":\"UNDER DEVELOPMENT -\",\"potentialAction\":[{\"@type\":\"SearchAction\",\"target\":{\"@type\":\"EntryPoint\",\"urlTemplate\":\"https:\/\/arak.spicehorse.eu\/en\/?s={search_term_string}\"},\"query-input\":\"required name=search_term_string\"}],\"inLanguage\":\"sk-SK\"}]}<\/script>\n<!-- \/ Yoast SEO plugin. -->","yoast_head_json":{"title":"LeMieux mini pon\u00edk Sammy - Spicehorse","description":"spicehorse.eu | Rozko\u0161n\u00fd LeMieux pon\u00edk vo ve\u013ekosti, ktor\u00e1 sa \u013eahko zmest\u00ed do mali\u010dk\u00e9ho va\u010dku!","robots":{"index":"index","follow":"follow","max-snippet":"max-snippet:-1","max-image-preview":"max-image-preview:large","max-video-preview":"max-video-preview:-1"},"canonical":"https:\/\/arak.spicehorse.eu\/sk\/produkt\/lemieux-mini-ponik-sam\/","og_locale":"sk_SK","og_type":"article","og_title":"LeMieux mini pon\u00edk Sammy - Spicehorse","og_description":"spicehorse.eu | Rozko\u0161n\u00fd LeMieux pon\u00edk vo ve\u013ekosti, ktor\u00e1 sa \u013eahko zmest\u00ed do mali\u010dk\u00e9ho va\u010dku!","og_url":"https:\/\/arak.spicehorse.eu\/sk\/produkt\/lemieux-mini-ponik-sam\/","og_site_name":"Spicehorse","article_publisher":"https:\/\/www.facebook.com\/SPICEHORSE-550385625402457\/","article_modified_time":"2025-07-01T17:54:38+00:00","og_image":[{"width":1920,"height":2560,"url":"https:\/\/arak.spicehorse.eu\/wp-content\/uploads\/2024\/12\/it06394-product-pocketpony-sam-1-scaled.jpg","type":"image\/jpeg"}],"twitter_card":"summary_large_image","schema":{"@context":"https:\/\/schema.org","@graph":[{"@type":"WebPage","@id":"https:\/\/arak.spicehorse.eu\/sk\/produkt\/lemieux-mini-ponik-sam\/","url":"https:\/\/arak.spicehorse.eu\/sk\/produkt\/lemieux-mini-ponik-sam\/","name":"LeMieux mini pon\u00edk Sammy - Spicehorse","isPartOf":{"@id":"https:\/\/arak.spicehorse.eu\/en\/#website"},"datePublished":"2024-12-11T15:57:49+00:00","dateModified":"2025-07-01T17:54:38+00:00","description":"spicehorse.eu | Rozko\u0161n\u00fd LeMieux pon\u00edk vo ve\u013ekosti, ktor\u00e1 sa \u013eahko zmest\u00ed do mali\u010dk\u00e9ho va\u010dku!","breadcrumb":{"@id":"https:\/\/arak.spicehorse.eu\/sk\/produkt\/lemieux-mini-ponik-sam\/#breadcrumb"},"inLanguage":"sk-SK","potentialAction":[{"@type":"ReadAction","target":["https:\/\/arak.spicehorse.eu\/sk\/produkt\/lemieux-mini-ponik-sam\/"]}]},{"@type":"BreadcrumbList","@id":"https:\/\/arak.spicehorse.eu\/sk\/produkt\/lemieux-mini-ponik-sam\/#breadcrumb","itemListElement":[{"@type":"ListItem","position":1,"name":"Home","item":"https:\/\/arak.spicehorse.eu\/sk\/"},{"@type":"ListItem","position":2,"name":"Predaj\u0148a","item":"https:\/\/arak.spicehorse.eu\/sk\/predajna\/"},{"@type":"ListItem","position":3,"name":"LeMieux mini pon\u00edk Sammy"}]},{"@type":"WebSite","@id":"https:\/\/arak.spicehorse.eu\/en\/#website","url":"https:\/\/arak.spicehorse.eu\/en\/","name":"Spicehorse","description":"UNDER DEVELOPMENT -","potentialAction":[{"@type":"SearchAction","target":{"@type":"EntryPoint","urlTemplate":"https:\/\/arak.spicehorse.eu\/en\/?s={search_term_string}"},"query-input":"required name=search_term_string"}],"inLanguage":"sk-SK"}]}},"_links":{"self":[{"href":"https:\/\/arak.spicehorse.eu\/sk\/wp-json\/wp\/v2\/product\/189752"}],"collection":[{"href":"https:\/\/arak.spicehorse.eu\/sk\/wp-json\/wp\/v2\/product"}],"about":[{"href":"https:\/\/arak.spicehorse.eu\/sk\/wp-json\/wp\/v2\/types\/product"}],"wp:featuredmedia":[{"embeddable":true,"href":"https:\/\/arak.spicehorse.eu\/sk\/wp-json\/wp\/v2\/media\/189755"}],"wp:attachment":[{"href":"https:\/\/arak.spicehorse.eu\/sk\/wp-json\/wp\/v2\/media?parent=189752"}],"wp:term":[{"taxonomy":"product_cat","embeddable":true,"href":"https:\/\/arak.spicehorse.eu\/sk\/wp-json\/wp\/v2\/product_cat?post=189752"},{"taxonomy":"product_tag","embeddable":true,"href":"https:\/\/arak.spicehorse.eu\/sk\/wp-json\/wp\/v2\/product_tag?post=189752"}],"curies":[{"name":"wp","href":"https:\/\/api.w.org\/{rel}","templated":true}]}}