{"id":190387,"date":"2025-01-17T09:12:31","date_gmt":"2025-01-17T08:12:38","guid":{"rendered":"https:\/\/arak.spicehorse.eu\/?post_type=product&#038;p=190387"},"modified":"2025-11-24T14:29:39","modified_gmt":"2025-11-24T13:29:39","slug":"equestrian-stockholm-dynamic-tricko-dark-ocean","status":"publish","type":"product","link":"https:\/\/arak.spicehorse.eu\/sk\/produkt\/equestrian-stockholm-dynamic-tricko-dark-ocean\/","title":{"rendered":"Equestrian Stockholm Dynamic tri\u010dko Dark Ocean"},"content":{"rendered":"<div>\n<p><span lang=\"SK\">Equestrian Stockholm Dynamic podoble\u010denie je dokonal\u00e9 funk\u010dn\u00e9 tri\u010dko, ktor\u00e9 m\u00f4\u017eeme pou\u017e\u00edva\u0165 v\u00a0ka\u017edom ro\u010dnom obdob\u00ed. Je navrhnut\u00e9 tak, aby zabezpe\u010dovalo mimoriadne pohodlie a\u00a0funkcionalitu. Je nepostr\u00e1dte\u013enou s\u00fa\u010das\u0165ou \u0161atn\u00edka ka\u017ed\u00e9ho jazdca.<\/span><\/p>\n<\/div>\n<div>\n<p><span lang=\"SK\">Je dokonal\u00e9 na jazdenie za ka\u017ed\u00fdch podmienok, pohodln\u00e9 na nosenie v\u00a0ka\u017edom ro\u010dnom obdob\u00ed. V\u010faka inovat\u00edvnej tkanine odv\u00e1dza vlhkos\u0165 z\u00a0poko\u017eky, \u010d\u00edm poko\u017eku udr\u017euje such\u00fa aj po\u010das najintenz\u00edvnej\u0161ieho jazdenia. V\u010faka UPF 30+ ochrane si m\u00f4\u017eete vo\u013ene u\u017e\u00edva\u0165 v\u0161etky aktivity v\u00a0pr\u00edrode, s\u00a0vedom\u00edm, \u017ee ste dokonale chr\u00e1nen\u00ed pred \u0161kodliv\u00fdm UV \u017eiaren\u00edm.\u00a0 <\/span><\/p>\n<\/div>\n<div>\n<p><span lang=\"SK\">Dokonale sa hod\u00ed na ka\u017ed\u00fd typ postavy, zabezpe\u010duje dostato\u010dn\u00fa vo\u013enos\u0165 pohybu a\u00a0pekne tvaruje postavu. \u0160t\u00fdlov\u00e1 \u010dierna farba, ktor\u00e1 doplnen\u00e1 sofistikovan\u00fdm bielym\u00a0 logom na oboch ruk\u00e1voch, je dokonal\u00fdm spojen\u00edm \u0161t\u00fdlu a\u00a0v\u00fdkonu.<\/span><\/p>\n<\/div>\n","protected":false},"excerpt":{"rendered":"<ul style=\"font-weight: 400;\">\n<li>Farba: tmavo oce\u00e1nska modr\u00e1<\/li>\n<li>Detaily: rose gold ES logo na pravom a \u013eavom ruk\u00e1ve<\/li>\n<li>Materi\u00e1l: 92% polyester, 8% \u0161pandex<\/li>\n<li>Pranie: mo\u017eno pra\u0165 na 40 stup\u0148och z rubovej strany \/ nepou\u017e\u00edvajte aviv\u00e1\u017e \/ nevkladajte do su\u0161i\u010dky \/ pou\u017e\u00edvajte vreck\u00e1 na pranie<\/li>\n<\/ul>\n","protected":false},"featured_media":190398,"template":"","meta":{"_acf_changed":false},"product_cat":[76,307],"product_tag":[3154,351,420],"acf":[],"yoast_head":"<!-- This site is optimized with the Yoast SEO plugin v21.4 - https:\/\/yoast.com\/wordpress\/plugins\/seo\/ -->\n<title>Equestrian Stockholm Dynamic tri\u010dko Dark Ocean - Spicehorse<\/title>\n<meta name=\"description\" content=\"spicehorse.eu | Equestrian Stockholm Dynamic podoble\u010denie je dokonal\u00e9 funk\u010dn\u00e9 tri\u010dko, ktor\u00e9 m\u00f4\u017eeme pou\u017e\u00edva\u0165 v\u00a0ka\u017edom ro\u010dnom obdob\u00ed.\" \/>\n<meta name=\"robots\" content=\"index, follow, max-snippet:-1, max-image-preview:large, max-video-preview:-1\" \/>\n<link rel=\"canonical\" href=\"https:\/\/arak.spicehorse.eu\/sk\/produkt\/equestrian-stockholm-dynamic-tricko-dark-ocean\/\" \/>\n<meta property=\"og:locale\" content=\"sk_SK\" \/>\n<meta property=\"og:type\" content=\"article\" \/>\n<meta property=\"og:title\" content=\"Equestrian Stockholm Dynamic tri\u010dko Dark Ocean - Spicehorse\" \/>\n<meta property=\"og:description\" content=\"spicehorse.eu | Equestrian Stockholm Dynamic podoble\u010denie je dokonal\u00e9 funk\u010dn\u00e9 tri\u010dko, ktor\u00e9 m\u00f4\u017eeme pou\u017e\u00edva\u0165 v\u00a0ka\u017edom ro\u010dnom obdob\u00ed.\" \/>\n<meta property=\"og:url\" content=\"https:\/\/arak.spicehorse.eu\/sk\/produkt\/equestrian-stockholm-dynamic-tricko-dark-ocean\/\" \/>\n<meta property=\"og:site_name\" content=\"Spicehorse\" \/>\n<meta property=\"article:publisher\" content=\"https:\/\/www.facebook.com\/SPICEHORSE-550385625402457\/\" \/>\n<meta property=\"article:modified_time\" content=\"2025-11-24T13:29:39+00:00\" \/>\n<meta property=\"og:image\" content=\"https:\/\/arak.spicehorse.eu\/wp-content\/uploads\/2025\/01\/dark-ocean-baselayer-riding-top-ridtopp-oben-reiten-top-rijden-1-2.jpg\" \/>\n\t<meta property=\"og:image:width\" content=\"700\" \/>\n\t<meta property=\"og:image:height\" content=\"700\" \/>\n\t<meta property=\"og:image:type\" content=\"image\/jpeg\" \/>\n<meta name=\"twitter:card\" content=\"summary_large_image\" \/>\n<meta name=\"twitter:label1\" content=\"Predpokladan\u00fd \u010das \u010d\u00edtania\" \/>\n\t<meta name=\"twitter:data1\" content=\"1 min\u00fata\" \/>\n<script type=\"application\/ld+json\" class=\"yoast-schema-graph\">{\"@context\":\"https:\/\/schema.org\",\"@graph\":[{\"@type\":\"WebPage\",\"@id\":\"https:\/\/arak.spicehorse.eu\/sk\/produkt\/equestrian-stockholm-dynamic-tricko-dark-ocean\/\",\"url\":\"https:\/\/arak.spicehorse.eu\/sk\/produkt\/equestrian-stockholm-dynamic-tricko-dark-ocean\/\",\"name\":\"Equestrian Stockholm Dynamic tri\u010dko Dark Ocean - Spicehorse\",\"isPartOf\":{\"@id\":\"https:\/\/arak.spicehorse.eu\/en\/#website\"},\"datePublished\":\"2025-01-17T08:12:38+00:00\",\"dateModified\":\"2025-11-24T13:29:39+00:00\",\"description\":\"spicehorse.eu | Equestrian Stockholm Dynamic podoble\u010denie je dokonal\u00e9 funk\u010dn\u00e9 tri\u010dko, ktor\u00e9 m\u00f4\u017eeme pou\u017e\u00edva\u0165 v\u00a0ka\u017edom ro\u010dnom obdob\u00ed.\",\"breadcrumb\":{\"@id\":\"https:\/\/arak.spicehorse.eu\/sk\/produkt\/equestrian-stockholm-dynamic-tricko-dark-ocean\/#breadcrumb\"},\"inLanguage\":\"sk-SK\",\"potentialAction\":[{\"@type\":\"ReadAction\",\"target\":[\"https:\/\/arak.spicehorse.eu\/sk\/produkt\/equestrian-stockholm-dynamic-tricko-dark-ocean\/\"]}]},{\"@type\":\"BreadcrumbList\",\"@id\":\"https:\/\/arak.spicehorse.eu\/sk\/produkt\/equestrian-stockholm-dynamic-tricko-dark-ocean\/#breadcrumb\",\"itemListElement\":[{\"@type\":\"ListItem\",\"position\":1,\"name\":\"Home\",\"item\":\"https:\/\/arak.spicehorse.eu\/sk\/\"},{\"@type\":\"ListItem\",\"position\":2,\"name\":\"Predaj\u0148a\",\"item\":\"https:\/\/arak.spicehorse.eu\/sk\/predajna\/\"},{\"@type\":\"ListItem\",\"position\":3,\"name\":\"Equestrian Stockholm Dynamic tri\u010dko Dark Ocean\"}]},{\"@type\":\"WebSite\",\"@id\":\"https:\/\/arak.spicehorse.eu\/en\/#website\",\"url\":\"https:\/\/arak.spicehorse.eu\/en\/\",\"name\":\"Spicehorse\",\"description\":\"UNDER DEVELOPMENT -\",\"potentialAction\":[{\"@type\":\"SearchAction\",\"target\":{\"@type\":\"EntryPoint\",\"urlTemplate\":\"https:\/\/arak.spicehorse.eu\/en\/?s={search_term_string}\"},\"query-input\":\"required name=search_term_string\"}],\"inLanguage\":\"sk-SK\"}]}<\/script>\n<!-- \/ Yoast SEO plugin. -->","yoast_head_json":{"title":"Equestrian Stockholm Dynamic tri\u010dko Dark Ocean - Spicehorse","description":"spicehorse.eu | Equestrian Stockholm Dynamic podoble\u010denie je dokonal\u00e9 funk\u010dn\u00e9 tri\u010dko, ktor\u00e9 m\u00f4\u017eeme pou\u017e\u00edva\u0165 v\u00a0ka\u017edom ro\u010dnom obdob\u00ed.","robots":{"index":"index","follow":"follow","max-snippet":"max-snippet:-1","max-image-preview":"max-image-preview:large","max-video-preview":"max-video-preview:-1"},"canonical":"https:\/\/arak.spicehorse.eu\/sk\/produkt\/equestrian-stockholm-dynamic-tricko-dark-ocean\/","og_locale":"sk_SK","og_type":"article","og_title":"Equestrian Stockholm Dynamic tri\u010dko Dark Ocean - Spicehorse","og_description":"spicehorse.eu | Equestrian Stockholm Dynamic podoble\u010denie je dokonal\u00e9 funk\u010dn\u00e9 tri\u010dko, ktor\u00e9 m\u00f4\u017eeme pou\u017e\u00edva\u0165 v\u00a0ka\u017edom ro\u010dnom obdob\u00ed.","og_url":"https:\/\/arak.spicehorse.eu\/sk\/produkt\/equestrian-stockholm-dynamic-tricko-dark-ocean\/","og_site_name":"Spicehorse","article_publisher":"https:\/\/www.facebook.com\/SPICEHORSE-550385625402457\/","article_modified_time":"2025-11-24T13:29:39+00:00","og_image":[{"width":700,"height":700,"url":"https:\/\/arak.spicehorse.eu\/wp-content\/uploads\/2025\/01\/dark-ocean-baselayer-riding-top-ridtopp-oben-reiten-top-rijden-1-2.jpg","type":"image\/jpeg"}],"twitter_card":"summary_large_image","twitter_misc":{"Predpokladan\u00fd \u010das \u010d\u00edtania":"1 min\u00fata"},"schema":{"@context":"https:\/\/schema.org","@graph":[{"@type":"WebPage","@id":"https:\/\/arak.spicehorse.eu\/sk\/produkt\/equestrian-stockholm-dynamic-tricko-dark-ocean\/","url":"https:\/\/arak.spicehorse.eu\/sk\/produkt\/equestrian-stockholm-dynamic-tricko-dark-ocean\/","name":"Equestrian Stockholm Dynamic tri\u010dko Dark Ocean - Spicehorse","isPartOf":{"@id":"https:\/\/arak.spicehorse.eu\/en\/#website"},"datePublished":"2025-01-17T08:12:38+00:00","dateModified":"2025-11-24T13:29:39+00:00","description":"spicehorse.eu | Equestrian Stockholm Dynamic podoble\u010denie je dokonal\u00e9 funk\u010dn\u00e9 tri\u010dko, ktor\u00e9 m\u00f4\u017eeme pou\u017e\u00edva\u0165 v\u00a0ka\u017edom ro\u010dnom obdob\u00ed.","breadcrumb":{"@id":"https:\/\/arak.spicehorse.eu\/sk\/produkt\/equestrian-stockholm-dynamic-tricko-dark-ocean\/#breadcrumb"},"inLanguage":"sk-SK","potentialAction":[{"@type":"ReadAction","target":["https:\/\/arak.spicehorse.eu\/sk\/produkt\/equestrian-stockholm-dynamic-tricko-dark-ocean\/"]}]},{"@type":"BreadcrumbList","@id":"https:\/\/arak.spicehorse.eu\/sk\/produkt\/equestrian-stockholm-dynamic-tricko-dark-ocean\/#breadcrumb","itemListElement":[{"@type":"ListItem","position":1,"name":"Home","item":"https:\/\/arak.spicehorse.eu\/sk\/"},{"@type":"ListItem","position":2,"name":"Predaj\u0148a","item":"https:\/\/arak.spicehorse.eu\/sk\/predajna\/"},{"@type":"ListItem","position":3,"name":"Equestrian Stockholm Dynamic tri\u010dko Dark Ocean"}]},{"@type":"WebSite","@id":"https:\/\/arak.spicehorse.eu\/en\/#website","url":"https:\/\/arak.spicehorse.eu\/en\/","name":"Spicehorse","description":"UNDER DEVELOPMENT -","potentialAction":[{"@type":"SearchAction","target":{"@type":"EntryPoint","urlTemplate":"https:\/\/arak.spicehorse.eu\/en\/?s={search_term_string}"},"query-input":"required name=search_term_string"}],"inLanguage":"sk-SK"}]}},"_links":{"self":[{"href":"https:\/\/arak.spicehorse.eu\/sk\/wp-json\/wp\/v2\/product\/190387"}],"collection":[{"href":"https:\/\/arak.spicehorse.eu\/sk\/wp-json\/wp\/v2\/product"}],"about":[{"href":"https:\/\/arak.spicehorse.eu\/sk\/wp-json\/wp\/v2\/types\/product"}],"wp:featuredmedia":[{"embeddable":true,"href":"https:\/\/arak.spicehorse.eu\/sk\/wp-json\/wp\/v2\/media\/190398"}],"wp:attachment":[{"href":"https:\/\/arak.spicehorse.eu\/sk\/wp-json\/wp\/v2\/media?parent=190387"}],"wp:term":[{"taxonomy":"product_cat","embeddable":true,"href":"https:\/\/arak.spicehorse.eu\/sk\/wp-json\/wp\/v2\/product_cat?post=190387"},{"taxonomy":"product_tag","embeddable":true,"href":"https:\/\/arak.spicehorse.eu\/sk\/wp-json\/wp\/v2\/product_tag?post=190387"}],"curies":[{"name":"wp","href":"https:\/\/api.w.org\/{rel}","templated":true}]}}