{"id":190566,"date":"2025-01-23T17:34:24","date_gmt":"2025-01-23T16:34:25","guid":{"rendered":"https:\/\/arak.spicehorse.eu\/?post_type=product&#038;p=190566"},"modified":"2025-03-04T16:02:29","modified_gmt":"2025-03-04T15:02:29","slug":"qhp-sterrin-kefa-s-tvrdymi-stetinami","status":"publish","type":"product","link":"https:\/\/arak.spicehorse.eu\/sk\/produkt\/qhp-sterrin-kefa-s-tvrdymi-stetinami\/","title":{"rendered":"QHP Sterrin kefa s tvrd\u00fdmi \u0161tetinami"},"content":{"rendered":"<p style=\"font-weight: 400;\">Super rozko\u0161n\u00e1 kefa na o\u0161etrovanie ko\u0148a. S farebn\u00fdmi \u0161tetinami a vzorom jednoro\u017eca, v\u010faka nej si ve\u013emi jednoducho o\u010dist\u00edte v\u00e1\u0161ho pon\u00edka. S\u00fa\u010das\u0165 kolekcie QHP Sterrin.<\/p>\n","protected":false},"excerpt":{"rendered":"<ul style=\"font-weight: 400;\">\n<li>Materi\u00e1l: polypropyl\u00e9n<\/li>\n<li>Materi\u00e1l r\u00fa\u010dky: nylon<\/li>\n<li>Tvrd\u00e1 kefa na odstr\u00e1nenie ne\u010dist\u00f4t<\/li>\n<li>S\u00a0vesel\u00fdm vzorom jednoro\u017ecov<\/li>\n<li>S\u00a0farebn\u00fdmi \u0161tetinami<\/li>\n<li>S\u00fa\u010das\u0165 kolekcie Sterrin<\/li>\n<\/ul>\n","protected":false},"featured_media":190569,"template":"","meta":{"_acf_changed":false},"product_cat":[75,106,120],"product_tag":[467,401,422,338,1973,3059,419,3151],"acf":[],"yoast_head":"<!-- This site is optimized with the Yoast SEO plugin v21.4 - https:\/\/yoast.com\/wordpress\/plugins\/seo\/ -->\n<title>QHP Sterrin kefa s tvrd\u00fdmi \u0161tetinami - Spicehorse<\/title>\n<meta name=\"description\" content=\"spicehorse.eu | Super rozko\u0161n\u00e1 kefa na o\u0161etrovanie ko\u0148a. S farebn\u00fdmi \u0161tetinami a vzorom jednoro\u017eca, v\u010faka nej si ve\u013emi jednoducho o\u010dist\u00edte v\u00e1\u0161ho pon\u00edka.\" \/>\n<meta name=\"robots\" content=\"index, follow, max-snippet:-1, max-image-preview:large, max-video-preview:-1\" \/>\n<link rel=\"canonical\" href=\"https:\/\/arak.spicehorse.eu\/termek\/qhp-sterrin-gyokerkefe\/\" \/>\n<meta property=\"og:locale\" content=\"sk_SK\" \/>\n<meta property=\"og:type\" content=\"article\" \/>\n<meta property=\"og:title\" content=\"QHP Sterrin kefa s tvrd\u00fdmi \u0161tetinami - Spicehorse\" \/>\n<meta property=\"og:description\" content=\"spicehorse.eu | Super rozko\u0161n\u00e1 kefa na o\u0161etrovanie ko\u0148a. S farebn\u00fdmi \u0161tetinami a vzorom jednoro\u017eca, v\u010faka nej si ve\u013emi jednoducho o\u010dist\u00edte v\u00e1\u0161ho pon\u00edka.\" \/>\n<meta property=\"og:url\" content=\"https:\/\/arak.spicehorse.eu\/termek\/qhp-sterrin-gyokerkefe\/\" \/>\n<meta property=\"og:site_name\" content=\"Spicehorse\" \/>\n<meta property=\"article:publisher\" content=\"https:\/\/www.facebook.com\/SPICEHORSE-550385625402457\/\" \/>\n<meta property=\"article:modified_time\" content=\"2025-03-04T15:02:29+00:00\" \/>\n<meta property=\"og:image\" content=\"https:\/\/arak.spicehorse.eu\/wp-content\/uploads\/2025\/01\/5511pop-4.jpg\" \/>\n\t<meta property=\"og:image:width\" content=\"1280\" \/>\n\t<meta property=\"og:image:height\" content=\"1280\" \/>\n\t<meta property=\"og:image:type\" content=\"image\/jpeg\" \/>\n<meta name=\"twitter:card\" content=\"summary_large_image\" \/>\n<script type=\"application\/ld+json\" class=\"yoast-schema-graph\">{\"@context\":\"https:\/\/schema.org\",\"@graph\":[{\"@type\":\"WebPage\",\"@id\":\"https:\/\/arak.spicehorse.eu\/termek\/qhp-sterrin-gyokerkefe\/\",\"url\":\"https:\/\/arak.spicehorse.eu\/termek\/qhp-sterrin-gyokerkefe\/\",\"name\":\"QHP Sterrin kefa s tvrd\u00fdmi \u0161tetinami - Spicehorse\",\"isPartOf\":{\"@id\":\"https:\/\/arak.spicehorse.eu\/en\/#website\"},\"datePublished\":\"2025-01-23T16:34:25+00:00\",\"dateModified\":\"2025-03-04T15:02:29+00:00\",\"description\":\"spicehorse.eu | Super rozko\u0161n\u00e1 kefa na o\u0161etrovanie ko\u0148a. S farebn\u00fdmi \u0161tetinami a vzorom jednoro\u017eca, v\u010faka nej si ve\u013emi jednoducho o\u010dist\u00edte v\u00e1\u0161ho pon\u00edka.\",\"breadcrumb\":{\"@id\":\"https:\/\/arak.spicehorse.eu\/termek\/qhp-sterrin-gyokerkefe\/#breadcrumb\"},\"inLanguage\":\"sk-SK\",\"potentialAction\":[{\"@type\":\"ReadAction\",\"target\":[\"https:\/\/arak.spicehorse.eu\/termek\/qhp-sterrin-gyokerkefe\/\"]}]},{\"@type\":\"BreadcrumbList\",\"@id\":\"https:\/\/arak.spicehorse.eu\/termek\/qhp-sterrin-gyokerkefe\/#breadcrumb\",\"itemListElement\":[{\"@type\":\"ListItem\",\"position\":1,\"name\":\"Home\",\"item\":\"https:\/\/arak.spicehorse.eu\/sk\/\"},{\"@type\":\"ListItem\",\"position\":2,\"name\":\"Predaj\u0148a\",\"item\":\"https:\/\/arak.spicehorse.eu\/sk\/predajna\/\"},{\"@type\":\"ListItem\",\"position\":3,\"name\":\"QHP Sterrin kefa s tvrd\u00fdmi \u0161tetinami\"}]},{\"@type\":\"WebSite\",\"@id\":\"https:\/\/arak.spicehorse.eu\/en\/#website\",\"url\":\"https:\/\/arak.spicehorse.eu\/en\/\",\"name\":\"Spicehorse\",\"description\":\"UNDER DEVELOPMENT -\",\"potentialAction\":[{\"@type\":\"SearchAction\",\"target\":{\"@type\":\"EntryPoint\",\"urlTemplate\":\"https:\/\/arak.spicehorse.eu\/en\/?s={search_term_string}\"},\"query-input\":\"required name=search_term_string\"}],\"inLanguage\":\"sk-SK\"}]}<\/script>\n<!-- \/ Yoast SEO plugin. -->","yoast_head_json":{"title":"QHP Sterrin kefa s tvrd\u00fdmi \u0161tetinami - Spicehorse","description":"spicehorse.eu | Super rozko\u0161n\u00e1 kefa na o\u0161etrovanie ko\u0148a. S farebn\u00fdmi \u0161tetinami a vzorom jednoro\u017eca, v\u010faka nej si ve\u013emi jednoducho o\u010dist\u00edte v\u00e1\u0161ho pon\u00edka.","robots":{"index":"index","follow":"follow","max-snippet":"max-snippet:-1","max-image-preview":"max-image-preview:large","max-video-preview":"max-video-preview:-1"},"canonical":"https:\/\/arak.spicehorse.eu\/termek\/qhp-sterrin-gyokerkefe\/","og_locale":"sk_SK","og_type":"article","og_title":"QHP Sterrin kefa s tvrd\u00fdmi \u0161tetinami - Spicehorse","og_description":"spicehorse.eu | Super rozko\u0161n\u00e1 kefa na o\u0161etrovanie ko\u0148a. S farebn\u00fdmi \u0161tetinami a vzorom jednoro\u017eca, v\u010faka nej si ve\u013emi jednoducho o\u010dist\u00edte v\u00e1\u0161ho pon\u00edka.","og_url":"https:\/\/arak.spicehorse.eu\/termek\/qhp-sterrin-gyokerkefe\/","og_site_name":"Spicehorse","article_publisher":"https:\/\/www.facebook.com\/SPICEHORSE-550385625402457\/","article_modified_time":"2025-03-04T15:02:29+00:00","og_image":[{"width":1280,"height":1280,"url":"https:\/\/arak.spicehorse.eu\/wp-content\/uploads\/2025\/01\/5511pop-4.jpg","type":"image\/jpeg"}],"twitter_card":"summary_large_image","schema":{"@context":"https:\/\/schema.org","@graph":[{"@type":"WebPage","@id":"https:\/\/arak.spicehorse.eu\/termek\/qhp-sterrin-gyokerkefe\/","url":"https:\/\/arak.spicehorse.eu\/termek\/qhp-sterrin-gyokerkefe\/","name":"QHP Sterrin kefa s tvrd\u00fdmi \u0161tetinami - Spicehorse","isPartOf":{"@id":"https:\/\/arak.spicehorse.eu\/en\/#website"},"datePublished":"2025-01-23T16:34:25+00:00","dateModified":"2025-03-04T15:02:29+00:00","description":"spicehorse.eu | Super rozko\u0161n\u00e1 kefa na o\u0161etrovanie ko\u0148a. S farebn\u00fdmi \u0161tetinami a vzorom jednoro\u017eca, v\u010faka nej si ve\u013emi jednoducho o\u010dist\u00edte v\u00e1\u0161ho pon\u00edka.","breadcrumb":{"@id":"https:\/\/arak.spicehorse.eu\/termek\/qhp-sterrin-gyokerkefe\/#breadcrumb"},"inLanguage":"sk-SK","potentialAction":[{"@type":"ReadAction","target":["https:\/\/arak.spicehorse.eu\/termek\/qhp-sterrin-gyokerkefe\/"]}]},{"@type":"BreadcrumbList","@id":"https:\/\/arak.spicehorse.eu\/termek\/qhp-sterrin-gyokerkefe\/#breadcrumb","itemListElement":[{"@type":"ListItem","position":1,"name":"Home","item":"https:\/\/arak.spicehorse.eu\/sk\/"},{"@type":"ListItem","position":2,"name":"Predaj\u0148a","item":"https:\/\/arak.spicehorse.eu\/sk\/predajna\/"},{"@type":"ListItem","position":3,"name":"QHP Sterrin kefa s tvrd\u00fdmi \u0161tetinami"}]},{"@type":"WebSite","@id":"https:\/\/arak.spicehorse.eu\/en\/#website","url":"https:\/\/arak.spicehorse.eu\/en\/","name":"Spicehorse","description":"UNDER DEVELOPMENT -","potentialAction":[{"@type":"SearchAction","target":{"@type":"EntryPoint","urlTemplate":"https:\/\/arak.spicehorse.eu\/en\/?s={search_term_string}"},"query-input":"required name=search_term_string"}],"inLanguage":"sk-SK"}]}},"_links":{"self":[{"href":"https:\/\/arak.spicehorse.eu\/sk\/wp-json\/wp\/v2\/product\/190566"}],"collection":[{"href":"https:\/\/arak.spicehorse.eu\/sk\/wp-json\/wp\/v2\/product"}],"about":[{"href":"https:\/\/arak.spicehorse.eu\/sk\/wp-json\/wp\/v2\/types\/product"}],"wp:featuredmedia":[{"embeddable":true,"href":"https:\/\/arak.spicehorse.eu\/sk\/wp-json\/wp\/v2\/media\/190569"}],"wp:attachment":[{"href":"https:\/\/arak.spicehorse.eu\/sk\/wp-json\/wp\/v2\/media?parent=190566"}],"wp:term":[{"taxonomy":"product_cat","embeddable":true,"href":"https:\/\/arak.spicehorse.eu\/sk\/wp-json\/wp\/v2\/product_cat?post=190566"},{"taxonomy":"product_tag","embeddable":true,"href":"https:\/\/arak.spicehorse.eu\/sk\/wp-json\/wp\/v2\/product_tag?post=190566"}],"curies":[{"name":"wp","href":"https:\/\/api.w.org\/{rel}","templated":true}]}}