{"id":190582,"date":"2025-01-23T18:17:36","date_gmt":"2025-01-23T17:17:38","guid":{"rendered":"https:\/\/arak.spicehorse.eu\/?post_type=product&#038;p=190582"},"modified":"2025-01-23T18:28:51","modified_gmt":"2025-01-23T17:28:51","slug":"qhp-hracka-pre-kone-sterrin","status":"publish","type":"product","link":"https:\/\/arak.spicehorse.eu\/sk\/produkt\/qhp-hracka-pre-kone-sterrin\/","title":{"rendered":"QHP hra\u010dka pre kone Sterrin"},"content":{"rendered":"<p>QHP hra\u010dka pre kone. Ob\u010das sa V\u00e1\u0161 k\u00f4\u0148 v stajni nud\u00ed? V tom pr\u00edpade m\u00f4\u017ee by\u0165 pre V\u00e1s u\u017eito\u010dn\u00e1 hra\u010dka v\u00a0tvare mrkvy, ktor\u00fa mo\u017eno zavesi\u0165 na box! Z bavlnen\u00e9ho povrazov\u00e9ho materi\u00e1lu, ve\u013emi \u013eahko ju mo\u017eno zavesi\u0165. Je skuto\u010dn\u00fdm \u201espolo\u010dn\u00edkom\u201d na odstr\u00e1nenie nudy.<\/p>\n","protected":false},"excerpt":{"rendered":"<ul>\n<li>Vonkaj\u0161\u00ed materi\u00e1l: vel\u00far<\/li>\n<li>Vn\u00fatorn\u00fd materi\u00e1l: jutovina<\/li>\n<li>Materi\u00e1l povrazu: bavlna, jutovina<\/li>\n<li>Hra\u010dku mo\u017eno zavesi\u0165 do boxu<\/li>\n<li>Na odstr\u00e1nenie nudy<\/li>\n<li>\u013dahko sa upev\u0148uje<\/li>\n<li>Bezpe\u010dn\u00e9 pou\u017e\u00edvanie<\/li>\n<\/ul>\n","protected":false},"featured_media":190585,"template":"","meta":{"_acf_changed":false},"product_cat":[75,100,120],"product_tag":[227,467,422,338,1973,3059,419,3151],"acf":[],"yoast_head":"<!-- This site is optimized with the Yoast SEO plugin v21.4 - https:\/\/yoast.com\/wordpress\/plugins\/seo\/ -->\n<title>QHP hra\u010dka pre kone Sterrin - Spicehorse<\/title>\n<meta name=\"description\" content=\"spicehorse.eu | QHP hra\u010dka pre kone. Ob\u010das sa V\u00e1\u0161 k\u00f4\u0148 v stajni nud\u00ed? V tom pr\u00edpade m\u00f4\u017ee by\u0165 pre V\u00e1s u\u017eito\u010dn\u00e1 hra\u010dka v\u00a0tvare mrkvy, ktor\u00fa mo\u017eno zavesi\u0165 na box!\" \/>\n<meta name=\"robots\" content=\"index, follow, max-snippet:-1, max-image-preview:large, max-video-preview:-1\" \/>\n<link rel=\"canonical\" href=\"https:\/\/arak.spicehorse.eu\/termek\/qhp-jatek-lovaknak-sterrin\/\" \/>\n<meta property=\"og:locale\" content=\"sk_SK\" \/>\n<meta property=\"og:type\" content=\"article\" \/>\n<meta property=\"og:title\" content=\"QHP hra\u010dka pre kone Sterrin - Spicehorse\" \/>\n<meta property=\"og:description\" content=\"spicehorse.eu | QHP hra\u010dka pre kone. Ob\u010das sa V\u00e1\u0161 k\u00f4\u0148 v stajni nud\u00ed? V tom pr\u00edpade m\u00f4\u017ee by\u0165 pre V\u00e1s u\u017eito\u010dn\u00e1 hra\u010dka v\u00a0tvare mrkvy, ktor\u00fa mo\u017eno zavesi\u0165 na box!\" \/>\n<meta property=\"og:url\" content=\"https:\/\/arak.spicehorse.eu\/termek\/qhp-jatek-lovaknak-sterrin\/\" \/>\n<meta property=\"og:site_name\" content=\"Spicehorse\" \/>\n<meta property=\"article:publisher\" content=\"https:\/\/www.facebook.com\/SPICEHORSE-550385625402457\/\" \/>\n<meta property=\"article:modified_time\" content=\"2025-01-23T17:28:51+00:00\" \/>\n<meta property=\"og:image\" content=\"https:\/\/arak.spicehorse.eu\/wp-content\/uploads\/2025\/01\/5513pop-6.jpg\" \/>\n\t<meta property=\"og:image:width\" content=\"1280\" \/>\n\t<meta property=\"og:image:height\" content=\"1280\" \/>\n\t<meta property=\"og:image:type\" content=\"image\/jpeg\" \/>\n<meta name=\"twitter:card\" content=\"summary_large_image\" \/>\n<script type=\"application\/ld+json\" class=\"yoast-schema-graph\">{\"@context\":\"https:\/\/schema.org\",\"@graph\":[{\"@type\":\"WebPage\",\"@id\":\"https:\/\/arak.spicehorse.eu\/termek\/qhp-jatek-lovaknak-sterrin\/\",\"url\":\"https:\/\/arak.spicehorse.eu\/termek\/qhp-jatek-lovaknak-sterrin\/\",\"name\":\"QHP hra\u010dka pre kone Sterrin - Spicehorse\",\"isPartOf\":{\"@id\":\"https:\/\/arak.spicehorse.eu\/en\/#website\"},\"datePublished\":\"2025-01-23T17:17:38+00:00\",\"dateModified\":\"2025-01-23T17:28:51+00:00\",\"description\":\"spicehorse.eu | QHP hra\u010dka pre kone. Ob\u010das sa V\u00e1\u0161 k\u00f4\u0148 v stajni nud\u00ed? V tom pr\u00edpade m\u00f4\u017ee by\u0165 pre V\u00e1s u\u017eito\u010dn\u00e1 hra\u010dka v\u00a0tvare mrkvy, ktor\u00fa mo\u017eno zavesi\u0165 na box!\",\"breadcrumb\":{\"@id\":\"https:\/\/arak.spicehorse.eu\/termek\/qhp-jatek-lovaknak-sterrin\/#breadcrumb\"},\"inLanguage\":\"sk-SK\",\"potentialAction\":[{\"@type\":\"ReadAction\",\"target\":[\"https:\/\/arak.spicehorse.eu\/termek\/qhp-jatek-lovaknak-sterrin\/\"]}]},{\"@type\":\"BreadcrumbList\",\"@id\":\"https:\/\/arak.spicehorse.eu\/termek\/qhp-jatek-lovaknak-sterrin\/#breadcrumb\",\"itemListElement\":[{\"@type\":\"ListItem\",\"position\":1,\"name\":\"Home\",\"item\":\"https:\/\/arak.spicehorse.eu\/sk\/\"},{\"@type\":\"ListItem\",\"position\":2,\"name\":\"Predaj\u0148a\",\"item\":\"https:\/\/arak.spicehorse.eu\/sk\/predajna\/\"},{\"@type\":\"ListItem\",\"position\":3,\"name\":\"QHP hra\u010dka pre kone Sterrin\"}]},{\"@type\":\"WebSite\",\"@id\":\"https:\/\/arak.spicehorse.eu\/en\/#website\",\"url\":\"https:\/\/arak.spicehorse.eu\/en\/\",\"name\":\"Spicehorse\",\"description\":\"UNDER DEVELOPMENT -\",\"potentialAction\":[{\"@type\":\"SearchAction\",\"target\":{\"@type\":\"EntryPoint\",\"urlTemplate\":\"https:\/\/arak.spicehorse.eu\/en\/?s={search_term_string}\"},\"query-input\":\"required name=search_term_string\"}],\"inLanguage\":\"sk-SK\"}]}<\/script>\n<!-- \/ Yoast SEO plugin. -->","yoast_head_json":{"title":"QHP hra\u010dka pre kone Sterrin - Spicehorse","description":"spicehorse.eu | QHP hra\u010dka pre kone. Ob\u010das sa V\u00e1\u0161 k\u00f4\u0148 v stajni nud\u00ed? V tom pr\u00edpade m\u00f4\u017ee by\u0165 pre V\u00e1s u\u017eito\u010dn\u00e1 hra\u010dka v\u00a0tvare mrkvy, ktor\u00fa mo\u017eno zavesi\u0165 na box!","robots":{"index":"index","follow":"follow","max-snippet":"max-snippet:-1","max-image-preview":"max-image-preview:large","max-video-preview":"max-video-preview:-1"},"canonical":"https:\/\/arak.spicehorse.eu\/termek\/qhp-jatek-lovaknak-sterrin\/","og_locale":"sk_SK","og_type":"article","og_title":"QHP hra\u010dka pre kone Sterrin - Spicehorse","og_description":"spicehorse.eu | QHP hra\u010dka pre kone. Ob\u010das sa V\u00e1\u0161 k\u00f4\u0148 v stajni nud\u00ed? V tom pr\u00edpade m\u00f4\u017ee by\u0165 pre V\u00e1s u\u017eito\u010dn\u00e1 hra\u010dka v\u00a0tvare mrkvy, ktor\u00fa mo\u017eno zavesi\u0165 na box!","og_url":"https:\/\/arak.spicehorse.eu\/termek\/qhp-jatek-lovaknak-sterrin\/","og_site_name":"Spicehorse","article_publisher":"https:\/\/www.facebook.com\/SPICEHORSE-550385625402457\/","article_modified_time":"2025-01-23T17:28:51+00:00","og_image":[{"width":1280,"height":1280,"url":"https:\/\/arak.spicehorse.eu\/wp-content\/uploads\/2025\/01\/5513pop-6.jpg","type":"image\/jpeg"}],"twitter_card":"summary_large_image","schema":{"@context":"https:\/\/schema.org","@graph":[{"@type":"WebPage","@id":"https:\/\/arak.spicehorse.eu\/termek\/qhp-jatek-lovaknak-sterrin\/","url":"https:\/\/arak.spicehorse.eu\/termek\/qhp-jatek-lovaknak-sterrin\/","name":"QHP hra\u010dka pre kone Sterrin - Spicehorse","isPartOf":{"@id":"https:\/\/arak.spicehorse.eu\/en\/#website"},"datePublished":"2025-01-23T17:17:38+00:00","dateModified":"2025-01-23T17:28:51+00:00","description":"spicehorse.eu | QHP hra\u010dka pre kone. Ob\u010das sa V\u00e1\u0161 k\u00f4\u0148 v stajni nud\u00ed? V tom pr\u00edpade m\u00f4\u017ee by\u0165 pre V\u00e1s u\u017eito\u010dn\u00e1 hra\u010dka v\u00a0tvare mrkvy, ktor\u00fa mo\u017eno zavesi\u0165 na box!","breadcrumb":{"@id":"https:\/\/arak.spicehorse.eu\/termek\/qhp-jatek-lovaknak-sterrin\/#breadcrumb"},"inLanguage":"sk-SK","potentialAction":[{"@type":"ReadAction","target":["https:\/\/arak.spicehorse.eu\/termek\/qhp-jatek-lovaknak-sterrin\/"]}]},{"@type":"BreadcrumbList","@id":"https:\/\/arak.spicehorse.eu\/termek\/qhp-jatek-lovaknak-sterrin\/#breadcrumb","itemListElement":[{"@type":"ListItem","position":1,"name":"Home","item":"https:\/\/arak.spicehorse.eu\/sk\/"},{"@type":"ListItem","position":2,"name":"Predaj\u0148a","item":"https:\/\/arak.spicehorse.eu\/sk\/predajna\/"},{"@type":"ListItem","position":3,"name":"QHP hra\u010dka pre kone Sterrin"}]},{"@type":"WebSite","@id":"https:\/\/arak.spicehorse.eu\/en\/#website","url":"https:\/\/arak.spicehorse.eu\/en\/","name":"Spicehorse","description":"UNDER DEVELOPMENT -","potentialAction":[{"@type":"SearchAction","target":{"@type":"EntryPoint","urlTemplate":"https:\/\/arak.spicehorse.eu\/en\/?s={search_term_string}"},"query-input":"required name=search_term_string"}],"inLanguage":"sk-SK"}]}},"_links":{"self":[{"href":"https:\/\/arak.spicehorse.eu\/sk\/wp-json\/wp\/v2\/product\/190582"}],"collection":[{"href":"https:\/\/arak.spicehorse.eu\/sk\/wp-json\/wp\/v2\/product"}],"about":[{"href":"https:\/\/arak.spicehorse.eu\/sk\/wp-json\/wp\/v2\/types\/product"}],"wp:featuredmedia":[{"embeddable":true,"href":"https:\/\/arak.spicehorse.eu\/sk\/wp-json\/wp\/v2\/media\/190585"}],"wp:attachment":[{"href":"https:\/\/arak.spicehorse.eu\/sk\/wp-json\/wp\/v2\/media?parent=190582"}],"wp:term":[{"taxonomy":"product_cat","embeddable":true,"href":"https:\/\/arak.spicehorse.eu\/sk\/wp-json\/wp\/v2\/product_cat?post=190582"},{"taxonomy":"product_tag","embeddable":true,"href":"https:\/\/arak.spicehorse.eu\/sk\/wp-json\/wp\/v2\/product_tag?post=190582"}],"curies":[{"name":"wp","href":"https:\/\/api.w.org\/{rel}","templated":true}]}}