{"id":190837,"date":"2025-01-28T12:24:09","date_gmt":"2025-01-28T11:24:10","guid":{"rendered":"https:\/\/arak.spicehorse.eu\/?post_type=product&#038;p=190837"},"modified":"2025-04-17T11:33:21","modified_gmt":"2025-04-17T09:33:21","slug":"qhp-farebna-ihla-na-sitie-hrivy","status":"publish","type":"product","link":"https:\/\/arak.spicehorse.eu\/sk\/produkt\/qhp-farebna-ihla-na-sitie-hrivy\/","title":{"rendered":"QHP farebn\u00e1 ihla na \u0161itie hrivy"},"content":{"rendered":"<p style=\"font-weight: 400;\">QHP ihla na \u0161itie hrivy na vytv\u00e1ranie n\u00e1dhern\u00fdch vrko\u010dov. Zaoblen\u00e1 \u0161pi\u010dka zabezpe\u010duje, aby sme n\u00e1\u0161ho ko\u0148a nepichli ani n\u00e1hodou. V r\u00f4znych farb\u00e1ch, \u013eahko sa udr\u017e\u00ed na o\u010diach pri vytv\u00e1ran\u00ed vrko\u010dov.<\/p>\n","protected":false},"excerpt":{"rendered":"<ul style=\"font-weight: 400;\">\n<li>Materi\u00e1l: zliatina tit\u00e1nu<\/li>\n<li>Ihla na \u0161itie hrivy<\/li>\n<li>Obl\u00e1 \u0161pica zabezpe\u010duje, aby sme ko\u0148a nepichli ani n\u00e1hodou<\/li>\n<li>Vo viacer\u00fdch farb\u00e1ch, l\u00ed\u0161i sa od farby hrivy<\/li>\n<li>Vyberte si k\u00a0nej a\u00a0vhodn\u00fa ni\u0165 na \u0161itie<\/li>\n<\/ul>\n","protected":false},"featured_media":190852,"template":"","meta":{"_acf_changed":false},"product_cat":[75,100,120],"product_tag":[338,1973,2035],"acf":[],"yoast_head":"<!-- This site is optimized with the Yoast SEO plugin v21.4 - https:\/\/yoast.com\/wordpress\/plugins\/seo\/ -->\n<title>QHP farebn\u00e1 ihla na \u0161itie hrivy - Spicehorse<\/title>\n<meta name=\"description\" content=\"spicehorse.eu | QHP ihla na \u0161itie hrivy na vytv\u00e1ranie n\u00e1dhern\u00fdch vrko\u010dov. Zaoblen\u00e1 \u0161pi\u010dka zabezpe\u010duje, aby sme n\u00e1\u0161ho ko\u0148a nepichli ani n\u00e1hodou.\" \/>\n<meta name=\"robots\" content=\"index, follow, max-snippet:-1, max-image-preview:large, max-video-preview:-1\" \/>\n<link rel=\"canonical\" href=\"https:\/\/arak.spicehorse.eu\/termek\/qhp-szines-sorenyvarro-tu\/\" \/>\n<meta property=\"og:locale\" content=\"sk_SK\" \/>\n<meta property=\"og:type\" content=\"article\" \/>\n<meta property=\"og:title\" content=\"QHP farebn\u00e1 ihla na \u0161itie hrivy - Spicehorse\" \/>\n<meta property=\"og:description\" content=\"spicehorse.eu | QHP ihla na \u0161itie hrivy na vytv\u00e1ranie n\u00e1dhern\u00fdch vrko\u010dov. Zaoblen\u00e1 \u0161pi\u010dka zabezpe\u010duje, aby sme n\u00e1\u0161ho ko\u0148a nepichli ani n\u00e1hodou.\" \/>\n<meta property=\"og:url\" content=\"https:\/\/arak.spicehorse.eu\/termek\/qhp-szines-sorenyvarro-tu\/\" \/>\n<meta property=\"og:site_name\" content=\"Spicehorse\" \/>\n<meta property=\"article:publisher\" content=\"https:\/\/www.facebook.com\/SPICEHORSE-550385625402457\/\" \/>\n<meta property=\"article:modified_time\" content=\"2025-04-17T09:33:21+00:00\" \/>\n<meta property=\"og:image\" content=\"https:\/\/arak.spicehorse.eu\/wp-content\/uploads\/2025\/01\/purple.jpg\" \/>\n\t<meta property=\"og:image:width\" content=\"826\" \/>\n\t<meta property=\"og:image:height\" content=\"845\" \/>\n\t<meta property=\"og:image:type\" content=\"image\/jpeg\" \/>\n<meta name=\"twitter:card\" content=\"summary_large_image\" \/>\n<script type=\"application\/ld+json\" class=\"yoast-schema-graph\">{\"@context\":\"https:\/\/schema.org\",\"@graph\":[{\"@type\":\"WebPage\",\"@id\":\"https:\/\/arak.spicehorse.eu\/termek\/qhp-szines-sorenyvarro-tu\/\",\"url\":\"https:\/\/arak.spicehorse.eu\/termek\/qhp-szines-sorenyvarro-tu\/\",\"name\":\"QHP farebn\u00e1 ihla na \u0161itie hrivy - Spicehorse\",\"isPartOf\":{\"@id\":\"https:\/\/arak.spicehorse.eu\/en\/#website\"},\"datePublished\":\"2025-01-28T11:24:10+00:00\",\"dateModified\":\"2025-04-17T09:33:21+00:00\",\"description\":\"spicehorse.eu | QHP ihla na \u0161itie hrivy na vytv\u00e1ranie n\u00e1dhern\u00fdch vrko\u010dov. Zaoblen\u00e1 \u0161pi\u010dka zabezpe\u010duje, aby sme n\u00e1\u0161ho ko\u0148a nepichli ani n\u00e1hodou.\",\"breadcrumb\":{\"@id\":\"https:\/\/arak.spicehorse.eu\/termek\/qhp-szines-sorenyvarro-tu\/#breadcrumb\"},\"inLanguage\":\"sk-SK\",\"potentialAction\":[{\"@type\":\"ReadAction\",\"target\":[\"https:\/\/arak.spicehorse.eu\/termek\/qhp-szines-sorenyvarro-tu\/\"]}]},{\"@type\":\"BreadcrumbList\",\"@id\":\"https:\/\/arak.spicehorse.eu\/termek\/qhp-szines-sorenyvarro-tu\/#breadcrumb\",\"itemListElement\":[{\"@type\":\"ListItem\",\"position\":1,\"name\":\"Home\",\"item\":\"https:\/\/arak.spicehorse.eu\/sk\/\"},{\"@type\":\"ListItem\",\"position\":2,\"name\":\"Predaj\u0148a\",\"item\":\"https:\/\/arak.spicehorse.eu\/sk\/predajna\/\"},{\"@type\":\"ListItem\",\"position\":3,\"name\":\"QHP farebn\u00e1 ihla na \u0161itie hrivy\"}]},{\"@type\":\"WebSite\",\"@id\":\"https:\/\/arak.spicehorse.eu\/en\/#website\",\"url\":\"https:\/\/arak.spicehorse.eu\/en\/\",\"name\":\"Spicehorse\",\"description\":\"UNDER DEVELOPMENT -\",\"potentialAction\":[{\"@type\":\"SearchAction\",\"target\":{\"@type\":\"EntryPoint\",\"urlTemplate\":\"https:\/\/arak.spicehorse.eu\/en\/?s={search_term_string}\"},\"query-input\":\"required name=search_term_string\"}],\"inLanguage\":\"sk-SK\"}]}<\/script>\n<!-- \/ Yoast SEO plugin. -->","yoast_head_json":{"title":"QHP farebn\u00e1 ihla na \u0161itie hrivy - Spicehorse","description":"spicehorse.eu | QHP ihla na \u0161itie hrivy na vytv\u00e1ranie n\u00e1dhern\u00fdch vrko\u010dov. Zaoblen\u00e1 \u0161pi\u010dka zabezpe\u010duje, aby sme n\u00e1\u0161ho ko\u0148a nepichli ani n\u00e1hodou.","robots":{"index":"index","follow":"follow","max-snippet":"max-snippet:-1","max-image-preview":"max-image-preview:large","max-video-preview":"max-video-preview:-1"},"canonical":"https:\/\/arak.spicehorse.eu\/termek\/qhp-szines-sorenyvarro-tu\/","og_locale":"sk_SK","og_type":"article","og_title":"QHP farebn\u00e1 ihla na \u0161itie hrivy - Spicehorse","og_description":"spicehorse.eu | QHP ihla na \u0161itie hrivy na vytv\u00e1ranie n\u00e1dhern\u00fdch vrko\u010dov. Zaoblen\u00e1 \u0161pi\u010dka zabezpe\u010duje, aby sme n\u00e1\u0161ho ko\u0148a nepichli ani n\u00e1hodou.","og_url":"https:\/\/arak.spicehorse.eu\/termek\/qhp-szines-sorenyvarro-tu\/","og_site_name":"Spicehorse","article_publisher":"https:\/\/www.facebook.com\/SPICEHORSE-550385625402457\/","article_modified_time":"2025-04-17T09:33:21+00:00","og_image":[{"width":826,"height":845,"url":"https:\/\/arak.spicehorse.eu\/wp-content\/uploads\/2025\/01\/purple.jpg","type":"image\/jpeg"}],"twitter_card":"summary_large_image","schema":{"@context":"https:\/\/schema.org","@graph":[{"@type":"WebPage","@id":"https:\/\/arak.spicehorse.eu\/termek\/qhp-szines-sorenyvarro-tu\/","url":"https:\/\/arak.spicehorse.eu\/termek\/qhp-szines-sorenyvarro-tu\/","name":"QHP farebn\u00e1 ihla na \u0161itie hrivy - Spicehorse","isPartOf":{"@id":"https:\/\/arak.spicehorse.eu\/en\/#website"},"datePublished":"2025-01-28T11:24:10+00:00","dateModified":"2025-04-17T09:33:21+00:00","description":"spicehorse.eu | QHP ihla na \u0161itie hrivy na vytv\u00e1ranie n\u00e1dhern\u00fdch vrko\u010dov. Zaoblen\u00e1 \u0161pi\u010dka zabezpe\u010duje, aby sme n\u00e1\u0161ho ko\u0148a nepichli ani n\u00e1hodou.","breadcrumb":{"@id":"https:\/\/arak.spicehorse.eu\/termek\/qhp-szines-sorenyvarro-tu\/#breadcrumb"},"inLanguage":"sk-SK","potentialAction":[{"@type":"ReadAction","target":["https:\/\/arak.spicehorse.eu\/termek\/qhp-szines-sorenyvarro-tu\/"]}]},{"@type":"BreadcrumbList","@id":"https:\/\/arak.spicehorse.eu\/termek\/qhp-szines-sorenyvarro-tu\/#breadcrumb","itemListElement":[{"@type":"ListItem","position":1,"name":"Home","item":"https:\/\/arak.spicehorse.eu\/sk\/"},{"@type":"ListItem","position":2,"name":"Predaj\u0148a","item":"https:\/\/arak.spicehorse.eu\/sk\/predajna\/"},{"@type":"ListItem","position":3,"name":"QHP farebn\u00e1 ihla na \u0161itie hrivy"}]},{"@type":"WebSite","@id":"https:\/\/arak.spicehorse.eu\/en\/#website","url":"https:\/\/arak.spicehorse.eu\/en\/","name":"Spicehorse","description":"UNDER DEVELOPMENT -","potentialAction":[{"@type":"SearchAction","target":{"@type":"EntryPoint","urlTemplate":"https:\/\/arak.spicehorse.eu\/en\/?s={search_term_string}"},"query-input":"required name=search_term_string"}],"inLanguage":"sk-SK"}]}},"_links":{"self":[{"href":"https:\/\/arak.spicehorse.eu\/sk\/wp-json\/wp\/v2\/product\/190837"}],"collection":[{"href":"https:\/\/arak.spicehorse.eu\/sk\/wp-json\/wp\/v2\/product"}],"about":[{"href":"https:\/\/arak.spicehorse.eu\/sk\/wp-json\/wp\/v2\/types\/product"}],"wp:featuredmedia":[{"embeddable":true,"href":"https:\/\/arak.spicehorse.eu\/sk\/wp-json\/wp\/v2\/media\/190852"}],"wp:attachment":[{"href":"https:\/\/arak.spicehorse.eu\/sk\/wp-json\/wp\/v2\/media?parent=190837"}],"wp:term":[{"taxonomy":"product_cat","embeddable":true,"href":"https:\/\/arak.spicehorse.eu\/sk\/wp-json\/wp\/v2\/product_cat?post=190837"},{"taxonomy":"product_tag","embeddable":true,"href":"https:\/\/arak.spicehorse.eu\/sk\/wp-json\/wp\/v2\/product_tag?post=190837"}],"curies":[{"name":"wp","href":"https:\/\/api.w.org\/{rel}","templated":true}]}}