{"id":191018,"date":"2025-01-30T17:43:13","date_gmt":"2025-01-30T16:43:15","guid":{"rendered":"https:\/\/arak.spicehorse.eu\/?post_type=product&#038;p=191018"},"modified":"2025-01-30T17:52:16","modified_gmt":"2025-01-30T16:52:16","slug":"equestrian-stockholm-modern-dark-ocean-skokova-podsedlova-decka","status":"publish","type":"product","link":"https:\/\/arak.spicehorse.eu\/sk\/produkt\/equestrian-stockholm-modern-dark-ocean-skokova-podsedlova-decka\/","title":{"rendered":"Equestrian Stockholm Modern Dark Ocean skokov\u00e1 podsedlov\u00e1 de\u010dka"},"content":{"rendered":"<p style=\"font-weight: 400;\">Elegantn\u00e1 Equestrian Stockholm podsedlov\u00e1 de\u010dka v\u00a0kr\u00e1snej oce\u00e1novo modrej farbe s\u00a0rose gold detailmi. S rose gold Equestrian Stockholm tabu\u013ekou loga na boku. V\u010faka bambusov\u00e9mu materi\u00e1lu je kv\u00f4li termoregula\u010dn\u00fdm vlastnostiam dokonalou vo\u013ebou po\u010das cel\u00e9ho roka &#8211;\u00a0 v\u00a0zime hreje a\u00a0v\u00a0lete chlad\u00ed. R\u00fdchlo schne, mimoriadne \u00fa\u010dinne absorbuje vlhkos\u0165 a\u00a0m\u00e1 antibakteri\u00e1lne \u00fa\u010dinky.<\/p>\n<p style=\"font-weight: 400;\">Dokonale lad\u00ed s\u00a0ostatn\u00fdmi v\u00fdrobkami kolekcie Equestrian Stockholm Dark Ocean.<\/p>\n","protected":false},"excerpt":{"rendered":"<ul style=\"font-weight: 400;\">\n<li>Farba: tmav\u00e1 oce\u00e1novo modr\u00e1<\/li>\n<li>Detaily: \u010dierne<\/li>\n<li>\u0160nurovanie: \u010dierne s\u00a0rose gold vl\u00e1knami<\/li>\n<li>Kovov\u00e1 tabu\u013eka: rose gold<\/li>\n<li>Vn\u00fatorn\u00e1 \u010das\u0165: bambusov\u00e1 pod\u0161\u00edvka (24% bambus + 76% polyester) \/ Vonkaj\u0161ia \u010das\u0165: 100% polyester<\/li>\n<li>Pranie: mo\u017eno pra\u0165 na 30 stup\u0148och \/ nepou\u017e\u00edvajte aviv\u00e1\u017e \/ nevkladajte do su\u0161i\u010dky \/ perte z\u00a0rubovej strany v\u00a0z\u00e1ujme efekt\u00edvnej\u0161ieho prania a\u00a0ochrany kovovej tabu\u013eky\/ such\u00e9 zipsy majte zapnut\u00e9<\/li>\n<\/ul>\n","protected":false},"featured_media":191021,"template":"","meta":{"_acf_changed":false},"product_cat":[75,367],"product_tag":[3154,351,2583,219,1410],"acf":[],"yoast_head":"<!-- This site is optimized with the Yoast SEO plugin v21.4 - https:\/\/yoast.com\/wordpress\/plugins\/seo\/ -->\n<title>Equestrian Stockholm Modern Dark Ocean skokov\u00e1 podsedlov\u00e1 de\u010dka - Spicehorse<\/title>\n<meta name=\"description\" content=\"spicehorse.eu | Elegantn\u00e1 Equestrian Stockholm podsedlov\u00e1 de\u010dka v\u00a0kr\u00e1snej oce\u00e1novo modrej farbe s\u00a0rose gold detailmi.\" \/>\n<meta name=\"robots\" content=\"index, follow, max-snippet:-1, max-image-preview:large, max-video-preview:-1\" \/>\n<link rel=\"canonical\" href=\"https:\/\/arak.spicehorse.eu\/termek\/equestrian-stockholm-modern-dark-ocean-ugro-nyeregalatet\/\" \/>\n<meta property=\"og:locale\" content=\"sk_SK\" \/>\n<meta property=\"og:type\" content=\"article\" \/>\n<meta property=\"og:title\" content=\"Equestrian Stockholm Modern Dark Ocean skokov\u00e1 podsedlov\u00e1 de\u010dka - Spicehorse\" \/>\n<meta property=\"og:description\" content=\"spicehorse.eu | Elegantn\u00e1 Equestrian Stockholm podsedlov\u00e1 de\u010dka v\u00a0kr\u00e1snej oce\u00e1novo modrej farbe s\u00a0rose gold detailmi.\" \/>\n<meta property=\"og:url\" content=\"https:\/\/arak.spicehorse.eu\/termek\/equestrian-stockholm-modern-dark-ocean-ugro-nyeregalatet\/\" \/>\n<meta property=\"og:site_name\" content=\"Spicehorse\" \/>\n<meta property=\"article:publisher\" content=\"https:\/\/www.facebook.com\/SPICEHORSE-550385625402457\/\" \/>\n<meta property=\"article:modified_time\" content=\"2025-01-30T16:52:16+00:00\" \/>\n<meta property=\"og:image\" content=\"https:\/\/arak.spicehorse.eu\/wp-content\/uploads\/2025\/01\/stormblue-modern-saddlepad-jump-1-1-scaled.jpg\" \/>\n\t<meta property=\"og:image:width\" content=\"1920\" \/>\n\t<meta property=\"og:image:height\" content=\"2560\" \/>\n\t<meta property=\"og:image:type\" content=\"image\/jpeg\" \/>\n<meta name=\"twitter:card\" content=\"summary_large_image\" \/>\n<script type=\"application\/ld+json\" class=\"yoast-schema-graph\">{\"@context\":\"https:\/\/schema.org\",\"@graph\":[{\"@type\":\"WebPage\",\"@id\":\"https:\/\/arak.spicehorse.eu\/termek\/equestrian-stockholm-modern-dark-ocean-ugro-nyeregalatet\/\",\"url\":\"https:\/\/arak.spicehorse.eu\/termek\/equestrian-stockholm-modern-dark-ocean-ugro-nyeregalatet\/\",\"name\":\"Equestrian Stockholm Modern Dark Ocean skokov\u00e1 podsedlov\u00e1 de\u010dka - Spicehorse\",\"isPartOf\":{\"@id\":\"https:\/\/arak.spicehorse.eu\/en\/#website\"},\"datePublished\":\"2025-01-30T16:43:15+00:00\",\"dateModified\":\"2025-01-30T16:52:16+00:00\",\"description\":\"spicehorse.eu | Elegantn\u00e1 Equestrian Stockholm podsedlov\u00e1 de\u010dka v\u00a0kr\u00e1snej oce\u00e1novo modrej farbe s\u00a0rose gold detailmi.\",\"breadcrumb\":{\"@id\":\"https:\/\/arak.spicehorse.eu\/termek\/equestrian-stockholm-modern-dark-ocean-ugro-nyeregalatet\/#breadcrumb\"},\"inLanguage\":\"sk-SK\",\"potentialAction\":[{\"@type\":\"ReadAction\",\"target\":[\"https:\/\/arak.spicehorse.eu\/termek\/equestrian-stockholm-modern-dark-ocean-ugro-nyeregalatet\/\"]}]},{\"@type\":\"BreadcrumbList\",\"@id\":\"https:\/\/arak.spicehorse.eu\/termek\/equestrian-stockholm-modern-dark-ocean-ugro-nyeregalatet\/#breadcrumb\",\"itemListElement\":[{\"@type\":\"ListItem\",\"position\":1,\"name\":\"Home\",\"item\":\"https:\/\/arak.spicehorse.eu\/sk\/\"},{\"@type\":\"ListItem\",\"position\":2,\"name\":\"Predaj\u0148a\",\"item\":\"https:\/\/arak.spicehorse.eu\/sk\/predajna\/\"},{\"@type\":\"ListItem\",\"position\":3,\"name\":\"Equestrian Stockholm Modern Dark Ocean skokov\u00e1 podsedlov\u00e1 de\u010dka\"}]},{\"@type\":\"WebSite\",\"@id\":\"https:\/\/arak.spicehorse.eu\/en\/#website\",\"url\":\"https:\/\/arak.spicehorse.eu\/en\/\",\"name\":\"Spicehorse\",\"description\":\"UNDER DEVELOPMENT -\",\"potentialAction\":[{\"@type\":\"SearchAction\",\"target\":{\"@type\":\"EntryPoint\",\"urlTemplate\":\"https:\/\/arak.spicehorse.eu\/en\/?s={search_term_string}\"},\"query-input\":\"required name=search_term_string\"}],\"inLanguage\":\"sk-SK\"}]}<\/script>\n<!-- \/ Yoast SEO plugin. -->","yoast_head_json":{"title":"Equestrian Stockholm Modern Dark Ocean skokov\u00e1 podsedlov\u00e1 de\u010dka - Spicehorse","description":"spicehorse.eu | Elegantn\u00e1 Equestrian Stockholm podsedlov\u00e1 de\u010dka v\u00a0kr\u00e1snej oce\u00e1novo modrej farbe s\u00a0rose gold detailmi.","robots":{"index":"index","follow":"follow","max-snippet":"max-snippet:-1","max-image-preview":"max-image-preview:large","max-video-preview":"max-video-preview:-1"},"canonical":"https:\/\/arak.spicehorse.eu\/termek\/equestrian-stockholm-modern-dark-ocean-ugro-nyeregalatet\/","og_locale":"sk_SK","og_type":"article","og_title":"Equestrian Stockholm Modern Dark Ocean skokov\u00e1 podsedlov\u00e1 de\u010dka - Spicehorse","og_description":"spicehorse.eu | Elegantn\u00e1 Equestrian Stockholm podsedlov\u00e1 de\u010dka v\u00a0kr\u00e1snej oce\u00e1novo modrej farbe s\u00a0rose gold detailmi.","og_url":"https:\/\/arak.spicehorse.eu\/termek\/equestrian-stockholm-modern-dark-ocean-ugro-nyeregalatet\/","og_site_name":"Spicehorse","article_publisher":"https:\/\/www.facebook.com\/SPICEHORSE-550385625402457\/","article_modified_time":"2025-01-30T16:52:16+00:00","og_image":[{"width":1920,"height":2560,"url":"https:\/\/arak.spicehorse.eu\/wp-content\/uploads\/2025\/01\/stormblue-modern-saddlepad-jump-1-1-scaled.jpg","type":"image\/jpeg"}],"twitter_card":"summary_large_image","schema":{"@context":"https:\/\/schema.org","@graph":[{"@type":"WebPage","@id":"https:\/\/arak.spicehorse.eu\/termek\/equestrian-stockholm-modern-dark-ocean-ugro-nyeregalatet\/","url":"https:\/\/arak.spicehorse.eu\/termek\/equestrian-stockholm-modern-dark-ocean-ugro-nyeregalatet\/","name":"Equestrian Stockholm Modern Dark Ocean skokov\u00e1 podsedlov\u00e1 de\u010dka - Spicehorse","isPartOf":{"@id":"https:\/\/arak.spicehorse.eu\/en\/#website"},"datePublished":"2025-01-30T16:43:15+00:00","dateModified":"2025-01-30T16:52:16+00:00","description":"spicehorse.eu | Elegantn\u00e1 Equestrian Stockholm podsedlov\u00e1 de\u010dka v\u00a0kr\u00e1snej oce\u00e1novo modrej farbe s\u00a0rose gold detailmi.","breadcrumb":{"@id":"https:\/\/arak.spicehorse.eu\/termek\/equestrian-stockholm-modern-dark-ocean-ugro-nyeregalatet\/#breadcrumb"},"inLanguage":"sk-SK","potentialAction":[{"@type":"ReadAction","target":["https:\/\/arak.spicehorse.eu\/termek\/equestrian-stockholm-modern-dark-ocean-ugro-nyeregalatet\/"]}]},{"@type":"BreadcrumbList","@id":"https:\/\/arak.spicehorse.eu\/termek\/equestrian-stockholm-modern-dark-ocean-ugro-nyeregalatet\/#breadcrumb","itemListElement":[{"@type":"ListItem","position":1,"name":"Home","item":"https:\/\/arak.spicehorse.eu\/sk\/"},{"@type":"ListItem","position":2,"name":"Predaj\u0148a","item":"https:\/\/arak.spicehorse.eu\/sk\/predajna\/"},{"@type":"ListItem","position":3,"name":"Equestrian Stockholm Modern Dark Ocean skokov\u00e1 podsedlov\u00e1 de\u010dka"}]},{"@type":"WebSite","@id":"https:\/\/arak.spicehorse.eu\/en\/#website","url":"https:\/\/arak.spicehorse.eu\/en\/","name":"Spicehorse","description":"UNDER DEVELOPMENT -","potentialAction":[{"@type":"SearchAction","target":{"@type":"EntryPoint","urlTemplate":"https:\/\/arak.spicehorse.eu\/en\/?s={search_term_string}"},"query-input":"required name=search_term_string"}],"inLanguage":"sk-SK"}]}},"_links":{"self":[{"href":"https:\/\/arak.spicehorse.eu\/sk\/wp-json\/wp\/v2\/product\/191018"}],"collection":[{"href":"https:\/\/arak.spicehorse.eu\/sk\/wp-json\/wp\/v2\/product"}],"about":[{"href":"https:\/\/arak.spicehorse.eu\/sk\/wp-json\/wp\/v2\/types\/product"}],"wp:featuredmedia":[{"embeddable":true,"href":"https:\/\/arak.spicehorse.eu\/sk\/wp-json\/wp\/v2\/media\/191021"}],"wp:attachment":[{"href":"https:\/\/arak.spicehorse.eu\/sk\/wp-json\/wp\/v2\/media?parent=191018"}],"wp:term":[{"taxonomy":"product_cat","embeddable":true,"href":"https:\/\/arak.spicehorse.eu\/sk\/wp-json\/wp\/v2\/product_cat?post=191018"},{"taxonomy":"product_tag","embeddable":true,"href":"https:\/\/arak.spicehorse.eu\/sk\/wp-json\/wp\/v2\/product_tag?post=191018"}],"curies":[{"name":"wp","href":"https:\/\/api.w.org\/{rel}","templated":true}]}}