{"id":191282,"date":"2025-02-05T12:23:38","date_gmt":"2025-02-05T11:23:42","guid":{"rendered":"https:\/\/arak.spicehorse.eu\/?post_type=product&#038;p=191282"},"modified":"2025-03-18T12:27:38","modified_gmt":"2025-03-18T11:27:38","slug":"grooming-deluxe-lanovy-olej","status":"publish","type":"product","link":"https:\/\/arak.spicehorse.eu\/sk\/produkt\/grooming-deluxe-lanovy-olej\/","title":{"rendered":"Grooming Deluxe \u013eanov\u00fd olej"},"content":{"rendered":"<p style=\"font-weight: 400;\">Grooming Deluxe \u013eanov\u00fd olej vynikaj\u00facej kvality bohat\u00fd na Omega-3 mastn\u00e9 kyseliny je d\u00f4le\u017eitou s\u00fa\u010das\u0165ou jed\u00e1lni\u010dka ka\u017ed\u00e9ho ko\u0148a a je nepostr\u00e1date\u013en\u00fd pre zachovanie zdravej poko\u017eky a srsti, ako aj na podporu imunitn\u00e9ho syst\u00e9mu. V\u010faka lisovaniu za studena si zachov\u00e1va v\u0161etky akt\u00edvne zlo\u017eky. Zvy\u0161uje lesk srsti a zdravie poko\u017eky, podporuje tr\u00e1venie, napom\u00e1ha pri regul\u00e1cii telesnej hmotnosti. Je obzvl\u00e1\u0161\u0165 d\u00f4le\u017eit\u00fd v obdob\u00ed p\u013aznutia.<\/p>\n<ul style=\"font-weight: 400;\">\n<li>Vysok\u00fd obsah Omega-3 mastn\u00fdch kysel\u00edn: \u00a0podporuje imunitn\u00fd syst\u00e9m a\u00a0vitalitu poko\u017eky.<\/li>\n<li>Zvy\u0161uje lesk konskej srsti: zlep\u0161uje celkov\u00e9 zdravie srsti a\u00a0dod\u00e1va jej n\u00e1dhern\u00fd lesk.<\/li>\n<li>Podporuje tr\u00e1venie a\u00a0reguluje telesn\u00fa hmotnos\u0165: podporuje \u010dinnos\u0165 tr\u00e1viacej s\u00fastavy a\u00a0pom\u00e1ha pri udr\u017ean\u00ed alebo zni\u017eovan\u00ed telesnej hmotnosti.<\/li>\n<li>Je ide\u00e1lny v\u00a0obdob\u00ed p\u013aznutia: maxim\u00e1lne podporuje poko\u017eku a srs\u0165.<\/li>\n<\/ul>\n<p style=\"font-weight: 400;\">D\u00e1vkovanie:<br \/>\nV z\u00e1vislosti od ve\u013ekosti ko\u0148a 15-30 ml denne.<\/p>\n","protected":false},"excerpt":{"rendered":"<p>Grooming Deluxe \u013eanov\u00fd olej vynikaj\u00facej kvality bohat\u00fd na Omega-3 mastn\u00e9 kyseliny je d\u00f4le\u017eitou s\u00fa\u010das\u0165ou jed\u00e1lni\u010dka ka\u017ed\u00e9ho ko\u0148a a je nepostr\u00e1date\u013en\u00fd pre zachovanie zdravej poko\u017eky a srsti, ako aj na podporu imunitn\u00e9ho syst\u00e9mu. V\u010faka lisovaniu za studena si zachov\u00e1va v\u0161etky akt\u00edvne zlo\u017eky. Zvy\u0161uje lesk srsti a zdravie poko\u017eky, podporuje tr\u00e1venie, napom\u00e1ha pri regul\u00e1cii telesnej hmotnosti. Je [&hellip;]<\/p>\n","protected":false},"featured_media":191288,"template":"","meta":{"_acf_changed":false},"product_cat":[3178,75,100,120],"product_tag":[486],"acf":[],"yoast_head":"<!-- This site is optimized with the Yoast SEO plugin v21.4 - https:\/\/yoast.com\/wordpress\/plugins\/seo\/ -->\n<title>Grooming Deluxe \u013eanov\u00fd olej - Spicehorse<\/title>\n<meta name=\"description\" content=\"spicehorse.eu | Grooming Deluxe \u013eanov\u00fd olej vynikaj\u00facej kvality bohat\u00fd na Omega-3 mastn\u00e9 kyseliny je d\u00f4le\u017eitou s\u00fa\u010das\u0165ou jed\u00e1lni\u010dka ka\u017ed\u00e9ho ko\u0148a a je nepostr\u00e1date\u013en\u00fd pre zachovanie zdravej poko\u017eky a srsti.\" \/>\n<meta name=\"robots\" content=\"index, follow, max-snippet:-1, max-image-preview:large, max-video-preview:-1\" \/>\n<link rel=\"canonical\" href=\"https:\/\/arak.spicehorse.eu\/sk\/produkt\/grooming-deluxe-lanovy-olej\/\" \/>\n<meta property=\"og:locale\" content=\"sk_SK\" \/>\n<meta property=\"og:type\" content=\"article\" \/>\n<meta property=\"og:title\" content=\"Grooming Deluxe \u013eanov\u00fd olej - Spicehorse\" \/>\n<meta property=\"og:description\" content=\"spicehorse.eu | Grooming Deluxe \u013eanov\u00fd olej vynikaj\u00facej kvality bohat\u00fd na Omega-3 mastn\u00e9 kyseliny je d\u00f4le\u017eitou s\u00fa\u010das\u0165ou jed\u00e1lni\u010dka ka\u017ed\u00e9ho ko\u0148a a je nepostr\u00e1date\u013en\u00fd pre zachovanie zdravej poko\u017eky a srsti.\" \/>\n<meta property=\"og:url\" content=\"https:\/\/arak.spicehorse.eu\/sk\/produkt\/grooming-deluxe-lanovy-olej\/\" \/>\n<meta property=\"og:site_name\" content=\"Spicehorse\" \/>\n<meta property=\"article:publisher\" content=\"https:\/\/www.facebook.com\/SPICEHORSE-550385625402457\/\" \/>\n<meta property=\"article:modified_time\" content=\"2025-03-18T11:27:38+00:00\" \/>\n<meta property=\"og:image\" content=\"https:\/\/arak.spicehorse.eu\/wp-content\/uploads\/2025\/02\/img-0448.jpg\" \/>\n\t<meta property=\"og:image:width\" content=\"1179\" \/>\n\t<meta property=\"og:image:height\" content=\"1179\" \/>\n\t<meta property=\"og:image:type\" content=\"image\/jpeg\" \/>\n<meta name=\"twitter:card\" content=\"summary_large_image\" \/>\n<meta name=\"twitter:label1\" content=\"Predpokladan\u00fd \u010das \u010d\u00edtania\" \/>\n\t<meta name=\"twitter:data1\" content=\"1 min\u00fata\" \/>\n<script type=\"application\/ld+json\" class=\"yoast-schema-graph\">{\"@context\":\"https:\/\/schema.org\",\"@graph\":[{\"@type\":\"WebPage\",\"@id\":\"https:\/\/arak.spicehorse.eu\/sk\/produkt\/grooming-deluxe-lanovy-olej\/\",\"url\":\"https:\/\/arak.spicehorse.eu\/sk\/produkt\/grooming-deluxe-lanovy-olej\/\",\"name\":\"Grooming Deluxe \u013eanov\u00fd olej - Spicehorse\",\"isPartOf\":{\"@id\":\"https:\/\/arak.spicehorse.eu\/en\/#website\"},\"datePublished\":\"2025-02-05T11:23:42+00:00\",\"dateModified\":\"2025-03-18T11:27:38+00:00\",\"description\":\"spicehorse.eu | Grooming Deluxe \u013eanov\u00fd olej vynikaj\u00facej kvality bohat\u00fd na Omega-3 mastn\u00e9 kyseliny je d\u00f4le\u017eitou s\u00fa\u010das\u0165ou jed\u00e1lni\u010dka ka\u017ed\u00e9ho ko\u0148a a je nepostr\u00e1date\u013en\u00fd pre zachovanie zdravej poko\u017eky a srsti.\",\"breadcrumb\":{\"@id\":\"https:\/\/arak.spicehorse.eu\/sk\/produkt\/grooming-deluxe-lanovy-olej\/#breadcrumb\"},\"inLanguage\":\"sk-SK\",\"potentialAction\":[{\"@type\":\"ReadAction\",\"target\":[\"https:\/\/arak.spicehorse.eu\/sk\/produkt\/grooming-deluxe-lanovy-olej\/\"]}]},{\"@type\":\"BreadcrumbList\",\"@id\":\"https:\/\/arak.spicehorse.eu\/sk\/produkt\/grooming-deluxe-lanovy-olej\/#breadcrumb\",\"itemListElement\":[{\"@type\":\"ListItem\",\"position\":1,\"name\":\"Home\",\"item\":\"https:\/\/arak.spicehorse.eu\/sk\/\"},{\"@type\":\"ListItem\",\"position\":2,\"name\":\"Predaj\u0148a\",\"item\":\"https:\/\/arak.spicehorse.eu\/sk\/predajna\/\"},{\"@type\":\"ListItem\",\"position\":3,\"name\":\"Grooming Deluxe \u013eanov\u00fd olej\"}]},{\"@type\":\"WebSite\",\"@id\":\"https:\/\/arak.spicehorse.eu\/en\/#website\",\"url\":\"https:\/\/arak.spicehorse.eu\/en\/\",\"name\":\"Spicehorse\",\"description\":\"UNDER DEVELOPMENT -\",\"potentialAction\":[{\"@type\":\"SearchAction\",\"target\":{\"@type\":\"EntryPoint\",\"urlTemplate\":\"https:\/\/arak.spicehorse.eu\/en\/?s={search_term_string}\"},\"query-input\":\"required name=search_term_string\"}],\"inLanguage\":\"sk-SK\"}]}<\/script>\n<!-- \/ Yoast SEO plugin. -->","yoast_head_json":{"title":"Grooming Deluxe \u013eanov\u00fd olej - Spicehorse","description":"spicehorse.eu | Grooming Deluxe \u013eanov\u00fd olej vynikaj\u00facej kvality bohat\u00fd na Omega-3 mastn\u00e9 kyseliny je d\u00f4le\u017eitou s\u00fa\u010das\u0165ou jed\u00e1lni\u010dka ka\u017ed\u00e9ho ko\u0148a a je nepostr\u00e1date\u013en\u00fd pre zachovanie zdravej poko\u017eky a srsti.","robots":{"index":"index","follow":"follow","max-snippet":"max-snippet:-1","max-image-preview":"max-image-preview:large","max-video-preview":"max-video-preview:-1"},"canonical":"https:\/\/arak.spicehorse.eu\/sk\/produkt\/grooming-deluxe-lanovy-olej\/","og_locale":"sk_SK","og_type":"article","og_title":"Grooming Deluxe \u013eanov\u00fd olej - Spicehorse","og_description":"spicehorse.eu | Grooming Deluxe \u013eanov\u00fd olej vynikaj\u00facej kvality bohat\u00fd na Omega-3 mastn\u00e9 kyseliny je d\u00f4le\u017eitou s\u00fa\u010das\u0165ou jed\u00e1lni\u010dka ka\u017ed\u00e9ho ko\u0148a a je nepostr\u00e1date\u013en\u00fd pre zachovanie zdravej poko\u017eky a srsti.","og_url":"https:\/\/arak.spicehorse.eu\/sk\/produkt\/grooming-deluxe-lanovy-olej\/","og_site_name":"Spicehorse","article_publisher":"https:\/\/www.facebook.com\/SPICEHORSE-550385625402457\/","article_modified_time":"2025-03-18T11:27:38+00:00","og_image":[{"width":1179,"height":1179,"url":"https:\/\/arak.spicehorse.eu\/wp-content\/uploads\/2025\/02\/img-0448.jpg","type":"image\/jpeg"}],"twitter_card":"summary_large_image","twitter_misc":{"Predpokladan\u00fd \u010das \u010d\u00edtania":"1 min\u00fata"},"schema":{"@context":"https:\/\/schema.org","@graph":[{"@type":"WebPage","@id":"https:\/\/arak.spicehorse.eu\/sk\/produkt\/grooming-deluxe-lanovy-olej\/","url":"https:\/\/arak.spicehorse.eu\/sk\/produkt\/grooming-deluxe-lanovy-olej\/","name":"Grooming Deluxe \u013eanov\u00fd olej - Spicehorse","isPartOf":{"@id":"https:\/\/arak.spicehorse.eu\/en\/#website"},"datePublished":"2025-02-05T11:23:42+00:00","dateModified":"2025-03-18T11:27:38+00:00","description":"spicehorse.eu | Grooming Deluxe \u013eanov\u00fd olej vynikaj\u00facej kvality bohat\u00fd na Omega-3 mastn\u00e9 kyseliny je d\u00f4le\u017eitou s\u00fa\u010das\u0165ou jed\u00e1lni\u010dka ka\u017ed\u00e9ho ko\u0148a a je nepostr\u00e1date\u013en\u00fd pre zachovanie zdravej poko\u017eky a srsti.","breadcrumb":{"@id":"https:\/\/arak.spicehorse.eu\/sk\/produkt\/grooming-deluxe-lanovy-olej\/#breadcrumb"},"inLanguage":"sk-SK","potentialAction":[{"@type":"ReadAction","target":["https:\/\/arak.spicehorse.eu\/sk\/produkt\/grooming-deluxe-lanovy-olej\/"]}]},{"@type":"BreadcrumbList","@id":"https:\/\/arak.spicehorse.eu\/sk\/produkt\/grooming-deluxe-lanovy-olej\/#breadcrumb","itemListElement":[{"@type":"ListItem","position":1,"name":"Home","item":"https:\/\/arak.spicehorse.eu\/sk\/"},{"@type":"ListItem","position":2,"name":"Predaj\u0148a","item":"https:\/\/arak.spicehorse.eu\/sk\/predajna\/"},{"@type":"ListItem","position":3,"name":"Grooming Deluxe \u013eanov\u00fd olej"}]},{"@type":"WebSite","@id":"https:\/\/arak.spicehorse.eu\/en\/#website","url":"https:\/\/arak.spicehorse.eu\/en\/","name":"Spicehorse","description":"UNDER DEVELOPMENT -","potentialAction":[{"@type":"SearchAction","target":{"@type":"EntryPoint","urlTemplate":"https:\/\/arak.spicehorse.eu\/en\/?s={search_term_string}"},"query-input":"required name=search_term_string"}],"inLanguage":"sk-SK"}]}},"_links":{"self":[{"href":"https:\/\/arak.spicehorse.eu\/sk\/wp-json\/wp\/v2\/product\/191282"}],"collection":[{"href":"https:\/\/arak.spicehorse.eu\/sk\/wp-json\/wp\/v2\/product"}],"about":[{"href":"https:\/\/arak.spicehorse.eu\/sk\/wp-json\/wp\/v2\/types\/product"}],"wp:featuredmedia":[{"embeddable":true,"href":"https:\/\/arak.spicehorse.eu\/sk\/wp-json\/wp\/v2\/media\/191288"}],"wp:attachment":[{"href":"https:\/\/arak.spicehorse.eu\/sk\/wp-json\/wp\/v2\/media?parent=191282"}],"wp:term":[{"taxonomy":"product_cat","embeddable":true,"href":"https:\/\/arak.spicehorse.eu\/sk\/wp-json\/wp\/v2\/product_cat?post=191282"},{"taxonomy":"product_tag","embeddable":true,"href":"https:\/\/arak.spicehorse.eu\/sk\/wp-json\/wp\/v2\/product_tag?post=191282"}],"curies":[{"name":"wp","href":"https:\/\/api.w.org\/{rel}","templated":true}]}}