{"id":191403,"date":"2025-02-20T19:26:09","date_gmt":"2025-02-20T18:26:12","guid":{"rendered":"https:\/\/arak.spicehorse.eu\/?post_type=product&#038;p=191403"},"modified":"2025-03-04T16:04:16","modified_gmt":"2025-03-04T15:04:16","slug":"trust-balzam-na-usta","status":"publish","type":"product","link":"https:\/\/arak.spicehorse.eu\/sk\/produkt\/trust-balzam-na-usta\/","title":{"rendered":"TRUST balzam na \u00fasta"},"content":{"rendered":"<p style=\"font-weight: 400;\">TRUST balzam na pery bol navrhnut\u00fd tak, aby zabezpe\u010dil maxim\u00e1lnu v\u00fd\u017eivu a\u00a0ochranu pre \u00fasta ko\u0148a. Tento upokojuj\u00faci balzam hydratuje a\u00a0zjem\u0148uje citliv\u00e9 k\u00fatiky \u00fast, zni\u017euje suchos\u0165. Vytv\u00e1ra ochrann\u00fa vrstvu, \u010d\u00edm umo\u017e\u0148uje vo\u013en\u00fd a\u00a0pohodln\u00fd pohyb zubadla, podporuj\u00fac t\u00fdm lep\u0161\u00ed kontakt medzi ko\u0148om a\u00a0jazdcom.<\/p>\n<p style=\"font-weight: 400;\">Hlavn\u00e9 v\u00fdhody:<\/p>\n<ul style=\"font-weight: 400;\">\n<li>Hydratuje a\u00a0zjem\u0148uje citliv\u00fa ko\u017eu okolo \u00fast<\/li>\n<li>Zni\u017euje trenie pre hlad\u0161\u00ed pohyb zubadla<\/li>\n<li>Zvy\u0161uje komfort pred jazden\u00edm, po\u010das jazdenia aj po \u0148om<\/li>\n<li>Vhodn\u00fd na ka\u017edodenn\u00e9 pou\u017eitie<\/li>\n<\/ul>\n<p style=\"font-weight: 400;\">\u00a0N\u00e1vod na pou\u017eitie:<\/p>\n<p style=\"font-weight: 400;\">V\u00a0z\u00e1ujme \u010do najlep\u0161ieho v\u00fdsledku naneste mal\u00e9 mno\u017estvo balzamu na k\u00fatiky \u00fast ko\u0148a pred jazden\u00edm aj po \u0148om. Je dokonal\u00fd na ka\u017edodenn\u00e9 pou\u017e\u00edvanie.<\/p>\n","protected":false},"excerpt":{"rendered":"<p>TRUST balzam na pery bol navrhnut\u00fd tak, aby zabezpe\u010dil maxim\u00e1lnu v\u00fd\u017eivu a\u00a0ochranu pre \u00fasta ko\u0148a. Tento upokojuj\u00faci balzam hydratuje a\u00a0zjem\u0148uje citliv\u00e9 k\u00fatiky \u00fast, zni\u017euje suchos\u0165. Vytv\u00e1ra ochrann\u00fa vrstvu, \u010d\u00edm umo\u017e\u0148uje vo\u013en\u00fd a\u00a0pohodln\u00fd pohyb zubadla, podporuj\u00fac t\u00fdm lep\u0161\u00ed kontakt medzi ko\u0148om a\u00a0jazdcom. Hlavn\u00e9 v\u00fdhody: Hydratuje a\u00a0zjem\u0148uje citliv\u00fa ko\u017eu okolo \u00fast Zni\u017euje trenie pre hlad\u0161\u00ed pohyb zubadla [&hellip;]<\/p>\n","protected":false},"featured_media":191406,"template":"","meta":{"_acf_changed":false},"product_cat":[75,106],"product_tag":[401,692],"acf":[],"yoast_head":"<!-- This site is optimized with the Yoast SEO plugin v21.4 - https:\/\/yoast.com\/wordpress\/plugins\/seo\/ -->\n<title>TRUST balzam na \u00fasta - Spicehorse<\/title>\n<meta name=\"description\" content=\"spicehorse.eu | TRUST balzam na pery bol navrhnut\u00fd tak, aby zabezpe\u010dil maxim\u00e1lnu v\u00fd\u017eivu a\u00a0ochranu pre \u00fasta ko\u0148a. Tento upokojuj\u00faci balzam hydratuje a\u00a0zjem\u0148uje citliv\u00e9 k\u00fatiky \u00fast, zni\u017euje suchos\u0165.\" \/>\n<meta name=\"robots\" content=\"index, follow, max-snippet:-1, max-image-preview:large, max-video-preview:-1\" \/>\n<link rel=\"canonical\" href=\"https:\/\/arak.spicehorse.eu\/termek\/trust-szajbalzsam\/\" \/>\n<meta property=\"og:locale\" content=\"sk_SK\" \/>\n<meta property=\"og:type\" content=\"article\" \/>\n<meta property=\"og:title\" content=\"TRUST balzam na \u00fasta - Spicehorse\" \/>\n<meta property=\"og:description\" content=\"spicehorse.eu | TRUST balzam na pery bol navrhnut\u00fd tak, aby zabezpe\u010dil maxim\u00e1lnu v\u00fd\u017eivu a\u00a0ochranu pre \u00fasta ko\u0148a. Tento upokojuj\u00faci balzam hydratuje a\u00a0zjem\u0148uje citliv\u00e9 k\u00fatiky \u00fast, zni\u017euje suchos\u0165.\" \/>\n<meta property=\"og:url\" content=\"https:\/\/arak.spicehorse.eu\/termek\/trust-szajbalzsam\/\" \/>\n<meta property=\"og:site_name\" content=\"Spicehorse\" \/>\n<meta property=\"article:publisher\" content=\"https:\/\/www.facebook.com\/SPICEHORSE-550385625402457\/\" \/>\n<meta property=\"article:modified_time\" content=\"2025-03-04T15:04:16+00:00\" \/>\n<meta property=\"og:image\" content=\"https:\/\/arak.spicehorse.eu\/wp-content\/uploads\/2025\/02\/thumb2.jpg\" \/>\n\t<meta property=\"og:image:width\" content=\"750\" \/>\n\t<meta property=\"og:image:height\" content=\"500\" \/>\n\t<meta property=\"og:image:type\" content=\"image\/jpeg\" \/>\n<meta name=\"twitter:card\" content=\"summary_large_image\" \/>\n<meta name=\"twitter:label1\" content=\"Predpokladan\u00fd \u010das \u010d\u00edtania\" \/>\n\t<meta name=\"twitter:data1\" content=\"1 min\u00fata\" \/>\n<script type=\"application\/ld+json\" class=\"yoast-schema-graph\">{\"@context\":\"https:\/\/schema.org\",\"@graph\":[{\"@type\":\"WebPage\",\"@id\":\"https:\/\/arak.spicehorse.eu\/termek\/trust-szajbalzsam\/\",\"url\":\"https:\/\/arak.spicehorse.eu\/termek\/trust-szajbalzsam\/\",\"name\":\"TRUST balzam na \u00fasta - Spicehorse\",\"isPartOf\":{\"@id\":\"https:\/\/arak.spicehorse.eu\/en\/#website\"},\"datePublished\":\"2025-02-20T18:26:12+00:00\",\"dateModified\":\"2025-03-04T15:04:16+00:00\",\"description\":\"spicehorse.eu | TRUST balzam na pery bol navrhnut\u00fd tak, aby zabezpe\u010dil maxim\u00e1lnu v\u00fd\u017eivu a\u00a0ochranu pre \u00fasta ko\u0148a. Tento upokojuj\u00faci balzam hydratuje a\u00a0zjem\u0148uje citliv\u00e9 k\u00fatiky \u00fast, zni\u017euje suchos\u0165.\",\"breadcrumb\":{\"@id\":\"https:\/\/arak.spicehorse.eu\/termek\/trust-szajbalzsam\/#breadcrumb\"},\"inLanguage\":\"sk-SK\",\"potentialAction\":[{\"@type\":\"ReadAction\",\"target\":[\"https:\/\/arak.spicehorse.eu\/termek\/trust-szajbalzsam\/\"]}]},{\"@type\":\"BreadcrumbList\",\"@id\":\"https:\/\/arak.spicehorse.eu\/termek\/trust-szajbalzsam\/#breadcrumb\",\"itemListElement\":[{\"@type\":\"ListItem\",\"position\":1,\"name\":\"Home\",\"item\":\"https:\/\/arak.spicehorse.eu\/sk\/\"},{\"@type\":\"ListItem\",\"position\":2,\"name\":\"Predaj\u0148a\",\"item\":\"https:\/\/arak.spicehorse.eu\/sk\/predajna\/\"},{\"@type\":\"ListItem\",\"position\":3,\"name\":\"TRUST balzam na \u00fasta\"}]},{\"@type\":\"WebSite\",\"@id\":\"https:\/\/arak.spicehorse.eu\/en\/#website\",\"url\":\"https:\/\/arak.spicehorse.eu\/en\/\",\"name\":\"Spicehorse\",\"description\":\"UNDER DEVELOPMENT -\",\"potentialAction\":[{\"@type\":\"SearchAction\",\"target\":{\"@type\":\"EntryPoint\",\"urlTemplate\":\"https:\/\/arak.spicehorse.eu\/en\/?s={search_term_string}\"},\"query-input\":\"required name=search_term_string\"}],\"inLanguage\":\"sk-SK\"}]}<\/script>\n<!-- \/ Yoast SEO plugin. -->","yoast_head_json":{"title":"TRUST balzam na \u00fasta - Spicehorse","description":"spicehorse.eu | TRUST balzam na pery bol navrhnut\u00fd tak, aby zabezpe\u010dil maxim\u00e1lnu v\u00fd\u017eivu a\u00a0ochranu pre \u00fasta ko\u0148a. Tento upokojuj\u00faci balzam hydratuje a\u00a0zjem\u0148uje citliv\u00e9 k\u00fatiky \u00fast, zni\u017euje suchos\u0165.","robots":{"index":"index","follow":"follow","max-snippet":"max-snippet:-1","max-image-preview":"max-image-preview:large","max-video-preview":"max-video-preview:-1"},"canonical":"https:\/\/arak.spicehorse.eu\/termek\/trust-szajbalzsam\/","og_locale":"sk_SK","og_type":"article","og_title":"TRUST balzam na \u00fasta - Spicehorse","og_description":"spicehorse.eu | TRUST balzam na pery bol navrhnut\u00fd tak, aby zabezpe\u010dil maxim\u00e1lnu v\u00fd\u017eivu a\u00a0ochranu pre \u00fasta ko\u0148a. Tento upokojuj\u00faci balzam hydratuje a\u00a0zjem\u0148uje citliv\u00e9 k\u00fatiky \u00fast, zni\u017euje suchos\u0165.","og_url":"https:\/\/arak.spicehorse.eu\/termek\/trust-szajbalzsam\/","og_site_name":"Spicehorse","article_publisher":"https:\/\/www.facebook.com\/SPICEHORSE-550385625402457\/","article_modified_time":"2025-03-04T15:04:16+00:00","og_image":[{"width":750,"height":500,"url":"https:\/\/arak.spicehorse.eu\/wp-content\/uploads\/2025\/02\/thumb2.jpg","type":"image\/jpeg"}],"twitter_card":"summary_large_image","twitter_misc":{"Predpokladan\u00fd \u010das \u010d\u00edtania":"1 min\u00fata"},"schema":{"@context":"https:\/\/schema.org","@graph":[{"@type":"WebPage","@id":"https:\/\/arak.spicehorse.eu\/termek\/trust-szajbalzsam\/","url":"https:\/\/arak.spicehorse.eu\/termek\/trust-szajbalzsam\/","name":"TRUST balzam na \u00fasta - Spicehorse","isPartOf":{"@id":"https:\/\/arak.spicehorse.eu\/en\/#website"},"datePublished":"2025-02-20T18:26:12+00:00","dateModified":"2025-03-04T15:04:16+00:00","description":"spicehorse.eu | TRUST balzam na pery bol navrhnut\u00fd tak, aby zabezpe\u010dil maxim\u00e1lnu v\u00fd\u017eivu a\u00a0ochranu pre \u00fasta ko\u0148a. Tento upokojuj\u00faci balzam hydratuje a\u00a0zjem\u0148uje citliv\u00e9 k\u00fatiky \u00fast, zni\u017euje suchos\u0165.","breadcrumb":{"@id":"https:\/\/arak.spicehorse.eu\/termek\/trust-szajbalzsam\/#breadcrumb"},"inLanguage":"sk-SK","potentialAction":[{"@type":"ReadAction","target":["https:\/\/arak.spicehorse.eu\/termek\/trust-szajbalzsam\/"]}]},{"@type":"BreadcrumbList","@id":"https:\/\/arak.spicehorse.eu\/termek\/trust-szajbalzsam\/#breadcrumb","itemListElement":[{"@type":"ListItem","position":1,"name":"Home","item":"https:\/\/arak.spicehorse.eu\/sk\/"},{"@type":"ListItem","position":2,"name":"Predaj\u0148a","item":"https:\/\/arak.spicehorse.eu\/sk\/predajna\/"},{"@type":"ListItem","position":3,"name":"TRUST balzam na \u00fasta"}]},{"@type":"WebSite","@id":"https:\/\/arak.spicehorse.eu\/en\/#website","url":"https:\/\/arak.spicehorse.eu\/en\/","name":"Spicehorse","description":"UNDER DEVELOPMENT -","potentialAction":[{"@type":"SearchAction","target":{"@type":"EntryPoint","urlTemplate":"https:\/\/arak.spicehorse.eu\/en\/?s={search_term_string}"},"query-input":"required name=search_term_string"}],"inLanguage":"sk-SK"}]}},"_links":{"self":[{"href":"https:\/\/arak.spicehorse.eu\/sk\/wp-json\/wp\/v2\/product\/191403"}],"collection":[{"href":"https:\/\/arak.spicehorse.eu\/sk\/wp-json\/wp\/v2\/product"}],"about":[{"href":"https:\/\/arak.spicehorse.eu\/sk\/wp-json\/wp\/v2\/types\/product"}],"wp:featuredmedia":[{"embeddable":true,"href":"https:\/\/arak.spicehorse.eu\/sk\/wp-json\/wp\/v2\/media\/191406"}],"wp:attachment":[{"href":"https:\/\/arak.spicehorse.eu\/sk\/wp-json\/wp\/v2\/media?parent=191403"}],"wp:term":[{"taxonomy":"product_cat","embeddable":true,"href":"https:\/\/arak.spicehorse.eu\/sk\/wp-json\/wp\/v2\/product_cat?post=191403"},{"taxonomy":"product_tag","embeddable":true,"href":"https:\/\/arak.spicehorse.eu\/sk\/wp-json\/wp\/v2\/product_tag?post=191403"}],"curies":[{"name":"wp","href":"https:\/\/api.w.org\/{rel}","templated":true}]}}