{"id":191720,"date":"2025-02-21T13:48:44","date_gmt":"2025-02-21T12:48:54","guid":{"rendered":"https:\/\/arak.spicehorse.eu\/?post_type=product&#038;p=191720"},"modified":"2025-06-03T13:28:03","modified_gmt":"2025-06-03T11:28:03","slug":"kentucky-glitter-band-skokova-podsedlova-decka","status":"publish","type":"product","link":"https:\/\/arak.spicehorse.eu\/sk\/produkt\/kentucky-glitter-band-skokova-podsedlova-decka\/","title":{"rendered":"Kentucky Glitter Band skokov\u00e1 podsedlov\u00e1 de\u010dka"},"content":{"rendered":"<p style=\"font-weight: 400;\">P\u00fatav\u00e1 podsedlov\u00e1 de\u010dka Kentucky Horsewear v\u00a0nev\u0161ednom \u0161t\u00fdle s\u00a0lemom z\u00a0lesklej stuhy. Glitre dod\u00e1vaj\u00fa ko\u0148ovi eleganciu. Exkluz\u00edvny vzh\u013ead pri\u0165ahuje pozornos\u0165. Mo\u017eno ju pou\u017e\u00edva\u0165 po\u010das tr\u00e9ningov aj s\u00fa\u0165a\u017e\u00ed. Mo\u017eno ju vy\u0161i\u0165 pod\u013ea vlastn\u00fdch predst\u00e1v.<\/p>\n<p style=\"font-weight: 400;\">Je vyroben\u00e1 zo zmesi bavlny a\u00a0polyesteru so vzorom v\u010del\u00edch pl\u00e1stov, z\u00a0r\u00fdchlo schn\u00faceho materi\u00e1lu, \u010do zabezpe\u010duje maxim\u00e1lny komfort pre kone aj po\u010das intenz\u00edvnych tr\u00e9ningov. Vn\u00fatorn\u00e1 \u010das\u0165 je priedu\u0161n\u00e1, zabezpe\u010duje efekt\u00edvne polstrovanie medzi sedlom a\u00a0chrbtom ko\u0148a. Je vyroben\u00e1 z\u00a0pr\u00e9miovej veg\u00e1nskej ko\u017ee, vy\u0161\u00edvan\u00e9 Kentucky logo u\u017e z\u010faleka avizuje Kentucky kvalitu.<\/p>\n<p style=\"font-weight: 400;\">Bola navrhnut\u00e1 tak, aby dokonale dosadala na chrb\u00e1t ko\u0148a, m\u00e1 anatomick\u00e9 tvarovanie, zni\u017euje tlak na koh\u00fatik, nezo\u0161mykuje sa pri jazden\u00ed, poko\u017eka ko\u0148a sa nevy\u0161\u00facha. Vyberte si zo \u0161iestich a predsa\u00a0nad\u010dasov\u00fdch farieb v\u00a0drez\u00farnej alebo skokovej verzii.<\/p>\n<p style=\"font-weight: 400;\">Mo\u017eno ju pra\u0165 v\u00a0pr\u00e1\u010dke na \u00a030\u00b0C (nevkladajte do su\u0161i\u010dky).<\/p>\n","protected":false},"excerpt":{"rendered":"<h3 style=\"font-weight: 400;\"><strong>Kentucky Glitter Band podsedlov\u00e1 de\u010dka v\u00a0nev\u0161ednom dizajne. Sofistikovan\u00fd vzh\u013ead, maxim\u00e1lne pohodlie, elegantn\u00fd dizajn.<\/strong><\/h3>\n<ul style=\"font-weight: 400;\">\n<li>Nev\u0161edn\u00fd dizajn, elegantn\u00fd lem<\/li>\n<li>\u013dahko a\u00a0r\u00fdchlo sa upev\u0148uje bez popruhov<\/li>\n<li>Z\u00a0r\u00fdchlo schn\u00faceho a\u00a0priedu\u0161n\u00e9ho materi\u00e1lu, zabra\u0148uje prehrievaniu<\/li>\n<li>Anatomick\u00e9 tvarovanie, nezo\u0161mykuje sa<\/li>\n<li>Mo\u017enos\u0165 jedine\u010dnej v\u00fd\u0161ivky<\/li>\n<\/ul>\n","protected":false},"featured_media":191728,"template":"","meta":{"_acf_changed":false},"product_cat":[75,367],"product_tag":[566,219],"acf":[],"yoast_head":"<!-- This site is optimized with the Yoast SEO plugin v21.4 - https:\/\/yoast.com\/wordpress\/plugins\/seo\/ -->\n<title>Kentucky Glitter Band skokov\u00e1 podsedlov\u00e1 de\u010dka - Spicehorse<\/title>\n<meta name=\"description\" content=\"spicehorse.eu | P\u00fatav\u00e1 podsedlov\u00e1 de\u010dka Kentucky Horsewear v\u00a0nev\u0161ednom \u0161t\u00fdle s\u00a0lemom z\u00a0lesklej stuhy.\" \/>\n<meta name=\"robots\" content=\"index, follow, max-snippet:-1, max-image-preview:large, max-video-preview:-1\" \/>\n<link rel=\"canonical\" href=\"https:\/\/arak.spicehorse.eu\/sk\/produkt\/kentucky-glitter-band-skokova-podsedlova-decka\/\" \/>\n<meta property=\"og:locale\" content=\"sk_SK\" \/>\n<meta property=\"og:type\" content=\"article\" \/>\n<meta property=\"og:title\" content=\"Kentucky Glitter Band skokov\u00e1 podsedlov\u00e1 de\u010dka - Spicehorse\" \/>\n<meta property=\"og:description\" content=\"spicehorse.eu | P\u00fatav\u00e1 podsedlov\u00e1 de\u010dka Kentucky Horsewear v\u00a0nev\u0161ednom \u0161t\u00fdle s\u00a0lemom z\u00a0lesklej stuhy.\" \/>\n<meta property=\"og:url\" content=\"https:\/\/arak.spicehorse.eu\/sk\/produkt\/kentucky-glitter-band-skokova-podsedlova-decka\/\" \/>\n<meta property=\"og:site_name\" content=\"Spicehorse\" \/>\n<meta property=\"article:publisher\" content=\"https:\/\/www.facebook.com\/SPICEHORSE-550385625402457\/\" \/>\n<meta property=\"article:modified_time\" content=\"2025-06-03T11:28:03+00:00\" \/>\n<meta property=\"og:image\" content=\"https:\/\/arak.spicehorse.eu\/wp-content\/uploads\/2025\/02\/42730-16-sj.jpg\" \/>\n\t<meta property=\"og:image:width\" content=\"2338\" \/>\n\t<meta property=\"og:image:height\" content=\"2338\" \/>\n\t<meta property=\"og:image:type\" content=\"image\/jpeg\" \/>\n<meta name=\"twitter:card\" content=\"summary_large_image\" \/>\n<meta name=\"twitter:label1\" content=\"Predpokladan\u00fd \u010das \u010d\u00edtania\" \/>\n\t<meta name=\"twitter:data1\" content=\"1 min\u00fata\" \/>\n<script type=\"application\/ld+json\" class=\"yoast-schema-graph\">{\"@context\":\"https:\/\/schema.org\",\"@graph\":[{\"@type\":\"WebPage\",\"@id\":\"https:\/\/arak.spicehorse.eu\/sk\/produkt\/kentucky-glitter-band-skokova-podsedlova-decka\/\",\"url\":\"https:\/\/arak.spicehorse.eu\/sk\/produkt\/kentucky-glitter-band-skokova-podsedlova-decka\/\",\"name\":\"Kentucky Glitter Band skokov\u00e1 podsedlov\u00e1 de\u010dka - Spicehorse\",\"isPartOf\":{\"@id\":\"https:\/\/arak.spicehorse.eu\/en\/#website\"},\"datePublished\":\"2025-02-21T12:48:54+00:00\",\"dateModified\":\"2025-06-03T11:28:03+00:00\",\"description\":\"spicehorse.eu | P\u00fatav\u00e1 podsedlov\u00e1 de\u010dka Kentucky Horsewear v\u00a0nev\u0161ednom \u0161t\u00fdle s\u00a0lemom z\u00a0lesklej stuhy.\",\"breadcrumb\":{\"@id\":\"https:\/\/arak.spicehorse.eu\/sk\/produkt\/kentucky-glitter-band-skokova-podsedlova-decka\/#breadcrumb\"},\"inLanguage\":\"sk-SK\",\"potentialAction\":[{\"@type\":\"ReadAction\",\"target\":[\"https:\/\/arak.spicehorse.eu\/sk\/produkt\/kentucky-glitter-band-skokova-podsedlova-decka\/\"]}]},{\"@type\":\"BreadcrumbList\",\"@id\":\"https:\/\/arak.spicehorse.eu\/sk\/produkt\/kentucky-glitter-band-skokova-podsedlova-decka\/#breadcrumb\",\"itemListElement\":[{\"@type\":\"ListItem\",\"position\":1,\"name\":\"Home\",\"item\":\"https:\/\/arak.spicehorse.eu\/sk\/\"},{\"@type\":\"ListItem\",\"position\":2,\"name\":\"Predaj\u0148a\",\"item\":\"https:\/\/arak.spicehorse.eu\/sk\/predajna\/\"},{\"@type\":\"ListItem\",\"position\":3,\"name\":\"Kentucky Glitter Band skokov\u00e1 podsedlov\u00e1 de\u010dka\"}]},{\"@type\":\"WebSite\",\"@id\":\"https:\/\/arak.spicehorse.eu\/en\/#website\",\"url\":\"https:\/\/arak.spicehorse.eu\/en\/\",\"name\":\"Spicehorse\",\"description\":\"UNDER DEVELOPMENT -\",\"potentialAction\":[{\"@type\":\"SearchAction\",\"target\":{\"@type\":\"EntryPoint\",\"urlTemplate\":\"https:\/\/arak.spicehorse.eu\/en\/?s={search_term_string}\"},\"query-input\":\"required name=search_term_string\"}],\"inLanguage\":\"sk-SK\"}]}<\/script>\n<!-- \/ Yoast SEO plugin. -->","yoast_head_json":{"title":"Kentucky Glitter Band skokov\u00e1 podsedlov\u00e1 de\u010dka - Spicehorse","description":"spicehorse.eu | P\u00fatav\u00e1 podsedlov\u00e1 de\u010dka Kentucky Horsewear v\u00a0nev\u0161ednom \u0161t\u00fdle s\u00a0lemom z\u00a0lesklej stuhy.","robots":{"index":"index","follow":"follow","max-snippet":"max-snippet:-1","max-image-preview":"max-image-preview:large","max-video-preview":"max-video-preview:-1"},"canonical":"https:\/\/arak.spicehorse.eu\/sk\/produkt\/kentucky-glitter-band-skokova-podsedlova-decka\/","og_locale":"sk_SK","og_type":"article","og_title":"Kentucky Glitter Band skokov\u00e1 podsedlov\u00e1 de\u010dka - Spicehorse","og_description":"spicehorse.eu | P\u00fatav\u00e1 podsedlov\u00e1 de\u010dka Kentucky Horsewear v\u00a0nev\u0161ednom \u0161t\u00fdle s\u00a0lemom z\u00a0lesklej stuhy.","og_url":"https:\/\/arak.spicehorse.eu\/sk\/produkt\/kentucky-glitter-band-skokova-podsedlova-decka\/","og_site_name":"Spicehorse","article_publisher":"https:\/\/www.facebook.com\/SPICEHORSE-550385625402457\/","article_modified_time":"2025-06-03T11:28:03+00:00","og_image":[{"width":2338,"height":2338,"url":"https:\/\/arak.spicehorse.eu\/wp-content\/uploads\/2025\/02\/42730-16-sj.jpg","type":"image\/jpeg"}],"twitter_card":"summary_large_image","twitter_misc":{"Predpokladan\u00fd \u010das \u010d\u00edtania":"1 min\u00fata"},"schema":{"@context":"https:\/\/schema.org","@graph":[{"@type":"WebPage","@id":"https:\/\/arak.spicehorse.eu\/sk\/produkt\/kentucky-glitter-band-skokova-podsedlova-decka\/","url":"https:\/\/arak.spicehorse.eu\/sk\/produkt\/kentucky-glitter-band-skokova-podsedlova-decka\/","name":"Kentucky Glitter Band skokov\u00e1 podsedlov\u00e1 de\u010dka - Spicehorse","isPartOf":{"@id":"https:\/\/arak.spicehorse.eu\/en\/#website"},"datePublished":"2025-02-21T12:48:54+00:00","dateModified":"2025-06-03T11:28:03+00:00","description":"spicehorse.eu | P\u00fatav\u00e1 podsedlov\u00e1 de\u010dka Kentucky Horsewear v\u00a0nev\u0161ednom \u0161t\u00fdle s\u00a0lemom z\u00a0lesklej stuhy.","breadcrumb":{"@id":"https:\/\/arak.spicehorse.eu\/sk\/produkt\/kentucky-glitter-band-skokova-podsedlova-decka\/#breadcrumb"},"inLanguage":"sk-SK","potentialAction":[{"@type":"ReadAction","target":["https:\/\/arak.spicehorse.eu\/sk\/produkt\/kentucky-glitter-band-skokova-podsedlova-decka\/"]}]},{"@type":"BreadcrumbList","@id":"https:\/\/arak.spicehorse.eu\/sk\/produkt\/kentucky-glitter-band-skokova-podsedlova-decka\/#breadcrumb","itemListElement":[{"@type":"ListItem","position":1,"name":"Home","item":"https:\/\/arak.spicehorse.eu\/sk\/"},{"@type":"ListItem","position":2,"name":"Predaj\u0148a","item":"https:\/\/arak.spicehorse.eu\/sk\/predajna\/"},{"@type":"ListItem","position":3,"name":"Kentucky Glitter Band skokov\u00e1 podsedlov\u00e1 de\u010dka"}]},{"@type":"WebSite","@id":"https:\/\/arak.spicehorse.eu\/en\/#website","url":"https:\/\/arak.spicehorse.eu\/en\/","name":"Spicehorse","description":"UNDER DEVELOPMENT -","potentialAction":[{"@type":"SearchAction","target":{"@type":"EntryPoint","urlTemplate":"https:\/\/arak.spicehorse.eu\/en\/?s={search_term_string}"},"query-input":"required name=search_term_string"}],"inLanguage":"sk-SK"}]}},"_links":{"self":[{"href":"https:\/\/arak.spicehorse.eu\/sk\/wp-json\/wp\/v2\/product\/191720"}],"collection":[{"href":"https:\/\/arak.spicehorse.eu\/sk\/wp-json\/wp\/v2\/product"}],"about":[{"href":"https:\/\/arak.spicehorse.eu\/sk\/wp-json\/wp\/v2\/types\/product"}],"wp:featuredmedia":[{"embeddable":true,"href":"https:\/\/arak.spicehorse.eu\/sk\/wp-json\/wp\/v2\/media\/191728"}],"wp:attachment":[{"href":"https:\/\/arak.spicehorse.eu\/sk\/wp-json\/wp\/v2\/media?parent=191720"}],"wp:term":[{"taxonomy":"product_cat","embeddable":true,"href":"https:\/\/arak.spicehorse.eu\/sk\/wp-json\/wp\/v2\/product_cat?post=191720"},{"taxonomy":"product_tag","embeddable":true,"href":"https:\/\/arak.spicehorse.eu\/sk\/wp-json\/wp\/v2\/product_tag?post=191720"}],"curies":[{"name":"wp","href":"https:\/\/api.w.org\/{rel}","templated":true}]}}