{"id":191802,"date":"2025-02-24T13:22:57","date_gmt":"2025-02-24T12:22:59","guid":{"rendered":"https:\/\/arak.spicehorse.eu\/?post_type=product&#038;p=191802"},"modified":"2025-03-12T15:03:00","modified_gmt":"2025-03-12T14:03:00","slug":"bizzy-lick-drziak-na-stenu","status":"publish","type":"product","link":"https:\/\/arak.spicehorse.eu\/sk\/produkt\/bizzy-lick-drziak-na-stenu\/","title":{"rendered":"Bizzy Lick dr\u017eiak na stenu"},"content":{"rendered":"<div>\n<p><span lang=\"SK\">Bizzy Lick d\u017eiak na stenu mo\u017eno ve\u013emi jednoducho namontova\u0165 do k\u00fata ma\u0161tale ale v\u00fdbehu. Je ide\u00e1lny aj pre kone obhr\u00fdzaj\u00face koly alebo tak\u00e9, ktor\u00e9 radi obhr\u00fdzaj\u00fa steny ma\u0161tale.<\/span><\/p>\n<\/div>\n<div>\n<p><span lang=\"SK\">Pou\u017e\u00edvajte ho spolu s nasledovn\u00fdm\u00a0<a href=\"https:\/\/arak.spicehorse.eu\/sk\/znacka-produktu\/bizzy-horse-sk\/\">Bizzy Horse<\/a>\u00a0v\u00fdrobkom!<\/span><\/p>\n<\/div>\n","protected":false},"excerpt":{"rendered":"<p>Bizzy Lick d\u017eiak na stenu mo\u017eno ve\u013emi jednoducho namontova\u0165 do k\u00fata ma\u0161tale ale v\u00fdbehu. Je ide\u00e1lny aj pre kone obhr\u00fdzaj\u00face koly alebo tak\u00e9, ktor\u00e9 radi obhr\u00fdzaj\u00fa steny ma\u0161tale. Pou\u017e\u00edvajte ho spolu s nasledovn\u00fdm\u00a0Bizzy Horse\u00a0v\u00fdrobkom!<\/p>\n","protected":false},"featured_media":191814,"template":"","meta":{"_acf_changed":false},"product_cat":[3178,75,100,120],"product_tag":[2394],"acf":[],"yoast_head":"<!-- This site is optimized with the Yoast SEO plugin v21.4 - https:\/\/yoast.com\/wordpress\/plugins\/seo\/ -->\n<title>Bizzy Lick dr\u017eiak na stenu - Spicehorse<\/title>\n<meta name=\"description\" content=\"picehorse.eu | Bizzy Lick d\u017eiak na stenu mo\u017eno ve\u013emi jednoducho namontova\u0165 do k\u00fata ma\u0161tale ale v\u00fdbehu.\" \/>\n<meta name=\"robots\" content=\"index, follow, max-snippet:-1, max-image-preview:large, max-video-preview:-1\" \/>\n<link rel=\"canonical\" href=\"https:\/\/arak.spicehorse.eu\/termek\/bizzy-lick-falitarto\/\" \/>\n<meta property=\"og:locale\" content=\"sk_SK\" \/>\n<meta property=\"og:type\" content=\"article\" \/>\n<meta property=\"og:title\" content=\"Bizzy Lick dr\u017eiak na stenu - Spicehorse\" \/>\n<meta property=\"og:description\" content=\"picehorse.eu | Bizzy Lick d\u017eiak na stenu mo\u017eno ve\u013emi jednoducho namontova\u0165 do k\u00fata ma\u0161tale ale v\u00fdbehu.\" \/>\n<meta property=\"og:url\" content=\"https:\/\/arak.spicehorse.eu\/termek\/bizzy-lick-falitarto\/\" \/>\n<meta property=\"og:site_name\" content=\"Spicehorse\" \/>\n<meta property=\"article:publisher\" content=\"https:\/\/www.facebook.com\/SPICEHORSE-550385625402457\/\" \/>\n<meta property=\"article:modified_time\" content=\"2025-03-12T14:03:00+00:00\" \/>\n<meta property=\"og:image\" content=\"https:\/\/arak.spicehorse.eu\/wp-content\/uploads\/2025\/02\/bracket-box-only-scaled-1.jpg\" \/>\n\t<meta property=\"og:image:width\" content=\"2560\" \/>\n\t<meta property=\"og:image:height\" content=\"2560\" \/>\n\t<meta property=\"og:image:type\" content=\"image\/jpeg\" \/>\n<meta name=\"twitter:card\" content=\"summary_large_image\" \/>\n<script type=\"application\/ld+json\" class=\"yoast-schema-graph\">{\"@context\":\"https:\/\/schema.org\",\"@graph\":[{\"@type\":\"WebPage\",\"@id\":\"https:\/\/arak.spicehorse.eu\/termek\/bizzy-lick-falitarto\/\",\"url\":\"https:\/\/arak.spicehorse.eu\/termek\/bizzy-lick-falitarto\/\",\"name\":\"Bizzy Lick dr\u017eiak na stenu - Spicehorse\",\"isPartOf\":{\"@id\":\"https:\/\/arak.spicehorse.eu\/en\/#website\"},\"datePublished\":\"2025-02-24T12:22:59+00:00\",\"dateModified\":\"2025-03-12T14:03:00+00:00\",\"description\":\"picehorse.eu | Bizzy Lick d\u017eiak na stenu mo\u017eno ve\u013emi jednoducho namontova\u0165 do k\u00fata ma\u0161tale ale v\u00fdbehu.\",\"breadcrumb\":{\"@id\":\"https:\/\/arak.spicehorse.eu\/termek\/bizzy-lick-falitarto\/#breadcrumb\"},\"inLanguage\":\"sk-SK\",\"potentialAction\":[{\"@type\":\"ReadAction\",\"target\":[\"https:\/\/arak.spicehorse.eu\/termek\/bizzy-lick-falitarto\/\"]}]},{\"@type\":\"BreadcrumbList\",\"@id\":\"https:\/\/arak.spicehorse.eu\/termek\/bizzy-lick-falitarto\/#breadcrumb\",\"itemListElement\":[{\"@type\":\"ListItem\",\"position\":1,\"name\":\"Home\",\"item\":\"https:\/\/arak.spicehorse.eu\/sk\/\"},{\"@type\":\"ListItem\",\"position\":2,\"name\":\"Predaj\u0148a\",\"item\":\"https:\/\/arak.spicehorse.eu\/sk\/predajna\/\"},{\"@type\":\"ListItem\",\"position\":3,\"name\":\"Bizzy Lick dr\u017eiak na stenu\"}]},{\"@type\":\"WebSite\",\"@id\":\"https:\/\/arak.spicehorse.eu\/en\/#website\",\"url\":\"https:\/\/arak.spicehorse.eu\/en\/\",\"name\":\"Spicehorse\",\"description\":\"UNDER DEVELOPMENT -\",\"potentialAction\":[{\"@type\":\"SearchAction\",\"target\":{\"@type\":\"EntryPoint\",\"urlTemplate\":\"https:\/\/arak.spicehorse.eu\/en\/?s={search_term_string}\"},\"query-input\":\"required name=search_term_string\"}],\"inLanguage\":\"sk-SK\"}]}<\/script>\n<!-- \/ Yoast SEO plugin. -->","yoast_head_json":{"title":"Bizzy Lick dr\u017eiak na stenu - Spicehorse","description":"picehorse.eu | Bizzy Lick d\u017eiak na stenu mo\u017eno ve\u013emi jednoducho namontova\u0165 do k\u00fata ma\u0161tale ale v\u00fdbehu.","robots":{"index":"index","follow":"follow","max-snippet":"max-snippet:-1","max-image-preview":"max-image-preview:large","max-video-preview":"max-video-preview:-1"},"canonical":"https:\/\/arak.spicehorse.eu\/termek\/bizzy-lick-falitarto\/","og_locale":"sk_SK","og_type":"article","og_title":"Bizzy Lick dr\u017eiak na stenu - Spicehorse","og_description":"picehorse.eu | Bizzy Lick d\u017eiak na stenu mo\u017eno ve\u013emi jednoducho namontova\u0165 do k\u00fata ma\u0161tale ale v\u00fdbehu.","og_url":"https:\/\/arak.spicehorse.eu\/termek\/bizzy-lick-falitarto\/","og_site_name":"Spicehorse","article_publisher":"https:\/\/www.facebook.com\/SPICEHORSE-550385625402457\/","article_modified_time":"2025-03-12T14:03:00+00:00","og_image":[{"width":2560,"height":2560,"url":"https:\/\/arak.spicehorse.eu\/wp-content\/uploads\/2025\/02\/bracket-box-only-scaled-1.jpg","type":"image\/jpeg"}],"twitter_card":"summary_large_image","schema":{"@context":"https:\/\/schema.org","@graph":[{"@type":"WebPage","@id":"https:\/\/arak.spicehorse.eu\/termek\/bizzy-lick-falitarto\/","url":"https:\/\/arak.spicehorse.eu\/termek\/bizzy-lick-falitarto\/","name":"Bizzy Lick dr\u017eiak na stenu - Spicehorse","isPartOf":{"@id":"https:\/\/arak.spicehorse.eu\/en\/#website"},"datePublished":"2025-02-24T12:22:59+00:00","dateModified":"2025-03-12T14:03:00+00:00","description":"picehorse.eu | Bizzy Lick d\u017eiak na stenu mo\u017eno ve\u013emi jednoducho namontova\u0165 do k\u00fata ma\u0161tale ale v\u00fdbehu.","breadcrumb":{"@id":"https:\/\/arak.spicehorse.eu\/termek\/bizzy-lick-falitarto\/#breadcrumb"},"inLanguage":"sk-SK","potentialAction":[{"@type":"ReadAction","target":["https:\/\/arak.spicehorse.eu\/termek\/bizzy-lick-falitarto\/"]}]},{"@type":"BreadcrumbList","@id":"https:\/\/arak.spicehorse.eu\/termek\/bizzy-lick-falitarto\/#breadcrumb","itemListElement":[{"@type":"ListItem","position":1,"name":"Home","item":"https:\/\/arak.spicehorse.eu\/sk\/"},{"@type":"ListItem","position":2,"name":"Predaj\u0148a","item":"https:\/\/arak.spicehorse.eu\/sk\/predajna\/"},{"@type":"ListItem","position":3,"name":"Bizzy Lick dr\u017eiak na stenu"}]},{"@type":"WebSite","@id":"https:\/\/arak.spicehorse.eu\/en\/#website","url":"https:\/\/arak.spicehorse.eu\/en\/","name":"Spicehorse","description":"UNDER DEVELOPMENT -","potentialAction":[{"@type":"SearchAction","target":{"@type":"EntryPoint","urlTemplate":"https:\/\/arak.spicehorse.eu\/en\/?s={search_term_string}"},"query-input":"required name=search_term_string"}],"inLanguage":"sk-SK"}]}},"_links":{"self":[{"href":"https:\/\/arak.spicehorse.eu\/sk\/wp-json\/wp\/v2\/product\/191802"}],"collection":[{"href":"https:\/\/arak.spicehorse.eu\/sk\/wp-json\/wp\/v2\/product"}],"about":[{"href":"https:\/\/arak.spicehorse.eu\/sk\/wp-json\/wp\/v2\/types\/product"}],"wp:featuredmedia":[{"embeddable":true,"href":"https:\/\/arak.spicehorse.eu\/sk\/wp-json\/wp\/v2\/media\/191814"}],"wp:attachment":[{"href":"https:\/\/arak.spicehorse.eu\/sk\/wp-json\/wp\/v2\/media?parent=191802"}],"wp:term":[{"taxonomy":"product_cat","embeddable":true,"href":"https:\/\/arak.spicehorse.eu\/sk\/wp-json\/wp\/v2\/product_cat?post=191802"},{"taxonomy":"product_tag","embeddable":true,"href":"https:\/\/arak.spicehorse.eu\/sk\/wp-json\/wp\/v2\/product_tag?post=191802"}],"curies":[{"name":"wp","href":"https:\/\/api.w.org\/{rel}","templated":true}]}}