{"id":192068,"date":"2025-03-01T18:17:50","date_gmt":"2025-03-01T17:17:52","guid":{"rendered":"https:\/\/arak.spicehorse.eu\/?post_type=product&#038;p=192068"},"modified":"2026-01-31T11:52:21","modified_gmt":"2026-01-31T10:52:21","slug":"qhp-kryt-na-vedro","status":"publish","type":"product","link":"https:\/\/arak.spicehorse.eu\/sk\/produkt\/qhp-kryt-na-vedro\/","title":{"rendered":"QHP kryt na vedro"},"content":{"rendered":"<div>\n<p><span lang=\"SK\">QHP kryt na vedro na ochranu vody a\u00a0krmiva. Chr\u00e1ni krmivo ko\u0148a proti hmyzu, vode, prachu a\u00a0in\u00fdm ne\u010distot\u00e1m. Na vrchnej \u010dasti krytu sa nach\u00e1dza karti\u010dka, na ktor\u00fa mo\u017eno nap\u00edsa\u0165 meno ko\u0148a a\u00a0krmivo.<\/span><\/p>\n<\/div>\n","protected":false},"excerpt":{"rendered":"<ul style=\"font-weight: 400;\">\n<li>Materi\u00e1l 100% polyester<\/li>\n<li>Kryt na vedro na ochranu obsahu vedra<\/li>\n<li>Ochrana proti prachu, vode a\u00a0in\u00fdm ne\u010distot\u00e1m<\/li>\n<li>Vhodn\u00fd pri skladovan\u00ed krmiva v\u00a0stajni alebo pri cestovan\u00ed<\/li>\n<li>Na vrchu krytu je karti\u010dka, na ktor\u00fa mo\u017eno p\u00edsa\u0165<\/li>\n<li>Z\u00a0materi\u00e1lu odpudzuj\u00faceho vodu<\/li>\n<li>V\u010faka elastick\u00e9mu lemu sa dokonale prisp\u00f4sobuje<\/li>\n<li>Priemer 42 cm<\/li>\n<\/ul>\n","protected":false},"featured_media":192074,"template":"","meta":{"_acf_changed":false},"product_cat":[75,120],"product_tag":[338,1973],"acf":[],"yoast_head":"<!-- This site is optimized with the Yoast SEO plugin v21.4 - https:\/\/yoast.com\/wordpress\/plugins\/seo\/ -->\n<title>QHP kryt na vedro - Spicehorse<\/title>\n<meta name=\"description\" content=\"spicehorse.eu | QHP kryt na vedro na ochranu vody a\u00a0krmiva. Chr\u00e1ni krmivo ko\u0148a proti hmyzu, vode, prachu a\u00a0in\u00fdm ne\u010distot\u00e1m.\" \/>\n<meta name=\"robots\" content=\"index, follow, max-snippet:-1, max-image-preview:large, max-video-preview:-1\" \/>\n<link rel=\"canonical\" href=\"https:\/\/arak.spicehorse.eu\/sk\/produkt\/qhp-kryt-na-vedro\/\" \/>\n<meta property=\"og:locale\" content=\"sk_SK\" \/>\n<meta property=\"og:type\" content=\"article\" \/>\n<meta property=\"og:title\" content=\"QHP kryt na vedro - Spicehorse\" \/>\n<meta property=\"og:description\" content=\"spicehorse.eu | QHP kryt na vedro na ochranu vody a\u00a0krmiva. Chr\u00e1ni krmivo ko\u0148a proti hmyzu, vode, prachu a\u00a0in\u00fdm ne\u010distot\u00e1m.\" \/>\n<meta property=\"og:url\" content=\"https:\/\/arak.spicehorse.eu\/sk\/produkt\/qhp-kryt-na-vedro\/\" \/>\n<meta property=\"og:site_name\" content=\"Spicehorse\" \/>\n<meta property=\"article:publisher\" content=\"https:\/\/www.facebook.com\/SPICEHORSE-550385625402457\/\" \/>\n<meta property=\"article:modified_time\" content=\"2026-01-31T10:52:21+00:00\" \/>\n<meta property=\"og:image\" content=\"https:\/\/arak.spicehorse.eu\/wp-content\/uploads\/2025\/03\/qhp-bucker-cover.jpg\" \/>\n\t<meta property=\"og:image:width\" content=\"1280\" \/>\n\t<meta property=\"og:image:height\" content=\"1280\" \/>\n\t<meta property=\"og:image:type\" content=\"image\/jpeg\" \/>\n<meta name=\"twitter:card\" content=\"summary_large_image\" \/>\n<script type=\"application\/ld+json\" class=\"yoast-schema-graph\">{\"@context\":\"https:\/\/schema.org\",\"@graph\":[{\"@type\":\"WebPage\",\"@id\":\"https:\/\/arak.spicehorse.eu\/sk\/produkt\/qhp-kryt-na-vedro\/\",\"url\":\"https:\/\/arak.spicehorse.eu\/sk\/produkt\/qhp-kryt-na-vedro\/\",\"name\":\"QHP kryt na vedro - Spicehorse\",\"isPartOf\":{\"@id\":\"https:\/\/arak.spicehorse.eu\/en\/#website\"},\"datePublished\":\"2025-03-01T17:17:52+00:00\",\"dateModified\":\"2026-01-31T10:52:21+00:00\",\"description\":\"spicehorse.eu | QHP kryt na vedro na ochranu vody a\u00a0krmiva. Chr\u00e1ni krmivo ko\u0148a proti hmyzu, vode, prachu a\u00a0in\u00fdm ne\u010distot\u00e1m.\",\"breadcrumb\":{\"@id\":\"https:\/\/arak.spicehorse.eu\/sk\/produkt\/qhp-kryt-na-vedro\/#breadcrumb\"},\"inLanguage\":\"sk-SK\",\"potentialAction\":[{\"@type\":\"ReadAction\",\"target\":[\"https:\/\/arak.spicehorse.eu\/sk\/produkt\/qhp-kryt-na-vedro\/\"]}]},{\"@type\":\"BreadcrumbList\",\"@id\":\"https:\/\/arak.spicehorse.eu\/sk\/produkt\/qhp-kryt-na-vedro\/#breadcrumb\",\"itemListElement\":[{\"@type\":\"ListItem\",\"position\":1,\"name\":\"Home\",\"item\":\"https:\/\/arak.spicehorse.eu\/sk\/\"},{\"@type\":\"ListItem\",\"position\":2,\"name\":\"Predaj\u0148a\",\"item\":\"https:\/\/arak.spicehorse.eu\/sk\/predajna\/\"},{\"@type\":\"ListItem\",\"position\":3,\"name\":\"QHP kryt na vedro\"}]},{\"@type\":\"WebSite\",\"@id\":\"https:\/\/arak.spicehorse.eu\/en\/#website\",\"url\":\"https:\/\/arak.spicehorse.eu\/en\/\",\"name\":\"Spicehorse\",\"description\":\"UNDER DEVELOPMENT -\",\"potentialAction\":[{\"@type\":\"SearchAction\",\"target\":{\"@type\":\"EntryPoint\",\"urlTemplate\":\"https:\/\/arak.spicehorse.eu\/en\/?s={search_term_string}\"},\"query-input\":\"required name=search_term_string\"}],\"inLanguage\":\"sk-SK\"}]}<\/script>\n<!-- \/ Yoast SEO plugin. -->","yoast_head_json":{"title":"QHP kryt na vedro - Spicehorse","description":"spicehorse.eu | QHP kryt na vedro na ochranu vody a\u00a0krmiva. Chr\u00e1ni krmivo ko\u0148a proti hmyzu, vode, prachu a\u00a0in\u00fdm ne\u010distot\u00e1m.","robots":{"index":"index","follow":"follow","max-snippet":"max-snippet:-1","max-image-preview":"max-image-preview:large","max-video-preview":"max-video-preview:-1"},"canonical":"https:\/\/arak.spicehorse.eu\/sk\/produkt\/qhp-kryt-na-vedro\/","og_locale":"sk_SK","og_type":"article","og_title":"QHP kryt na vedro - Spicehorse","og_description":"spicehorse.eu | QHP kryt na vedro na ochranu vody a\u00a0krmiva. Chr\u00e1ni krmivo ko\u0148a proti hmyzu, vode, prachu a\u00a0in\u00fdm ne\u010distot\u00e1m.","og_url":"https:\/\/arak.spicehorse.eu\/sk\/produkt\/qhp-kryt-na-vedro\/","og_site_name":"Spicehorse","article_publisher":"https:\/\/www.facebook.com\/SPICEHORSE-550385625402457\/","article_modified_time":"2026-01-31T10:52:21+00:00","og_image":[{"width":1280,"height":1280,"url":"https:\/\/arak.spicehorse.eu\/wp-content\/uploads\/2025\/03\/qhp-bucker-cover.jpg","type":"image\/jpeg"}],"twitter_card":"summary_large_image","schema":{"@context":"https:\/\/schema.org","@graph":[{"@type":"WebPage","@id":"https:\/\/arak.spicehorse.eu\/sk\/produkt\/qhp-kryt-na-vedro\/","url":"https:\/\/arak.spicehorse.eu\/sk\/produkt\/qhp-kryt-na-vedro\/","name":"QHP kryt na vedro - Spicehorse","isPartOf":{"@id":"https:\/\/arak.spicehorse.eu\/en\/#website"},"datePublished":"2025-03-01T17:17:52+00:00","dateModified":"2026-01-31T10:52:21+00:00","description":"spicehorse.eu | QHP kryt na vedro na ochranu vody a\u00a0krmiva. Chr\u00e1ni krmivo ko\u0148a proti hmyzu, vode, prachu a\u00a0in\u00fdm ne\u010distot\u00e1m.","breadcrumb":{"@id":"https:\/\/arak.spicehorse.eu\/sk\/produkt\/qhp-kryt-na-vedro\/#breadcrumb"},"inLanguage":"sk-SK","potentialAction":[{"@type":"ReadAction","target":["https:\/\/arak.spicehorse.eu\/sk\/produkt\/qhp-kryt-na-vedro\/"]}]},{"@type":"BreadcrumbList","@id":"https:\/\/arak.spicehorse.eu\/sk\/produkt\/qhp-kryt-na-vedro\/#breadcrumb","itemListElement":[{"@type":"ListItem","position":1,"name":"Home","item":"https:\/\/arak.spicehorse.eu\/sk\/"},{"@type":"ListItem","position":2,"name":"Predaj\u0148a","item":"https:\/\/arak.spicehorse.eu\/sk\/predajna\/"},{"@type":"ListItem","position":3,"name":"QHP kryt na vedro"}]},{"@type":"WebSite","@id":"https:\/\/arak.spicehorse.eu\/en\/#website","url":"https:\/\/arak.spicehorse.eu\/en\/","name":"Spicehorse","description":"UNDER DEVELOPMENT -","potentialAction":[{"@type":"SearchAction","target":{"@type":"EntryPoint","urlTemplate":"https:\/\/arak.spicehorse.eu\/en\/?s={search_term_string}"},"query-input":"required name=search_term_string"}],"inLanguage":"sk-SK"}]}},"_links":{"self":[{"href":"https:\/\/arak.spicehorse.eu\/sk\/wp-json\/wp\/v2\/product\/192068"}],"collection":[{"href":"https:\/\/arak.spicehorse.eu\/sk\/wp-json\/wp\/v2\/product"}],"about":[{"href":"https:\/\/arak.spicehorse.eu\/sk\/wp-json\/wp\/v2\/types\/product"}],"wp:featuredmedia":[{"embeddable":true,"href":"https:\/\/arak.spicehorse.eu\/sk\/wp-json\/wp\/v2\/media\/192074"}],"wp:attachment":[{"href":"https:\/\/arak.spicehorse.eu\/sk\/wp-json\/wp\/v2\/media?parent=192068"}],"wp:term":[{"taxonomy":"product_cat","embeddable":true,"href":"https:\/\/arak.spicehorse.eu\/sk\/wp-json\/wp\/v2\/product_cat?post=192068"},{"taxonomy":"product_tag","embeddable":true,"href":"https:\/\/arak.spicehorse.eu\/sk\/wp-json\/wp\/v2\/product_tag?post=192068"}],"curies":[{"name":"wp","href":"https:\/\/api.w.org\/{rel}","templated":true}]}}