{"id":192285,"date":"2025-03-09T10:50:03","date_gmt":"2025-03-09T09:50:12","guid":{"rendered":"https:\/\/arak.spicehorse.eu\/?post_type=product&#038;p=192285"},"modified":"2025-05-29T13:27:48","modified_gmt":"2025-05-29T11:27:48","slug":"incrediwear-equine-terapeuticke-ponozky-na-podporu-krvneho-obehu-black","status":"publish","type":"product","link":"https:\/\/arak.spicehorse.eu\/sk\/produkt\/incrediwear-equine-terapeuticke-ponozky-na-podporu-krvneho-obehu-black\/","title":{"rendered":"Incrediwear Equine terapeutick\u00e9 pono\u017eky na podporu krvn\u00e9ho obehu BLACK"},"content":{"rendered":"<p style=\"font-weight: 400;\">Incrediwear Equine terapeutick\u00e9 pono\u017eky na podporu krvn\u00e9ho obehu pom\u00e1haj\u00fa skracova\u0165 \u010das regener\u00e1cie, zvy\u0161uj\u00fa v\u00fdkon, podporuj\u00fa krvn\u00fd obeh a\u00a0zni\u017euj\u00fa z\u00e1paly. M\u00f4\u017eu sa pou\u017e\u00edva\u0165 r\u00f4znorod\u00fdm sp\u00f4sobom na patku, predn\u00e9 koleno a\u00a0pod., v\u010faka \u010domu s\u00fa ide\u00e1lne pri regener\u00e1cii po \u00faraze alebo na o\u0161etrenie po cvi\u010den\u00ed. Zlep\u0161en\u00edm krvn\u00e9ho obehu sa do n\u00f4h dostane dostato\u010dn\u00e9 mno\u017estvo kysl\u00edka a\u00a0\u017eiv\u00edn, minimalizuj\u00fa sa opuchy, lie\u010da bez kompresn\u00e9ho \u00fa\u010dinku. M\u00f4\u017eu sa pou\u017e\u00edva\u0165 aj na chladenie n\u00f4h alebo ako doplnkov\u00e1 podpora, plynule pom\u00e1haj\u00fa pri zachovan\u00ed zdravia n\u00e1\u0161ho ko\u0148a, zabezpe\u010duj\u00fa maxim\u00e1lne pohodlie, \u010d\u00edm sa zvy\u0161uje v\u00fdkonnos\u0165.<\/p>\n<p style=\"font-weight: 400;\"><strong>Set obsahuje 2 kusy pono\u017eiek<\/strong><\/p>\n<p style=\"font-weight: 400;\">Incrediwear Equine terapeutick\u00e9 pono\u017eky na podporu krvn\u00e9ho obehu dokonale dosadaj\u00fa na nohy ko\u0148a, ur\u00fdch\u013euj\u00fa regener\u00e1ciu, zlep\u0161uj\u00fa v\u00fdkonnos\u0165, nemaj\u00fa kompresn\u00e9 \u00fa\u010dinky, s\u00fa zalo\u017een\u00e9 na technol\u00f3gii vyu\u017e\u00edvaj\u00facej infra\u010derven\u00e9 vlny na vyvolanie vibr\u00e1ci\u00ed buniek prenosom energie do vn\u00fatrobunkovej tekutiny.<\/p>\n<p style=\"font-weight: 400;\"><strong>Pou\u017eitie:<\/strong><\/p>\n<ul style=\"font-weight: 400;\">\n<li>Na regener\u00e1ciu po tr\u00e9ningu<\/li>\n<li>Na lie\u010dbu poranen\u00ed (zni\u017euj\u00fa z\u00e1paly)<\/li>\n<li>Pri transporte, ve\u010der v boxe (Incrediwear podlo\u017eky pod band\u00e1\u017ee)<\/li>\n<li>Na chladenie n\u00f4h (navlh\u010den\u00e9)<\/li>\n<\/ul>\n<p style=\"font-weight: 400;\"><strong>V\u00fdhody:<\/strong><\/p>\n<ul style=\"font-weight: 400;\">\n<li>Zni\u017euj\u00fa opuchy a z\u00e1paly<\/li>\n<li>Zni\u017euj\u00fa bolesti svalov a \u00fanavu<\/li>\n<li>Stimuluj\u00fa krvn\u00fd obeh<\/li>\n<li>Aktivuj\u00fa iz\u00e1lja a\u00a0lymfatick\u00fd obeh<\/li>\n<li>Ur\u00fdch\u013euj\u00fa dobu regener\u00e1cie<\/li>\n<li>Chladiv\u00fd \u00fa\u010dinok<\/li>\n<\/ul>\n<p style=\"font-weight: 400;\"><strong>Ke\u010f\u017ee pono\u017eky nemaj\u00fa kompresn\u00fd \u00fa\u010dinok, m\u00f4\u017eu sa necha\u0165 na ko\u0148ovi aj dlh\u0161iu dobu, hoci aj 24 hod\u00edn.<\/strong><\/p>\n<p style=\"font-weight: 400;\"><strong>Chladov\u00e1 terapia<\/strong>\u00a0\u2013Incrediwear Equine terapeutick\u00e9 pono\u017eky na podporu krvn\u00e9ho obehu jednoducho navlh\u010dite pre dosiahnutie okam\u017eit\u00e9ho chladiv\u00e9ho \u00fa\u010dinku. Chladov\u00e1 terapia je \u00fa\u010dinn\u00e1 45-60 min\u00fat. (Potom pono\u017eky odstr\u00e1\u0148te, aby ste predi\u0161li ohrievaniu). Zni\u017euj\u00fa ohrievanie a\u00a0opuchy. V\u00a0z\u00e1ujme dosiahnutia zv\u00fd\u0161en\u00e9ho \u00fa\u010dinku dajte pono\u017eky na 2 min\u00faty do hor\u00facej vody, vy\u017em\u00fdkajte z\u00a0nich nadbyto\u010dn\u00fa vodu, po\u010dkajte 1 min\u00fatu, aby sa trochu ochladili a\u00a0potom ich umiestnite na nohu ko\u0148a.<\/p>\n<p style=\"font-weight: 400;\"><strong>\u010eal\u0161ie sp\u00f4soby pou\u017eitia Incrediwear Equine <\/strong><strong>terapeutick\u00fdch pono\u017eiek na podporu krvn\u00e9ho obehu:<\/strong><\/p>\n<p style=\"font-weight: 400;\"><strong>Laminit\u00edda<\/strong>\u00a0\u2013 chladov\u00e1 terapia sa uk\u00e1zala ako prospe\u0161n\u00e1 v tomto \u0161t\u00e1diu ochorenia. Incrediwear Equine terapuetick\u00e9 pono\u017eky mo\u017en\u00e9 aplikova\u0165 za mokra na zn\u00ed\u017eenie lamin\u00e1rneho z\u00e1palu prostredn\u00edctvom ich n\u00e1mrazov\u00fdch efektov. Opakovan\u00e9 navlh\u010denie pono\u017eiek pred\u013a\u017ei efekt n\u00e1mrazy.<\/p>\n<p style=\"font-weight: 400;\"><strong>Navikul\u00e1rny syndr\u00f3m<\/strong>\u00a0\u2013 v\u00e4\u010d\u0161ina stavov spolen\u00fdch s\u00a0navikul\u00e1rnou oblas\u0165ou sa sp\u00e1ja so z\u00e1palom, preto m\u00f4\u017ee by\u0165 ve\u013emi prospe\u010dn\u00e9 pou\u017e\u00edvanie Incrediwear Equine pono\u017eiek za sucha v\u00a0stajni.<\/p>\n<p style=\"font-weight: 400;\"><strong>Deep Digital Flexor Tendon (DDFT) l<\/strong>\u00e9zie hlbok\u00fdch digit\u00e1lnych flexorov\u00fdch \u0161liach\u00a0\u2013 lie\u010dba m\u00f4\u017ee zah\u0155\u0148a\u0165 regenerat\u00edvnu terapiu, av\u0161ak najd\u00f4le\u017eitej\u0161\u00edm aspektom regener\u00e1cie je \u010das odpo\u010dinku. Incrediwear Equine terapeutick\u00e9 pono\u017eky na podporu krvn\u00e9ho obehu mo\u017eno pou\u017e\u00edva\u0165 po\u010das tejto doby odpo\u010dinku.<\/p>\n<p style=\"font-weight: 400;\"><strong>\u201eKone so zl\u00fdmi nohami\u201d<\/strong>\u00a0\u2013 stimul\u00e1ciou krvn\u00e9ho obehu Incrediwear Equine terapeutick\u00e9 pono\u017eky na podporu krvn\u00e9ho obehu podporuj\u00fa rast konsk\u00e9ho kopyta. or\u00ed maj\u00fa \u201e\u0161krupinovit\u00e9\u201c chodidl\u00e1, pomal\u00fd rast kop\u00fdt, \u0161tvrtkov\u00e9 trhliny alebo stiahnut\u00e9 p\u00e4ty.\u00a0Incrediwear Equine terapeutick\u00e9 pono\u017eky na podporu krvn\u00e9ho obehu mo\u017eno nosi\u0165 v\u00a0stajni vo dne aj v\u00a0noci.<\/p>\n<p style=\"font-weight: 400;\"><strong>Poranenia n\u00f4h<\/strong>\u00a0\u2013 Incrediwear Equine terapeutick\u00e9 pono\u017eky na podporu krvn\u00e9ho obehu sa m\u00f4\u017eu pou\u017e\u00edva\u0165 pri ak\u00fdchko\u013evek poraneniach n\u00f4h. Patr\u00ed sem aj lie\u010dba poranen\u00ed v\u00e4zov a \u0161\u013eachov\u00fdch puzdier.<\/p>\n<p style=\"font-weight: 400;\"><strong><em>*<\/em><\/strong><strong> V zriedkav\u00fdch pr\u00edpadoch m\u00f4\u017ee by\u0165 k\u00f4\u0148 \u201eprestimulovan\u00fd\u201c zv\u00fd\u0161en\u00fdm prietokom krvi a za\u010da\u0165 hraba\u0165 alebo trha\u0165 pono\u017eky. V takom pr\u00edpade by sa mal produkt odstr\u00e1ni\u0165, aj ke\u010f sa m\u00f4\u017ee znova aplikova\u0165 nasleduj\u00faci de\u0148 alebo na krat\u0161iu dobu<\/strong><strong><em>.<\/em><\/strong><\/p>\n<p style=\"font-weight: 400;\"><strong>N\u00e1vod na pou\u017eitie:<\/strong><\/p>\n<ol>\n<li style=\"font-weight: 400;\">Hne\u010f po pr\u00e1ci, tr\u00e9ningu, s\u00fa\u0165a\u017ei nasa\u010fte na nohy Incrediwear pono\u017eky a\u00a0navlh\u010dite ich. Chladiv\u00fd \u00fa\u010dinok trv\u00e1 45-60 min\u00fat.<\/li>\n<li style=\"font-weight: 400;\">Such\u00e9 pono\u017eky mo\u017eno nosi\u0165 v boxe, po\u010das transportu alebo aj cel\u00fd de\u0148. Na stredn\u00fdch a ve\u013ek\u00fdch noh\u00e1ch pono\u017eky vydr\u017eia ve\u013emi dobre, v pr\u00edpade ten\u0161\u00edch n\u00f4h ich upevnite Incrediwear podlo\u017ekami pod band\u00e1\u017ee (alebo in\u00fdmi terapeutick\u00fdmi podlo\u017ekami) a band\u00e1\u017eami, aby sa nezo\u0161mykovali.<\/li>\n<li style=\"font-weight: 400;\">Na zv\u00fd\u0161enie \u017eivotnosti pono\u017eiek na kopyto odpor\u00fa\u010dame pri aplik\u00e1cii pou\u017ei\u0165 hrub\u00e9 plastov\u00e9 vrecko na kopyto. Tento postup u\u013eah\u010duje hladk\u00e9 k\u013azanie pono\u017eky po ostr\u00fdch nechtoch, \u010d\u00edm \u00fa\u010dinne zabra\u0148uje roztrhnutiu l\u00e1tky a zabezpe\u010duje pred\u013a\u017een\u00fa \u017eivotnos\u0165.<\/li>\n<\/ol>\n<p style=\"font-weight: 400;\">Incrediwear v\u00fdrobky s\u00fa vyr\u00e1ban\u00e9 z novej \u201eatletick\u00e1\u201c l\u00e1tka, ktor\u00fa u\u017e 15 rokov vyu\u017e\u00edvaj\u00fa \u0161portovci. Incrediwear je vl\u00e1kno s obsahom germ\u00e1nia\/uhl\u00edka, ktor\u00e9 sa aktivuje pri vystaven\u00ed telesn\u00e9mu teplu, pri\u010dom sa uvo\u013e\u0148uj\u00fa negat\u00edvne i\u00f3ny a sp\u00fa\u0161\u0165aj\u00fa mechanick\u00e9 zv\u00fd\u0161enie prietoku krvi do danej oblasti v kombin\u00e1cii so zv\u00fd\u0161enou lymfatickou dren\u00e1\u017eou. Toto zabezpe\u010duje mimoriadny \u00fa\u010dinok tohto v\u00fdrobku. Incrediwear Equine vyu\u017eila t\u00fato koncepciu pri v\u00fdrobe nov\u00e9ho radu produktov. Pri pou\u017eit\u00ed za sucha sa stimuluje krvn\u00fd a lymfatick\u00fd obeh. Pri mokrej aplik\u00e1cii (najm\u00e4 s teplou\/ hor\u00facou vodou) doch\u00e1dza k endotermickej reakcii, v\u00fdsledkom ktorej je zn\u00ed\u017eenie povrchovej teploty, \u010do vyvol\u00e1va efekt \u201e\u013eadov\u00e9ho obv\u00e4zu\u201c. Implement\u00e1ciou t\u00fdchto v\u0161eobecn\u00fdch princ\u00edpov je mo\u017en\u00e9 produkt aplikova\u0165 nasucho pred cvi\u010den\u00edm, aby sa zv\u00fd\u0161il prietok krvi, a po cvi\u010den\u00ed za mokra na chladenie.<\/p>\n<p style=\"font-weight: 400;\"><strong>D\u00f4le\u017eit\u00e9!<\/strong>\u00a0V\u00fdrobky pou\u017e\u00edvajte pod\u013ea predpisov, odpor\u00fa\u010da sa konzult\u00e1cia s\u00a0veterin\u00e1rnym lek\u00e1rom. V\u00a0pr\u00edpade ak\u00fdchko\u013evek ot\u00e1zok sme V\u00e1m plne k\u00a0dispoz\u00edcii!<\/p>\n<p style=\"font-weight: 400;\">N\u00e1vod na pranie: Odpor\u00fa\u010da sa pou\u017e\u00edvanie vrecka na pranie. Mo\u017eno pra\u0165 maxim\u00e1lne na 40\u00b0C. Nevkladajte do su\u0161i\u010dky. Nepou\u017e\u00edvajte aviv\u00e1\u017e. Ne\u017eehlite.<\/p>\n","protected":false},"excerpt":{"rendered":"<p>Incrediwear Equine terapeutick\u00e9 pono\u017eky na podporu krvn\u00e9ho obehu pom\u00e1haj\u00fa skracova\u0165 \u010das regener\u00e1cie, zvy\u0161uj\u00fa v\u00fdkon, podporuj\u00fa krvn\u00fd obeh a\u00a0zni\u017euj\u00fa z\u00e1paly. M\u00f4\u017eu sa pou\u017e\u00edva\u0165 r\u00f4znorod\u00fdm sp\u00f4sobom na patku, predn\u00e9 koleno a\u00a0pod., v\u010faka \u010domu s\u00fa ide\u00e1lne pri regener\u00e1cii po \u00faraze alebo na o\u0161etrenie po cvi\u010den\u00ed. Zlep\u0161en\u00edm krvn\u00e9ho obehu sa do n\u00f4h dostane dostato\u010dn\u00e9 mno\u017estvo kysl\u00edka a\u00a0\u017eiv\u00edn, minimalizuj\u00fa sa [&hellip;]<\/p>\n","protected":false},"featured_media":192288,"template":"","meta":{"_acf_changed":false},"product_cat":[75,118],"product_tag":[3187,444],"acf":[],"yoast_head":"<!-- This site is optimized with the Yoast SEO plugin v21.4 - https:\/\/yoast.com\/wordpress\/plugins\/seo\/ -->\n<title>Incrediwear Equine terapeutick\u00e9 pono\u017eky na podporu krvn\u00e9ho obehu BLACK - Spicehorse<\/title>\n<meta name=\"description\" content=\"spicehorse.eu | Incrediwear Equine terapeutick\u00e9 pono\u017eky na podporu krvn\u00e9ho obehu pom\u00e1haj\u00fa skracova\u0165 \u010das regener\u00e1cie, zvy\u0161uj\u00fa v\u00fdkon, podporuj\u00fa krvn\u00fd obeh a\u00a0zni\u017euj\u00fa z\u00e1paly.\" \/>\n<meta name=\"robots\" content=\"index, follow, max-snippet:-1, max-image-preview:large, max-video-preview:-1\" \/>\n<link rel=\"canonical\" href=\"https:\/\/arak.spicehorse.eu\/sk\/produkt\/incrediwear-equine-terapeuticke-ponozky-na-podporu-krvneho-obehu-black\/\" \/>\n<meta property=\"og:locale\" content=\"sk_SK\" \/>\n<meta property=\"og:type\" content=\"article\" \/>\n<meta property=\"og:title\" content=\"Incrediwear Equine terapeutick\u00e9 pono\u017eky na podporu krvn\u00e9ho obehu BLACK - Spicehorse\" \/>\n<meta property=\"og:description\" content=\"spicehorse.eu | Incrediwear Equine terapeutick\u00e9 pono\u017eky na podporu krvn\u00e9ho obehu pom\u00e1haj\u00fa skracova\u0165 \u010das regener\u00e1cie, zvy\u0161uj\u00fa v\u00fdkon, podporuj\u00fa krvn\u00fd obeh a\u00a0zni\u017euj\u00fa z\u00e1paly.\" \/>\n<meta property=\"og:url\" content=\"https:\/\/arak.spicehorse.eu\/sk\/produkt\/incrediwear-equine-terapeuticke-ponozky-na-podporu-krvneho-obehu-black\/\" \/>\n<meta property=\"og:site_name\" content=\"Spicehorse\" \/>\n<meta property=\"article:publisher\" content=\"https:\/\/www.facebook.com\/SPICEHORSE-550385625402457\/\" \/>\n<meta property=\"article:modified_time\" content=\"2025-05-29T11:27:48+00:00\" \/>\n<meta property=\"og:image\" content=\"https:\/\/arak.spicehorse.eu\/wp-content\/uploads\/2025\/03\/blacksocks-greypng.webp\" \/>\n\t<meta property=\"og:image:width\" content=\"1400\" \/>\n\t<meta property=\"og:image:height\" content=\"1400\" \/>\n\t<meta property=\"og:image:type\" content=\"image\/webp\" \/>\n<meta name=\"twitter:card\" content=\"summary_large_image\" \/>\n<meta name=\"twitter:label1\" content=\"Predpokladan\u00fd \u010das \u010d\u00edtania\" \/>\n\t<meta name=\"twitter:data1\" content=\"1 min\u00fata\" \/>\n<script type=\"application\/ld+json\" class=\"yoast-schema-graph\">{\"@context\":\"https:\/\/schema.org\",\"@graph\":[{\"@type\":\"WebPage\",\"@id\":\"https:\/\/arak.spicehorse.eu\/sk\/produkt\/incrediwear-equine-terapeuticke-ponozky-na-podporu-krvneho-obehu-black\/\",\"url\":\"https:\/\/arak.spicehorse.eu\/sk\/produkt\/incrediwear-equine-terapeuticke-ponozky-na-podporu-krvneho-obehu-black\/\",\"name\":\"Incrediwear Equine terapeutick\u00e9 pono\u017eky na podporu krvn\u00e9ho obehu BLACK - Spicehorse\",\"isPartOf\":{\"@id\":\"https:\/\/arak.spicehorse.eu\/en\/#website\"},\"datePublished\":\"2025-03-09T09:50:12+00:00\",\"dateModified\":\"2025-05-29T11:27:48+00:00\",\"description\":\"spicehorse.eu | Incrediwear Equine terapeutick\u00e9 pono\u017eky na podporu krvn\u00e9ho obehu pom\u00e1haj\u00fa skracova\u0165 \u010das regener\u00e1cie, zvy\u0161uj\u00fa v\u00fdkon, podporuj\u00fa krvn\u00fd obeh a\u00a0zni\u017euj\u00fa z\u00e1paly.\",\"breadcrumb\":{\"@id\":\"https:\/\/arak.spicehorse.eu\/sk\/produkt\/incrediwear-equine-terapeuticke-ponozky-na-podporu-krvneho-obehu-black\/#breadcrumb\"},\"inLanguage\":\"sk-SK\",\"potentialAction\":[{\"@type\":\"ReadAction\",\"target\":[\"https:\/\/arak.spicehorse.eu\/sk\/produkt\/incrediwear-equine-terapeuticke-ponozky-na-podporu-krvneho-obehu-black\/\"]}]},{\"@type\":\"BreadcrumbList\",\"@id\":\"https:\/\/arak.spicehorse.eu\/sk\/produkt\/incrediwear-equine-terapeuticke-ponozky-na-podporu-krvneho-obehu-black\/#breadcrumb\",\"itemListElement\":[{\"@type\":\"ListItem\",\"position\":1,\"name\":\"Home\",\"item\":\"https:\/\/arak.spicehorse.eu\/sk\/\"},{\"@type\":\"ListItem\",\"position\":2,\"name\":\"Predaj\u0148a\",\"item\":\"https:\/\/arak.spicehorse.eu\/sk\/predajna\/\"},{\"@type\":\"ListItem\",\"position\":3,\"name\":\"Incrediwear Equine terapeutick\u00e9 pono\u017eky na podporu krvn\u00e9ho obehu BLACK\"}]},{\"@type\":\"WebSite\",\"@id\":\"https:\/\/arak.spicehorse.eu\/en\/#website\",\"url\":\"https:\/\/arak.spicehorse.eu\/en\/\",\"name\":\"Spicehorse\",\"description\":\"UNDER DEVELOPMENT -\",\"potentialAction\":[{\"@type\":\"SearchAction\",\"target\":{\"@type\":\"EntryPoint\",\"urlTemplate\":\"https:\/\/arak.spicehorse.eu\/en\/?s={search_term_string}\"},\"query-input\":\"required name=search_term_string\"}],\"inLanguage\":\"sk-SK\"}]}<\/script>\n<!-- \/ Yoast SEO plugin. -->","yoast_head_json":{"title":"Incrediwear Equine terapeutick\u00e9 pono\u017eky na podporu krvn\u00e9ho obehu BLACK - Spicehorse","description":"spicehorse.eu | Incrediwear Equine terapeutick\u00e9 pono\u017eky na podporu krvn\u00e9ho obehu pom\u00e1haj\u00fa skracova\u0165 \u010das regener\u00e1cie, zvy\u0161uj\u00fa v\u00fdkon, podporuj\u00fa krvn\u00fd obeh a\u00a0zni\u017euj\u00fa z\u00e1paly.","robots":{"index":"index","follow":"follow","max-snippet":"max-snippet:-1","max-image-preview":"max-image-preview:large","max-video-preview":"max-video-preview:-1"},"canonical":"https:\/\/arak.spicehorse.eu\/sk\/produkt\/incrediwear-equine-terapeuticke-ponozky-na-podporu-krvneho-obehu-black\/","og_locale":"sk_SK","og_type":"article","og_title":"Incrediwear Equine terapeutick\u00e9 pono\u017eky na podporu krvn\u00e9ho obehu BLACK - Spicehorse","og_description":"spicehorse.eu | Incrediwear Equine terapeutick\u00e9 pono\u017eky na podporu krvn\u00e9ho obehu pom\u00e1haj\u00fa skracova\u0165 \u010das regener\u00e1cie, zvy\u0161uj\u00fa v\u00fdkon, podporuj\u00fa krvn\u00fd obeh a\u00a0zni\u017euj\u00fa z\u00e1paly.","og_url":"https:\/\/arak.spicehorse.eu\/sk\/produkt\/incrediwear-equine-terapeuticke-ponozky-na-podporu-krvneho-obehu-black\/","og_site_name":"Spicehorse","article_publisher":"https:\/\/www.facebook.com\/SPICEHORSE-550385625402457\/","article_modified_time":"2025-05-29T11:27:48+00:00","og_image":[{"width":1400,"height":1400,"url":"https:\/\/arak.spicehorse.eu\/wp-content\/uploads\/2025\/03\/blacksocks-greypng.webp","type":"image\/webp"}],"twitter_card":"summary_large_image","twitter_misc":{"Predpokladan\u00fd \u010das \u010d\u00edtania":"1 min\u00fata"},"schema":{"@context":"https:\/\/schema.org","@graph":[{"@type":"WebPage","@id":"https:\/\/arak.spicehorse.eu\/sk\/produkt\/incrediwear-equine-terapeuticke-ponozky-na-podporu-krvneho-obehu-black\/","url":"https:\/\/arak.spicehorse.eu\/sk\/produkt\/incrediwear-equine-terapeuticke-ponozky-na-podporu-krvneho-obehu-black\/","name":"Incrediwear Equine terapeutick\u00e9 pono\u017eky na podporu krvn\u00e9ho obehu BLACK - Spicehorse","isPartOf":{"@id":"https:\/\/arak.spicehorse.eu\/en\/#website"},"datePublished":"2025-03-09T09:50:12+00:00","dateModified":"2025-05-29T11:27:48+00:00","description":"spicehorse.eu | Incrediwear Equine terapeutick\u00e9 pono\u017eky na podporu krvn\u00e9ho obehu pom\u00e1haj\u00fa skracova\u0165 \u010das regener\u00e1cie, zvy\u0161uj\u00fa v\u00fdkon, podporuj\u00fa krvn\u00fd obeh a\u00a0zni\u017euj\u00fa z\u00e1paly.","breadcrumb":{"@id":"https:\/\/arak.spicehorse.eu\/sk\/produkt\/incrediwear-equine-terapeuticke-ponozky-na-podporu-krvneho-obehu-black\/#breadcrumb"},"inLanguage":"sk-SK","potentialAction":[{"@type":"ReadAction","target":["https:\/\/arak.spicehorse.eu\/sk\/produkt\/incrediwear-equine-terapeuticke-ponozky-na-podporu-krvneho-obehu-black\/"]}]},{"@type":"BreadcrumbList","@id":"https:\/\/arak.spicehorse.eu\/sk\/produkt\/incrediwear-equine-terapeuticke-ponozky-na-podporu-krvneho-obehu-black\/#breadcrumb","itemListElement":[{"@type":"ListItem","position":1,"name":"Home","item":"https:\/\/arak.spicehorse.eu\/sk\/"},{"@type":"ListItem","position":2,"name":"Predaj\u0148a","item":"https:\/\/arak.spicehorse.eu\/sk\/predajna\/"},{"@type":"ListItem","position":3,"name":"Incrediwear Equine terapeutick\u00e9 pono\u017eky na podporu krvn\u00e9ho obehu BLACK"}]},{"@type":"WebSite","@id":"https:\/\/arak.spicehorse.eu\/en\/#website","url":"https:\/\/arak.spicehorse.eu\/en\/","name":"Spicehorse","description":"UNDER DEVELOPMENT -","potentialAction":[{"@type":"SearchAction","target":{"@type":"EntryPoint","urlTemplate":"https:\/\/arak.spicehorse.eu\/en\/?s={search_term_string}"},"query-input":"required name=search_term_string"}],"inLanguage":"sk-SK"}]}},"_links":{"self":[{"href":"https:\/\/arak.spicehorse.eu\/sk\/wp-json\/wp\/v2\/product\/192285"}],"collection":[{"href":"https:\/\/arak.spicehorse.eu\/sk\/wp-json\/wp\/v2\/product"}],"about":[{"href":"https:\/\/arak.spicehorse.eu\/sk\/wp-json\/wp\/v2\/types\/product"}],"wp:featuredmedia":[{"embeddable":true,"href":"https:\/\/arak.spicehorse.eu\/sk\/wp-json\/wp\/v2\/media\/192288"}],"wp:attachment":[{"href":"https:\/\/arak.spicehorse.eu\/sk\/wp-json\/wp\/v2\/media?parent=192285"}],"wp:term":[{"taxonomy":"product_cat","embeddable":true,"href":"https:\/\/arak.spicehorse.eu\/sk\/wp-json\/wp\/v2\/product_cat?post=192285"},{"taxonomy":"product_tag","embeddable":true,"href":"https:\/\/arak.spicehorse.eu\/sk\/wp-json\/wp\/v2\/product_tag?post=192285"}],"curies":[{"name":"wp","href":"https:\/\/api.w.org\/{rel}","templated":true}]}}