{"id":192360,"date":"2025-03-09T15:15:18","date_gmt":"2025-03-09T14:15:31","guid":{"rendered":"https:\/\/arak.spicehorse.eu\/?post_type=product&#038;p=192360"},"modified":"2025-08-14T19:13:50","modified_gmt":"2025-08-14T17:13:50","slug":"incrediwear-equine-bandaze-na-podporu-krvneho-obehu-black","status":"publish","type":"product","link":"https:\/\/arak.spicehorse.eu\/sk\/produkt\/incrediwear-equine-bandaze-na-podporu-krvneho-obehu-black\/","title":{"rendered":"Incrediwear Equine band\u00e1\u017ee na podporu krvn\u00e9ho obehu BLACK"},"content":{"rendered":"<p style=\"font-weight: 400;\">Incrediwear Equine band\u00e1\u017ee na podporu krvn\u00e9ho obehu v\u010faka svojim v\u00fdnimo\u010dn\u00fdm vlastnostiam podporuj\u00fa a\u00a0chr\u00e1nia nohy ko\u0148a po\u010das tr\u00e9ningov a\u00a0pom\u00e1haj\u00fa predch\u00e1dza\u0165 poraneniam. Zlep\u0161uj\u00fa krvn\u00fd obeh, a t\u00fdm p\u00e1dom aj pr\u00fadenie kysl\u00edka do kon\u010dat\u00edn, zni\u017euju riziko vzniku \u00farazov a\u00a0poskytuj\u00fa potrebn\u00fa ochranu po\u010das intenz\u00edvnych tr\u00e9ningov a\u00a0s\u00fa\u0165a\u017e\u00ed. Zni\u017euj\u00fa z\u00e1paly a\u00a0zabezpe\u010duj\u00fa optim\u00e1lnu teplotu pre nohy ko\u0148a, v\u010faka \u010domu zabezpe\u010duj\u00fa maxim\u00e1lny v\u00fdkon a\u00a0zni\u017euj\u00fa dobu regener\u00e1cie. Incrediwear Equine band\u00e1\u017ee na podporu krvn\u00e9ho obehu s\u00fa z\u00e1kladnou v\u00fdbavou, aby V\u00e1\u0161 k\u00f4\u0148 zostal zdrav\u00fd a\u00a0pod\u00e1val maxim\u00e1lny v\u00fdkon.<\/p>\n<p style=\"font-weight: 400;\"><strong>Set obsahuje 2 kusy band\u00e1\u017e\u00ed<\/strong><\/p>\n<p style=\"font-weight: 400;\">Norm\u00e1lna ve\u013ekos\u0165: 12,5 cm x 275 cm \/ 5\u2033 x 108\u2033<\/p>\n<p style=\"font-weight: 400;\">Ve\u013ekos\u0165 pon\u00edk: 9 cm x 185 cm \/ 3,5\u2033 x 73\u2033<\/p>\n<p style=\"font-weight: 400;\">Incrediwear Equine na podporu krvn\u00e9ho obehu dokonale dosadaj\u00fa na nohy ko\u0148a, ur\u00fdch\u013euj\u00fa regener\u00e1ciu a\u00a0zlep\u0161uj\u00fa v\u00fdkon. Upev\u0148uj\u00fa sa pomocou pevn\u00fdch such\u00fdch zipsov.<\/p>\n<p style=\"font-weight: 400;\"><strong>Pou\u017eitie:<\/strong><\/p>\n<ul style=\"font-weight: 400;\">\n<li>Pri jazden\u00ed<\/li>\n<li>Pri lie\u010dbe poranen\u00ed<\/li>\n<li>Na chladenie n\u00f4h (navlh\u010den\u00e9)<\/li>\n<\/ul>\n<p style=\"font-weight: 400;\"><strong>V\u00fdhody:<\/strong><\/p>\n<ul style=\"font-weight: 400;\">\n<li>Zni\u017euj\u00fa opuchy a z\u00e1paly<\/li>\n<li>Zni\u017euj\u00fa bolesti svalov a \u00fanavu<\/li>\n<li>Stimuluj\u00fa krvn\u00fd obeh<\/li>\n<li>Aktivuj\u00fa iz\u00e1lja a\u00a0lymfatick\u00fd obeh<\/li>\n<li>Ur\u00fdch\u013euj\u00fa dobu regener\u00e1cie<\/li>\n<li>Chladiv\u00fd \u00fa\u010dinok<\/li>\n<\/ul>\n<p style=\"font-weight: 400;\"><strong>Ke\u010f\u017ee band\u00e1\u017ee nemaj\u00fa kompresn\u00fd \u00fa\u010dinok, m\u00f4\u017eu sa necha\u0165 na ko\u0148ovi aj dlh\u0161iu dobu.<\/strong><\/p>\n<p style=\"font-weight: 400;\"><strong>Chladov\u00e1 terapia<\/strong>\u00a0\u2013Incrediwear Equine terapeutick\u00e9 band\u00e1\u017ee na podporu krvn\u00e9ho obehu jednoducho navlh\u010dite pre dosiahnutie okam\u017eit\u00e9ho chladiv\u00e9ho \u00fa\u010dinku. Chladov\u00e1 terapia je \u00fa\u010dinn\u00e1 45-60 min\u00fat. (Potom pono\u017eky odstr\u00e1\u0148te, aby ste predi\u0161li ohrievaniu). Zni\u017euj\u00fa ohrievanie a\u00a0opuchy. V\u00a0z\u00e1ujme dosiahnutia zv\u00fd\u0161en\u00e9ho \u00fa\u010dinku dajte pono\u017eky na 2 min\u00faty do hor\u00facej vody, vy\u017em\u00fdkajte z\u00a0nich nadbyto\u010dn\u00fa vodu, po\u010dkajte 1 min\u00fatu, aby sa trochu ochladili a\u00a0potom ich umiestnite na nohu ko\u0148a.<\/p>\n<p style=\"font-weight: 400;\"><strong>Incrediwear Equine v\u00e9rkering\u00e9st serkent\u0151 f\u00e1sli tov\u00e1bbi alkalmaz\u00e1si m\u00f3djai:<\/strong><\/p>\n<p style=\"font-weight: 400;\"><strong>Tendinit\u00edda\/suspenzn\u00e1 desmit\u00edda<\/strong>\u2013 Obidva tieto stavy m\u00f4\u017eu zah\u0155\u0148a\u0165 z\u00e1pal, poranenie a\/alebo degener\u00e1ciu \u0161\u013eachy\/v\u00e4zu, zvy\u010dajne do ur\u010ditej miery postihuje matricu.\u00a0 Incrediwear Equine band\u00e1\u017ee na podporu krvn\u00e9ho obehu sa nosia aspo\u0148 hodinu pred r\u00e9ningom a uk\u00e1zali sa ako \u00fa\u010dinn\u00e9 pri zni\u017eovan\u00ed patologick\u00e9ho opuchu, ktor\u00fd m\u00f4\u017ee obmedzi\u0165 norm\u00e1lnu funkciu \u0161\u013eachy\/v\u00e4zu a m\u00f4\u017ee vies\u0165 k oslabeniu \u0161trukt\u00fary. Po\u010das ak\u00fatnych f\u00e1z (boles\u0165 pri prehmatan\u00ed postihnutej oblasti) je v\u00fdhodn\u00e9 nosi\u0165 Incrediwear Equine band\u00e1\u017ee na podporu krvn\u00e9ho obehu\u00a0 vlhk\u00e9 aspo\u0148 hodinu ako \u013eadov\u00e9 obv\u00e4zy. V chronick\u00fdch pr\u00edpadoch m\u00f4\u017ee by\u0165 prospe\u0161n\u00e9 jazdi\u0165 v such\u00fdch band\u00e1\u017each. Je v\u00fdhodn\u00e9 necha\u0165 ko\u0148a cvi\u010di\u0165 v\u00a0such\u00fdch band\u00e1\u017each. Incrediwear podlo\u017eky pod bad\u00e1\u017ee mo\u017eno v\u00a0stajni pou\u017e\u00edva\u0165 vo dne aj v\u00a0noci.<\/p>\n<p style=\"font-weight: 400;\"><strong>Desmit\u00edda spodn\u00e9ho kontroln\u00e9ho v\u00e4zu<\/strong> \u2013 ide o stav \u010dasto spojen\u00fd s bolestiv\u00fdm z\u00e1palom a mo\u017enou tvorbou zrastov medzi spodn\u00fdm kontroln\u00fdm v\u00e4zom (ICL) a bu\u010f povrchov\u00fdm digit\u00e1lnym flexorom (SDFT) alebo hlbok\u00fdm digit\u00e1lnym oh\u00fdba\u010dom (DDFT). \u00a0Incrediwear Equine band\u00e1\u017ee na podporu krvn\u00e9ho obehu\u00a0alebo podlo\u017eky pod band\u00e1\u017ee je mo\u017en\u00e9 nosi\u0165 vo dne aj v noci, aby zni\u017eovali zn\u00ed\u017eili z\u00e1pal a zabr\u00e1nili alebo lie\u010dili tvorbu zrastov, najm\u00e4 v\u00a0obdob\u00ed, ke\u010f sa k\u00f4\u0148 vracia k\u00a0tr\u00e9ningu.<\/p>\n<p style=\"font-weight: 400;\"><strong>Desmit\u00edda prstencov\u00e9ho v\u00e4zu\/vetern\u00e9 chvenie<\/strong>\u2013 tieto stavy zah\u0155\u0148aj\u00face oblas\u0165 p\u00e4ty zvy\u010dajne zah\u0155\u0148aj\u00fa z\u00e1pal a mo\u017en\u00e9 zrasty v pr\u00edpade prstencov\u00e9ho v\u00e4zu. Incrediwear Equine band\u00e1\u017ee na podporu krvn\u00e9ho obehu alebo podlo\u017eky pod band\u00e1\u017ee sa m\u00f4\u017eu nosi\u0165 nepretr\u017eite, aby zni\u017eovali z\u00e1paly a zabr\u00e1nili alebo lie\u010dili tvorbu zrastov, najm\u00e4 ke\u010f sa k\u00f4\u0148 vracia k tr\u00e9ningu.<\/p>\n<p style=\"font-weight: 400;\"><strong>Podlomen\u00e9 holene\/dlahy<\/strong> \u2013 Oba tieto stavy zah\u0155\u0148aj\u00fa z\u00e1pal kosti a\/alebo periostu. Incrediwear Equine band\u00e1\u017ee na podporu krvn\u00e9ho obehu alebo podlo\u017eky pod band\u00e1\u017ee sa m\u00f4\u017eu nosi\u0165 nepretr\u017eite, aby zni\u017eovali z\u00e1paly a zabr\u00e1nili alebo lie\u010dili tvorbu zrastov. Po\u010das ak\u00fatnych f\u00e1z (boles\u0165 pri prehmatan\u00ed postihnutej oblasti) je v\u00fdhodn\u00e9 nosi\u0165 Incrediwear Equine band\u00e1\u017ee na podporu krvn\u00e9ho obehu\u00a0 vlhk\u00e9 aspo\u0148 hodinu ako \u013eadov\u00e9 obv\u00e4zy.<\/p>\n<p style=\"font-weight: 400;\"><strong>Green Osselots<\/strong> \u2013 Toto je stav zah\u0155\u0148aj\u00faci generalizovan\u00fd z\u00e1pal p\u00e4tov\u00e9ho k\u013abu mlad\u00fdch pretek\u00e1rskych kon\u00ed, najm\u00e4 pri vlo\u017een\u00ed k\u013abov\u00e9ho puzdra do delovej kosti. Incrediwear Equine band\u00e1\u017ee na podporu krvn\u00e9ho obehu mo\u017eno nosi\u0165 mokr\u00e9 alebo such\u00e9, aby sa zmiernil z\u00e1pal v ak\u00fatnych f\u00e1zach.<\/p>\n<p style=\"font-weight: 400;\"><strong>Z\u00e1soby<\/strong><strong>\u00a0<\/strong>\u2013 ide o stav, ktor\u00fd naj\u010dastej\u0161ie postihuje lymfatick\u00fa dren\u00e1\u017e dist\u00e1lnej kon\u010datiny, \u010do vedie k nahromadeniu \u201ejamkov\u00e9ho ed\u00e9mu\u201c v podko\u017enom tkanive kon\u010datiny. Incrediwear Equine band\u00e1\u017ee na podporu krvn\u00e9ho obehu\u00a0 mo\u017eno nosi\u0165 nepretr\u017eite, alebo ich m\u00f4\u017eete aplikova\u0165 hodinu pred cvi\u010den\u00edm alebo ich nosi\u0165 po\u010das tr\u00e9ningov.<\/p>\n<p style=\"font-weight: 400;\"><strong><em>*<\/em><\/strong><strong> V zriedkav\u00fdch pr\u00edpadoch m\u00f4\u017ee by\u0165 k\u00f4\u0148 \u201eprestimulovan\u00fd\u201c zv\u00fd\u0161en\u00fdm prietokom krvi a za\u010da\u0165 hraba\u0165 alebo trha\u0165 band\u00e1\u017ee. V takom pr\u00edpade by sa mal produkt odstr\u00e1ni\u0165, aj ke\u010f sa m\u00f4\u017ee znova aplikova\u0165 nasleduj\u00faci de\u0148 alebo na krat\u0161iu dobu<\/strong><strong><em>.<\/em><\/strong><\/p>\n<p style=\"font-weight: 400;\"><strong>N\u00e1vod na pou\u017eitie:<\/strong><\/p>\n<ol>\n<li style=\"font-weight: 400;\">Band\u00e1\u017ee pou\u017e\u00edvajte pri jazden\u00ed.<\/li>\n<li style=\"font-weight: 400;\">Hne\u010f po pr\u00e1ci, tr\u00e9ningu, s\u00fa\u0165a\u017ei nasa\u010fte na nohy Incrediwear band\u00e1\u017ee a\u00a0navlh\u010dite ich. Chladiv\u00fd \u00fa\u010dinok trv\u00e1 45-60 min\u00fat.<\/li>\n<li style=\"font-weight: 400;\">Odstr\u00e1\u0148te Incrediwear Equine band\u00e1\u017ee na podporu krvn\u00e9ho obehu a\u00a0aplikujte Incrediwear podlo\u017eky pod band\u00e1\u017ee a\/alebo Incrediwear Equine pono\u017eky na podporu krvn\u00e9ho obehu. Pou\u017e\u00edvaj\u00fa sa na sucho, hoci aj nepretr\u017eite 24 hod\u00edn.<\/li>\n<\/ol>\n<p style=\"font-weight: 400;\">Incrediwear v\u00fdrobky s\u00fa vyr\u00e1ban\u00e9 z novej \u201eatletick\u00e1\u201c l\u00e1tka, ktor\u00fa u\u017e 15 rokov vyu\u017e\u00edvaj\u00fa \u0161portovci. Incrediwear je vl\u00e1kno s obsahom germ\u00e1nia\/uhl\u00edka, ktor\u00e9 sa aktivuje pri vystaven\u00ed telesn\u00e9mu teplu, pri\u010dom sa uvo\u013e\u0148uj\u00fa negat\u00edvne i\u00f3ny a sp\u00fa\u0161\u0165aj\u00fa mechanick\u00e9 zv\u00fd\u0161enie prietoku krvi do danej oblasti v kombin\u00e1cii so zv\u00fd\u0161enou lymfatickou dren\u00e1\u017eou. Toto zabezpe\u010duje mimoriadny \u00fa\u010dinok tohto v\u00fdrobku. Incrediwear Equine vyu\u017eila t\u00fato koncepciu pri v\u00fdrobe nov\u00e9ho radu produktov. Pri pou\u017eit\u00ed za sucha sa stimuluje krvn\u00fd a lymfatick\u00fd obeh. Pri mokrej aplik\u00e1cii (najm\u00e4 s teplou\/ hor\u00facou vodou) doch\u00e1dza k endotermickej reakcii, v\u00fdsledkom ktorej je zn\u00ed\u017eenie povrchovej teploty, \u010do vyvol\u00e1va efekt \u201e\u013eadov\u00e9ho obv\u00e4zu\u201c. Implement\u00e1ciou t\u00fdchto v\u0161eobecn\u00fdch princ\u00edpov je mo\u017en\u00e9 produkt aplikova\u0165 nasucho pred cvi\u010den\u00edm, aby sa zv\u00fd\u0161il prietok krvi, a po cvi\u010den\u00ed za mokra na chladenie.<\/p>\n<p style=\"font-weight: 400;\"><strong>D\u00f4le\u017eit\u00e9!<\/strong>\u00a0V\u00fdrobky pou\u017e\u00edvajte pod\u013ea predpisov, odpor\u00fa\u010da sa konzult\u00e1cia s\u00a0veterin\u00e1rnym lek\u00e1rom. V\u00a0pr\u00edpade ak\u00fdchko\u013evek ot\u00e1zok sme V\u00e1m plne k\u00a0dispoz\u00edcii!<\/p>\n<p style=\"font-weight: 400;\">N\u00e1vod na pranie: Odpor\u00fa\u010da sa pou\u017e\u00edvanie vrecka na pranie. Mo\u017eno pra\u0165 maxim\u00e1lne na 40\u00b0C. Nevkladajte do su\u0161i\u010dky. Nepou\u017e\u00edvajte aviv\u00e1\u017e. Ne\u017eehlite.<\/p>\n","protected":false},"excerpt":{"rendered":"<p>Incrediwear Equine band\u00e1\u017ee na podporu krvn\u00e9ho obehu v\u010faka svojim v\u00fdnimo\u010dn\u00fdm vlastnostiam podporuj\u00fa a\u00a0chr\u00e1nia nohy ko\u0148a po\u010das tr\u00e9ningov a\u00a0pom\u00e1haj\u00fa predch\u00e1dza\u0165 poraneniam. Zlep\u0161uj\u00fa krvn\u00fd obeh, a t\u00fdm p\u00e1dom aj pr\u00fadenie kysl\u00edka do kon\u010dat\u00edn, zni\u017euju riziko vzniku \u00farazov a\u00a0poskytuj\u00fa potrebn\u00fa ochranu po\u010das intenz\u00edvnych tr\u00e9ningov a\u00a0s\u00fa\u0165a\u017e\u00ed. Zni\u017euj\u00fa z\u00e1paly a\u00a0zabezpe\u010duj\u00fa optim\u00e1lnu teplotu pre nohy ko\u0148a, v\u010faka \u010domu zabezpe\u010duj\u00fa maxim\u00e1lny v\u00fdkon [&hellip;]<\/p>\n","protected":false},"featured_media":192365,"template":"","meta":{"_acf_changed":false},"product_cat":[75,102,118],"product_tag":[3187,444],"acf":[],"yoast_head":"<!-- This site is optimized with the Yoast SEO plugin v21.4 - https:\/\/yoast.com\/wordpress\/plugins\/seo\/ -->\n<title>Incrediwear Equine band\u00e1\u017ee na podporu krvn\u00e9ho obehu BLACK - Spicehorse<\/title>\n<meta name=\"description\" content=\"spicehorse.eu | Incrediwear Equine band\u00e1\u017ee na podporu krvn\u00e9ho obehu v\u010faka svojim v\u00fdnimo\u010dn\u00fdm vlastnostiam podporuj\u00fa a\u00a0chr\u00e1nia nohy ko\u0148a po\u010das tr\u00e9ningov a\u00a0pom\u00e1haj\u00fa predch\u00e1dza\u0165 poraneniam.\" \/>\n<meta name=\"robots\" content=\"index, follow, max-snippet:-1, max-image-preview:large, max-video-preview:-1\" \/>\n<link rel=\"canonical\" href=\"https:\/\/arak.spicehorse.eu\/termek\/incrediwear-equine-verkeringest-serkento-fasli-black\/\" \/>\n<meta property=\"og:locale\" content=\"sk_SK\" \/>\n<meta property=\"og:type\" content=\"article\" \/>\n<meta property=\"og:title\" content=\"Incrediwear Equine band\u00e1\u017ee na podporu krvn\u00e9ho obehu BLACK - Spicehorse\" \/>\n<meta property=\"og:description\" content=\"spicehorse.eu | Incrediwear Equine band\u00e1\u017ee na podporu krvn\u00e9ho obehu v\u010faka svojim v\u00fdnimo\u010dn\u00fdm vlastnostiam podporuj\u00fa a\u00a0chr\u00e1nia nohy ko\u0148a po\u010das tr\u00e9ningov a\u00a0pom\u00e1haj\u00fa predch\u00e1dza\u0165 poraneniam.\" \/>\n<meta property=\"og:url\" content=\"https:\/\/arak.spicehorse.eu\/termek\/incrediwear-equine-verkeringest-serkento-fasli-black\/\" \/>\n<meta property=\"og:site_name\" content=\"Spicehorse\" \/>\n<meta property=\"article:publisher\" content=\"https:\/\/www.facebook.com\/SPICEHORSE-550385625402457\/\" \/>\n<meta property=\"article:modified_time\" content=\"2025-08-14T17:13:50+00:00\" \/>\n<meta property=\"og:image\" content=\"https:\/\/arak.spicehorse.eu\/wp-content\/uploads\/2025\/03\/blackbandgesweb-png.webp\" \/>\n\t<meta property=\"og:image:width\" content=\"1400\" \/>\n\t<meta property=\"og:image:height\" content=\"1400\" \/>\n\t<meta property=\"og:image:type\" content=\"image\/webp\" \/>\n<meta name=\"twitter:card\" content=\"summary_large_image\" \/>\n<meta name=\"twitter:label1\" content=\"Predpokladan\u00fd \u010das \u010d\u00edtania\" \/>\n\t<meta name=\"twitter:data1\" content=\"1 min\u00fata\" \/>\n<script type=\"application\/ld+json\" class=\"yoast-schema-graph\">{\"@context\":\"https:\/\/schema.org\",\"@graph\":[{\"@type\":\"WebPage\",\"@id\":\"https:\/\/arak.spicehorse.eu\/termek\/incrediwear-equine-verkeringest-serkento-fasli-black\/\",\"url\":\"https:\/\/arak.spicehorse.eu\/termek\/incrediwear-equine-verkeringest-serkento-fasli-black\/\",\"name\":\"Incrediwear Equine band\u00e1\u017ee na podporu krvn\u00e9ho obehu BLACK - Spicehorse\",\"isPartOf\":{\"@id\":\"https:\/\/arak.spicehorse.eu\/en\/#website\"},\"datePublished\":\"2025-03-09T14:15:31+00:00\",\"dateModified\":\"2025-08-14T17:13:50+00:00\",\"description\":\"spicehorse.eu | Incrediwear Equine band\u00e1\u017ee na podporu krvn\u00e9ho obehu v\u010faka svojim v\u00fdnimo\u010dn\u00fdm vlastnostiam podporuj\u00fa a\u00a0chr\u00e1nia nohy ko\u0148a po\u010das tr\u00e9ningov a\u00a0pom\u00e1haj\u00fa predch\u00e1dza\u0165 poraneniam.\",\"breadcrumb\":{\"@id\":\"https:\/\/arak.spicehorse.eu\/termek\/incrediwear-equine-verkeringest-serkento-fasli-black\/#breadcrumb\"},\"inLanguage\":\"sk-SK\",\"potentialAction\":[{\"@type\":\"ReadAction\",\"target\":[\"https:\/\/arak.spicehorse.eu\/termek\/incrediwear-equine-verkeringest-serkento-fasli-black\/\"]}]},{\"@type\":\"BreadcrumbList\",\"@id\":\"https:\/\/arak.spicehorse.eu\/termek\/incrediwear-equine-verkeringest-serkento-fasli-black\/#breadcrumb\",\"itemListElement\":[{\"@type\":\"ListItem\",\"position\":1,\"name\":\"Home\",\"item\":\"https:\/\/arak.spicehorse.eu\/sk\/\"},{\"@type\":\"ListItem\",\"position\":2,\"name\":\"Predaj\u0148a\",\"item\":\"https:\/\/arak.spicehorse.eu\/sk\/predajna\/\"},{\"@type\":\"ListItem\",\"position\":3,\"name\":\"Incrediwear Equine band\u00e1\u017ee na podporu krvn\u00e9ho obehu BLACK\"}]},{\"@type\":\"WebSite\",\"@id\":\"https:\/\/arak.spicehorse.eu\/en\/#website\",\"url\":\"https:\/\/arak.spicehorse.eu\/en\/\",\"name\":\"Spicehorse\",\"description\":\"UNDER DEVELOPMENT -\",\"potentialAction\":[{\"@type\":\"SearchAction\",\"target\":{\"@type\":\"EntryPoint\",\"urlTemplate\":\"https:\/\/arak.spicehorse.eu\/en\/?s={search_term_string}\"},\"query-input\":\"required name=search_term_string\"}],\"inLanguage\":\"sk-SK\"}]}<\/script>\n<!-- \/ Yoast SEO plugin. -->","yoast_head_json":{"title":"Incrediwear Equine band\u00e1\u017ee na podporu krvn\u00e9ho obehu BLACK - Spicehorse","description":"spicehorse.eu | Incrediwear Equine band\u00e1\u017ee na podporu krvn\u00e9ho obehu v\u010faka svojim v\u00fdnimo\u010dn\u00fdm vlastnostiam podporuj\u00fa a\u00a0chr\u00e1nia nohy ko\u0148a po\u010das tr\u00e9ningov a\u00a0pom\u00e1haj\u00fa predch\u00e1dza\u0165 poraneniam.","robots":{"index":"index","follow":"follow","max-snippet":"max-snippet:-1","max-image-preview":"max-image-preview:large","max-video-preview":"max-video-preview:-1"},"canonical":"https:\/\/arak.spicehorse.eu\/termek\/incrediwear-equine-verkeringest-serkento-fasli-black\/","og_locale":"sk_SK","og_type":"article","og_title":"Incrediwear Equine band\u00e1\u017ee na podporu krvn\u00e9ho obehu BLACK - Spicehorse","og_description":"spicehorse.eu | Incrediwear Equine band\u00e1\u017ee na podporu krvn\u00e9ho obehu v\u010faka svojim v\u00fdnimo\u010dn\u00fdm vlastnostiam podporuj\u00fa a\u00a0chr\u00e1nia nohy ko\u0148a po\u010das tr\u00e9ningov a\u00a0pom\u00e1haj\u00fa predch\u00e1dza\u0165 poraneniam.","og_url":"https:\/\/arak.spicehorse.eu\/termek\/incrediwear-equine-verkeringest-serkento-fasli-black\/","og_site_name":"Spicehorse","article_publisher":"https:\/\/www.facebook.com\/SPICEHORSE-550385625402457\/","article_modified_time":"2025-08-14T17:13:50+00:00","og_image":[{"width":1400,"height":1400,"url":"https:\/\/arak.spicehorse.eu\/wp-content\/uploads\/2025\/03\/blackbandgesweb-png.webp","type":"image\/webp"}],"twitter_card":"summary_large_image","twitter_misc":{"Predpokladan\u00fd \u010das \u010d\u00edtania":"1 min\u00fata"},"schema":{"@context":"https:\/\/schema.org","@graph":[{"@type":"WebPage","@id":"https:\/\/arak.spicehorse.eu\/termek\/incrediwear-equine-verkeringest-serkento-fasli-black\/","url":"https:\/\/arak.spicehorse.eu\/termek\/incrediwear-equine-verkeringest-serkento-fasli-black\/","name":"Incrediwear Equine band\u00e1\u017ee na podporu krvn\u00e9ho obehu BLACK - Spicehorse","isPartOf":{"@id":"https:\/\/arak.spicehorse.eu\/en\/#website"},"datePublished":"2025-03-09T14:15:31+00:00","dateModified":"2025-08-14T17:13:50+00:00","description":"spicehorse.eu | Incrediwear Equine band\u00e1\u017ee na podporu krvn\u00e9ho obehu v\u010faka svojim v\u00fdnimo\u010dn\u00fdm vlastnostiam podporuj\u00fa a\u00a0chr\u00e1nia nohy ko\u0148a po\u010das tr\u00e9ningov a\u00a0pom\u00e1haj\u00fa predch\u00e1dza\u0165 poraneniam.","breadcrumb":{"@id":"https:\/\/arak.spicehorse.eu\/termek\/incrediwear-equine-verkeringest-serkento-fasli-black\/#breadcrumb"},"inLanguage":"sk-SK","potentialAction":[{"@type":"ReadAction","target":["https:\/\/arak.spicehorse.eu\/termek\/incrediwear-equine-verkeringest-serkento-fasli-black\/"]}]},{"@type":"BreadcrumbList","@id":"https:\/\/arak.spicehorse.eu\/termek\/incrediwear-equine-verkeringest-serkento-fasli-black\/#breadcrumb","itemListElement":[{"@type":"ListItem","position":1,"name":"Home","item":"https:\/\/arak.spicehorse.eu\/sk\/"},{"@type":"ListItem","position":2,"name":"Predaj\u0148a","item":"https:\/\/arak.spicehorse.eu\/sk\/predajna\/"},{"@type":"ListItem","position":3,"name":"Incrediwear Equine band\u00e1\u017ee na podporu krvn\u00e9ho obehu BLACK"}]},{"@type":"WebSite","@id":"https:\/\/arak.spicehorse.eu\/en\/#website","url":"https:\/\/arak.spicehorse.eu\/en\/","name":"Spicehorse","description":"UNDER DEVELOPMENT -","potentialAction":[{"@type":"SearchAction","target":{"@type":"EntryPoint","urlTemplate":"https:\/\/arak.spicehorse.eu\/en\/?s={search_term_string}"},"query-input":"required name=search_term_string"}],"inLanguage":"sk-SK"}]}},"_links":{"self":[{"href":"https:\/\/arak.spicehorse.eu\/sk\/wp-json\/wp\/v2\/product\/192360"}],"collection":[{"href":"https:\/\/arak.spicehorse.eu\/sk\/wp-json\/wp\/v2\/product"}],"about":[{"href":"https:\/\/arak.spicehorse.eu\/sk\/wp-json\/wp\/v2\/types\/product"}],"wp:featuredmedia":[{"embeddable":true,"href":"https:\/\/arak.spicehorse.eu\/sk\/wp-json\/wp\/v2\/media\/192365"}],"wp:attachment":[{"href":"https:\/\/arak.spicehorse.eu\/sk\/wp-json\/wp\/v2\/media?parent=192360"}],"wp:term":[{"taxonomy":"product_cat","embeddable":true,"href":"https:\/\/arak.spicehorse.eu\/sk\/wp-json\/wp\/v2\/product_cat?post=192360"},{"taxonomy":"product_tag","embeddable":true,"href":"https:\/\/arak.spicehorse.eu\/sk\/wp-json\/wp\/v2\/product_tag?post=192360"}],"curies":[{"name":"wp","href":"https:\/\/api.w.org\/{rel}","templated":true}]}}