{"id":192525,"date":"2025-03-14T19:48:24","date_gmt":"2025-03-14T18:48:57","guid":{"rendered":"https:\/\/arak.spicehorse.eu\/?post_type=product&#038;p=192525"},"modified":"2025-08-14T19:13:04","modified_gmt":"2025-08-14T17:13:04","slug":"incrediwear-equine-podlozky-pod-bandaze-na-podporu-krvneho-obehu-black","status":"publish","type":"product","link":"https:\/\/arak.spicehorse.eu\/sk\/produkt\/incrediwear-equine-podlozky-pod-bandaze-na-podporu-krvneho-obehu-black\/","title":{"rendered":"Incrediwear Equine podlo\u017eky pod band\u00e1\u017ee na podporu krvn\u00e9ho obehu  BLACK"},"content":{"rendered":"<p style=\"font-weight: 400;\">Incrediwear Equine podlo\u017eky pod band\u00e1\u017ee na podporu krvn\u00e9ho obehu v\u010faka svojim v\u00fdnimo\u010dn\u00fdm vlastnostiam podporuj\u00fa a\u00a0chr\u00e1nia nohy ko\u0148a po\u010das tr\u00e9ningov a\u00a0pom\u00e1haj\u00fa predch\u00e1dza\u0165 poraneniam. Minimalizuj\u00fa riziko vzniku \u00farazov, zni\u017euj\u00fa z\u00e1paly a zabezpe\u010duj\u00fa optim\u00e1lnu teplotu pre nohy ko\u0148a, v\u010faka \u010domu zabezpe\u010duj\u00fa maxim\u00e1lny v\u00fdkon a\u00a0zni\u017euj\u00fa dobu regener\u00e1cie. S\u00fa ide\u00e1lnou vo\u013ebou po tr\u00e9ningu v stajni, v boxe v \u010dase odpo\u010dinku, po\u010das rehabilit\u00e1cie aj po\u010das transportu. Incrediwear Equine podlo\u017eky pod band\u00e1\u017ee na podporu krvn\u00e9ho obehu s\u00fa z\u00e1kladnou v\u00fdbavou, aby V\u00e1\u0161 k\u00f4\u0148 zostal zdrav\u00fd a\u00a0pod\u00e1val maxim\u00e1lny v\u00fdkon.<\/p>\n<p style=\"font-weight: 400;\"><strong>Set obsahuje <\/strong><strong>2 <\/strong><strong>kusy podlo\u017eiek<\/strong><\/p>\n<p style=\"font-weight: 400;\"><strong>Ke\u010f\u017ee podlo\u017eky pod band\u00e1\u017ee nemaj\u00fa kompresn\u00fd \u00fa\u010dinok, m\u00f4\u017eu by\u0165 nasaden\u00e9 na ko\u0148ovi aj dlh\u0161iu dobu. <\/strong><\/p>\n<p style=\"font-weight: 400;\">Incrediwear Equine podlo\u017eky pod band\u00e1\u017ee na podporu krvn\u00e9ho obehu dokonale dosadaj\u00fana nohy ko\u0148a, predch\u00e1dzaj\u00fa poraneniam, ur\u00fdch\u013euj\u00fa regener\u00e1ciu a zlep\u0161uj\u00fa v\u00fdkon. Upev\u0148uj\u00fa sa pomocou pevn\u00fdch such\u00fdch zipsov.<\/p>\n<p style=\"font-weight: 400;\"><strong>Pou\u017eitie<\/strong><strong>:<\/strong><\/p>\n<ul style=\"font-weight: 400;\">\n<li>V boxe po jazden\u00ed<\/li>\n<li>Pri transporte<\/li>\n<li>Pri lie\u010dbe poranen\u00ed<\/li>\n<\/ul>\n<p style=\"font-weight: 400;\"><strong>V\u00fdhody:<\/strong><\/p>\n<ul style=\"font-weight: 400;\">\n<li>Zni\u017euj\u00fa opuchy a z\u00e1paly<\/li>\n<li>Zni\u017euj\u00fa bolesti svalov a \u00fanavu<\/li>\n<li>Stimuluj\u00fa krvn\u00fd obeh<\/li>\n<li>Aktivuj\u00fa iz\u00e1lja a\u00a0lymfatick\u00fd obeh<\/li>\n<li>Ur\u00fdch\u013euj\u00fa dobu regener\u00e1cie<\/li>\n<li>Chladiv\u00fd \u00fa\u010dinok<\/li>\n<\/ul>\n<p style=\"font-weight: 400;\"><strong>Ve\u013ekosti<\/strong><strong> (<\/strong><strong>v\u00fd\u0161ka)<\/strong><strong>:<\/strong><\/p>\n<ul style=\"font-weight: 400;\">\n<li>S \/ 12-inch \/ 31 cm<\/li>\n<li>M \/ 14-inch \/ 35 cm<\/li>\n<li>L \/ 16-inch \/ 41 cm<\/li>\n<li>XL \/ 18-inch \/ 46 cm<\/li>\n<\/ul>\n<p style=\"font-weight: 400;\"><strong>Oblasti vyu\u017eitia<\/strong><strong>:<\/strong><\/p>\n<ol style=\"font-weight: 400;\">\n<li><strong>Z\u00e1soby<\/strong><strong>:<\/strong>\u00a0pom\u00e1ha odv\u00e1dza\u0165 lymfu a zni\u017euje ed\u00e9my.<\/li>\n<li><strong>Tendinit\u00edda\/suspenzn\u00e1 desmit\u00edda<\/strong><strong>:<\/strong>\u00a0Pou\u017e\u00edvajte pred tr\u00e9ningom na zn\u00ed\u017eenie opuchov.<\/li>\n<li><strong>Desmit\u00edda spodn\u00e9ho kontroln\u00e9ho v\u00e4zu<\/strong><strong>:<\/strong>\u00a0Mo\u017eno nosi\u0165 nepretr\u017eite pre zn\u00ed\u017eenie z\u00e1palov.<\/li>\n<li><strong>Desmit\u00edda prstencov\u00e9ho v\u00e4zu\/vetern\u00e9 chvenie<\/strong><strong>:<\/strong>\u00a0Zni\u017euje z\u00e1paly a predch\u00e1dza zrastom.<\/li>\n<li><strong>Podlomen\u00e9 holene\/dlahy<\/strong><strong>:<\/strong>\u00a0Zni\u017euje z\u00e1paly a stimuluje transform\u00e1ciu kost\u00ed.<\/li>\n<li><strong>Green<\/strong><strong> osselots:<\/strong>\u00a0Zni\u017euje z\u00e1paly p\u00e4tov\u00e9ho k\u013abu.<\/li>\n<\/ol>\n<p style=\"font-weight: 400;\"><strong>D\u00f4le\u017eit\u00e9!<\/strong>\u00a0V\u00fdrobky pou\u017e\u00edvajte pod\u013ea predpisov, odpor\u00fa\u010da sa konzult\u00e1cia s\u00a0veterin\u00e1rnym lek\u00e1rom. V\u00a0pr\u00edpade ak\u00fdchko\u013evek ot\u00e1zok sme V\u00e1m plne k\u00a0dispoz\u00edcii!<\/p>\n<p style=\"font-weight: 400;\">Incrediwear v\u00fdrobky s\u00fa vyr\u00e1ban\u00e9 z novej \u201eatletick\u00e1\u201c l\u00e1tka, ktor\u00fa u\u017e 15 rokov vyu\u017e\u00edvaj\u00fa \u0161portovci. Incrediwear je vl\u00e1kno s obsahom germ\u00e1nia\/uhl\u00edka, ktor\u00e9 sa aktivuje pri vystaven\u00ed telesn\u00e9mu teplu, pri\u010dom sa uvo\u013e\u0148uj\u00fa negat\u00edvne i\u00f3ny a sp\u00fa\u0161\u0165aj\u00fa mechanick\u00e9 zv\u00fd\u0161enie prietoku krvi do danej oblasti v kombin\u00e1cii so zv\u00fd\u0161enou lymfatickou dren\u00e1\u017eou. Toto zabezpe\u010duje mimoriadny \u00fa\u010dinok tohto v\u00fdrobku. Incrediwear Equine vyu\u017eila t\u00fato koncepciu pri v\u00fdrobe nov\u00e9ho radu produktov. Pri pou\u017eit\u00ed za sucha sa stimuluje krvn\u00fd a lymfatick\u00fd obeh.<\/p>\n<p style=\"font-weight: 400;\"><strong>Zlo\u017eenie<\/strong><strong>:<\/strong><\/p>\n<p style=\"font-weight: 400;\">Bo\u010dn\u00e1 \u010das\u0165 Incrediwear Equine staj\u0148ov\u00fdch podlo\u017eiek pod band\u00e1\u017ee na podporu krvn\u00e9ho obehu v \u010diernom vydan\u00ed je vyroben\u00e1 z odolnej bavlny, odpudzuje hobliny, slamu a prach, akt\u00edvna strana obsahuje uhl\u00edkov\u00e9 vl\u00e1kna s germ\u00e1niom, ktor\u00e9 pom\u00e1haj\u00fa udr\u017eiav\u0165 nohy ko\u0148a vo vynikaj\u00facom stave.<\/p>\n<ul style=\"font-weight: 400;\">\n<li>48% Polyester (uhl\u00edkov\u00e9 vl\u00e1kna s germ\u00e1niom)<\/li>\n<li>32% Pena<\/li>\n<li>10% Guma<\/li>\n<li>5% Bavlna<\/li>\n<li>3% Nylon<\/li>\n<li>2% \u0160pandex<\/li>\n<\/ul>\n<p style=\"font-weight: 400;\"><strong>Pranie<\/strong><strong>:<\/strong><\/p>\n<ul style=\"font-weight: 400;\">\n<li>Odpor\u00fa\u010da sa pou\u017e\u00edva\u0165 vreck\u00e1 na pranie.<\/li>\n<li>Mo\u017eno pra\u0165 maxim\u00e1lne v 40\u00b0vode.<\/li>\n<li>Mo\u017eno vlo\u017ei\u0165 do su\u0161i\u010dky pri n\u00edzkych teplot\u00e1ch.<\/li>\n<li>Su\u0161te vodorovne zavesen\u00e9.<\/li>\n<li>Nepou\u017e\u00edajte aviv\u00e1\u017e.<\/li>\n<li>Ne\u017eehlite.<\/li>\n<\/ul>\n<p style=\"font-weight: 400;\"><em>*<\/em><strong><em>V zriedkav\u00fdch pr\u00edpadoch m\u00f4\u017ee by\u0165 k\u00f4\u0148 \u201eprestimulovan\u00fd\u201c zv\u00fd\u0161en\u00fdm prietokom krvi a za\u010da\u0165 hraba\u0165 alebo trha\u0165 band\u00e1\u017ee. V takom pr\u00edpade by sa mal produkt odstr\u00e1ni\u0165, aj ke\u010f sa m\u00f4\u017ee znova aplikova\u0165 nasleduj\u00faci de\u0148 alebo na krat\u0161iu dobu<\/em><\/strong><strong><em>.<\/em><\/strong><\/p>\n","protected":false},"excerpt":{"rendered":"<p>Incrediwear Equine podlo\u017eky pod band\u00e1\u017ee na podporu krvn\u00e9ho obehu v\u010faka svojim v\u00fdnimo\u010dn\u00fdm vlastnostiam podporuj\u00fa a\u00a0chr\u00e1nia nohy ko\u0148a po\u010das tr\u00e9ningov a\u00a0pom\u00e1haj\u00fa predch\u00e1dza\u0165 poraneniam. Minimalizuj\u00fa riziko vzniku \u00farazov, zni\u017euj\u00fa z\u00e1paly a zabezpe\u010duj\u00fa optim\u00e1lnu teplotu pre nohy ko\u0148a, v\u010faka \u010domu zabezpe\u010duj\u00fa maxim\u00e1lny v\u00fdkon a\u00a0zni\u017euj\u00fa dobu regener\u00e1cie. S\u00fa ide\u00e1lnou vo\u013ebou po tr\u00e9ningu v stajni, v boxe v \u010dase odpo\u010dinku, [&hellip;]<\/p>\n","protected":false},"featured_media":192532,"template":"","meta":{"_acf_changed":false},"product_cat":[75,102,118],"product_tag":[3187,444],"acf":[],"yoast_head":"<!-- This site is optimized with the Yoast SEO plugin v21.4 - https:\/\/yoast.com\/wordpress\/plugins\/seo\/ -->\n<title>Incrediwear Equine podlo\u017eky pod band\u00e1\u017ee na podporu krvn\u00e9ho obehu BLACK - Spicehorse<\/title>\n<meta name=\"description\" content=\"spicehorse.eu | Incrediwear Equine podlo\u017eky pod band\u00e1\u017ee na podporu krvn\u00e9ho obehu v\u010faka svojim v\u00fdnimo\u010dn\u00fdm vlastnostiam podporuj\u00fa a\u00a0chr\u00e1nia nohy ko\u0148a po\u010das tr\u00e9ningov a\u00a0pom\u00e1haj\u00fa predch\u00e1dza\u0165 poraneniam.\" \/>\n<meta name=\"robots\" content=\"index, follow, max-snippet:-1, max-image-preview:large, max-video-preview:-1\" \/>\n<link rel=\"canonical\" href=\"https:\/\/arak.spicehorse.eu\/termek\/incrediwear-equine-verkeringest-istallo-faslialatet-black\/\" \/>\n<meta property=\"og:locale\" content=\"sk_SK\" \/>\n<meta property=\"og:type\" content=\"article\" \/>\n<meta property=\"og:title\" content=\"Incrediwear Equine podlo\u017eky pod band\u00e1\u017ee na podporu krvn\u00e9ho obehu BLACK - Spicehorse\" \/>\n<meta property=\"og:description\" content=\"spicehorse.eu | Incrediwear Equine podlo\u017eky pod band\u00e1\u017ee na podporu krvn\u00e9ho obehu v\u010faka svojim v\u00fdnimo\u010dn\u00fdm vlastnostiam podporuj\u00fa a\u00a0chr\u00e1nia nohy ko\u0148a po\u010das tr\u00e9ningov a\u00a0pom\u00e1haj\u00fa predch\u00e1dza\u0165 poraneniam.\" \/>\n<meta property=\"og:url\" content=\"https:\/\/arak.spicehorse.eu\/termek\/incrediwear-equine-verkeringest-istallo-faslialatet-black\/\" \/>\n<meta property=\"og:site_name\" content=\"Spicehorse\" \/>\n<meta property=\"article:publisher\" content=\"https:\/\/www.facebook.com\/SPICEHORSE-550385625402457\/\" \/>\n<meta property=\"article:modified_time\" content=\"2025-08-14T17:13:04+00:00\" \/>\n<meta property=\"og:image\" content=\"https:\/\/arak.spicehorse.eu\/wp-content\/uploads\/2025\/03\/58png.webp\" \/>\n\t<meta property=\"og:image:width\" content=\"1400\" \/>\n\t<meta property=\"og:image:height\" content=\"1400\" \/>\n\t<meta property=\"og:image:type\" content=\"image\/webp\" \/>\n<meta name=\"twitter:card\" content=\"summary_large_image\" \/>\n<meta name=\"twitter:label1\" content=\"Predpokladan\u00fd \u010das \u010d\u00edtania\" \/>\n\t<meta name=\"twitter:data1\" content=\"1 min\u00fata\" \/>\n<script type=\"application\/ld+json\" class=\"yoast-schema-graph\">{\"@context\":\"https:\/\/schema.org\",\"@graph\":[{\"@type\":\"WebPage\",\"@id\":\"https:\/\/arak.spicehorse.eu\/termek\/incrediwear-equine-verkeringest-istallo-faslialatet-black\/\",\"url\":\"https:\/\/arak.spicehorse.eu\/termek\/incrediwear-equine-verkeringest-istallo-faslialatet-black\/\",\"name\":\"Incrediwear Equine podlo\u017eky pod band\u00e1\u017ee na podporu krvn\u00e9ho obehu BLACK - Spicehorse\",\"isPartOf\":{\"@id\":\"https:\/\/arak.spicehorse.eu\/en\/#website\"},\"datePublished\":\"2025-03-14T18:48:57+00:00\",\"dateModified\":\"2025-08-14T17:13:04+00:00\",\"description\":\"spicehorse.eu | Incrediwear Equine podlo\u017eky pod band\u00e1\u017ee na podporu krvn\u00e9ho obehu v\u010faka svojim v\u00fdnimo\u010dn\u00fdm vlastnostiam podporuj\u00fa a\u00a0chr\u00e1nia nohy ko\u0148a po\u010das tr\u00e9ningov a\u00a0pom\u00e1haj\u00fa predch\u00e1dza\u0165 poraneniam.\",\"breadcrumb\":{\"@id\":\"https:\/\/arak.spicehorse.eu\/termek\/incrediwear-equine-verkeringest-istallo-faslialatet-black\/#breadcrumb\"},\"inLanguage\":\"sk-SK\",\"potentialAction\":[{\"@type\":\"ReadAction\",\"target\":[\"https:\/\/arak.spicehorse.eu\/termek\/incrediwear-equine-verkeringest-istallo-faslialatet-black\/\"]}]},{\"@type\":\"BreadcrumbList\",\"@id\":\"https:\/\/arak.spicehorse.eu\/termek\/incrediwear-equine-verkeringest-istallo-faslialatet-black\/#breadcrumb\",\"itemListElement\":[{\"@type\":\"ListItem\",\"position\":1,\"name\":\"Home\",\"item\":\"https:\/\/arak.spicehorse.eu\/sk\/\"},{\"@type\":\"ListItem\",\"position\":2,\"name\":\"Predaj\u0148a\",\"item\":\"https:\/\/arak.spicehorse.eu\/sk\/predajna\/\"},{\"@type\":\"ListItem\",\"position\":3,\"name\":\"Incrediwear Equine podlo\u017eky pod band\u00e1\u017ee na podporu krvn\u00e9ho obehu BLACK\"}]},{\"@type\":\"WebSite\",\"@id\":\"https:\/\/arak.spicehorse.eu\/en\/#website\",\"url\":\"https:\/\/arak.spicehorse.eu\/en\/\",\"name\":\"Spicehorse\",\"description\":\"UNDER DEVELOPMENT -\",\"potentialAction\":[{\"@type\":\"SearchAction\",\"target\":{\"@type\":\"EntryPoint\",\"urlTemplate\":\"https:\/\/arak.spicehorse.eu\/en\/?s={search_term_string}\"},\"query-input\":\"required name=search_term_string\"}],\"inLanguage\":\"sk-SK\"}]}<\/script>\n<!-- \/ Yoast SEO plugin. -->","yoast_head_json":{"title":"Incrediwear Equine podlo\u017eky pod band\u00e1\u017ee na podporu krvn\u00e9ho obehu BLACK - Spicehorse","description":"spicehorse.eu | Incrediwear Equine podlo\u017eky pod band\u00e1\u017ee na podporu krvn\u00e9ho obehu v\u010faka svojim v\u00fdnimo\u010dn\u00fdm vlastnostiam podporuj\u00fa a\u00a0chr\u00e1nia nohy ko\u0148a po\u010das tr\u00e9ningov a\u00a0pom\u00e1haj\u00fa predch\u00e1dza\u0165 poraneniam.","robots":{"index":"index","follow":"follow","max-snippet":"max-snippet:-1","max-image-preview":"max-image-preview:large","max-video-preview":"max-video-preview:-1"},"canonical":"https:\/\/arak.spicehorse.eu\/termek\/incrediwear-equine-verkeringest-istallo-faslialatet-black\/","og_locale":"sk_SK","og_type":"article","og_title":"Incrediwear Equine podlo\u017eky pod band\u00e1\u017ee na podporu krvn\u00e9ho obehu BLACK - Spicehorse","og_description":"spicehorse.eu | Incrediwear Equine podlo\u017eky pod band\u00e1\u017ee na podporu krvn\u00e9ho obehu v\u010faka svojim v\u00fdnimo\u010dn\u00fdm vlastnostiam podporuj\u00fa a\u00a0chr\u00e1nia nohy ko\u0148a po\u010das tr\u00e9ningov a\u00a0pom\u00e1haj\u00fa predch\u00e1dza\u0165 poraneniam.","og_url":"https:\/\/arak.spicehorse.eu\/termek\/incrediwear-equine-verkeringest-istallo-faslialatet-black\/","og_site_name":"Spicehorse","article_publisher":"https:\/\/www.facebook.com\/SPICEHORSE-550385625402457\/","article_modified_time":"2025-08-14T17:13:04+00:00","og_image":[{"width":1400,"height":1400,"url":"https:\/\/arak.spicehorse.eu\/wp-content\/uploads\/2025\/03\/58png.webp","type":"image\/webp"}],"twitter_card":"summary_large_image","twitter_misc":{"Predpokladan\u00fd \u010das \u010d\u00edtania":"1 min\u00fata"},"schema":{"@context":"https:\/\/schema.org","@graph":[{"@type":"WebPage","@id":"https:\/\/arak.spicehorse.eu\/termek\/incrediwear-equine-verkeringest-istallo-faslialatet-black\/","url":"https:\/\/arak.spicehorse.eu\/termek\/incrediwear-equine-verkeringest-istallo-faslialatet-black\/","name":"Incrediwear Equine podlo\u017eky pod band\u00e1\u017ee na podporu krvn\u00e9ho obehu BLACK - Spicehorse","isPartOf":{"@id":"https:\/\/arak.spicehorse.eu\/en\/#website"},"datePublished":"2025-03-14T18:48:57+00:00","dateModified":"2025-08-14T17:13:04+00:00","description":"spicehorse.eu | Incrediwear Equine podlo\u017eky pod band\u00e1\u017ee na podporu krvn\u00e9ho obehu v\u010faka svojim v\u00fdnimo\u010dn\u00fdm vlastnostiam podporuj\u00fa a\u00a0chr\u00e1nia nohy ko\u0148a po\u010das tr\u00e9ningov a\u00a0pom\u00e1haj\u00fa predch\u00e1dza\u0165 poraneniam.","breadcrumb":{"@id":"https:\/\/arak.spicehorse.eu\/termek\/incrediwear-equine-verkeringest-istallo-faslialatet-black\/#breadcrumb"},"inLanguage":"sk-SK","potentialAction":[{"@type":"ReadAction","target":["https:\/\/arak.spicehorse.eu\/termek\/incrediwear-equine-verkeringest-istallo-faslialatet-black\/"]}]},{"@type":"BreadcrumbList","@id":"https:\/\/arak.spicehorse.eu\/termek\/incrediwear-equine-verkeringest-istallo-faslialatet-black\/#breadcrumb","itemListElement":[{"@type":"ListItem","position":1,"name":"Home","item":"https:\/\/arak.spicehorse.eu\/sk\/"},{"@type":"ListItem","position":2,"name":"Predaj\u0148a","item":"https:\/\/arak.spicehorse.eu\/sk\/predajna\/"},{"@type":"ListItem","position":3,"name":"Incrediwear Equine podlo\u017eky pod band\u00e1\u017ee na podporu krvn\u00e9ho obehu BLACK"}]},{"@type":"WebSite","@id":"https:\/\/arak.spicehorse.eu\/en\/#website","url":"https:\/\/arak.spicehorse.eu\/en\/","name":"Spicehorse","description":"UNDER DEVELOPMENT -","potentialAction":[{"@type":"SearchAction","target":{"@type":"EntryPoint","urlTemplate":"https:\/\/arak.spicehorse.eu\/en\/?s={search_term_string}"},"query-input":"required name=search_term_string"}],"inLanguage":"sk-SK"}]}},"_links":{"self":[{"href":"https:\/\/arak.spicehorse.eu\/sk\/wp-json\/wp\/v2\/product\/192525"}],"collection":[{"href":"https:\/\/arak.spicehorse.eu\/sk\/wp-json\/wp\/v2\/product"}],"about":[{"href":"https:\/\/arak.spicehorse.eu\/sk\/wp-json\/wp\/v2\/types\/product"}],"wp:featuredmedia":[{"embeddable":true,"href":"https:\/\/arak.spicehorse.eu\/sk\/wp-json\/wp\/v2\/media\/192532"}],"wp:attachment":[{"href":"https:\/\/arak.spicehorse.eu\/sk\/wp-json\/wp\/v2\/media?parent=192525"}],"wp:term":[{"taxonomy":"product_cat","embeddable":true,"href":"https:\/\/arak.spicehorse.eu\/sk\/wp-json\/wp\/v2\/product_cat?post=192525"},{"taxonomy":"product_tag","embeddable":true,"href":"https:\/\/arak.spicehorse.eu\/sk\/wp-json\/wp\/v2\/product_tag?post=192525"}],"curies":[{"name":"wp","href":"https:\/\/api.w.org\/{rel}","templated":true}]}}