{"id":192683,"date":"2025-03-19T11:51:09","date_gmt":"2025-03-19T10:51:22","guid":{"rendered":"https:\/\/arak.spicehorse.eu\/?post_type=product&#038;p=192683"},"modified":"2025-06-11T15:22:47","modified_gmt":"2025-06-11T13:22:47","slug":"grooming-deluxe-pamlsky-banan","status":"publish","type":"product","link":"https:\/\/arak.spicehorse.eu\/sk\/produkt\/grooming-deluxe-pamlsky-banan\/","title":{"rendered":"Grooming Deluxe pamlsky ban\u00e1n"},"content":{"rendered":"<p style=\"font-weight: 400;\">Vynikaj\u00face chute pre spokojnos\u0165 v\u00e1\u0161ho ko\u0148a! Odme\u0148te v\u00e1\u0161ho ko\u0148a pamlskami \u00a0Grooming Deluxe, ktor\u00e9 s\u00fa zdrav\u00e9 a\u00a0z\u00e1rove\u0148 neodolate\u013en\u00e9!<\/p>\n<ul style=\"font-weight: 400;\">\n<li>dostupn\u00e9 v\u00a04 pr\u00edchutiach: ban\u00e1n, eukalyptus, jablko a\u00a0mrkva<\/li>\n<li>s\u00a0n\u00edzkym obsahom cukru<\/li>\n<li>ide\u00e1lne balenie<\/li>\n<\/ul>\n<p style=\"font-weight: 400;\">Zlo\u017eenie:<\/p>\n<p style=\"font-weight: 400;\">Ban\u00e1n: p\u0161eni\u010dn\u00e9 otruby, ovsen\u00e9 plevy a\u00a0otruby, ja\u010dme\u0148, uhli\u010ditan v\u00e1penat\u00fd, melasa z\u00a0cukrovej repy, su\u0161en\u00e9 ban\u00e1ny (0,1%).<\/p>\n<p style=\"font-weight: 400;\">Jablko: p\u0161eni\u010dn\u00e9 otruby, ovsen\u00e9 plevy, ja\u010dme\u0148, uhli\u010ditan v\u00e1penat\u00fd, melasa z\u00a0cukrovej repy, 3,5% jabl\u010dn\u00e9 v\u00fdlisky (su\u0161en\u00e9), 0,1% k\u00fasky jab\u013ak (su\u0161en\u00e9).<\/p>\n<p style=\"font-weight: 400;\">Eukalyptus: \u010fatelinov\u00e1 m\u00fa\u010dka, ovsen\u00e9 plevy, melasa z\u00a0cukrovej repy, zmes lie\u010div\u00fdch byl\u00edn (rozmar\u00edn, bazalka, koriander, m\u00e4ta, \u017eih\u013eavov\u00e9 listy, cesnak).<\/p>\n<p style=\"font-weight: 400;\">Mrkva: p\u0161eni\u010dn\u00e9 otruby, ovsen\u00e9 plevy, ja\u010dme\u0148, uhli\u010ditan v\u00e1penat\u00fd, melasa z\u00a0cukrovej repy, mrkvov\u00e1 ka\u0161a (3,1%), cviklov\u00fd pr\u00e1\u0161ok, su\u0161en\u00e9 k\u00fasky mrky (0,1%).<\/p>\n<p style=\"font-weight: 400;\">Skladovanie:<\/p>\n<p style=\"font-weight: 400;\">Pamlsky pre kone odpor\u00fa\u010dame skladova\u0165 na suchom a\u00a0chladnom mieste (&lt;25\u00b0C), chr\u00e1nen\u00e9 pred priamymi slne\u010dn\u00fdmi l\u00fa\u010dmi. Po ka\u017edom pou\u017eit\u00ed vrecko uzavrite.<\/p>\n","protected":false},"excerpt":{"rendered":"<p>Vynikaj\u00face chute pre spokojnos\u0165 v\u00e1\u0161ho ko\u0148a! Odme\u0148te v\u00e1\u0161ho ko\u0148a pamlskami \u00a0Grooming Deluxe, ktor\u00e9 s\u00fa zdrav\u00e9 a\u00a0z\u00e1rove\u0148 neodolate\u013en\u00e9! dostupn\u00e9 v\u00a04 pr\u00edchutiach: ban\u00e1n, eukalyptus, jablko a\u00a0mrkva s\u00a0n\u00edzkym obsahom cukru ide\u00e1lne balenie Zlo\u017eenie: Ban\u00e1n: p\u0161eni\u010dn\u00e9 otruby, ovsen\u00e9 plevy a\u00a0otruby, ja\u010dme\u0148, uhli\u010ditan v\u00e1penat\u00fd, melasa z\u00a0cukrovej repy, su\u0161en\u00e9 ban\u00e1ny (0,1%). Jablko: p\u0161eni\u010dn\u00e9 otruby, ovsen\u00e9 plevy, ja\u010dme\u0148, uhli\u010ditan v\u00e1penat\u00fd, melasa z\u00a0cukrovej [&hellip;]<\/p>\n","protected":false},"featured_media":196841,"template":"","meta":{"_acf_changed":false},"product_cat":[3178,75,100,120],"product_tag":[486],"acf":[],"yoast_head":"<!-- This site is optimized with the Yoast SEO plugin v21.4 - https:\/\/yoast.com\/wordpress\/plugins\/seo\/ -->\n<title>Grooming Deluxe pamlsky ban\u00e1n - Spicehorse<\/title>\n<meta name=\"description\" content=\"spicehorse.eu | Vynikaj\u00face chute pre spokojnos\u0165 v\u00e1\u0161ho ko\u0148a! Odme\u0148te v\u00e1\u0161ho ko\u0148a pamlskami \u00a0Grooming Deluxe, ktor\u00e9 s\u00fa zdrav\u00e9 a\u00a0z\u00e1rove\u0148 neodolate\u013en\u00e9!\" \/>\n<meta name=\"robots\" content=\"index, follow, max-snippet:-1, max-image-preview:large, max-video-preview:-1\" \/>\n<link rel=\"canonical\" href=\"https:\/\/arak.spicehorse.eu\/sk\/produkt\/grooming-deluxe-pamlsky-banan\/\" \/>\n<meta property=\"og:locale\" content=\"sk_SK\" \/>\n<meta property=\"og:type\" content=\"article\" \/>\n<meta property=\"og:title\" content=\"Grooming Deluxe pamlsky ban\u00e1n - Spicehorse\" \/>\n<meta property=\"og:description\" content=\"spicehorse.eu | Vynikaj\u00face chute pre spokojnos\u0165 v\u00e1\u0161ho ko\u0148a! Odme\u0148te v\u00e1\u0161ho ko\u0148a pamlskami \u00a0Grooming Deluxe, ktor\u00e9 s\u00fa zdrav\u00e9 a\u00a0z\u00e1rove\u0148 neodolate\u013en\u00e9!\" \/>\n<meta property=\"og:url\" content=\"https:\/\/arak.spicehorse.eu\/sk\/produkt\/grooming-deluxe-pamlsky-banan\/\" \/>\n<meta property=\"og:site_name\" content=\"Spicehorse\" \/>\n<meta property=\"article:publisher\" content=\"https:\/\/www.facebook.com\/SPICEHORSE-550385625402457\/\" \/>\n<meta property=\"article:modified_time\" content=\"2025-06-11T13:22:47+00:00\" \/>\n<meta property=\"og:image\" content=\"https:\/\/arak.spicehorse.eu\/wp-content\/uploads\/2025\/03\/7dc8354a49154a2f337bf6a7b80036645254227cee922357b8adfe8cc2c25526.jpg\" \/>\n\t<meta property=\"og:image:width\" content=\"2048\" \/>\n\t<meta property=\"og:image:height\" content=\"2048\" \/>\n\t<meta property=\"og:image:type\" content=\"image\/jpeg\" \/>\n<meta name=\"twitter:card\" content=\"summary_large_image\" \/>\n<meta name=\"twitter:label1\" content=\"Predpokladan\u00fd \u010das \u010d\u00edtania\" \/>\n\t<meta name=\"twitter:data1\" content=\"1 min\u00fata\" \/>\n<script type=\"application\/ld+json\" class=\"yoast-schema-graph\">{\"@context\":\"https:\/\/schema.org\",\"@graph\":[{\"@type\":\"WebPage\",\"@id\":\"https:\/\/arak.spicehorse.eu\/sk\/produkt\/grooming-deluxe-pamlsky-banan\/\",\"url\":\"https:\/\/arak.spicehorse.eu\/sk\/produkt\/grooming-deluxe-pamlsky-banan\/\",\"name\":\"Grooming Deluxe pamlsky ban\u00e1n - Spicehorse\",\"isPartOf\":{\"@id\":\"https:\/\/arak.spicehorse.eu\/en\/#website\"},\"datePublished\":\"2025-03-19T10:51:22+00:00\",\"dateModified\":\"2025-06-11T13:22:47+00:00\",\"description\":\"spicehorse.eu | Vynikaj\u00face chute pre spokojnos\u0165 v\u00e1\u0161ho ko\u0148a! Odme\u0148te v\u00e1\u0161ho ko\u0148a pamlskami \u00a0Grooming Deluxe, ktor\u00e9 s\u00fa zdrav\u00e9 a\u00a0z\u00e1rove\u0148 neodolate\u013en\u00e9!\",\"breadcrumb\":{\"@id\":\"https:\/\/arak.spicehorse.eu\/sk\/produkt\/grooming-deluxe-pamlsky-banan\/#breadcrumb\"},\"inLanguage\":\"sk-SK\",\"potentialAction\":[{\"@type\":\"ReadAction\",\"target\":[\"https:\/\/arak.spicehorse.eu\/sk\/produkt\/grooming-deluxe-pamlsky-banan\/\"]}]},{\"@type\":\"BreadcrumbList\",\"@id\":\"https:\/\/arak.spicehorse.eu\/sk\/produkt\/grooming-deluxe-pamlsky-banan\/#breadcrumb\",\"itemListElement\":[{\"@type\":\"ListItem\",\"position\":1,\"name\":\"Home\",\"item\":\"https:\/\/arak.spicehorse.eu\/sk\/\"},{\"@type\":\"ListItem\",\"position\":2,\"name\":\"Predaj\u0148a\",\"item\":\"https:\/\/arak.spicehorse.eu\/sk\/predajna\/\"},{\"@type\":\"ListItem\",\"position\":3,\"name\":\"Grooming Deluxe pamlsky ban\u00e1n\"}]},{\"@type\":\"WebSite\",\"@id\":\"https:\/\/arak.spicehorse.eu\/en\/#website\",\"url\":\"https:\/\/arak.spicehorse.eu\/en\/\",\"name\":\"Spicehorse\",\"description\":\"UNDER DEVELOPMENT -\",\"potentialAction\":[{\"@type\":\"SearchAction\",\"target\":{\"@type\":\"EntryPoint\",\"urlTemplate\":\"https:\/\/arak.spicehorse.eu\/en\/?s={search_term_string}\"},\"query-input\":\"required name=search_term_string\"}],\"inLanguage\":\"sk-SK\"}]}<\/script>\n<!-- \/ Yoast SEO plugin. -->","yoast_head_json":{"title":"Grooming Deluxe pamlsky ban\u00e1n - Spicehorse","description":"spicehorse.eu | Vynikaj\u00face chute pre spokojnos\u0165 v\u00e1\u0161ho ko\u0148a! Odme\u0148te v\u00e1\u0161ho ko\u0148a pamlskami \u00a0Grooming Deluxe, ktor\u00e9 s\u00fa zdrav\u00e9 a\u00a0z\u00e1rove\u0148 neodolate\u013en\u00e9!","robots":{"index":"index","follow":"follow","max-snippet":"max-snippet:-1","max-image-preview":"max-image-preview:large","max-video-preview":"max-video-preview:-1"},"canonical":"https:\/\/arak.spicehorse.eu\/sk\/produkt\/grooming-deluxe-pamlsky-banan\/","og_locale":"sk_SK","og_type":"article","og_title":"Grooming Deluxe pamlsky ban\u00e1n - Spicehorse","og_description":"spicehorse.eu | Vynikaj\u00face chute pre spokojnos\u0165 v\u00e1\u0161ho ko\u0148a! Odme\u0148te v\u00e1\u0161ho ko\u0148a pamlskami \u00a0Grooming Deluxe, ktor\u00e9 s\u00fa zdrav\u00e9 a\u00a0z\u00e1rove\u0148 neodolate\u013en\u00e9!","og_url":"https:\/\/arak.spicehorse.eu\/sk\/produkt\/grooming-deluxe-pamlsky-banan\/","og_site_name":"Spicehorse","article_publisher":"https:\/\/www.facebook.com\/SPICEHORSE-550385625402457\/","article_modified_time":"2025-06-11T13:22:47+00:00","og_image":[{"width":2048,"height":2048,"url":"https:\/\/arak.spicehorse.eu\/wp-content\/uploads\/2025\/03\/7dc8354a49154a2f337bf6a7b80036645254227cee922357b8adfe8cc2c25526.jpg","type":"image\/jpeg"}],"twitter_card":"summary_large_image","twitter_misc":{"Predpokladan\u00fd \u010das \u010d\u00edtania":"1 min\u00fata"},"schema":{"@context":"https:\/\/schema.org","@graph":[{"@type":"WebPage","@id":"https:\/\/arak.spicehorse.eu\/sk\/produkt\/grooming-deluxe-pamlsky-banan\/","url":"https:\/\/arak.spicehorse.eu\/sk\/produkt\/grooming-deluxe-pamlsky-banan\/","name":"Grooming Deluxe pamlsky ban\u00e1n - Spicehorse","isPartOf":{"@id":"https:\/\/arak.spicehorse.eu\/en\/#website"},"datePublished":"2025-03-19T10:51:22+00:00","dateModified":"2025-06-11T13:22:47+00:00","description":"spicehorse.eu | Vynikaj\u00face chute pre spokojnos\u0165 v\u00e1\u0161ho ko\u0148a! Odme\u0148te v\u00e1\u0161ho ko\u0148a pamlskami \u00a0Grooming Deluxe, ktor\u00e9 s\u00fa zdrav\u00e9 a\u00a0z\u00e1rove\u0148 neodolate\u013en\u00e9!","breadcrumb":{"@id":"https:\/\/arak.spicehorse.eu\/sk\/produkt\/grooming-deluxe-pamlsky-banan\/#breadcrumb"},"inLanguage":"sk-SK","potentialAction":[{"@type":"ReadAction","target":["https:\/\/arak.spicehorse.eu\/sk\/produkt\/grooming-deluxe-pamlsky-banan\/"]}]},{"@type":"BreadcrumbList","@id":"https:\/\/arak.spicehorse.eu\/sk\/produkt\/grooming-deluxe-pamlsky-banan\/#breadcrumb","itemListElement":[{"@type":"ListItem","position":1,"name":"Home","item":"https:\/\/arak.spicehorse.eu\/sk\/"},{"@type":"ListItem","position":2,"name":"Predaj\u0148a","item":"https:\/\/arak.spicehorse.eu\/sk\/predajna\/"},{"@type":"ListItem","position":3,"name":"Grooming Deluxe pamlsky ban\u00e1n"}]},{"@type":"WebSite","@id":"https:\/\/arak.spicehorse.eu\/en\/#website","url":"https:\/\/arak.spicehorse.eu\/en\/","name":"Spicehorse","description":"UNDER DEVELOPMENT -","potentialAction":[{"@type":"SearchAction","target":{"@type":"EntryPoint","urlTemplate":"https:\/\/arak.spicehorse.eu\/en\/?s={search_term_string}"},"query-input":"required name=search_term_string"}],"inLanguage":"sk-SK"}]}},"_links":{"self":[{"href":"https:\/\/arak.spicehorse.eu\/sk\/wp-json\/wp\/v2\/product\/192683"}],"collection":[{"href":"https:\/\/arak.spicehorse.eu\/sk\/wp-json\/wp\/v2\/product"}],"about":[{"href":"https:\/\/arak.spicehorse.eu\/sk\/wp-json\/wp\/v2\/types\/product"}],"wp:featuredmedia":[{"embeddable":true,"href":"https:\/\/arak.spicehorse.eu\/sk\/wp-json\/wp\/v2\/media\/196841"}],"wp:attachment":[{"href":"https:\/\/arak.spicehorse.eu\/sk\/wp-json\/wp\/v2\/media?parent=192683"}],"wp:term":[{"taxonomy":"product_cat","embeddable":true,"href":"https:\/\/arak.spicehorse.eu\/sk\/wp-json\/wp\/v2\/product_cat?post=192683"},{"taxonomy":"product_tag","embeddable":true,"href":"https:\/\/arak.spicehorse.eu\/sk\/wp-json\/wp\/v2\/product_tag?post=192683"}],"curies":[{"name":"wp","href":"https:\/\/api.w.org\/{rel}","templated":true}]}}