{"id":192902,"date":"2025-03-30T11:23:54","date_gmt":"2025-03-30T09:24:02","guid":{"rendered":"https:\/\/arak.spicehorse.eu\/?post_type=product&#038;p=192902"},"modified":"2025-07-09T15:07:01","modified_gmt":"2025-07-09T13:07:01","slug":"tommy-hilfiger-stanford-drezurna-podsedlova-decka-desert-sky","status":"publish","type":"product","link":"https:\/\/arak.spicehorse.eu\/sk\/produkt\/tommy-hilfiger-stanford-drezurna-podsedlova-decka-desert-sky\/","title":{"rendered":"TOMMY HILFIGER Stanford drez\u00farna podsedlov\u00e1 de\u010dka Desert Sky"},"content":{"rendered":"<p style=\"font-weight: 400;\">Vonkaj\u0161\u00ed materi\u00e1l: 65% polyester, 35% bavlna<br \/>\nV\u00fdpl\u0148: 100% polyester<br \/>\nPod\u0161\u00edvka: 65% polyester, 35% bavlna<\/p>\n","protected":false},"excerpt":{"rendered":"<ul style=\"font-weight: 400;\">\n<li>Anatomicky tvarovan\u00e1 Tommy Hilfiger Equestrian podsedlov\u00e1 de\u010dka s\u00a0klasick\u00fdm \u0161tepovan\u00edm v\u00a0tvare diamantu<\/li>\n<li>Tommy Hilfiger v\u00fd\u0161ivka<\/li>\n<li>Global Stripe zna\u010dka po oboch stran\u00e1ch<\/li>\n<li>M\u00e4kk\u00e1 na dotyk, dokonale dosad\u00e1<\/li>\n<li>Pod\u0161\u00edvka v\u00a0tvare gofri je priedu\u0161n\u00e1 a dokonale reguluje vlhkos\u0165<\/li>\n<\/ul>\n","protected":false},"featured_media":192905,"template":"","meta":{"_acf_changed":false},"product_cat":[75,367],"product_tag":[217,3190,1067],"acf":[],"yoast_head":"<!-- This site is optimized with the Yoast SEO plugin v21.4 - https:\/\/yoast.com\/wordpress\/plugins\/seo\/ -->\n<title>TOMMY HILFIGER Stanford drez\u00farna podsedlov\u00e1 de\u010dka Desert Sky - Spicehorse<\/title>\n<meta name=\"description\" content=\"spicehorse.eu | Anatomicky tvarovan\u00e1 Tommy Hilfiger Equestrian podsedlov\u00e1 de\u010dka s\u00a0klasick\u00fdm \u0161tepovan\u00edm v\u00a0tvare diamantu.\" \/>\n<meta name=\"robots\" content=\"index, follow, max-snippet:-1, max-image-preview:large, max-video-preview:-1\" \/>\n<link rel=\"canonical\" href=\"https:\/\/arak.spicehorse.eu\/sk\/produkt\/tommy-hilfiger-stanford-drezurna-podsedlova-decka-desert-sky\/\" \/>\n<meta property=\"og:locale\" content=\"sk_SK\" \/>\n<meta property=\"og:type\" content=\"article\" \/>\n<meta property=\"og:title\" content=\"TOMMY HILFIGER Stanford drez\u00farna podsedlov\u00e1 de\u010dka Desert Sky - Spicehorse\" \/>\n<meta property=\"og:description\" content=\"spicehorse.eu | Anatomicky tvarovan\u00e1 Tommy Hilfiger Equestrian podsedlov\u00e1 de\u010dka s\u00a0klasick\u00fdm \u0161tepovan\u00edm v\u00a0tvare diamantu.\" \/>\n<meta property=\"og:url\" content=\"https:\/\/arak.spicehorse.eu\/sk\/produkt\/tommy-hilfiger-stanford-drezurna-podsedlova-decka-desert-sky\/\" \/>\n<meta property=\"og:site_name\" content=\"Spicehorse\" \/>\n<meta property=\"article:publisher\" content=\"https:\/\/www.facebook.com\/SPICEHORSE-550385625402457\/\" \/>\n<meta property=\"article:modified_time\" content=\"2025-07-09T13:07:01+00:00\" \/>\n<meta property=\"og:image\" content=\"https:\/\/arak.spicehorse.eu\/wp-content\/uploads\/2025\/03\/th15hsap935-004-flat01jpg-scaled.webp\" \/>\n\t<meta property=\"og:image:width\" content=\"1920\" \/>\n\t<meta property=\"og:image:height\" content=\"2560\" \/>\n\t<meta property=\"og:image:type\" content=\"image\/webp\" \/>\n<meta name=\"twitter:card\" content=\"summary_large_image\" \/>\n<script type=\"application\/ld+json\" class=\"yoast-schema-graph\">{\"@context\":\"https:\/\/schema.org\",\"@graph\":[{\"@type\":\"WebPage\",\"@id\":\"https:\/\/arak.spicehorse.eu\/sk\/produkt\/tommy-hilfiger-stanford-drezurna-podsedlova-decka-desert-sky\/\",\"url\":\"https:\/\/arak.spicehorse.eu\/sk\/produkt\/tommy-hilfiger-stanford-drezurna-podsedlova-decka-desert-sky\/\",\"name\":\"TOMMY HILFIGER Stanford drez\u00farna podsedlov\u00e1 de\u010dka Desert Sky - Spicehorse\",\"isPartOf\":{\"@id\":\"https:\/\/arak.spicehorse.eu\/en\/#website\"},\"datePublished\":\"2025-03-30T09:24:02+00:00\",\"dateModified\":\"2025-07-09T13:07:01+00:00\",\"description\":\"spicehorse.eu | Anatomicky tvarovan\u00e1 Tommy Hilfiger Equestrian podsedlov\u00e1 de\u010dka s\u00a0klasick\u00fdm \u0161tepovan\u00edm v\u00a0tvare diamantu.\",\"breadcrumb\":{\"@id\":\"https:\/\/arak.spicehorse.eu\/sk\/produkt\/tommy-hilfiger-stanford-drezurna-podsedlova-decka-desert-sky\/#breadcrumb\"},\"inLanguage\":\"sk-SK\",\"potentialAction\":[{\"@type\":\"ReadAction\",\"target\":[\"https:\/\/arak.spicehorse.eu\/sk\/produkt\/tommy-hilfiger-stanford-drezurna-podsedlova-decka-desert-sky\/\"]}]},{\"@type\":\"BreadcrumbList\",\"@id\":\"https:\/\/arak.spicehorse.eu\/sk\/produkt\/tommy-hilfiger-stanford-drezurna-podsedlova-decka-desert-sky\/#breadcrumb\",\"itemListElement\":[{\"@type\":\"ListItem\",\"position\":1,\"name\":\"Home\",\"item\":\"https:\/\/arak.spicehorse.eu\/sk\/\"},{\"@type\":\"ListItem\",\"position\":2,\"name\":\"Predaj\u0148a\",\"item\":\"https:\/\/arak.spicehorse.eu\/sk\/predajna\/\"},{\"@type\":\"ListItem\",\"position\":3,\"name\":\"TOMMY HILFIGER Stanford drez\u00farna podsedlov\u00e1 de\u010dka Desert Sky\"}]},{\"@type\":\"WebSite\",\"@id\":\"https:\/\/arak.spicehorse.eu\/en\/#website\",\"url\":\"https:\/\/arak.spicehorse.eu\/en\/\",\"name\":\"Spicehorse\",\"description\":\"UNDER DEVELOPMENT -\",\"potentialAction\":[{\"@type\":\"SearchAction\",\"target\":{\"@type\":\"EntryPoint\",\"urlTemplate\":\"https:\/\/arak.spicehorse.eu\/en\/?s={search_term_string}\"},\"query-input\":\"required name=search_term_string\"}],\"inLanguage\":\"sk-SK\"}]}<\/script>\n<!-- \/ Yoast SEO plugin. -->","yoast_head_json":{"title":"TOMMY HILFIGER Stanford drez\u00farna podsedlov\u00e1 de\u010dka Desert Sky - Spicehorse","description":"spicehorse.eu | Anatomicky tvarovan\u00e1 Tommy Hilfiger Equestrian podsedlov\u00e1 de\u010dka s\u00a0klasick\u00fdm \u0161tepovan\u00edm v\u00a0tvare diamantu.","robots":{"index":"index","follow":"follow","max-snippet":"max-snippet:-1","max-image-preview":"max-image-preview:large","max-video-preview":"max-video-preview:-1"},"canonical":"https:\/\/arak.spicehorse.eu\/sk\/produkt\/tommy-hilfiger-stanford-drezurna-podsedlova-decka-desert-sky\/","og_locale":"sk_SK","og_type":"article","og_title":"TOMMY HILFIGER Stanford drez\u00farna podsedlov\u00e1 de\u010dka Desert Sky - Spicehorse","og_description":"spicehorse.eu | Anatomicky tvarovan\u00e1 Tommy Hilfiger Equestrian podsedlov\u00e1 de\u010dka s\u00a0klasick\u00fdm \u0161tepovan\u00edm v\u00a0tvare diamantu.","og_url":"https:\/\/arak.spicehorse.eu\/sk\/produkt\/tommy-hilfiger-stanford-drezurna-podsedlova-decka-desert-sky\/","og_site_name":"Spicehorse","article_publisher":"https:\/\/www.facebook.com\/SPICEHORSE-550385625402457\/","article_modified_time":"2025-07-09T13:07:01+00:00","og_image":[{"width":1920,"height":2560,"url":"https:\/\/arak.spicehorse.eu\/wp-content\/uploads\/2025\/03\/th15hsap935-004-flat01jpg-scaled.webp","type":"image\/webp"}],"twitter_card":"summary_large_image","schema":{"@context":"https:\/\/schema.org","@graph":[{"@type":"WebPage","@id":"https:\/\/arak.spicehorse.eu\/sk\/produkt\/tommy-hilfiger-stanford-drezurna-podsedlova-decka-desert-sky\/","url":"https:\/\/arak.spicehorse.eu\/sk\/produkt\/tommy-hilfiger-stanford-drezurna-podsedlova-decka-desert-sky\/","name":"TOMMY HILFIGER Stanford drez\u00farna podsedlov\u00e1 de\u010dka Desert Sky - Spicehorse","isPartOf":{"@id":"https:\/\/arak.spicehorse.eu\/en\/#website"},"datePublished":"2025-03-30T09:24:02+00:00","dateModified":"2025-07-09T13:07:01+00:00","description":"spicehorse.eu | Anatomicky tvarovan\u00e1 Tommy Hilfiger Equestrian podsedlov\u00e1 de\u010dka s\u00a0klasick\u00fdm \u0161tepovan\u00edm v\u00a0tvare diamantu.","breadcrumb":{"@id":"https:\/\/arak.spicehorse.eu\/sk\/produkt\/tommy-hilfiger-stanford-drezurna-podsedlova-decka-desert-sky\/#breadcrumb"},"inLanguage":"sk-SK","potentialAction":[{"@type":"ReadAction","target":["https:\/\/arak.spicehorse.eu\/sk\/produkt\/tommy-hilfiger-stanford-drezurna-podsedlova-decka-desert-sky\/"]}]},{"@type":"BreadcrumbList","@id":"https:\/\/arak.spicehorse.eu\/sk\/produkt\/tommy-hilfiger-stanford-drezurna-podsedlova-decka-desert-sky\/#breadcrumb","itemListElement":[{"@type":"ListItem","position":1,"name":"Home","item":"https:\/\/arak.spicehorse.eu\/sk\/"},{"@type":"ListItem","position":2,"name":"Predaj\u0148a","item":"https:\/\/arak.spicehorse.eu\/sk\/predajna\/"},{"@type":"ListItem","position":3,"name":"TOMMY HILFIGER Stanford drez\u00farna podsedlov\u00e1 de\u010dka Desert Sky"}]},{"@type":"WebSite","@id":"https:\/\/arak.spicehorse.eu\/en\/#website","url":"https:\/\/arak.spicehorse.eu\/en\/","name":"Spicehorse","description":"UNDER DEVELOPMENT -","potentialAction":[{"@type":"SearchAction","target":{"@type":"EntryPoint","urlTemplate":"https:\/\/arak.spicehorse.eu\/en\/?s={search_term_string}"},"query-input":"required name=search_term_string"}],"inLanguage":"sk-SK"}]}},"_links":{"self":[{"href":"https:\/\/arak.spicehorse.eu\/sk\/wp-json\/wp\/v2\/product\/192902"}],"collection":[{"href":"https:\/\/arak.spicehorse.eu\/sk\/wp-json\/wp\/v2\/product"}],"about":[{"href":"https:\/\/arak.spicehorse.eu\/sk\/wp-json\/wp\/v2\/types\/product"}],"wp:featuredmedia":[{"embeddable":true,"href":"https:\/\/arak.spicehorse.eu\/sk\/wp-json\/wp\/v2\/media\/192905"}],"wp:attachment":[{"href":"https:\/\/arak.spicehorse.eu\/sk\/wp-json\/wp\/v2\/media?parent=192902"}],"wp:term":[{"taxonomy":"product_cat","embeddable":true,"href":"https:\/\/arak.spicehorse.eu\/sk\/wp-json\/wp\/v2\/product_cat?post=192902"},{"taxonomy":"product_tag","embeddable":true,"href":"https:\/\/arak.spicehorse.eu\/sk\/wp-json\/wp\/v2\/product_tag?post=192902"}],"curies":[{"name":"wp","href":"https:\/\/api.w.org\/{rel}","templated":true}]}}