{"id":193203,"date":"2025-03-31T17:19:46","date_gmt":"2025-03-31T15:19:57","guid":{"rendered":"https:\/\/arak.spicehorse.eu\/?post_type=product&#038;p=193203"},"modified":"2025-04-14T18:56:46","modified_gmt":"2025-04-14T16:56:46","slug":"lemieux-hracka-ponik-lemon","status":"publish","type":"product","link":"https:\/\/arak.spicehorse.eu\/sk\/produkt\/lemieux-hracka-ponik-lemon\/","title":{"rendered":"LeMieux hra\u010dka pon\u00edk Lemon"},"content":{"rendered":"<div>\n<p><span lang=\"SK\">LeMieux hra\u010dka pon\u00edk Lemon je jednou z\u00a0reklamn\u00fdch tv\u00e1r\u00ed LeMieux, ktor\u00fa rodina \u00a0Lemieux zachr\u00e1nila v\u00a0spolupr\u00e1ci s\u00a0dobro\u010dinnou organiz\u00e1ciou World Horse Welfare. V\u010faka Lemonu spolo\u010dnos\u0165 vyzbierala pre nad\u00e1ciu 45 000 libier. Ka\u017ed\u00fd predan\u00fd kon\u00edk Lemon podporuje pr\u00e1cu World Horse Welfare 2,50 librami. <\/span><\/p>\n<\/div>\n<div>\n<p><span lang=\"SK\">Srs\u0165 je neuverite\u013ene jemn\u00e1, dokonal\u00e1 na \u010desanie a\u00a0o\u0161etrovanie. Stoj\u00ed bezpe\u010dne na \u0161tyroch noh\u00e1ch, je flexibiln\u00fd, v\u010faka \u010domu sa s\u00a0n\u00edm deti (od 3 rokov) m\u00f4\u017eu bezpe\u010dne hra\u0165. Coco prich\u00e1dza vo svojej vlastnej elegantnej krabici, ktor\u00e1 sa po obr\u00e1ten\u00ed na ruby premen\u00ed na luxusn\u00fa staj\u0148u! Samozrejme dostupn\u00e1 je aj \u010fal\u0161ia v\u00fdbava v\u00a0ob\u013e\u00faben\u00fdch farb\u00e1ch, vr\u00e1tane podsedlovej de\u010dky, \u010dabraky a\u00a0band\u00e1\u017e\u00ed, ako aj dokonale funguj\u00face sedlo a\u00a0o\u0165a\u017ee vyroben\u00e9 z\u00a0pravej ko\u017ee, v\u010faka \u010domu sa s t\u00fdmito hra\u010dkami deti nielen vynikaj\u00faco zahraj\u00fa, ale nacvi\u010dia si starostlivos\u0165 o\u00a0ko\u0148a a\u00a0z\u00e1rove\u0148 sa u\u010dia! Ka\u017ed\u00fd pon\u00edk je vyroben\u00fd ru\u010dne, je jedine\u010dn\u00fd, svojimi mierami a\u00a0tvarom sa m\u00f4\u017eu m\u00e1lo l\u00ed\u0161i\u0165, prich\u00e1dzaj\u00fa k\u00a0v\u00e1m s\u00a0vlastn\u00fdm cestovn\u00fdm pasom a\u00a0n\u00e1u\u010dnou bro\u017e\u00farou. V\u00fdbava nie je s\u00fa\u010das\u0165ou, m\u00f4\u017eete si ju zak\u00fapi\u0165 samostatne.<\/span><\/p>\n<\/div>\n<div>\n<p><span lang=\"SK\">\u010cistite vlhkou handrou.<\/span><\/p>\n<\/div>\n<div>\n<p><span lang=\"SK\">D\u013a\u017eka je 50 cm (od nosa po chvost), v\u00fd\u0161ka v\u00a0koh\u00fatiku je 30 cm (spodok krku)<\/span><\/p>\n<\/div>\n<div>\n<p><span lang=\"SK\">Od 3 rokov<\/span><\/p>\n<\/div>\n","protected":false},"excerpt":{"rendered":"<p>LeMieux hra\u010dka pon\u00edk Lemon je jednou z\u00a0reklamn\u00fdch tv\u00e1r\u00ed LeMieux, ktor\u00fa rodina \u00a0Lemieux zachr\u00e1nila v\u00a0spolupr\u00e1ci s\u00a0dobro\u010dinnou organiz\u00e1ciou World Horse Welfare. V\u010faka Lemonu spolo\u010dnos\u0165 vyzbierala pre nad\u00e1ciu 45 000 libier. Ka\u017ed\u00fd predan\u00fd kon\u00edk Lemon podporuje pr\u00e1cu World Horse Welfare 2,50 librami. Srs\u0165 je neuverite\u013ene jemn\u00e1, dokonal\u00e1 na \u010desanie a\u00a0o\u0161etrovanie. Stoj\u00ed bezpe\u010dne na \u0161tyroch noh\u00e1ch, je flexibiln\u00fd, v\u010faka [&hellip;]<\/p>\n","protected":false},"featured_media":193206,"template":"","meta":{"_acf_changed":false},"product_cat":[2534,76,312],"product_tag":[227,2369,3199,3198,2589,422,2389],"acf":[],"yoast_head":"<!-- This site is optimized with the Yoast SEO plugin v21.4 - https:\/\/yoast.com\/wordpress\/plugins\/seo\/ -->\n<title>LeMieux hra\u010dka pon\u00edk Lemon - Spicehorse<\/title>\n<meta name=\"description\" content=\"spicehorse.eu | LeMieux hra\u010dka pon\u00edk Lemon je jednou z\u00a0reklamn\u00fdch tv\u00e1r\u00ed LeMieux, ktor\u00fa rodina \u00a0Lemieux zachr\u00e1nila v\u00a0spolupr\u00e1ci s\u00a0dobro\u010dinnou organiz\u00e1ciou World Horse Welfare.\" \/>\n<meta name=\"robots\" content=\"index, follow, max-snippet:-1, max-image-preview:large, max-video-preview:-1\" \/>\n<link rel=\"canonical\" href=\"https:\/\/arak.spicehorse.eu\/termek\/lemieux-jatekponi-lemon\/\" \/>\n<meta property=\"og:locale\" content=\"sk_SK\" \/>\n<meta property=\"og:type\" content=\"article\" \/>\n<meta property=\"og:title\" content=\"LeMieux hra\u010dka pon\u00edk Lemon - Spicehorse\" \/>\n<meta property=\"og:description\" content=\"spicehorse.eu | LeMieux hra\u010dka pon\u00edk Lemon je jednou z\u00a0reklamn\u00fdch tv\u00e1r\u00ed LeMieux, ktor\u00fa rodina \u00a0Lemieux zachr\u00e1nila v\u00a0spolupr\u00e1ci s\u00a0dobro\u010dinnou organiz\u00e1ciou World Horse Welfare.\" \/>\n<meta property=\"og:url\" content=\"https:\/\/arak.spicehorse.eu\/termek\/lemieux-jatekponi-lemon\/\" \/>\n<meta property=\"og:site_name\" content=\"Spicehorse\" \/>\n<meta property=\"article:publisher\" content=\"https:\/\/www.facebook.com\/SPICEHORSE-550385625402457\/\" \/>\n<meta property=\"article:modified_time\" content=\"2025-04-14T16:56:46+00:00\" \/>\n<meta property=\"og:image\" content=\"https:\/\/arak.spicehorse.eu\/wp-content\/uploads\/2025\/03\/lemon-whw-image.webp\" \/>\n\t<meta property=\"og:image:width\" content=\"1080\" \/>\n\t<meta property=\"og:image:height\" content=\"1440\" \/>\n\t<meta property=\"og:image:type\" content=\"image\/webp\" \/>\n<meta name=\"twitter:card\" content=\"summary_large_image\" \/>\n<meta name=\"twitter:label1\" content=\"Predpokladan\u00fd \u010das \u010d\u00edtania\" \/>\n\t<meta name=\"twitter:data1\" content=\"1 min\u00fata\" \/>\n<script type=\"application\/ld+json\" class=\"yoast-schema-graph\">{\"@context\":\"https:\/\/schema.org\",\"@graph\":[{\"@type\":\"WebPage\",\"@id\":\"https:\/\/arak.spicehorse.eu\/termek\/lemieux-jatekponi-lemon\/\",\"url\":\"https:\/\/arak.spicehorse.eu\/termek\/lemieux-jatekponi-lemon\/\",\"name\":\"LeMieux hra\u010dka pon\u00edk Lemon - Spicehorse\",\"isPartOf\":{\"@id\":\"https:\/\/arak.spicehorse.eu\/en\/#website\"},\"datePublished\":\"2025-03-31T15:19:57+00:00\",\"dateModified\":\"2025-04-14T16:56:46+00:00\",\"description\":\"spicehorse.eu | LeMieux hra\u010dka pon\u00edk Lemon je jednou z\u00a0reklamn\u00fdch tv\u00e1r\u00ed LeMieux, ktor\u00fa rodina \u00a0Lemieux zachr\u00e1nila v\u00a0spolupr\u00e1ci s\u00a0dobro\u010dinnou organiz\u00e1ciou World Horse Welfare.\",\"breadcrumb\":{\"@id\":\"https:\/\/arak.spicehorse.eu\/termek\/lemieux-jatekponi-lemon\/#breadcrumb\"},\"inLanguage\":\"sk-SK\",\"potentialAction\":[{\"@type\":\"ReadAction\",\"target\":[\"https:\/\/arak.spicehorse.eu\/termek\/lemieux-jatekponi-lemon\/\"]}]},{\"@type\":\"BreadcrumbList\",\"@id\":\"https:\/\/arak.spicehorse.eu\/termek\/lemieux-jatekponi-lemon\/#breadcrumb\",\"itemListElement\":[{\"@type\":\"ListItem\",\"position\":1,\"name\":\"Home\",\"item\":\"https:\/\/arak.spicehorse.eu\/sk\/\"},{\"@type\":\"ListItem\",\"position\":2,\"name\":\"Predaj\u0148a\",\"item\":\"https:\/\/arak.spicehorse.eu\/sk\/predajna\/\"},{\"@type\":\"ListItem\",\"position\":3,\"name\":\"LeMieux hra\u010dka pon\u00edk Lemon\"}]},{\"@type\":\"WebSite\",\"@id\":\"https:\/\/arak.spicehorse.eu\/en\/#website\",\"url\":\"https:\/\/arak.spicehorse.eu\/en\/\",\"name\":\"Spicehorse\",\"description\":\"UNDER DEVELOPMENT -\",\"potentialAction\":[{\"@type\":\"SearchAction\",\"target\":{\"@type\":\"EntryPoint\",\"urlTemplate\":\"https:\/\/arak.spicehorse.eu\/en\/?s={search_term_string}\"},\"query-input\":\"required name=search_term_string\"}],\"inLanguage\":\"sk-SK\"}]}<\/script>\n<!-- \/ Yoast SEO plugin. -->","yoast_head_json":{"title":"LeMieux hra\u010dka pon\u00edk Lemon - Spicehorse","description":"spicehorse.eu | LeMieux hra\u010dka pon\u00edk Lemon je jednou z\u00a0reklamn\u00fdch tv\u00e1r\u00ed LeMieux, ktor\u00fa rodina \u00a0Lemieux zachr\u00e1nila v\u00a0spolupr\u00e1ci s\u00a0dobro\u010dinnou organiz\u00e1ciou World Horse Welfare.","robots":{"index":"index","follow":"follow","max-snippet":"max-snippet:-1","max-image-preview":"max-image-preview:large","max-video-preview":"max-video-preview:-1"},"canonical":"https:\/\/arak.spicehorse.eu\/termek\/lemieux-jatekponi-lemon\/","og_locale":"sk_SK","og_type":"article","og_title":"LeMieux hra\u010dka pon\u00edk Lemon - Spicehorse","og_description":"spicehorse.eu | LeMieux hra\u010dka pon\u00edk Lemon je jednou z\u00a0reklamn\u00fdch tv\u00e1r\u00ed LeMieux, ktor\u00fa rodina \u00a0Lemieux zachr\u00e1nila v\u00a0spolupr\u00e1ci s\u00a0dobro\u010dinnou organiz\u00e1ciou World Horse Welfare.","og_url":"https:\/\/arak.spicehorse.eu\/termek\/lemieux-jatekponi-lemon\/","og_site_name":"Spicehorse","article_publisher":"https:\/\/www.facebook.com\/SPICEHORSE-550385625402457\/","article_modified_time":"2025-04-14T16:56:46+00:00","og_image":[{"width":1080,"height":1440,"url":"https:\/\/arak.spicehorse.eu\/wp-content\/uploads\/2025\/03\/lemon-whw-image.webp","type":"image\/webp"}],"twitter_card":"summary_large_image","twitter_misc":{"Predpokladan\u00fd \u010das \u010d\u00edtania":"1 min\u00fata"},"schema":{"@context":"https:\/\/schema.org","@graph":[{"@type":"WebPage","@id":"https:\/\/arak.spicehorse.eu\/termek\/lemieux-jatekponi-lemon\/","url":"https:\/\/arak.spicehorse.eu\/termek\/lemieux-jatekponi-lemon\/","name":"LeMieux hra\u010dka pon\u00edk Lemon - Spicehorse","isPartOf":{"@id":"https:\/\/arak.spicehorse.eu\/en\/#website"},"datePublished":"2025-03-31T15:19:57+00:00","dateModified":"2025-04-14T16:56:46+00:00","description":"spicehorse.eu | LeMieux hra\u010dka pon\u00edk Lemon je jednou z\u00a0reklamn\u00fdch tv\u00e1r\u00ed LeMieux, ktor\u00fa rodina \u00a0Lemieux zachr\u00e1nila v\u00a0spolupr\u00e1ci s\u00a0dobro\u010dinnou organiz\u00e1ciou World Horse Welfare.","breadcrumb":{"@id":"https:\/\/arak.spicehorse.eu\/termek\/lemieux-jatekponi-lemon\/#breadcrumb"},"inLanguage":"sk-SK","potentialAction":[{"@type":"ReadAction","target":["https:\/\/arak.spicehorse.eu\/termek\/lemieux-jatekponi-lemon\/"]}]},{"@type":"BreadcrumbList","@id":"https:\/\/arak.spicehorse.eu\/termek\/lemieux-jatekponi-lemon\/#breadcrumb","itemListElement":[{"@type":"ListItem","position":1,"name":"Home","item":"https:\/\/arak.spicehorse.eu\/sk\/"},{"@type":"ListItem","position":2,"name":"Predaj\u0148a","item":"https:\/\/arak.spicehorse.eu\/sk\/predajna\/"},{"@type":"ListItem","position":3,"name":"LeMieux hra\u010dka pon\u00edk Lemon"}]},{"@type":"WebSite","@id":"https:\/\/arak.spicehorse.eu\/en\/#website","url":"https:\/\/arak.spicehorse.eu\/en\/","name":"Spicehorse","description":"UNDER DEVELOPMENT -","potentialAction":[{"@type":"SearchAction","target":{"@type":"EntryPoint","urlTemplate":"https:\/\/arak.spicehorse.eu\/en\/?s={search_term_string}"},"query-input":"required name=search_term_string"}],"inLanguage":"sk-SK"}]}},"_links":{"self":[{"href":"https:\/\/arak.spicehorse.eu\/sk\/wp-json\/wp\/v2\/product\/193203"}],"collection":[{"href":"https:\/\/arak.spicehorse.eu\/sk\/wp-json\/wp\/v2\/product"}],"about":[{"href":"https:\/\/arak.spicehorse.eu\/sk\/wp-json\/wp\/v2\/types\/product"}],"wp:featuredmedia":[{"embeddable":true,"href":"https:\/\/arak.spicehorse.eu\/sk\/wp-json\/wp\/v2\/media\/193206"}],"wp:attachment":[{"href":"https:\/\/arak.spicehorse.eu\/sk\/wp-json\/wp\/v2\/media?parent=193203"}],"wp:term":[{"taxonomy":"product_cat","embeddable":true,"href":"https:\/\/arak.spicehorse.eu\/sk\/wp-json\/wp\/v2\/product_cat?post=193203"},{"taxonomy":"product_tag","embeddable":true,"href":"https:\/\/arak.spicehorse.eu\/sk\/wp-json\/wp\/v2\/product_tag?post=193203"}],"curies":[{"name":"wp","href":"https:\/\/api.w.org\/{rel}","templated":true}]}}