{"id":193274,"date":"2025-04-02T17:28:03","date_gmt":"2025-04-02T15:28:24","guid":{"rendered":"https:\/\/arak.spicehorse.eu\/?post_type=product&#038;p=193274"},"modified":"2025-07-26T10:16:10","modified_gmt":"2025-07-26T08:16:10","slug":"lemieux-maska-proti-mucham-pre-hracku-ponik","status":"publish","type":"product","link":"https:\/\/arak.spicehorse.eu\/sk\/produkt\/lemieux-maska-proti-mucham-pre-hracku-ponik\/","title":{"rendered":"LeMieux maska proti much\u00e1m pre hra\u010dku pon\u00edk"},"content":{"rendered":"<div>\n<p><span lang=\"SK\">LeMieux maska proti much\u00e1m pre hra\u010dku pon\u00edk je realistick\u00fd doplnok ku kolekci LeMieux hra\u010dka pon\u00edk. Je miniat\u00farnou verziu norm\u00e1lnej masky proti much\u00e1m, v n\u00e1dhernej modrej a sivej farbe.<\/span><\/p>\n<\/div>\n<div>\n<p><span lang=\"SK\">Je dokonal\u00e1 proti much\u00e1m a\u00a0hmyzu pri hran\u00ed sa vo vo\u013enej pr\u00edrode za tepl\u00fdch slne\u010dn\u00fdch jarn\u00fdch a\u00a0letn\u00fdch dn\u00ed. Maska proti much\u00e1m m\u00e1 sie\u0165ovan\u00fa u\u0161n\u00fa \u010das\u0165, m\u00e4kk\u00fd vlnen\u00fd lem. Je dokonal\u00fdm doplnkom na to, aby si deti nacvi\u010dili starostlivos\u0165 o\u00a0ko\u0148a. \u00a0Mini LeMieux maska proti much\u00e1m pre hra\u010dku pon\u00edk vyzer\u00e1 \u00faplne ako skuto\u010dn\u00e1! <\/span><\/p>\n<\/div>\n<div>\n<p><span lang=\"SK\">Perte ru\u010dne.<\/span><\/p>\n<\/div>\n<div>\n<p><span lang=\"SK\">Od 3 rokov<\/span><\/p>\n<\/div>\n","protected":false},"excerpt":{"rendered":"<p>LeMieux maska proti much\u00e1m pre hra\u010dku pon\u00edk je realistick\u00fd doplnok ku kolekci LeMieux hra\u010dka pon\u00edk. Je miniat\u00farnou verziu norm\u00e1lnej masky proti much\u00e1m, v n\u00e1dhernej modrej a sivej farbe. Je dokonal\u00e1 proti much\u00e1m a\u00a0hmyzu pri hran\u00ed sa vo vo\u013enej pr\u00edrode za tepl\u00fdch slne\u010dn\u00fdch jarn\u00fdch a\u00a0letn\u00fdch dn\u00ed. Maska proti much\u00e1m m\u00e1 sie\u0165ovan\u00fa u\u0161n\u00fa \u010das\u0165, m\u00e4kk\u00fd vlnen\u00fd lem. [&hellip;]<\/p>\n","protected":false},"featured_media":193280,"template":"","meta":{"_acf_changed":false},"product_cat":[2534,3298,76,312],"product_tag":[135,227,2369,3199,3198,2589,499,422,2389],"acf":[],"yoast_head":"<!-- This site is optimized with the Yoast SEO plugin v21.4 - https:\/\/yoast.com\/wordpress\/plugins\/seo\/ -->\n<title>LeMieux maska proti much\u00e1m pre hra\u010dku pon\u00edk - Spicehorse<\/title>\n<meta name=\"description\" content=\"spicehorse.eu | LeMieux maska proti much\u00e1m pre hra\u010dku pon\u00edk je realistick\u00fd doplnok ku kolekci LeMieux hra\u010dka pon\u00edk.\" \/>\n<meta name=\"robots\" content=\"index, follow, max-snippet:-1, max-image-preview:large, max-video-preview:-1\" \/>\n<link rel=\"canonical\" href=\"https:\/\/arak.spicehorse.eu\/sk\/produkt\/lemieux-maska-proti-mucham-pre-hracku-ponik\/\" \/>\n<meta property=\"og:locale\" content=\"sk_SK\" \/>\n<meta property=\"og:type\" content=\"article\" \/>\n<meta property=\"og:title\" content=\"LeMieux maska proti much\u00e1m pre hra\u010dku pon\u00edk - Spicehorse\" \/>\n<meta property=\"og:description\" content=\"spicehorse.eu | LeMieux maska proti much\u00e1m pre hra\u010dku pon\u00edk je realistick\u00fd doplnok ku kolekci LeMieux hra\u010dka pon\u00edk.\" \/>\n<meta property=\"og:url\" content=\"https:\/\/arak.spicehorse.eu\/sk\/produkt\/lemieux-maska-proti-mucham-pre-hracku-ponik\/\" \/>\n<meta property=\"og:site_name\" content=\"Spicehorse\" \/>\n<meta property=\"article:publisher\" content=\"https:\/\/www.facebook.com\/SPICEHORSE-550385625402457\/\" \/>\n<meta property=\"article:modified_time\" content=\"2025-07-26T08:16:10+00:00\" \/>\n<meta property=\"og:image\" content=\"https:\/\/arak.spicehorse.eu\/wp-content\/uploads\/2025\/04\/it04124-product-toyponyflymask-2.jpg\" \/>\n\t<meta property=\"og:image:width\" content=\"1440\" \/>\n\t<meta property=\"og:image:height\" content=\"1440\" \/>\n\t<meta property=\"og:image:type\" content=\"image\/jpeg\" \/>\n<meta name=\"twitter:card\" content=\"summary_large_image\" \/>\n<meta name=\"twitter:label1\" content=\"Predpokladan\u00fd \u010das \u010d\u00edtania\" \/>\n\t<meta name=\"twitter:data1\" content=\"1 min\u00fata\" \/>\n<script type=\"application\/ld+json\" class=\"yoast-schema-graph\">{\"@context\":\"https:\/\/schema.org\",\"@graph\":[{\"@type\":\"WebPage\",\"@id\":\"https:\/\/arak.spicehorse.eu\/sk\/produkt\/lemieux-maska-proti-mucham-pre-hracku-ponik\/\",\"url\":\"https:\/\/arak.spicehorse.eu\/sk\/produkt\/lemieux-maska-proti-mucham-pre-hracku-ponik\/\",\"name\":\"LeMieux maska proti much\u00e1m pre hra\u010dku pon\u00edk - Spicehorse\",\"isPartOf\":{\"@id\":\"https:\/\/arak.spicehorse.eu\/en\/#website\"},\"datePublished\":\"2025-04-02T15:28:24+00:00\",\"dateModified\":\"2025-07-26T08:16:10+00:00\",\"description\":\"spicehorse.eu | LeMieux maska proti much\u00e1m pre hra\u010dku pon\u00edk je realistick\u00fd doplnok ku kolekci LeMieux hra\u010dka pon\u00edk.\",\"breadcrumb\":{\"@id\":\"https:\/\/arak.spicehorse.eu\/sk\/produkt\/lemieux-maska-proti-mucham-pre-hracku-ponik\/#breadcrumb\"},\"inLanguage\":\"sk-SK\",\"potentialAction\":[{\"@type\":\"ReadAction\",\"target\":[\"https:\/\/arak.spicehorse.eu\/sk\/produkt\/lemieux-maska-proti-mucham-pre-hracku-ponik\/\"]}]},{\"@type\":\"BreadcrumbList\",\"@id\":\"https:\/\/arak.spicehorse.eu\/sk\/produkt\/lemieux-maska-proti-mucham-pre-hracku-ponik\/#breadcrumb\",\"itemListElement\":[{\"@type\":\"ListItem\",\"position\":1,\"name\":\"Home\",\"item\":\"https:\/\/arak.spicehorse.eu\/sk\/\"},{\"@type\":\"ListItem\",\"position\":2,\"name\":\"Predaj\u0148a\",\"item\":\"https:\/\/arak.spicehorse.eu\/sk\/predajna\/\"},{\"@type\":\"ListItem\",\"position\":3,\"name\":\"LeMieux maska proti much\u00e1m pre hra\u010dku pon\u00edk\"}]},{\"@type\":\"WebSite\",\"@id\":\"https:\/\/arak.spicehorse.eu\/en\/#website\",\"url\":\"https:\/\/arak.spicehorse.eu\/en\/\",\"name\":\"Spicehorse\",\"description\":\"UNDER DEVELOPMENT -\",\"potentialAction\":[{\"@type\":\"SearchAction\",\"target\":{\"@type\":\"EntryPoint\",\"urlTemplate\":\"https:\/\/arak.spicehorse.eu\/en\/?s={search_term_string}\"},\"query-input\":\"required name=search_term_string\"}],\"inLanguage\":\"sk-SK\"}]}<\/script>\n<!-- \/ Yoast SEO plugin. -->","yoast_head_json":{"title":"LeMieux maska proti much\u00e1m pre hra\u010dku pon\u00edk - Spicehorse","description":"spicehorse.eu | LeMieux maska proti much\u00e1m pre hra\u010dku pon\u00edk je realistick\u00fd doplnok ku kolekci LeMieux hra\u010dka pon\u00edk.","robots":{"index":"index","follow":"follow","max-snippet":"max-snippet:-1","max-image-preview":"max-image-preview:large","max-video-preview":"max-video-preview:-1"},"canonical":"https:\/\/arak.spicehorse.eu\/sk\/produkt\/lemieux-maska-proti-mucham-pre-hracku-ponik\/","og_locale":"sk_SK","og_type":"article","og_title":"LeMieux maska proti much\u00e1m pre hra\u010dku pon\u00edk - Spicehorse","og_description":"spicehorse.eu | LeMieux maska proti much\u00e1m pre hra\u010dku pon\u00edk je realistick\u00fd doplnok ku kolekci LeMieux hra\u010dka pon\u00edk.","og_url":"https:\/\/arak.spicehorse.eu\/sk\/produkt\/lemieux-maska-proti-mucham-pre-hracku-ponik\/","og_site_name":"Spicehorse","article_publisher":"https:\/\/www.facebook.com\/SPICEHORSE-550385625402457\/","article_modified_time":"2025-07-26T08:16:10+00:00","og_image":[{"width":1440,"height":1440,"url":"https:\/\/arak.spicehorse.eu\/wp-content\/uploads\/2025\/04\/it04124-product-toyponyflymask-2.jpg","type":"image\/jpeg"}],"twitter_card":"summary_large_image","twitter_misc":{"Predpokladan\u00fd \u010das \u010d\u00edtania":"1 min\u00fata"},"schema":{"@context":"https:\/\/schema.org","@graph":[{"@type":"WebPage","@id":"https:\/\/arak.spicehorse.eu\/sk\/produkt\/lemieux-maska-proti-mucham-pre-hracku-ponik\/","url":"https:\/\/arak.spicehorse.eu\/sk\/produkt\/lemieux-maska-proti-mucham-pre-hracku-ponik\/","name":"LeMieux maska proti much\u00e1m pre hra\u010dku pon\u00edk - Spicehorse","isPartOf":{"@id":"https:\/\/arak.spicehorse.eu\/en\/#website"},"datePublished":"2025-04-02T15:28:24+00:00","dateModified":"2025-07-26T08:16:10+00:00","description":"spicehorse.eu | LeMieux maska proti much\u00e1m pre hra\u010dku pon\u00edk je realistick\u00fd doplnok ku kolekci LeMieux hra\u010dka pon\u00edk.","breadcrumb":{"@id":"https:\/\/arak.spicehorse.eu\/sk\/produkt\/lemieux-maska-proti-mucham-pre-hracku-ponik\/#breadcrumb"},"inLanguage":"sk-SK","potentialAction":[{"@type":"ReadAction","target":["https:\/\/arak.spicehorse.eu\/sk\/produkt\/lemieux-maska-proti-mucham-pre-hracku-ponik\/"]}]},{"@type":"BreadcrumbList","@id":"https:\/\/arak.spicehorse.eu\/sk\/produkt\/lemieux-maska-proti-mucham-pre-hracku-ponik\/#breadcrumb","itemListElement":[{"@type":"ListItem","position":1,"name":"Home","item":"https:\/\/arak.spicehorse.eu\/sk\/"},{"@type":"ListItem","position":2,"name":"Predaj\u0148a","item":"https:\/\/arak.spicehorse.eu\/sk\/predajna\/"},{"@type":"ListItem","position":3,"name":"LeMieux maska proti much\u00e1m pre hra\u010dku pon\u00edk"}]},{"@type":"WebSite","@id":"https:\/\/arak.spicehorse.eu\/en\/#website","url":"https:\/\/arak.spicehorse.eu\/en\/","name":"Spicehorse","description":"UNDER DEVELOPMENT -","potentialAction":[{"@type":"SearchAction","target":{"@type":"EntryPoint","urlTemplate":"https:\/\/arak.spicehorse.eu\/en\/?s={search_term_string}"},"query-input":"required name=search_term_string"}],"inLanguage":"sk-SK"}]}},"_links":{"self":[{"href":"https:\/\/arak.spicehorse.eu\/sk\/wp-json\/wp\/v2\/product\/193274"}],"collection":[{"href":"https:\/\/arak.spicehorse.eu\/sk\/wp-json\/wp\/v2\/product"}],"about":[{"href":"https:\/\/arak.spicehorse.eu\/sk\/wp-json\/wp\/v2\/types\/product"}],"wp:featuredmedia":[{"embeddable":true,"href":"https:\/\/arak.spicehorse.eu\/sk\/wp-json\/wp\/v2\/media\/193280"}],"wp:attachment":[{"href":"https:\/\/arak.spicehorse.eu\/sk\/wp-json\/wp\/v2\/media?parent=193274"}],"wp:term":[{"taxonomy":"product_cat","embeddable":true,"href":"https:\/\/arak.spicehorse.eu\/sk\/wp-json\/wp\/v2\/product_cat?post=193274"},{"taxonomy":"product_tag","embeddable":true,"href":"https:\/\/arak.spicehorse.eu\/sk\/wp-json\/wp\/v2\/product_tag?post=193274"}],"curies":[{"name":"wp","href":"https:\/\/api.w.org\/{rel}","templated":true}]}}