{"id":193300,"date":"2025-04-03T14:24:39","date_gmt":"2025-04-03T12:24:53","guid":{"rendered":"https:\/\/arak.spicehorse.eu\/?post_type=product&#038;p=193300"},"modified":"2025-05-20T09:49:03","modified_gmt":"2025-05-20T07:49:03","slug":"grooming-deluxe-cistiace-mydlo-propolis","status":"publish","type":"product","link":"https:\/\/arak.spicehorse.eu\/sk\/produkt\/grooming-deluxe-cistiace-mydlo-propolis\/","title":{"rendered":"Grooming Deluxe \u010distiace mydlo propolis"},"content":{"rendered":"<p style=\"font-weight: 400;\">H\u013abkovo \u010distiace a\u00a0o\u0161etruj\u00face mydlo Grooming Deluxe, ktor\u00e9 zabezpe\u010duje optim\u00e1lne o\u0161etrovanie konskej srsti, pri\u010dom je ekologickou alternat\u00edvou klasick\u00fdch tekut\u00fdch mydiel v\u00a0plastovom obale. Je to pH- neutr\u00e1lny, biologicky odb\u00farate\u013en\u00fd \u0161amp\u00f3n, dod\u00e1van\u00fd v\u00a0praktickom balen\u00ed, bez obsahu SLS a\u00a0parab\u00e9nov, v\u010faka \u010domu je \u0161etrn\u00fd k\u00a0poko\u017eke ko\u0148a, k\u00a0srsti aj prostrediu. Ka\u017ed\u00e9 z\u00a0mydiel zodpoved\u00e1 pou\u017eitiu troch balen\u00ed \u0161amp\u00f3nov v\u00a0plastovom obale! Jedno mydlo posta\u010duje a\u017e na 80 umyt\u00ed, v\u010faka \u010domu m\u00f4\u017eeme v\u00fdrazne zn\u00ed\u017ei\u0165 mno\u017estvo plastov\u00e9ho odpadu!<\/p>\n<p style=\"font-weight: 400;\">Vlastnosti:<\/p>\n<ul style=\"font-weight: 400;\">\n<li>pH-neutr\u00e1lna formula: jemn\u00e1 a\u00a0nedr\u00e1\u017edi, zabezpe\u010duje pohodln\u00e9 um\u00fdvanie<\/li>\n<li>bez obsahu SLS a parab\u00e9nov: poskytuje bezpe\u010dn\u00e9 a\u00a0prirodzen\u00e9 um\u00fdvanie bez pridania siln\u00fdch chemik\u00e1li\u00ed<\/li>\n<li>ekologick\u00fd obal: dod\u00e1van\u00e9 v\u00a0opakovane pou\u017eite\u013enom \u00falo\u017enom boxe, nie s\u00fa potrebn\u00e9 jednor\u00e1zov\u00e9 plastov\u00e9 obaly<\/li>\n<li>vydr\u017eia dlh\u00fa dobu: jedno mydlo posta\u010duje a\u017e na 80 umyt\u00ed, je to skuto\u010dne ekologick\u00e1 vo\u013eba<\/li>\n<li>je dostupn\u00e9 vo viacer\u00fdch v\u00f4\u0148ach: mandle, citr\u00f3n, aloe-vera, \u010dajovn\u00edk, levandu\u013ea a propolis<\/li>\n<\/ul>\n<p style=\"font-weight: 400;\">Pou\u017eitie:<\/p>\n<p style=\"font-weight: 400;\">Mydlo na um\u00fdvanie vlo\u017ete do sie\u0165ky a\u00a0d\u00f4kladne ho navlh\u010dite spolu so srs\u0165ou ko\u0148a. Mydlom premas\u00edrujte telo ko\u0148a, v\u010faka sie\u0165ke vznikne bohat\u00e1 pena. Ne\u017ene ko\u0148a pre\u0161\u00fachajte a\u00a0n\u00e1sledne d\u00f4kladne opl\u00e1chnite vodou.<\/p>\n<p style=\"font-weight: 400;\">Ve\u013ekos\u0165: 90 mm, v\u00e1ha: 0,584 kg<\/p>\n","protected":false},"excerpt":{"rendered":"<p>H\u013abkovo \u010distiace a\u00a0o\u0161etruj\u00face mydlo Grooming Deluxe, ktor\u00e9 zabezpe\u010duje optim\u00e1lne o\u0161etrovanie konskej srsti, pri\u010dom je ekologickou alternat\u00edvou klasick\u00fdch tekut\u00fdch mydiel v\u00a0plastovom obale. Je to pH- neutr\u00e1lny, biologicky odb\u00farate\u013en\u00fd \u0161amp\u00f3n, dod\u00e1van\u00fd v\u00a0praktickom balen\u00ed, bez obsahu SLS a\u00a0parab\u00e9nov, v\u010faka \u010domu je \u0161etrn\u00fd k\u00a0poko\u017eke ko\u0148a, k\u00a0srsti aj prostrediu. Ka\u017ed\u00e9 z\u00a0mydiel zodpoved\u00e1 pou\u017eitiu troch balen\u00ed \u0161amp\u00f3nov v\u00a0plastovom obale! Jedno mydlo [&hellip;]<\/p>\n","protected":false},"featured_media":192726,"template":"","meta":{"_acf_changed":false},"product_cat":[75,106],"product_tag":[486,401],"acf":[],"yoast_head":"<!-- This site is optimized with the Yoast SEO plugin v21.4 - https:\/\/yoast.com\/wordpress\/plugins\/seo\/ -->\n<title>Grooming Deluxe \u010distiace mydlo propolis - Spicehorse<\/title>\n<meta name=\"description\" content=\"spicehorse.eu | H\u013abkovo \u010distiace a\u00a0o\u0161etruj\u00face mydlo Grooming Deluxe, ktor\u00e9 zabezpe\u010duje optim\u00e1lne o\u0161etrovanie konskej srsti, pri\u010dom je ekologickou alternat\u00edvou klasick\u00fdch tekut\u00fdch mydiel v\u00a0plastovom obale.\" \/>\n<meta name=\"robots\" content=\"index, follow, max-snippet:-1, max-image-preview:large, max-video-preview:-1\" \/>\n<link rel=\"canonical\" href=\"https:\/\/arak.spicehorse.eu\/termek\/grooming-deluxe-mososzappan-propolisz\/\" \/>\n<meta property=\"og:locale\" content=\"sk_SK\" \/>\n<meta property=\"og:type\" content=\"article\" \/>\n<meta property=\"og:title\" content=\"Grooming Deluxe \u010distiace mydlo propolis - Spicehorse\" \/>\n<meta property=\"og:description\" content=\"spicehorse.eu | H\u013abkovo \u010distiace a\u00a0o\u0161etruj\u00face mydlo Grooming Deluxe, ktor\u00e9 zabezpe\u010duje optim\u00e1lne o\u0161etrovanie konskej srsti, pri\u010dom je ekologickou alternat\u00edvou klasick\u00fdch tekut\u00fdch mydiel v\u00a0plastovom obale.\" \/>\n<meta property=\"og:url\" content=\"https:\/\/arak.spicehorse.eu\/termek\/grooming-deluxe-mososzappan-propolisz\/\" \/>\n<meta property=\"og:site_name\" content=\"Spicehorse\" \/>\n<meta property=\"article:publisher\" content=\"https:\/\/www.facebook.com\/SPICEHORSE-550385625402457\/\" \/>\n<meta property=\"article:modified_time\" content=\"2025-05-20T07:49:03+00:00\" \/>\n<meta property=\"og:image\" content=\"https:\/\/arak.spicehorse.eu\/wp-content\/uploads\/2025\/03\/72104-propolis3-scaled.jpg\" \/>\n\t<meta property=\"og:image:width\" content=\"2560\" \/>\n\t<meta property=\"og:image:height\" content=\"1707\" \/>\n\t<meta property=\"og:image:type\" content=\"image\/jpeg\" \/>\n<meta name=\"twitter:card\" content=\"summary_large_image\" \/>\n<meta name=\"twitter:label1\" content=\"Predpokladan\u00fd \u010das \u010d\u00edtania\" \/>\n\t<meta name=\"twitter:data1\" content=\"1 min\u00fata\" \/>\n<script type=\"application\/ld+json\" class=\"yoast-schema-graph\">{\"@context\":\"https:\/\/schema.org\",\"@graph\":[{\"@type\":\"WebPage\",\"@id\":\"https:\/\/arak.spicehorse.eu\/termek\/grooming-deluxe-mososzappan-propolisz\/\",\"url\":\"https:\/\/arak.spicehorse.eu\/termek\/grooming-deluxe-mososzappan-propolisz\/\",\"name\":\"Grooming Deluxe \u010distiace mydlo propolis - Spicehorse\",\"isPartOf\":{\"@id\":\"https:\/\/arak.spicehorse.eu\/en\/#website\"},\"datePublished\":\"2025-04-03T12:24:53+00:00\",\"dateModified\":\"2025-05-20T07:49:03+00:00\",\"description\":\"spicehorse.eu | H\u013abkovo \u010distiace a\u00a0o\u0161etruj\u00face mydlo Grooming Deluxe, ktor\u00e9 zabezpe\u010duje optim\u00e1lne o\u0161etrovanie konskej srsti, pri\u010dom je ekologickou alternat\u00edvou klasick\u00fdch tekut\u00fdch mydiel v\u00a0plastovom obale.\",\"breadcrumb\":{\"@id\":\"https:\/\/arak.spicehorse.eu\/termek\/grooming-deluxe-mososzappan-propolisz\/#breadcrumb\"},\"inLanguage\":\"sk-SK\",\"potentialAction\":[{\"@type\":\"ReadAction\",\"target\":[\"https:\/\/arak.spicehorse.eu\/termek\/grooming-deluxe-mososzappan-propolisz\/\"]}]},{\"@type\":\"BreadcrumbList\",\"@id\":\"https:\/\/arak.spicehorse.eu\/termek\/grooming-deluxe-mososzappan-propolisz\/#breadcrumb\",\"itemListElement\":[{\"@type\":\"ListItem\",\"position\":1,\"name\":\"Home\",\"item\":\"https:\/\/arak.spicehorse.eu\/sk\/\"},{\"@type\":\"ListItem\",\"position\":2,\"name\":\"Predaj\u0148a\",\"item\":\"https:\/\/arak.spicehorse.eu\/sk\/predajna\/\"},{\"@type\":\"ListItem\",\"position\":3,\"name\":\"Grooming Deluxe \u010distiace mydlo propolis\"}]},{\"@type\":\"WebSite\",\"@id\":\"https:\/\/arak.spicehorse.eu\/en\/#website\",\"url\":\"https:\/\/arak.spicehorse.eu\/en\/\",\"name\":\"Spicehorse\",\"description\":\"UNDER DEVELOPMENT -\",\"potentialAction\":[{\"@type\":\"SearchAction\",\"target\":{\"@type\":\"EntryPoint\",\"urlTemplate\":\"https:\/\/arak.spicehorse.eu\/en\/?s={search_term_string}\"},\"query-input\":\"required name=search_term_string\"}],\"inLanguage\":\"sk-SK\"}]}<\/script>\n<!-- \/ Yoast SEO plugin. -->","yoast_head_json":{"title":"Grooming Deluxe \u010distiace mydlo propolis - Spicehorse","description":"spicehorse.eu | H\u013abkovo \u010distiace a\u00a0o\u0161etruj\u00face mydlo Grooming Deluxe, ktor\u00e9 zabezpe\u010duje optim\u00e1lne o\u0161etrovanie konskej srsti, pri\u010dom je ekologickou alternat\u00edvou klasick\u00fdch tekut\u00fdch mydiel v\u00a0plastovom obale.","robots":{"index":"index","follow":"follow","max-snippet":"max-snippet:-1","max-image-preview":"max-image-preview:large","max-video-preview":"max-video-preview:-1"},"canonical":"https:\/\/arak.spicehorse.eu\/termek\/grooming-deluxe-mososzappan-propolisz\/","og_locale":"sk_SK","og_type":"article","og_title":"Grooming Deluxe \u010distiace mydlo propolis - Spicehorse","og_description":"spicehorse.eu | H\u013abkovo \u010distiace a\u00a0o\u0161etruj\u00face mydlo Grooming Deluxe, ktor\u00e9 zabezpe\u010duje optim\u00e1lne o\u0161etrovanie konskej srsti, pri\u010dom je ekologickou alternat\u00edvou klasick\u00fdch tekut\u00fdch mydiel v\u00a0plastovom obale.","og_url":"https:\/\/arak.spicehorse.eu\/termek\/grooming-deluxe-mososzappan-propolisz\/","og_site_name":"Spicehorse","article_publisher":"https:\/\/www.facebook.com\/SPICEHORSE-550385625402457\/","article_modified_time":"2025-05-20T07:49:03+00:00","og_image":[{"width":2560,"height":1707,"url":"https:\/\/arak.spicehorse.eu\/wp-content\/uploads\/2025\/03\/72104-propolis3-scaled.jpg","type":"image\/jpeg"}],"twitter_card":"summary_large_image","twitter_misc":{"Predpokladan\u00fd \u010das \u010d\u00edtania":"1 min\u00fata"},"schema":{"@context":"https:\/\/schema.org","@graph":[{"@type":"WebPage","@id":"https:\/\/arak.spicehorse.eu\/termek\/grooming-deluxe-mososzappan-propolisz\/","url":"https:\/\/arak.spicehorse.eu\/termek\/grooming-deluxe-mososzappan-propolisz\/","name":"Grooming Deluxe \u010distiace mydlo propolis - Spicehorse","isPartOf":{"@id":"https:\/\/arak.spicehorse.eu\/en\/#website"},"datePublished":"2025-04-03T12:24:53+00:00","dateModified":"2025-05-20T07:49:03+00:00","description":"spicehorse.eu | H\u013abkovo \u010distiace a\u00a0o\u0161etruj\u00face mydlo Grooming Deluxe, ktor\u00e9 zabezpe\u010duje optim\u00e1lne o\u0161etrovanie konskej srsti, pri\u010dom je ekologickou alternat\u00edvou klasick\u00fdch tekut\u00fdch mydiel v\u00a0plastovom obale.","breadcrumb":{"@id":"https:\/\/arak.spicehorse.eu\/termek\/grooming-deluxe-mososzappan-propolisz\/#breadcrumb"},"inLanguage":"sk-SK","potentialAction":[{"@type":"ReadAction","target":["https:\/\/arak.spicehorse.eu\/termek\/grooming-deluxe-mososzappan-propolisz\/"]}]},{"@type":"BreadcrumbList","@id":"https:\/\/arak.spicehorse.eu\/termek\/grooming-deluxe-mososzappan-propolisz\/#breadcrumb","itemListElement":[{"@type":"ListItem","position":1,"name":"Home","item":"https:\/\/arak.spicehorse.eu\/sk\/"},{"@type":"ListItem","position":2,"name":"Predaj\u0148a","item":"https:\/\/arak.spicehorse.eu\/sk\/predajna\/"},{"@type":"ListItem","position":3,"name":"Grooming Deluxe \u010distiace mydlo propolis"}]},{"@type":"WebSite","@id":"https:\/\/arak.spicehorse.eu\/en\/#website","url":"https:\/\/arak.spicehorse.eu\/en\/","name":"Spicehorse","description":"UNDER DEVELOPMENT -","potentialAction":[{"@type":"SearchAction","target":{"@type":"EntryPoint","urlTemplate":"https:\/\/arak.spicehorse.eu\/en\/?s={search_term_string}"},"query-input":"required name=search_term_string"}],"inLanguage":"sk-SK"}]}},"_links":{"self":[{"href":"https:\/\/arak.spicehorse.eu\/sk\/wp-json\/wp\/v2\/product\/193300"}],"collection":[{"href":"https:\/\/arak.spicehorse.eu\/sk\/wp-json\/wp\/v2\/product"}],"about":[{"href":"https:\/\/arak.spicehorse.eu\/sk\/wp-json\/wp\/v2\/types\/product"}],"wp:featuredmedia":[{"embeddable":true,"href":"https:\/\/arak.spicehorse.eu\/sk\/wp-json\/wp\/v2\/media\/192726"}],"wp:attachment":[{"href":"https:\/\/arak.spicehorse.eu\/sk\/wp-json\/wp\/v2\/media?parent=193300"}],"wp:term":[{"taxonomy":"product_cat","embeddable":true,"href":"https:\/\/arak.spicehorse.eu\/sk\/wp-json\/wp\/v2\/product_cat?post=193300"},{"taxonomy":"product_tag","embeddable":true,"href":"https:\/\/arak.spicehorse.eu\/sk\/wp-json\/wp\/v2\/product_tag?post=193300"}],"curies":[{"name":"wp","href":"https:\/\/api.w.org\/{rel}","templated":true}]}}