{"id":193349,"date":"2025-04-07T12:47:33","date_gmt":"2025-04-07T10:48:17","guid":{"rendered":"https:\/\/arak.spicehorse.eu\/?post_type=product&#038;p=193349"},"modified":"2025-12-12T09:37:34","modified_gmt":"2025-12-12T08:37:34","slug":"tommy-hilfiger-yale-ohlavka-s-voditkom-desert-sky","status":"publish","type":"product","link":"https:\/\/arak.spicehorse.eu\/sk\/produkt\/tommy-hilfiger-yale-ohlavka-s-voditkom-desert-sky\/","title":{"rendered":"TOMMY HILFIGER Yale ohl\u00e1vka s vod\u00edtkom Desert Sky"},"content":{"rendered":"<div>\n<p><span lang=\"SK\">Tommy Hilfiger Equestrian ohl\u00e1vka s\u00a0nastavite\u013enou gunmetal sponou a\u00a0kovov\u00fdmi detailmi. V klasick\u00fdch TH Global Stripe Tommy farb\u00e1ch. Dokonale lad\u00ed s\u00a0ostatn\u00fdmi v\u00fdrobkami konskej kolekcie Tommy Equestrian.<\/span><\/p>\n<\/div>\n<div>\n<p><span lang=\"SK\">100% polyuret\u00e1n a 65% polyester, 35% bavlna<\/span><\/p>\n<\/div>\n","protected":false},"excerpt":{"rendered":"<p>Tommy Hilfiger Equestrian ohl\u00e1vka s\u00a0nastavite\u013enou gunmetal sponou a\u00a0kovov\u00fdmi detailmi. V klasick\u00fdch TH Global Stripe Tommy farb\u00e1ch. Dokonale lad\u00ed s\u00a0ostatn\u00fdmi v\u00fdrobkami konskej kolekcie Tommy Equestrian. 100% polyuret\u00e1n a 65% polyester, 35% bavlna<\/p>\n","protected":false},"featured_media":193363,"template":"","meta":{"_acf_changed":false},"product_cat":[75,114],"product_tag":[2658,189,3190,1067],"acf":[],"yoast_head":"<!-- This site is optimized with the Yoast SEO plugin v21.4 - https:\/\/yoast.com\/wordpress\/plugins\/seo\/ -->\n<title>TOMMY HILFIGER Yale ohl\u00e1vka s vod\u00edtkom Desert Sky - Spicehorse<\/title>\n<meta name=\"description\" content=\"spicehorse.eu | Tommy Hilfiger Equestrian ohl\u00e1vka s\u00a0nastavite\u013enou gunmetal sponou a\u00a0kovov\u00fdmi detailmi.\" \/>\n<meta name=\"robots\" content=\"index, follow, max-snippet:-1, max-image-preview:large, max-video-preview:-1\" \/>\n<link rel=\"canonical\" href=\"https:\/\/arak.spicehorse.eu\/sk\/produkt\/tommy-hilfiger-yale-ohlavka-s-voditkom-desert-sky\/\" \/>\n<meta property=\"og:locale\" content=\"sk_SK\" \/>\n<meta property=\"og:type\" content=\"article\" \/>\n<meta property=\"og:title\" content=\"TOMMY HILFIGER Yale ohl\u00e1vka s vod\u00edtkom Desert Sky - Spicehorse\" \/>\n<meta property=\"og:description\" content=\"spicehorse.eu | Tommy Hilfiger Equestrian ohl\u00e1vka s\u00a0nastavite\u013enou gunmetal sponou a\u00a0kovov\u00fdmi detailmi.\" \/>\n<meta property=\"og:url\" content=\"https:\/\/arak.spicehorse.eu\/sk\/produkt\/tommy-hilfiger-yale-ohlavka-s-voditkom-desert-sky\/\" \/>\n<meta property=\"og:site_name\" content=\"Spicehorse\" \/>\n<meta property=\"article:publisher\" content=\"https:\/\/www.facebook.com\/SPICEHORSE-550385625402457\/\" \/>\n<meta property=\"article:modified_time\" content=\"2025-12-12T08:37:34+00:00\" \/>\n<meta property=\"og:image\" content=\"https:\/\/arak.spicehorse.eu\/wp-content\/uploads\/2025\/04\/th15hset994-004-flat01jpg-master.jpg\" \/>\n\t<meta property=\"og:image:width\" content=\"700\" \/>\n\t<meta property=\"og:image:height\" content=\"700\" \/>\n\t<meta property=\"og:image:type\" content=\"image\/jpeg\" \/>\n<meta name=\"twitter:card\" content=\"summary_large_image\" \/>\n<script type=\"application\/ld+json\" class=\"yoast-schema-graph\">{\"@context\":\"https:\/\/schema.org\",\"@graph\":[{\"@type\":\"WebPage\",\"@id\":\"https:\/\/arak.spicehorse.eu\/sk\/produkt\/tommy-hilfiger-yale-ohlavka-s-voditkom-desert-sky\/\",\"url\":\"https:\/\/arak.spicehorse.eu\/sk\/produkt\/tommy-hilfiger-yale-ohlavka-s-voditkom-desert-sky\/\",\"name\":\"TOMMY HILFIGER Yale ohl\u00e1vka s vod\u00edtkom Desert Sky - Spicehorse\",\"isPartOf\":{\"@id\":\"https:\/\/arak.spicehorse.eu\/en\/#website\"},\"datePublished\":\"2025-04-07T10:48:17+00:00\",\"dateModified\":\"2025-12-12T08:37:34+00:00\",\"description\":\"spicehorse.eu | Tommy Hilfiger Equestrian ohl\u00e1vka s\u00a0nastavite\u013enou gunmetal sponou a\u00a0kovov\u00fdmi detailmi.\",\"breadcrumb\":{\"@id\":\"https:\/\/arak.spicehorse.eu\/sk\/produkt\/tommy-hilfiger-yale-ohlavka-s-voditkom-desert-sky\/#breadcrumb\"},\"inLanguage\":\"sk-SK\",\"potentialAction\":[{\"@type\":\"ReadAction\",\"target\":[\"https:\/\/arak.spicehorse.eu\/sk\/produkt\/tommy-hilfiger-yale-ohlavka-s-voditkom-desert-sky\/\"]}]},{\"@type\":\"BreadcrumbList\",\"@id\":\"https:\/\/arak.spicehorse.eu\/sk\/produkt\/tommy-hilfiger-yale-ohlavka-s-voditkom-desert-sky\/#breadcrumb\",\"itemListElement\":[{\"@type\":\"ListItem\",\"position\":1,\"name\":\"Home\",\"item\":\"https:\/\/arak.spicehorse.eu\/sk\/\"},{\"@type\":\"ListItem\",\"position\":2,\"name\":\"Predaj\u0148a\",\"item\":\"https:\/\/arak.spicehorse.eu\/sk\/predajna\/\"},{\"@type\":\"ListItem\",\"position\":3,\"name\":\"TOMMY HILFIGER Yale ohl\u00e1vka s vod\u00edtkom Desert Sky\"}]},{\"@type\":\"WebSite\",\"@id\":\"https:\/\/arak.spicehorse.eu\/en\/#website\",\"url\":\"https:\/\/arak.spicehorse.eu\/en\/\",\"name\":\"Spicehorse\",\"description\":\"UNDER DEVELOPMENT -\",\"potentialAction\":[{\"@type\":\"SearchAction\",\"target\":{\"@type\":\"EntryPoint\",\"urlTemplate\":\"https:\/\/arak.spicehorse.eu\/en\/?s={search_term_string}\"},\"query-input\":\"required name=search_term_string\"}],\"inLanguage\":\"sk-SK\"}]}<\/script>\n<!-- \/ Yoast SEO plugin. -->","yoast_head_json":{"title":"TOMMY HILFIGER Yale ohl\u00e1vka s vod\u00edtkom Desert Sky - Spicehorse","description":"spicehorse.eu | Tommy Hilfiger Equestrian ohl\u00e1vka s\u00a0nastavite\u013enou gunmetal sponou a\u00a0kovov\u00fdmi detailmi.","robots":{"index":"index","follow":"follow","max-snippet":"max-snippet:-1","max-image-preview":"max-image-preview:large","max-video-preview":"max-video-preview:-1"},"canonical":"https:\/\/arak.spicehorse.eu\/sk\/produkt\/tommy-hilfiger-yale-ohlavka-s-voditkom-desert-sky\/","og_locale":"sk_SK","og_type":"article","og_title":"TOMMY HILFIGER Yale ohl\u00e1vka s vod\u00edtkom Desert Sky - Spicehorse","og_description":"spicehorse.eu | Tommy Hilfiger Equestrian ohl\u00e1vka s\u00a0nastavite\u013enou gunmetal sponou a\u00a0kovov\u00fdmi detailmi.","og_url":"https:\/\/arak.spicehorse.eu\/sk\/produkt\/tommy-hilfiger-yale-ohlavka-s-voditkom-desert-sky\/","og_site_name":"Spicehorse","article_publisher":"https:\/\/www.facebook.com\/SPICEHORSE-550385625402457\/","article_modified_time":"2025-12-12T08:37:34+00:00","og_image":[{"width":700,"height":700,"url":"https:\/\/arak.spicehorse.eu\/wp-content\/uploads\/2025\/04\/th15hset994-004-flat01jpg-master.jpg","type":"image\/jpeg"}],"twitter_card":"summary_large_image","schema":{"@context":"https:\/\/schema.org","@graph":[{"@type":"WebPage","@id":"https:\/\/arak.spicehorse.eu\/sk\/produkt\/tommy-hilfiger-yale-ohlavka-s-voditkom-desert-sky\/","url":"https:\/\/arak.spicehorse.eu\/sk\/produkt\/tommy-hilfiger-yale-ohlavka-s-voditkom-desert-sky\/","name":"TOMMY HILFIGER Yale ohl\u00e1vka s vod\u00edtkom Desert Sky - Spicehorse","isPartOf":{"@id":"https:\/\/arak.spicehorse.eu\/en\/#website"},"datePublished":"2025-04-07T10:48:17+00:00","dateModified":"2025-12-12T08:37:34+00:00","description":"spicehorse.eu | Tommy Hilfiger Equestrian ohl\u00e1vka s\u00a0nastavite\u013enou gunmetal sponou a\u00a0kovov\u00fdmi detailmi.","breadcrumb":{"@id":"https:\/\/arak.spicehorse.eu\/sk\/produkt\/tommy-hilfiger-yale-ohlavka-s-voditkom-desert-sky\/#breadcrumb"},"inLanguage":"sk-SK","potentialAction":[{"@type":"ReadAction","target":["https:\/\/arak.spicehorse.eu\/sk\/produkt\/tommy-hilfiger-yale-ohlavka-s-voditkom-desert-sky\/"]}]},{"@type":"BreadcrumbList","@id":"https:\/\/arak.spicehorse.eu\/sk\/produkt\/tommy-hilfiger-yale-ohlavka-s-voditkom-desert-sky\/#breadcrumb","itemListElement":[{"@type":"ListItem","position":1,"name":"Home","item":"https:\/\/arak.spicehorse.eu\/sk\/"},{"@type":"ListItem","position":2,"name":"Predaj\u0148a","item":"https:\/\/arak.spicehorse.eu\/sk\/predajna\/"},{"@type":"ListItem","position":3,"name":"TOMMY HILFIGER Yale ohl\u00e1vka s vod\u00edtkom Desert Sky"}]},{"@type":"WebSite","@id":"https:\/\/arak.spicehorse.eu\/en\/#website","url":"https:\/\/arak.spicehorse.eu\/en\/","name":"Spicehorse","description":"UNDER DEVELOPMENT -","potentialAction":[{"@type":"SearchAction","target":{"@type":"EntryPoint","urlTemplate":"https:\/\/arak.spicehorse.eu\/en\/?s={search_term_string}"},"query-input":"required name=search_term_string"}],"inLanguage":"sk-SK"}]}},"_links":{"self":[{"href":"https:\/\/arak.spicehorse.eu\/sk\/wp-json\/wp\/v2\/product\/193349"}],"collection":[{"href":"https:\/\/arak.spicehorse.eu\/sk\/wp-json\/wp\/v2\/product"}],"about":[{"href":"https:\/\/arak.spicehorse.eu\/sk\/wp-json\/wp\/v2\/types\/product"}],"wp:featuredmedia":[{"embeddable":true,"href":"https:\/\/arak.spicehorse.eu\/sk\/wp-json\/wp\/v2\/media\/193363"}],"wp:attachment":[{"href":"https:\/\/arak.spicehorse.eu\/sk\/wp-json\/wp\/v2\/media?parent=193349"}],"wp:term":[{"taxonomy":"product_cat","embeddable":true,"href":"https:\/\/arak.spicehorse.eu\/sk\/wp-json\/wp\/v2\/product_cat?post=193349"},{"taxonomy":"product_tag","embeddable":true,"href":"https:\/\/arak.spicehorse.eu\/sk\/wp-json\/wp\/v2\/product_tag?post=193349"}],"curies":[{"name":"wp","href":"https:\/\/api.w.org\/{rel}","templated":true}]}}