{"id":193374,"date":"2025-04-07T17:57:12","date_gmt":"2025-04-07T15:57:43","guid":{"rendered":"https:\/\/arak.spicehorse.eu\/?post_type=product&#038;p=193374"},"modified":"2025-04-20T12:05:57","modified_gmt":"2025-04-20T10:05:57","slug":"tommy-hilfiger-lincoln-ohlavka-a-voditko-primary-red","status":"publish","type":"product","link":"https:\/\/arak.spicehorse.eu\/sk\/produkt\/tommy-hilfiger-lincoln-ohlavka-a-voditko-primary-red\/","title":{"rendered":"TOMMY HILFIGER Lincoln ohl\u00e1vka a vod\u00edtko Primary Red"},"content":{"rendered":"<p style=\"font-weight: 400;\">Tommy Hilfiger Equestrian ohl\u00e1vka s nastavite\u013enou sponou vo farbe gunmetal a\u00a0s\u00a0kovov\u00fdmi detailmi. Vysok\u00e1 kvalita a bezpe\u010dnos\u0165. V\u00a0klasick\u00fdch TH Global Stripe Tommy farb\u00e1ch. Dokonale lad\u00ed s\u00a0ostatn\u00fdmi v\u00fdrobkami jazdeckej kolekcie Tommy Equestrian.<\/p>\n<p style=\"font-weight: 400;\">100% polyuret\u00e1n a 65% polyester, 35% bavlna<\/p>\n","protected":false},"excerpt":{"rendered":"<p>Tommy Hilfiger Equestrian ohl\u00e1vka s nastavite\u013enou sponou vo farbe gunmetal a\u00a0s\u00a0kovov\u00fdmi detailmi. Vysok\u00e1 kvalita a bezpe\u010dnos\u0165. V\u00a0klasick\u00fdch TH Global Stripe Tommy farb\u00e1ch. Dokonale lad\u00ed s\u00a0ostatn\u00fdmi v\u00fdrobkami jazdeckej kolekcie Tommy Equestrian. 100% polyuret\u00e1n a 65% polyester, 35% bavlna<\/p>\n","protected":false},"featured_media":193379,"template":"","meta":{"_acf_changed":false},"product_cat":[75,114],"product_tag":[2658,189,3190,1067],"acf":[],"yoast_head":"<!-- This site is optimized with the Yoast SEO plugin v21.4 - https:\/\/yoast.com\/wordpress\/plugins\/seo\/ -->\n<title>TOMMY HILFIGER Lincoln ohl\u00e1vka a vod\u00edtko Primary Red - Spicehorse<\/title>\n<meta name=\"description\" content=\"spicehorse.eu | Tommy Hilfiger Equestrian ohl\u00e1vka s nastavite\u013enou sponou vo farbe gunmetal a\u00a0s\u00a0kovov\u00fdmi detailmi. Vysok\u00e1 kvalita a bezpe\u010dnos\u0165.\" \/>\n<meta name=\"robots\" content=\"index, follow, max-snippet:-1, max-image-preview:large, max-video-preview:-1\" \/>\n<link rel=\"canonical\" href=\"https:\/\/arak.spicehorse.eu\/termek\/tommy-hilfiger-lincoln-kotofek-es-vezetoszar-primary-red\/\" \/>\n<meta property=\"og:locale\" content=\"sk_SK\" \/>\n<meta property=\"og:type\" content=\"article\" \/>\n<meta property=\"og:title\" content=\"TOMMY HILFIGER Lincoln ohl\u00e1vka a vod\u00edtko Primary Red - Spicehorse\" \/>\n<meta property=\"og:description\" content=\"spicehorse.eu | Tommy Hilfiger Equestrian ohl\u00e1vka s nastavite\u013enou sponou vo farbe gunmetal a\u00a0s\u00a0kovov\u00fdmi detailmi. Vysok\u00e1 kvalita a bezpe\u010dnos\u0165.\" \/>\n<meta property=\"og:url\" content=\"https:\/\/arak.spicehorse.eu\/termek\/tommy-hilfiger-lincoln-kotofek-es-vezetoszar-primary-red\/\" \/>\n<meta property=\"og:site_name\" content=\"Spicehorse\" \/>\n<meta property=\"article:publisher\" content=\"https:\/\/www.facebook.com\/SPICEHORSE-550385625402457\/\" \/>\n<meta property=\"article:modified_time\" content=\"2025-04-20T10:05:57+00:00\" \/>\n<meta property=\"og:image\" content=\"https:\/\/arak.spicehorse.eu\/wp-content\/uploads\/2025\/04\/th15hhal950-005-flat02jpg-master-1-1.jpg\" \/>\n\t<meta property=\"og:image:width\" content=\"700\" \/>\n\t<meta property=\"og:image:height\" content=\"700\" \/>\n\t<meta property=\"og:image:type\" content=\"image\/jpeg\" \/>\n<meta name=\"twitter:card\" content=\"summary_large_image\" \/>\n<script type=\"application\/ld+json\" class=\"yoast-schema-graph\">{\"@context\":\"https:\/\/schema.org\",\"@graph\":[{\"@type\":\"WebPage\",\"@id\":\"https:\/\/arak.spicehorse.eu\/termek\/tommy-hilfiger-lincoln-kotofek-es-vezetoszar-primary-red\/\",\"url\":\"https:\/\/arak.spicehorse.eu\/termek\/tommy-hilfiger-lincoln-kotofek-es-vezetoszar-primary-red\/\",\"name\":\"TOMMY HILFIGER Lincoln ohl\u00e1vka a vod\u00edtko Primary Red - Spicehorse\",\"isPartOf\":{\"@id\":\"https:\/\/arak.spicehorse.eu\/en\/#website\"},\"datePublished\":\"2025-04-07T15:57:43+00:00\",\"dateModified\":\"2025-04-20T10:05:57+00:00\",\"description\":\"spicehorse.eu | Tommy Hilfiger Equestrian ohl\u00e1vka s nastavite\u013enou sponou vo farbe gunmetal a\u00a0s\u00a0kovov\u00fdmi detailmi. Vysok\u00e1 kvalita a bezpe\u010dnos\u0165.\",\"breadcrumb\":{\"@id\":\"https:\/\/arak.spicehorse.eu\/termek\/tommy-hilfiger-lincoln-kotofek-es-vezetoszar-primary-red\/#breadcrumb\"},\"inLanguage\":\"sk-SK\",\"potentialAction\":[{\"@type\":\"ReadAction\",\"target\":[\"https:\/\/arak.spicehorse.eu\/termek\/tommy-hilfiger-lincoln-kotofek-es-vezetoszar-primary-red\/\"]}]},{\"@type\":\"BreadcrumbList\",\"@id\":\"https:\/\/arak.spicehorse.eu\/termek\/tommy-hilfiger-lincoln-kotofek-es-vezetoszar-primary-red\/#breadcrumb\",\"itemListElement\":[{\"@type\":\"ListItem\",\"position\":1,\"name\":\"Home\",\"item\":\"https:\/\/arak.spicehorse.eu\/sk\/\"},{\"@type\":\"ListItem\",\"position\":2,\"name\":\"Predaj\u0148a\",\"item\":\"https:\/\/arak.spicehorse.eu\/sk\/predajna\/\"},{\"@type\":\"ListItem\",\"position\":3,\"name\":\"TOMMY HILFIGER Lincoln ohl\u00e1vka a vod\u00edtko Primary Red\"}]},{\"@type\":\"WebSite\",\"@id\":\"https:\/\/arak.spicehorse.eu\/en\/#website\",\"url\":\"https:\/\/arak.spicehorse.eu\/en\/\",\"name\":\"Spicehorse\",\"description\":\"UNDER DEVELOPMENT -\",\"potentialAction\":[{\"@type\":\"SearchAction\",\"target\":{\"@type\":\"EntryPoint\",\"urlTemplate\":\"https:\/\/arak.spicehorse.eu\/en\/?s={search_term_string}\"},\"query-input\":\"required name=search_term_string\"}],\"inLanguage\":\"sk-SK\"}]}<\/script>\n<!-- \/ Yoast SEO plugin. -->","yoast_head_json":{"title":"TOMMY HILFIGER Lincoln ohl\u00e1vka a vod\u00edtko Primary Red - Spicehorse","description":"spicehorse.eu | Tommy Hilfiger Equestrian ohl\u00e1vka s nastavite\u013enou sponou vo farbe gunmetal a\u00a0s\u00a0kovov\u00fdmi detailmi. Vysok\u00e1 kvalita a bezpe\u010dnos\u0165.","robots":{"index":"index","follow":"follow","max-snippet":"max-snippet:-1","max-image-preview":"max-image-preview:large","max-video-preview":"max-video-preview:-1"},"canonical":"https:\/\/arak.spicehorse.eu\/termek\/tommy-hilfiger-lincoln-kotofek-es-vezetoszar-primary-red\/","og_locale":"sk_SK","og_type":"article","og_title":"TOMMY HILFIGER Lincoln ohl\u00e1vka a vod\u00edtko Primary Red - Spicehorse","og_description":"spicehorse.eu | Tommy Hilfiger Equestrian ohl\u00e1vka s nastavite\u013enou sponou vo farbe gunmetal a\u00a0s\u00a0kovov\u00fdmi detailmi. Vysok\u00e1 kvalita a bezpe\u010dnos\u0165.","og_url":"https:\/\/arak.spicehorse.eu\/termek\/tommy-hilfiger-lincoln-kotofek-es-vezetoszar-primary-red\/","og_site_name":"Spicehorse","article_publisher":"https:\/\/www.facebook.com\/SPICEHORSE-550385625402457\/","article_modified_time":"2025-04-20T10:05:57+00:00","og_image":[{"width":700,"height":700,"url":"https:\/\/arak.spicehorse.eu\/wp-content\/uploads\/2025\/04\/th15hhal950-005-flat02jpg-master-1-1.jpg","type":"image\/jpeg"}],"twitter_card":"summary_large_image","schema":{"@context":"https:\/\/schema.org","@graph":[{"@type":"WebPage","@id":"https:\/\/arak.spicehorse.eu\/termek\/tommy-hilfiger-lincoln-kotofek-es-vezetoszar-primary-red\/","url":"https:\/\/arak.spicehorse.eu\/termek\/tommy-hilfiger-lincoln-kotofek-es-vezetoszar-primary-red\/","name":"TOMMY HILFIGER Lincoln ohl\u00e1vka a vod\u00edtko Primary Red - Spicehorse","isPartOf":{"@id":"https:\/\/arak.spicehorse.eu\/en\/#website"},"datePublished":"2025-04-07T15:57:43+00:00","dateModified":"2025-04-20T10:05:57+00:00","description":"spicehorse.eu | Tommy Hilfiger Equestrian ohl\u00e1vka s nastavite\u013enou sponou vo farbe gunmetal a\u00a0s\u00a0kovov\u00fdmi detailmi. Vysok\u00e1 kvalita a bezpe\u010dnos\u0165.","breadcrumb":{"@id":"https:\/\/arak.spicehorse.eu\/termek\/tommy-hilfiger-lincoln-kotofek-es-vezetoszar-primary-red\/#breadcrumb"},"inLanguage":"sk-SK","potentialAction":[{"@type":"ReadAction","target":["https:\/\/arak.spicehorse.eu\/termek\/tommy-hilfiger-lincoln-kotofek-es-vezetoszar-primary-red\/"]}]},{"@type":"BreadcrumbList","@id":"https:\/\/arak.spicehorse.eu\/termek\/tommy-hilfiger-lincoln-kotofek-es-vezetoszar-primary-red\/#breadcrumb","itemListElement":[{"@type":"ListItem","position":1,"name":"Home","item":"https:\/\/arak.spicehorse.eu\/sk\/"},{"@type":"ListItem","position":2,"name":"Predaj\u0148a","item":"https:\/\/arak.spicehorse.eu\/sk\/predajna\/"},{"@type":"ListItem","position":3,"name":"TOMMY HILFIGER Lincoln ohl\u00e1vka a vod\u00edtko Primary Red"}]},{"@type":"WebSite","@id":"https:\/\/arak.spicehorse.eu\/en\/#website","url":"https:\/\/arak.spicehorse.eu\/en\/","name":"Spicehorse","description":"UNDER DEVELOPMENT -","potentialAction":[{"@type":"SearchAction","target":{"@type":"EntryPoint","urlTemplate":"https:\/\/arak.spicehorse.eu\/en\/?s={search_term_string}"},"query-input":"required name=search_term_string"}],"inLanguage":"sk-SK"}]}},"_links":{"self":[{"href":"https:\/\/arak.spicehorse.eu\/sk\/wp-json\/wp\/v2\/product\/193374"}],"collection":[{"href":"https:\/\/arak.spicehorse.eu\/sk\/wp-json\/wp\/v2\/product"}],"about":[{"href":"https:\/\/arak.spicehorse.eu\/sk\/wp-json\/wp\/v2\/types\/product"}],"wp:featuredmedia":[{"embeddable":true,"href":"https:\/\/arak.spicehorse.eu\/sk\/wp-json\/wp\/v2\/media\/193379"}],"wp:attachment":[{"href":"https:\/\/arak.spicehorse.eu\/sk\/wp-json\/wp\/v2\/media?parent=193374"}],"wp:term":[{"taxonomy":"product_cat","embeddable":true,"href":"https:\/\/arak.spicehorse.eu\/sk\/wp-json\/wp\/v2\/product_cat?post=193374"},{"taxonomy":"product_tag","embeddable":true,"href":"https:\/\/arak.spicehorse.eu\/sk\/wp-json\/wp\/v2\/product_tag?post=193374"}],"curies":[{"name":"wp","href":"https:\/\/api.w.org\/{rel}","templated":true}]}}