{"id":193544,"date":"2025-04-12T12:47:28","date_gmt":"2025-04-12T10:48:06","guid":{"rendered":"https:\/\/arak.spicehorse.eu\/?post_type=product&#038;p=193544"},"modified":"2025-04-20T12:04:19","modified_gmt":"2025-04-20T10:04:19","slug":"k","status":"publish","type":"product","link":"https:\/\/arak.spicehorse.eu\/sk\/produkt\/k\/","title":{"rendered":"BOSS Equestrian Vintage baseballov\u00e1 \u010diapka Black"},"content":{"rendered":"<div>\n<p><span lang=\"SK\">BOSS Equestrian Vintage baseballov\u00e1 \u010diapka. Sklad\u00e1 sa zo 6 panelov, BOSS logo zo syntetickej ko\u017ee v \u0161t\u00fdle vintage, nastavite\u013en\u00e1 pomocou plastov\u00e9ho remienka. \u00a0<\/span><\/p>\n<\/div>\n<div>\n<p><span lang=\"SK\">100% bavlna<\/span><\/p>\n<\/div>\n","protected":false},"excerpt":{"rendered":"<p>BOSS Equestrian Vintage baseballov\u00e1 \u010diapka. Sklad\u00e1 sa zo 6 panelov, BOSS logo zo syntetickej ko\u017ee v \u0161t\u00fdle vintage, nastavite\u013en\u00e1 pomocou plastov\u00e9ho remienka. \u00a0 100% bavlna<\/p>\n","protected":false},"featured_media":193549,"template":"","meta":{"_acf_changed":false},"product_cat":[76,309],"product_tag":[2920,3202],"acf":[],"yoast_head":"<!-- This site is optimized with the Yoast SEO plugin v21.4 - https:\/\/yoast.com\/wordpress\/plugins\/seo\/ -->\n<title>BOSS Equestrian Vintage baseballov\u00e1 \u010diapka Black - Spicehorse<\/title>\n<meta name=\"description\" content=\"spicehorse.eu | BOSS Equestrian Vintage baseballov\u00e1 \u010diapka. Sklad\u00e1 sa zo 6 panelov, BOSS logo zo syntetickej ko\u017ee v \u0161t\u00fdle vintage, nastavite\u013en\u00e1 pomocou plastov\u00e9ho remienka. \u00a0\" \/>\n<meta name=\"robots\" content=\"index, follow, max-snippet:-1, max-image-preview:large, max-video-preview:-1\" \/>\n<link rel=\"canonical\" href=\"https:\/\/arak.spicehorse.eu\/termek\/boss-equestrian-vintage-baseball-sapka-black\/\" \/>\n<meta property=\"og:locale\" content=\"sk_SK\" \/>\n<meta property=\"og:type\" content=\"article\" \/>\n<meta property=\"og:title\" content=\"BOSS Equestrian Vintage baseballov\u00e1 \u010diapka Black - Spicehorse\" \/>\n<meta property=\"og:description\" content=\"spicehorse.eu | BOSS Equestrian Vintage baseballov\u00e1 \u010diapka. Sklad\u00e1 sa zo 6 panelov, BOSS logo zo syntetickej ko\u017ee v \u0161t\u00fdle vintage, nastavite\u013en\u00e1 pomocou plastov\u00e9ho remienka. \u00a0\" \/>\n<meta property=\"og:url\" content=\"https:\/\/arak.spicehorse.eu\/termek\/boss-equestrian-vintage-baseball-sapka-black\/\" \/>\n<meta property=\"og:site_name\" content=\"Spicehorse\" \/>\n<meta property=\"article:publisher\" content=\"https:\/\/www.facebook.com\/SPICEHORSE-550385625402457\/\" \/>\n<meta property=\"article:modified_time\" content=\"2025-04-20T10:04:19+00:00\" \/>\n<meta property=\"og:image\" content=\"https:\/\/arak.spicehorse.eu\/wp-content\/uploads\/2025\/04\/b5u1601-001-flat01-masterjpg.webp\" \/>\n\t<meta property=\"og:image:width\" content=\"900\" \/>\n\t<meta property=\"og:image:height\" content=\"900\" \/>\n\t<meta property=\"og:image:type\" content=\"image\/webp\" \/>\n<meta name=\"twitter:card\" content=\"summary_large_image\" \/>\n<script type=\"application\/ld+json\" class=\"yoast-schema-graph\">{\"@context\":\"https:\/\/schema.org\",\"@graph\":[{\"@type\":\"WebPage\",\"@id\":\"https:\/\/arak.spicehorse.eu\/termek\/boss-equestrian-vintage-baseball-sapka-black\/\",\"url\":\"https:\/\/arak.spicehorse.eu\/termek\/boss-equestrian-vintage-baseball-sapka-black\/\",\"name\":\"BOSS Equestrian Vintage baseballov\u00e1 \u010diapka Black - Spicehorse\",\"isPartOf\":{\"@id\":\"https:\/\/arak.spicehorse.eu\/en\/#website\"},\"datePublished\":\"2025-04-12T10:48:06+00:00\",\"dateModified\":\"2025-04-20T10:04:19+00:00\",\"description\":\"spicehorse.eu | BOSS Equestrian Vintage baseballov\u00e1 \u010diapka. Sklad\u00e1 sa zo 6 panelov, BOSS logo zo syntetickej ko\u017ee v \u0161t\u00fdle vintage, nastavite\u013en\u00e1 pomocou plastov\u00e9ho remienka. \u00a0\",\"breadcrumb\":{\"@id\":\"https:\/\/arak.spicehorse.eu\/termek\/boss-equestrian-vintage-baseball-sapka-black\/#breadcrumb\"},\"inLanguage\":\"sk-SK\",\"potentialAction\":[{\"@type\":\"ReadAction\",\"target\":[\"https:\/\/arak.spicehorse.eu\/termek\/boss-equestrian-vintage-baseball-sapka-black\/\"]}]},{\"@type\":\"BreadcrumbList\",\"@id\":\"https:\/\/arak.spicehorse.eu\/termek\/boss-equestrian-vintage-baseball-sapka-black\/#breadcrumb\",\"itemListElement\":[{\"@type\":\"ListItem\",\"position\":1,\"name\":\"Home\",\"item\":\"https:\/\/arak.spicehorse.eu\/sk\/\"},{\"@type\":\"ListItem\",\"position\":2,\"name\":\"Predaj\u0148a\",\"item\":\"https:\/\/arak.spicehorse.eu\/sk\/predajna\/\"},{\"@type\":\"ListItem\",\"position\":3,\"name\":\"BOSS Equestrian Vintage baseballov\u00e1 \u010diapka Black\"}]},{\"@type\":\"WebSite\",\"@id\":\"https:\/\/arak.spicehorse.eu\/en\/#website\",\"url\":\"https:\/\/arak.spicehorse.eu\/en\/\",\"name\":\"Spicehorse\",\"description\":\"UNDER DEVELOPMENT -\",\"potentialAction\":[{\"@type\":\"SearchAction\",\"target\":{\"@type\":\"EntryPoint\",\"urlTemplate\":\"https:\/\/arak.spicehorse.eu\/en\/?s={search_term_string}\"},\"query-input\":\"required name=search_term_string\"}],\"inLanguage\":\"sk-SK\"}]}<\/script>\n<!-- \/ Yoast SEO plugin. -->","yoast_head_json":{"title":"BOSS Equestrian Vintage baseballov\u00e1 \u010diapka Black - Spicehorse","description":"spicehorse.eu | BOSS Equestrian Vintage baseballov\u00e1 \u010diapka. Sklad\u00e1 sa zo 6 panelov, BOSS logo zo syntetickej ko\u017ee v \u0161t\u00fdle vintage, nastavite\u013en\u00e1 pomocou plastov\u00e9ho remienka. \u00a0","robots":{"index":"index","follow":"follow","max-snippet":"max-snippet:-1","max-image-preview":"max-image-preview:large","max-video-preview":"max-video-preview:-1"},"canonical":"https:\/\/arak.spicehorse.eu\/termek\/boss-equestrian-vintage-baseball-sapka-black\/","og_locale":"sk_SK","og_type":"article","og_title":"BOSS Equestrian Vintage baseballov\u00e1 \u010diapka Black - Spicehorse","og_description":"spicehorse.eu | BOSS Equestrian Vintage baseballov\u00e1 \u010diapka. Sklad\u00e1 sa zo 6 panelov, BOSS logo zo syntetickej ko\u017ee v \u0161t\u00fdle vintage, nastavite\u013en\u00e1 pomocou plastov\u00e9ho remienka. \u00a0","og_url":"https:\/\/arak.spicehorse.eu\/termek\/boss-equestrian-vintage-baseball-sapka-black\/","og_site_name":"Spicehorse","article_publisher":"https:\/\/www.facebook.com\/SPICEHORSE-550385625402457\/","article_modified_time":"2025-04-20T10:04:19+00:00","og_image":[{"width":900,"height":900,"url":"https:\/\/arak.spicehorse.eu\/wp-content\/uploads\/2025\/04\/b5u1601-001-flat01-masterjpg.webp","type":"image\/webp"}],"twitter_card":"summary_large_image","schema":{"@context":"https:\/\/schema.org","@graph":[{"@type":"WebPage","@id":"https:\/\/arak.spicehorse.eu\/termek\/boss-equestrian-vintage-baseball-sapka-black\/","url":"https:\/\/arak.spicehorse.eu\/termek\/boss-equestrian-vintage-baseball-sapka-black\/","name":"BOSS Equestrian Vintage baseballov\u00e1 \u010diapka Black - Spicehorse","isPartOf":{"@id":"https:\/\/arak.spicehorse.eu\/en\/#website"},"datePublished":"2025-04-12T10:48:06+00:00","dateModified":"2025-04-20T10:04:19+00:00","description":"spicehorse.eu | BOSS Equestrian Vintage baseballov\u00e1 \u010diapka. Sklad\u00e1 sa zo 6 panelov, BOSS logo zo syntetickej ko\u017ee v \u0161t\u00fdle vintage, nastavite\u013en\u00e1 pomocou plastov\u00e9ho remienka. \u00a0","breadcrumb":{"@id":"https:\/\/arak.spicehorse.eu\/termek\/boss-equestrian-vintage-baseball-sapka-black\/#breadcrumb"},"inLanguage":"sk-SK","potentialAction":[{"@type":"ReadAction","target":["https:\/\/arak.spicehorse.eu\/termek\/boss-equestrian-vintage-baseball-sapka-black\/"]}]},{"@type":"BreadcrumbList","@id":"https:\/\/arak.spicehorse.eu\/termek\/boss-equestrian-vintage-baseball-sapka-black\/#breadcrumb","itemListElement":[{"@type":"ListItem","position":1,"name":"Home","item":"https:\/\/arak.spicehorse.eu\/sk\/"},{"@type":"ListItem","position":2,"name":"Predaj\u0148a","item":"https:\/\/arak.spicehorse.eu\/sk\/predajna\/"},{"@type":"ListItem","position":3,"name":"BOSS Equestrian Vintage baseballov\u00e1 \u010diapka Black"}]},{"@type":"WebSite","@id":"https:\/\/arak.spicehorse.eu\/en\/#website","url":"https:\/\/arak.spicehorse.eu\/en\/","name":"Spicehorse","description":"UNDER DEVELOPMENT -","potentialAction":[{"@type":"SearchAction","target":{"@type":"EntryPoint","urlTemplate":"https:\/\/arak.spicehorse.eu\/en\/?s={search_term_string}"},"query-input":"required name=search_term_string"}],"inLanguage":"sk-SK"}]}},"_links":{"self":[{"href":"https:\/\/arak.spicehorse.eu\/sk\/wp-json\/wp\/v2\/product\/193544"}],"collection":[{"href":"https:\/\/arak.spicehorse.eu\/sk\/wp-json\/wp\/v2\/product"}],"about":[{"href":"https:\/\/arak.spicehorse.eu\/sk\/wp-json\/wp\/v2\/types\/product"}],"wp:featuredmedia":[{"embeddable":true,"href":"https:\/\/arak.spicehorse.eu\/sk\/wp-json\/wp\/v2\/media\/193549"}],"wp:attachment":[{"href":"https:\/\/arak.spicehorse.eu\/sk\/wp-json\/wp\/v2\/media?parent=193544"}],"wp:term":[{"taxonomy":"product_cat","embeddable":true,"href":"https:\/\/arak.spicehorse.eu\/sk\/wp-json\/wp\/v2\/product_cat?post=193544"},{"taxonomy":"product_tag","embeddable":true,"href":"https:\/\/arak.spicehorse.eu\/sk\/wp-json\/wp\/v2\/product_tag?post=193544"}],"curies":[{"name":"wp","href":"https:\/\/api.w.org\/{rel}","templated":true}]}}