{"id":193615,"date":"2025-04-13T19:56:21","date_gmt":"2025-04-13T17:56:32","guid":{"rendered":"https:\/\/arak.spicehorse.eu\/?post_type=product&#038;p=193615"},"modified":"2025-04-20T12:13:36","modified_gmt":"2025-04-20T10:13:36","slug":"kentucky-padded-taska","status":"publish","type":"product","link":"https:\/\/arak.spicehorse.eu\/sk\/produkt\/kentucky-padded-taska\/","title":{"rendered":"Kentucky Padded ta\u0161ka"},"content":{"rendered":"<p style=\"font-weight: 400;\">Kentucky Padded polstrovan\u00e1 ta\u0161ka ur\u010den\u00e1 pre jazdcov a\u00a0milovn\u00edkov kon\u00ed. Je priestrann\u00e1 a\u00a0elegantn\u00e1, ochr\u00e1ni na\u0161e najnutnej\u0161ie potreby po\u010das cestovania. \u010ci sa chyst\u00e1te na s\u00fa\u0165a\u017ee, alebo v\u00a0stajni, alebo jednoducho po\u010das ciest t\u00e1to ta\u0161ka udr\u017e\u00ed va\u0161e veci v\u00a0bezpe\u010d\u00ed v\u010faka pevn\u00e9mu tvarovaniu so \u0161tepovan\u00edm.<\/p>\n<ul style=\"font-weight: 400;\">\n<li>\u0160tepovan\u00e1 ochrana \u2013 m\u00e4kk\u00e9 ale mas\u00edvne polstrovanie zabezpe\u010duje, aby boli ulo\u017een\u00e9 veci v\u00a0bezpe\u010d\u00ed, chr\u00e1nen\u00e9 pred po\u0161kriaban\u00edm a\u00a0odermi.<\/li>\n<li>Priestrann\u00e1 a mnohostrann\u00e1 \u2013 je dostato\u010dne ve\u013ek\u00e1 pre skladovanie konskej v\u00fdbavy, napr\u00edklad podsedlov\u00fdch de\u010diek.<\/li>\n<li>Pohodln\u00e9 r\u00fa\u010dky \u2013 hrubo polstrovan\u00e9 r\u00fa\u010dky zabezpe\u010duj\u00fa pohodln\u00e9 uchopenie pre \u013eahk\u00e9 nosenie ta\u0161ky.<\/li>\n<li>\u013dahk\u00e1 a\u00a0odoln\u00e1- vyroben\u00e1 z\u00a0vysoko kvalitn\u00e9ho materi\u00e1lu, aby vydr\u017eala aj pri ka\u017edodennom pou\u017e\u00edvan\u00ed.<\/li>\n<li>Elegantn\u00fd dizajn \u2013 vy\u0161\u00edvan\u00e9 Kentucky logo pre sofistikovan\u00fd vzh\u013ead.<\/li>\n<\/ul>\n<p style=\"font-weight: 400;\">Kentucky polstrovan\u00e1 ta\u0161ka sp\u00e1ja praktickos\u0165 so \u0161t\u00fdlom, preto je nepostr\u00e1date\u013en\u00e1 pre v\u0161etk\u00fdch jazdcov, ktor\u00ed ob\u013eubuj\u00fa funk\u010dnos\u0165 a\u00a0m\u00f3dnos\u0165 z\u00e1rove\u0148. \u0160tepovan\u00fd dizajn jej dod\u00e1va nielen nev\u0161edn\u00fd vzh\u013ead, ale zabezpe\u010duje aj ochranu konskej v\u00fdbavy. Je ide\u00e1lna na s\u00fa\u0165a\u017ee, cestovanie alebo ka\u017edodenn\u00e9 pou\u017e\u00edvanie v\u00a0stajni. T\u00e1to ta\u0161ka je povinn\u00fdm doplnkom pre ka\u017ed\u00e9ho jazdca!<\/p>\n<p style=\"font-weight: 400;\">Ve\u013ekos\u0165: 43 cm x 10 cm x 47 cm<\/p>\n<p style=\"font-weight: 400;\">Mo\u017eno pra\u0165 v\u00a0pr\u00e1\u010dke na 30\u00b0C, nevkladajte do su\u0161i\u010dky.<\/p>\n","protected":false},"excerpt":{"rendered":"<p>Kentucky Padded polstrovan\u00e1 ta\u0161ka ur\u010den\u00e1 pre jazdcov a\u00a0milovn\u00edkov kon\u00ed. Je priestrann\u00e1 a\u00a0elegantn\u00e1, ochr\u00e1ni na\u0161e najnutnej\u0161ie potreby po\u010das cestovania. \u010ci sa chyst\u00e1te na s\u00fa\u0165a\u017ee, alebo v\u00a0stajni, alebo jednoducho po\u010das ciest t\u00e1to ta\u0161ka udr\u017e\u00ed va\u0161e veci v\u00a0bezpe\u010d\u00ed v\u010faka pevn\u00e9mu tvarovaniu so \u0161tepovan\u00edm. \u0160tepovan\u00e1 ochrana \u2013 m\u00e4kk\u00e9 ale mas\u00edvne polstrovanie zabezpe\u010duje, aby boli ulo\u017een\u00e9 veci v\u00a0bezpe\u010d\u00ed, chr\u00e1nen\u00e9 pred [&hellip;]<\/p>\n","protected":false},"featured_media":193618,"template":"","meta":{"_acf_changed":false},"product_cat":[76,311,75,120],"product_tag":[184],"acf":[],"yoast_head":"<!-- This site is optimized with the Yoast SEO plugin v21.4 - https:\/\/yoast.com\/wordpress\/plugins\/seo\/ -->\n<title>Kentucky Padded ta\u0161ka - Spicehorse<\/title>\n<meta name=\"description\" content=\"spicehorse.eu | Kentucky Padded polstrovan\u00e1 ta\u0161ka ur\u010den\u00e1 pre jazdcov a\u00a0milovn\u00edkov kon\u00ed. Je priestrann\u00e1 a\u00a0elegantn\u00e1, ochr\u00e1ni na\u0161e najnutnej\u0161ie potreby po\u010das cestovania.\" \/>\n<meta name=\"robots\" content=\"index, follow, max-snippet:-1, max-image-preview:large, max-video-preview:-1\" \/>\n<link rel=\"canonical\" href=\"https:\/\/arak.spicehorse.eu\/termek\/kentucky-padded-taska\/\" \/>\n<meta property=\"og:locale\" content=\"sk_SK\" \/>\n<meta property=\"og:type\" content=\"article\" \/>\n<meta property=\"og:title\" content=\"Kentucky Padded ta\u0161ka - Spicehorse\" \/>\n<meta property=\"og:description\" content=\"spicehorse.eu | Kentucky Padded polstrovan\u00e1 ta\u0161ka ur\u010den\u00e1 pre jazdcov a\u00a0milovn\u00edkov kon\u00ed. Je priestrann\u00e1 a\u00a0elegantn\u00e1, ochr\u00e1ni na\u0161e najnutnej\u0161ie potreby po\u010das cestovania.\" \/>\n<meta property=\"og:url\" content=\"https:\/\/arak.spicehorse.eu\/termek\/kentucky-padded-taska\/\" \/>\n<meta property=\"og:site_name\" content=\"Spicehorse\" \/>\n<meta property=\"article:publisher\" content=\"https:\/\/www.facebook.com\/SPICEHORSE-550385625402457\/\" \/>\n<meta property=\"article:modified_time\" content=\"2025-04-20T10:13:36+00:00\" \/>\n<meta property=\"og:image\" content=\"https:\/\/arak.spicehorse.eu\/wp-content\/uploads\/2025\/04\/kentucky-padded-bag-beige.jpg\" \/>\n\t<meta property=\"og:image:width\" content=\"1200\" \/>\n\t<meta property=\"og:image:height\" content=\"1200\" \/>\n\t<meta property=\"og:image:type\" content=\"image\/jpeg\" \/>\n<meta name=\"twitter:card\" content=\"summary_large_image\" \/>\n<meta name=\"twitter:label1\" content=\"Predpokladan\u00fd \u010das \u010d\u00edtania\" \/>\n\t<meta name=\"twitter:data1\" content=\"1 min\u00fata\" \/>\n<script type=\"application\/ld+json\" class=\"yoast-schema-graph\">{\"@context\":\"https:\/\/schema.org\",\"@graph\":[{\"@type\":\"WebPage\",\"@id\":\"https:\/\/arak.spicehorse.eu\/termek\/kentucky-padded-taska\/\",\"url\":\"https:\/\/arak.spicehorse.eu\/termek\/kentucky-padded-taska\/\",\"name\":\"Kentucky Padded ta\u0161ka - Spicehorse\",\"isPartOf\":{\"@id\":\"https:\/\/arak.spicehorse.eu\/en\/#website\"},\"datePublished\":\"2025-04-13T17:56:32+00:00\",\"dateModified\":\"2025-04-20T10:13:36+00:00\",\"description\":\"spicehorse.eu | Kentucky Padded polstrovan\u00e1 ta\u0161ka ur\u010den\u00e1 pre jazdcov a\u00a0milovn\u00edkov kon\u00ed. Je priestrann\u00e1 a\u00a0elegantn\u00e1, ochr\u00e1ni na\u0161e najnutnej\u0161ie potreby po\u010das cestovania.\",\"breadcrumb\":{\"@id\":\"https:\/\/arak.spicehorse.eu\/termek\/kentucky-padded-taska\/#breadcrumb\"},\"inLanguage\":\"sk-SK\",\"potentialAction\":[{\"@type\":\"ReadAction\",\"target\":[\"https:\/\/arak.spicehorse.eu\/termek\/kentucky-padded-taska\/\"]}]},{\"@type\":\"BreadcrumbList\",\"@id\":\"https:\/\/arak.spicehorse.eu\/termek\/kentucky-padded-taska\/#breadcrumb\",\"itemListElement\":[{\"@type\":\"ListItem\",\"position\":1,\"name\":\"Home\",\"item\":\"https:\/\/arak.spicehorse.eu\/sk\/\"},{\"@type\":\"ListItem\",\"position\":2,\"name\":\"Predaj\u0148a\",\"item\":\"https:\/\/arak.spicehorse.eu\/sk\/predajna\/\"},{\"@type\":\"ListItem\",\"position\":3,\"name\":\"Kentucky Padded ta\u0161ka\"}]},{\"@type\":\"WebSite\",\"@id\":\"https:\/\/arak.spicehorse.eu\/en\/#website\",\"url\":\"https:\/\/arak.spicehorse.eu\/en\/\",\"name\":\"Spicehorse\",\"description\":\"UNDER DEVELOPMENT -\",\"potentialAction\":[{\"@type\":\"SearchAction\",\"target\":{\"@type\":\"EntryPoint\",\"urlTemplate\":\"https:\/\/arak.spicehorse.eu\/en\/?s={search_term_string}\"},\"query-input\":\"required name=search_term_string\"}],\"inLanguage\":\"sk-SK\"}]}<\/script>\n<!-- \/ Yoast SEO plugin. -->","yoast_head_json":{"title":"Kentucky Padded ta\u0161ka - Spicehorse","description":"spicehorse.eu | Kentucky Padded polstrovan\u00e1 ta\u0161ka ur\u010den\u00e1 pre jazdcov a\u00a0milovn\u00edkov kon\u00ed. Je priestrann\u00e1 a\u00a0elegantn\u00e1, ochr\u00e1ni na\u0161e najnutnej\u0161ie potreby po\u010das cestovania.","robots":{"index":"index","follow":"follow","max-snippet":"max-snippet:-1","max-image-preview":"max-image-preview:large","max-video-preview":"max-video-preview:-1"},"canonical":"https:\/\/arak.spicehorse.eu\/termek\/kentucky-padded-taska\/","og_locale":"sk_SK","og_type":"article","og_title":"Kentucky Padded ta\u0161ka - Spicehorse","og_description":"spicehorse.eu | Kentucky Padded polstrovan\u00e1 ta\u0161ka ur\u010den\u00e1 pre jazdcov a\u00a0milovn\u00edkov kon\u00ed. Je priestrann\u00e1 a\u00a0elegantn\u00e1, ochr\u00e1ni na\u0161e najnutnej\u0161ie potreby po\u010das cestovania.","og_url":"https:\/\/arak.spicehorse.eu\/termek\/kentucky-padded-taska\/","og_site_name":"Spicehorse","article_publisher":"https:\/\/www.facebook.com\/SPICEHORSE-550385625402457\/","article_modified_time":"2025-04-20T10:13:36+00:00","og_image":[{"width":1200,"height":1200,"url":"https:\/\/arak.spicehorse.eu\/wp-content\/uploads\/2025\/04\/kentucky-padded-bag-beige.jpg","type":"image\/jpeg"}],"twitter_card":"summary_large_image","twitter_misc":{"Predpokladan\u00fd \u010das \u010d\u00edtania":"1 min\u00fata"},"schema":{"@context":"https:\/\/schema.org","@graph":[{"@type":"WebPage","@id":"https:\/\/arak.spicehorse.eu\/termek\/kentucky-padded-taska\/","url":"https:\/\/arak.spicehorse.eu\/termek\/kentucky-padded-taska\/","name":"Kentucky Padded ta\u0161ka - Spicehorse","isPartOf":{"@id":"https:\/\/arak.spicehorse.eu\/en\/#website"},"datePublished":"2025-04-13T17:56:32+00:00","dateModified":"2025-04-20T10:13:36+00:00","description":"spicehorse.eu | Kentucky Padded polstrovan\u00e1 ta\u0161ka ur\u010den\u00e1 pre jazdcov a\u00a0milovn\u00edkov kon\u00ed. Je priestrann\u00e1 a\u00a0elegantn\u00e1, ochr\u00e1ni na\u0161e najnutnej\u0161ie potreby po\u010das cestovania.","breadcrumb":{"@id":"https:\/\/arak.spicehorse.eu\/termek\/kentucky-padded-taska\/#breadcrumb"},"inLanguage":"sk-SK","potentialAction":[{"@type":"ReadAction","target":["https:\/\/arak.spicehorse.eu\/termek\/kentucky-padded-taska\/"]}]},{"@type":"BreadcrumbList","@id":"https:\/\/arak.spicehorse.eu\/termek\/kentucky-padded-taska\/#breadcrumb","itemListElement":[{"@type":"ListItem","position":1,"name":"Home","item":"https:\/\/arak.spicehorse.eu\/sk\/"},{"@type":"ListItem","position":2,"name":"Predaj\u0148a","item":"https:\/\/arak.spicehorse.eu\/sk\/predajna\/"},{"@type":"ListItem","position":3,"name":"Kentucky Padded ta\u0161ka"}]},{"@type":"WebSite","@id":"https:\/\/arak.spicehorse.eu\/en\/#website","url":"https:\/\/arak.spicehorse.eu\/en\/","name":"Spicehorse","description":"UNDER DEVELOPMENT -","potentialAction":[{"@type":"SearchAction","target":{"@type":"EntryPoint","urlTemplate":"https:\/\/arak.spicehorse.eu\/en\/?s={search_term_string}"},"query-input":"required name=search_term_string"}],"inLanguage":"sk-SK"}]}},"_links":{"self":[{"href":"https:\/\/arak.spicehorse.eu\/sk\/wp-json\/wp\/v2\/product\/193615"}],"collection":[{"href":"https:\/\/arak.spicehorse.eu\/sk\/wp-json\/wp\/v2\/product"}],"about":[{"href":"https:\/\/arak.spicehorse.eu\/sk\/wp-json\/wp\/v2\/types\/product"}],"wp:featuredmedia":[{"embeddable":true,"href":"https:\/\/arak.spicehorse.eu\/sk\/wp-json\/wp\/v2\/media\/193618"}],"wp:attachment":[{"href":"https:\/\/arak.spicehorse.eu\/sk\/wp-json\/wp\/v2\/media?parent=193615"}],"wp:term":[{"taxonomy":"product_cat","embeddable":true,"href":"https:\/\/arak.spicehorse.eu\/sk\/wp-json\/wp\/v2\/product_cat?post=193615"},{"taxonomy":"product_tag","embeddable":true,"href":"https:\/\/arak.spicehorse.eu\/sk\/wp-json\/wp\/v2\/product_tag?post=193615"}],"curies":[{"name":"wp","href":"https:\/\/api.w.org\/{rel}","templated":true}]}}