{"id":19406,"date":"2020-12-30T15:51:30","date_gmt":"2020-12-30T14:51:33","guid":{"rendered":"https:\/\/arak.spicehorse.eu\/?post_type=product&#038;p=19406"},"modified":"2023-11-23T11:33:10","modified_gmt":"2023-11-23T10:33:10","slug":"kentucky-pearls-flisove-bandaze","status":"publish","type":"product","link":"https:\/\/arak.spicehorse.eu\/sk\/produkt\/kentucky-pearls-flisove-bandaze\/","title":{"rendered":"Kentucky Pearls fl\u00edsov\u00e9 band\u00e1\u017ee"},"content":{"rendered":"<p>Kentucky Horsewear\u00a0Pearl band\u00e1\u017ee s kamienkami dokonale ladia s Kentucky Horsewear Pearl podsedlov\u00fdmi de\u010dkami a \u010dabrakami.<\/p>\n<p>Kentucky Horsewear\u00a0Pearl 280 g\/m<sup>2<\/sup>\u00a0fl\u00edsov\u00e9 band\u00e1\u017ee sa zap\u00ednaj\u00fa pevn\u00fdm such\u00fdm zipsom, s\u00fa vyroben\u00e9 z vlnen\u00e9ho fl\u00edsu vysokej kvality, nevytv\u00e1raj\u00fa \u017emolky. Zabezpe\u010duj\u00fa dokonal\u00fa ochranu pre \u0161\u013eachy po\u010das pr\u00e1ce. Set pozost\u00e1vaj\u00faci zo 4 kusov je balen\u00fd v\u00a0puzdre so zipsom pre jednoduch\u00fa prepravu. Mo\u017eno pra\u0165 v pr\u00e1\u010dke na 30\u00b0 (nevkladajte do su\u0161i\u010dky).<\/p>\n<p>325 x 12 cm<\/p>\n","protected":false},"excerpt":{"rendered":"<ul>\n<li>280g\/m2<\/li>\n<li>Nevytv\u00e1raj\u00fa \u017emolky<\/li>\n<li>Pevn\u00fd such\u00fd zips<\/li>\n<li>Dokonal\u00e1 ochrana pre \u0161\u013eachy<\/li>\n<li>325 cm x 12 cm<\/li>\n<\/ul>\n","protected":false},"featured_media":19430,"template":"","meta":{"_acf_changed":false},"product_cat":[78,75,102],"product_tag":[149,241,184],"acf":[],"yoast_head":"<!-- This site is optimized with the Yoast SEO plugin v21.4 - https:\/\/yoast.com\/wordpress\/plugins\/seo\/ -->\n<title>Kentucky Pearls fl\u00edsov\u00e9 band\u00e1\u017ee - Spicehorse<\/title>\n<meta name=\"description\" content=\"spicehorse.eu | Kentucky Horsewear 280 g\/m2\u00a0fl\u00edsov\u00e9 band\u00e1\u017ee sa uzatv\u00e1raj\u00fa pevn\u00fdmi such\u00fdmi zipsami, s\u00fa vyroben\u00e9 z\u00a0fl\u00edsu vysokej kvality, netvoria sa \u017emolky.\" \/>\n<meta name=\"robots\" content=\"index, follow, max-snippet:-1, max-image-preview:large, max-video-preview:-1\" \/>\n<link rel=\"canonical\" href=\"https:\/\/arak.spicehorse.eu\/sk\/produkt\/kentucky-pearls-flisove-bandaze\/\" \/>\n<meta property=\"og:locale\" content=\"sk_SK\" \/>\n<meta property=\"og:type\" content=\"article\" \/>\n<meta property=\"og:title\" content=\"Kentucky Pearls fl\u00edsov\u00e9 band\u00e1\u017ee - Spicehorse\" \/>\n<meta property=\"og:description\" content=\"spicehorse.eu | Kentucky Horsewear 280 g\/m2\u00a0fl\u00edsov\u00e9 band\u00e1\u017ee sa uzatv\u00e1raj\u00fa pevn\u00fdmi such\u00fdmi zipsami, s\u00fa vyroben\u00e9 z\u00a0fl\u00edsu vysokej kvality, netvoria sa \u017emolky.\" \/>\n<meta property=\"og:url\" content=\"https:\/\/arak.spicehorse.eu\/sk\/produkt\/kentucky-pearls-flisove-bandaze\/\" \/>\n<meta property=\"og:site_name\" content=\"Spicehorse\" \/>\n<meta property=\"article:publisher\" content=\"https:\/\/www.facebook.com\/SPICEHORSE-550385625402457\/\" \/>\n<meta property=\"article:modified_time\" content=\"2023-11-23T10:33:10+00:00\" \/>\n<meta property=\"og:image\" content=\"https:\/\/arak.spicehorse.eu\/wp-content\/uploads\/2020\/12\/cb77ac31d0b562c422186863cfda803c3731d6b9ac5dab2ec736902a3bb2a2b1.jpg\" \/>\n\t<meta property=\"og:image:width\" content=\"2048\" \/>\n\t<meta property=\"og:image:height\" content=\"2048\" \/>\n\t<meta property=\"og:image:type\" content=\"image\/jpeg\" \/>\n<meta name=\"twitter:card\" content=\"summary_large_image\" \/>\n<script type=\"application\/ld+json\" class=\"yoast-schema-graph\">{\"@context\":\"https:\/\/schema.org\",\"@graph\":[{\"@type\":\"WebPage\",\"@id\":\"https:\/\/arak.spicehorse.eu\/sk\/produkt\/kentucky-pearls-flisove-bandaze\/\",\"url\":\"https:\/\/arak.spicehorse.eu\/sk\/produkt\/kentucky-pearls-flisove-bandaze\/\",\"name\":\"Kentucky Pearls fl\u00edsov\u00e9 band\u00e1\u017ee - Spicehorse\",\"isPartOf\":{\"@id\":\"https:\/\/arak.spicehorse.eu\/en\/#website\"},\"datePublished\":\"2020-12-30T14:51:33+00:00\",\"dateModified\":\"2023-11-23T10:33:10+00:00\",\"description\":\"spicehorse.eu | Kentucky Horsewear 280 g\/m2\u00a0fl\u00edsov\u00e9 band\u00e1\u017ee sa uzatv\u00e1raj\u00fa pevn\u00fdmi such\u00fdmi zipsami, s\u00fa vyroben\u00e9 z\u00a0fl\u00edsu vysokej kvality, netvoria sa \u017emolky.\",\"breadcrumb\":{\"@id\":\"https:\/\/arak.spicehorse.eu\/sk\/produkt\/kentucky-pearls-flisove-bandaze\/#breadcrumb\"},\"inLanguage\":\"sk-SK\",\"potentialAction\":[{\"@type\":\"ReadAction\",\"target\":[\"https:\/\/arak.spicehorse.eu\/sk\/produkt\/kentucky-pearls-flisove-bandaze\/\"]}]},{\"@type\":\"BreadcrumbList\",\"@id\":\"https:\/\/arak.spicehorse.eu\/sk\/produkt\/kentucky-pearls-flisove-bandaze\/#breadcrumb\",\"itemListElement\":[{\"@type\":\"ListItem\",\"position\":1,\"name\":\"Home\",\"item\":\"https:\/\/arak.spicehorse.eu\/sk\/\"},{\"@type\":\"ListItem\",\"position\":2,\"name\":\"Predaj\u0148a\",\"item\":\"https:\/\/arak.spicehorse.eu\/sk\/predajna\/\"},{\"@type\":\"ListItem\",\"position\":3,\"name\":\"Kentucky Pearls fl\u00edsov\u00e9 band\u00e1\u017ee\"}]},{\"@type\":\"WebSite\",\"@id\":\"https:\/\/arak.spicehorse.eu\/en\/#website\",\"url\":\"https:\/\/arak.spicehorse.eu\/en\/\",\"name\":\"Spicehorse\",\"description\":\"UNDER DEVELOPMENT -\",\"potentialAction\":[{\"@type\":\"SearchAction\",\"target\":{\"@type\":\"EntryPoint\",\"urlTemplate\":\"https:\/\/arak.spicehorse.eu\/en\/?s={search_term_string}\"},\"query-input\":\"required name=search_term_string\"}],\"inLanguage\":\"sk-SK\"}]}<\/script>\n<!-- \/ Yoast SEO plugin. -->","yoast_head_json":{"title":"Kentucky Pearls fl\u00edsov\u00e9 band\u00e1\u017ee - Spicehorse","description":"spicehorse.eu | Kentucky Horsewear 280 g\/m2\u00a0fl\u00edsov\u00e9 band\u00e1\u017ee sa uzatv\u00e1raj\u00fa pevn\u00fdmi such\u00fdmi zipsami, s\u00fa vyroben\u00e9 z\u00a0fl\u00edsu vysokej kvality, netvoria sa \u017emolky.","robots":{"index":"index","follow":"follow","max-snippet":"max-snippet:-1","max-image-preview":"max-image-preview:large","max-video-preview":"max-video-preview:-1"},"canonical":"https:\/\/arak.spicehorse.eu\/sk\/produkt\/kentucky-pearls-flisove-bandaze\/","og_locale":"sk_SK","og_type":"article","og_title":"Kentucky Pearls fl\u00edsov\u00e9 band\u00e1\u017ee - Spicehorse","og_description":"spicehorse.eu | Kentucky Horsewear 280 g\/m2\u00a0fl\u00edsov\u00e9 band\u00e1\u017ee sa uzatv\u00e1raj\u00fa pevn\u00fdmi such\u00fdmi zipsami, s\u00fa vyroben\u00e9 z\u00a0fl\u00edsu vysokej kvality, netvoria sa \u017emolky.","og_url":"https:\/\/arak.spicehorse.eu\/sk\/produkt\/kentucky-pearls-flisove-bandaze\/","og_site_name":"Spicehorse","article_publisher":"https:\/\/www.facebook.com\/SPICEHORSE-550385625402457\/","article_modified_time":"2023-11-23T10:33:10+00:00","og_image":[{"width":2048,"height":2048,"url":"https:\/\/arak.spicehorse.eu\/wp-content\/uploads\/2020\/12\/cb77ac31d0b562c422186863cfda803c3731d6b9ac5dab2ec736902a3bb2a2b1.jpg","type":"image\/jpeg"}],"twitter_card":"summary_large_image","schema":{"@context":"https:\/\/schema.org","@graph":[{"@type":"WebPage","@id":"https:\/\/arak.spicehorse.eu\/sk\/produkt\/kentucky-pearls-flisove-bandaze\/","url":"https:\/\/arak.spicehorse.eu\/sk\/produkt\/kentucky-pearls-flisove-bandaze\/","name":"Kentucky Pearls fl\u00edsov\u00e9 band\u00e1\u017ee - Spicehorse","isPartOf":{"@id":"https:\/\/arak.spicehorse.eu\/en\/#website"},"datePublished":"2020-12-30T14:51:33+00:00","dateModified":"2023-11-23T10:33:10+00:00","description":"spicehorse.eu | Kentucky Horsewear 280 g\/m2\u00a0fl\u00edsov\u00e9 band\u00e1\u017ee sa uzatv\u00e1raj\u00fa pevn\u00fdmi such\u00fdmi zipsami, s\u00fa vyroben\u00e9 z\u00a0fl\u00edsu vysokej kvality, netvoria sa \u017emolky.","breadcrumb":{"@id":"https:\/\/arak.spicehorse.eu\/sk\/produkt\/kentucky-pearls-flisove-bandaze\/#breadcrumb"},"inLanguage":"sk-SK","potentialAction":[{"@type":"ReadAction","target":["https:\/\/arak.spicehorse.eu\/sk\/produkt\/kentucky-pearls-flisove-bandaze\/"]}]},{"@type":"BreadcrumbList","@id":"https:\/\/arak.spicehorse.eu\/sk\/produkt\/kentucky-pearls-flisove-bandaze\/#breadcrumb","itemListElement":[{"@type":"ListItem","position":1,"name":"Home","item":"https:\/\/arak.spicehorse.eu\/sk\/"},{"@type":"ListItem","position":2,"name":"Predaj\u0148a","item":"https:\/\/arak.spicehorse.eu\/sk\/predajna\/"},{"@type":"ListItem","position":3,"name":"Kentucky Pearls fl\u00edsov\u00e9 band\u00e1\u017ee"}]},{"@type":"WebSite","@id":"https:\/\/arak.spicehorse.eu\/en\/#website","url":"https:\/\/arak.spicehorse.eu\/en\/","name":"Spicehorse","description":"UNDER DEVELOPMENT -","potentialAction":[{"@type":"SearchAction","target":{"@type":"EntryPoint","urlTemplate":"https:\/\/arak.spicehorse.eu\/en\/?s={search_term_string}"},"query-input":"required name=search_term_string"}],"inLanguage":"sk-SK"}]}},"_links":{"self":[{"href":"https:\/\/arak.spicehorse.eu\/sk\/wp-json\/wp\/v2\/product\/19406"}],"collection":[{"href":"https:\/\/arak.spicehorse.eu\/sk\/wp-json\/wp\/v2\/product"}],"about":[{"href":"https:\/\/arak.spicehorse.eu\/sk\/wp-json\/wp\/v2\/types\/product"}],"wp:featuredmedia":[{"embeddable":true,"href":"https:\/\/arak.spicehorse.eu\/sk\/wp-json\/wp\/v2\/media\/19430"}],"wp:attachment":[{"href":"https:\/\/arak.spicehorse.eu\/sk\/wp-json\/wp\/v2\/media?parent=19406"}],"wp:term":[{"taxonomy":"product_cat","embeddable":true,"href":"https:\/\/arak.spicehorse.eu\/sk\/wp-json\/wp\/v2\/product_cat?post=19406"},{"taxonomy":"product_tag","embeddable":true,"href":"https:\/\/arak.spicehorse.eu\/sk\/wp-json\/wp\/v2\/product_tag?post=19406"}],"curies":[{"name":"wp","href":"https:\/\/api.w.org\/{rel}","templated":true}]}}