{"id":194357,"date":"2025-04-29T18:05:38","date_gmt":"2025-04-29T16:05:43","guid":{"rendered":"https:\/\/arak.spicehorse.eu\/?post_type=product&#038;p=194357"},"modified":"2025-05-20T10:00:48","modified_gmt":"2025-05-20T08:00:48","slug":"ps-of-sweden-airflow-mesh-cabraka-s-tlmicom-black","status":"publish","type":"product","link":"https:\/\/arak.spicehorse.eu\/sk\/produkt\/ps-of-sweden-airflow-mesh-cabraka-s-tlmicom-black\/","title":{"rendered":"PS of Sweden Airflow Mesh \u010dabraka s tlmi\u010dom Black"},"content":{"rendered":"<div>\n<p><span lang=\"SK\">Ru\u010dne h\u00e1\u010dkovan\u00e1 PS of Sweden \u010dabraka s\u00a0tlmi\u010dom hluku. Stabilne sa upev\u0148uje pomocou such\u00fdch zipsov, v\u010faka \u010domu sa zaru\u010dene nezo\u0161mykuje pri jazden\u00ed.<\/span><\/p>\n<\/div>\n<div>\n<p><span lang=\"SK\">100% polyester<\/span><\/p>\n<\/div>\n<div>\n<p><span lang=\"SK\">Pranie: mo\u017eno pra\u0165 na 40\u00b0C s\u00a0podobn\u00fdmi farbami. Nepou\u017e\u00edvajte aviv\u00e1\u017e. Ne\u017eehlite. Nevkladajte do su\u0161i\u010dky.<\/span><\/p>\n<\/div>\n","protected":false},"excerpt":{"rendered":"<ul style=\"font-weight: 400;\">\n<li>Anatomick\u00e9 tvarovanie<\/li>\n<li>Vzadu sa upev\u0148uje pomocou such\u00fdch zipsov<\/li>\n<li>S tlmi\u010dom hluku<\/li>\n<li>Z jersey materi\u00e1lu<\/li>\n<\/ul>\n","protected":false},"featured_media":194360,"template":"","meta":{"_acf_changed":false},"product_cat":[73,78,75,108],"product_tag":[3225,265,517,3222],"acf":[],"yoast_head":"<!-- This site is optimized with the Yoast SEO plugin v21.4 - https:\/\/yoast.com\/wordpress\/plugins\/seo\/ -->\n<title>PS of Sweden Airflow Mesh \u010dabraka s tlmi\u010dom Black - Spicehorse<\/title>\n<meta name=\"description\" content=\"spicehorse.eu | Ru\u010dne h\u00e1\u010dkovan\u00e1 PS of Sweden \u010dabraka s\u00a0tlmi\u010dom hluku. Stabilne sa upev\u0148uje pomocou such\u00fdch zipsov, v\u010faka \u010domu sa zaru\u010dene nezo\u0161mykuje pri jazden\u00ed.\" \/>\n<meta name=\"robots\" content=\"index, follow, max-snippet:-1, max-image-preview:large, max-video-preview:-1\" \/>\n<link rel=\"canonical\" href=\"https:\/\/arak.spicehorse.eu\/termek\/ps-of-sweden-airflow-mesh-hangtompitos-fulvedo-black\/\" \/>\n<meta property=\"og:locale\" content=\"sk_SK\" \/>\n<meta property=\"og:type\" content=\"article\" \/>\n<meta property=\"og:title\" content=\"PS of Sweden Airflow Mesh \u010dabraka s tlmi\u010dom Black - Spicehorse\" \/>\n<meta property=\"og:description\" content=\"spicehorse.eu | Ru\u010dne h\u00e1\u010dkovan\u00e1 PS of Sweden \u010dabraka s\u00a0tlmi\u010dom hluku. Stabilne sa upev\u0148uje pomocou such\u00fdch zipsov, v\u010faka \u010domu sa zaru\u010dene nezo\u0161mykuje pri jazden\u00ed.\" \/>\n<meta property=\"og:url\" content=\"https:\/\/arak.spicehorse.eu\/termek\/ps-of-sweden-airflow-mesh-hangtompitos-fulvedo-black\/\" \/>\n<meta property=\"og:site_name\" content=\"Spicehorse\" \/>\n<meta property=\"article:publisher\" content=\"https:\/\/www.facebook.com\/SPICEHORSE-550385625402457\/\" \/>\n<meta property=\"article:modified_time\" content=\"2025-05-20T08:00:48+00:00\" \/>\n<meta property=\"og:image\" content=\"https:\/\/arak.spicehorse.eu\/wp-content\/uploads\/2018\/11\/Spice-Horse_k\u00f6rpecs\u00e9t.jpg\" \/>\n\t<meta property=\"og:image:width\" content=\"600\" \/>\n\t<meta property=\"og:image:height\" content=\"314\" \/>\n\t<meta property=\"og:image:type\" content=\"image\/jpeg\" \/>\n<meta name=\"twitter:card\" content=\"summary_large_image\" \/>\n<script type=\"application\/ld+json\" class=\"yoast-schema-graph\">{\"@context\":\"https:\/\/schema.org\",\"@graph\":[{\"@type\":\"WebPage\",\"@id\":\"https:\/\/arak.spicehorse.eu\/termek\/ps-of-sweden-airflow-mesh-hangtompitos-fulvedo-black\/\",\"url\":\"https:\/\/arak.spicehorse.eu\/termek\/ps-of-sweden-airflow-mesh-hangtompitos-fulvedo-black\/\",\"name\":\"PS of Sweden Airflow Mesh \u010dabraka s tlmi\u010dom Black - Spicehorse\",\"isPartOf\":{\"@id\":\"https:\/\/arak.spicehorse.eu\/en\/#website\"},\"datePublished\":\"2025-04-29T16:05:43+00:00\",\"dateModified\":\"2025-05-20T08:00:48+00:00\",\"description\":\"spicehorse.eu | Ru\u010dne h\u00e1\u010dkovan\u00e1 PS of Sweden \u010dabraka s\u00a0tlmi\u010dom hluku. Stabilne sa upev\u0148uje pomocou such\u00fdch zipsov, v\u010faka \u010domu sa zaru\u010dene nezo\u0161mykuje pri jazden\u00ed.\",\"breadcrumb\":{\"@id\":\"https:\/\/arak.spicehorse.eu\/termek\/ps-of-sweden-airflow-mesh-hangtompitos-fulvedo-black\/#breadcrumb\"},\"inLanguage\":\"sk-SK\",\"potentialAction\":[{\"@type\":\"ReadAction\",\"target\":[\"https:\/\/arak.spicehorse.eu\/termek\/ps-of-sweden-airflow-mesh-hangtompitos-fulvedo-black\/\"]}]},{\"@type\":\"BreadcrumbList\",\"@id\":\"https:\/\/arak.spicehorse.eu\/termek\/ps-of-sweden-airflow-mesh-hangtompitos-fulvedo-black\/#breadcrumb\",\"itemListElement\":[{\"@type\":\"ListItem\",\"position\":1,\"name\":\"Home\",\"item\":\"https:\/\/arak.spicehorse.eu\/sk\/\"},{\"@type\":\"ListItem\",\"position\":2,\"name\":\"Predaj\u0148a\",\"item\":\"https:\/\/arak.spicehorse.eu\/sk\/predajna\/\"},{\"@type\":\"ListItem\",\"position\":3,\"name\":\"PS of Sweden Airflow Mesh \u010dabraka s tlmi\u010dom Black\"}]},{\"@type\":\"WebSite\",\"@id\":\"https:\/\/arak.spicehorse.eu\/en\/#website\",\"url\":\"https:\/\/arak.spicehorse.eu\/en\/\",\"name\":\"Spicehorse\",\"description\":\"UNDER DEVELOPMENT -\",\"potentialAction\":[{\"@type\":\"SearchAction\",\"target\":{\"@type\":\"EntryPoint\",\"urlTemplate\":\"https:\/\/arak.spicehorse.eu\/en\/?s={search_term_string}\"},\"query-input\":\"required name=search_term_string\"}],\"inLanguage\":\"sk-SK\"}]}<\/script>\n<!-- \/ Yoast SEO plugin. -->","yoast_head_json":{"title":"PS of Sweden Airflow Mesh \u010dabraka s tlmi\u010dom Black - Spicehorse","description":"spicehorse.eu | Ru\u010dne h\u00e1\u010dkovan\u00e1 PS of Sweden \u010dabraka s\u00a0tlmi\u010dom hluku. Stabilne sa upev\u0148uje pomocou such\u00fdch zipsov, v\u010faka \u010domu sa zaru\u010dene nezo\u0161mykuje pri jazden\u00ed.","robots":{"index":"index","follow":"follow","max-snippet":"max-snippet:-1","max-image-preview":"max-image-preview:large","max-video-preview":"max-video-preview:-1"},"canonical":"https:\/\/arak.spicehorse.eu\/termek\/ps-of-sweden-airflow-mesh-hangtompitos-fulvedo-black\/","og_locale":"sk_SK","og_type":"article","og_title":"PS of Sweden Airflow Mesh \u010dabraka s tlmi\u010dom Black - Spicehorse","og_description":"spicehorse.eu | Ru\u010dne h\u00e1\u010dkovan\u00e1 PS of Sweden \u010dabraka s\u00a0tlmi\u010dom hluku. Stabilne sa upev\u0148uje pomocou such\u00fdch zipsov, v\u010faka \u010domu sa zaru\u010dene nezo\u0161mykuje pri jazden\u00ed.","og_url":"https:\/\/arak.spicehorse.eu\/termek\/ps-of-sweden-airflow-mesh-hangtompitos-fulvedo-black\/","og_site_name":"Spicehorse","article_publisher":"https:\/\/www.facebook.com\/SPICEHORSE-550385625402457\/","article_modified_time":"2025-05-20T08:00:48+00:00","og_image":[{"width":600,"height":314,"url":"https:\/\/arak.spicehorse.eu\/wp-content\/uploads\/2018\/11\/Spice-Horse_k\u00f6rpecs\u00e9t.jpg","type":"image\/jpeg"}],"twitter_card":"summary_large_image","schema":{"@context":"https:\/\/schema.org","@graph":[{"@type":"WebPage","@id":"https:\/\/arak.spicehorse.eu\/termek\/ps-of-sweden-airflow-mesh-hangtompitos-fulvedo-black\/","url":"https:\/\/arak.spicehorse.eu\/termek\/ps-of-sweden-airflow-mesh-hangtompitos-fulvedo-black\/","name":"PS of Sweden Airflow Mesh \u010dabraka s tlmi\u010dom Black - Spicehorse","isPartOf":{"@id":"https:\/\/arak.spicehorse.eu\/en\/#website"},"datePublished":"2025-04-29T16:05:43+00:00","dateModified":"2025-05-20T08:00:48+00:00","description":"spicehorse.eu | Ru\u010dne h\u00e1\u010dkovan\u00e1 PS of Sweden \u010dabraka s\u00a0tlmi\u010dom hluku. Stabilne sa upev\u0148uje pomocou such\u00fdch zipsov, v\u010faka \u010domu sa zaru\u010dene nezo\u0161mykuje pri jazden\u00ed.","breadcrumb":{"@id":"https:\/\/arak.spicehorse.eu\/termek\/ps-of-sweden-airflow-mesh-hangtompitos-fulvedo-black\/#breadcrumb"},"inLanguage":"sk-SK","potentialAction":[{"@type":"ReadAction","target":["https:\/\/arak.spicehorse.eu\/termek\/ps-of-sweden-airflow-mesh-hangtompitos-fulvedo-black\/"]}]},{"@type":"BreadcrumbList","@id":"https:\/\/arak.spicehorse.eu\/termek\/ps-of-sweden-airflow-mesh-hangtompitos-fulvedo-black\/#breadcrumb","itemListElement":[{"@type":"ListItem","position":1,"name":"Home","item":"https:\/\/arak.spicehorse.eu\/sk\/"},{"@type":"ListItem","position":2,"name":"Predaj\u0148a","item":"https:\/\/arak.spicehorse.eu\/sk\/predajna\/"},{"@type":"ListItem","position":3,"name":"PS of Sweden Airflow Mesh \u010dabraka s tlmi\u010dom Black"}]},{"@type":"WebSite","@id":"https:\/\/arak.spicehorse.eu\/en\/#website","url":"https:\/\/arak.spicehorse.eu\/en\/","name":"Spicehorse","description":"UNDER DEVELOPMENT -","potentialAction":[{"@type":"SearchAction","target":{"@type":"EntryPoint","urlTemplate":"https:\/\/arak.spicehorse.eu\/en\/?s={search_term_string}"},"query-input":"required name=search_term_string"}],"inLanguage":"sk-SK"}]}},"_links":{"self":[{"href":"https:\/\/arak.spicehorse.eu\/sk\/wp-json\/wp\/v2\/product\/194357"}],"collection":[{"href":"https:\/\/arak.spicehorse.eu\/sk\/wp-json\/wp\/v2\/product"}],"about":[{"href":"https:\/\/arak.spicehorse.eu\/sk\/wp-json\/wp\/v2\/types\/product"}],"wp:featuredmedia":[{"embeddable":true,"href":"https:\/\/arak.spicehorse.eu\/sk\/wp-json\/wp\/v2\/media\/194360"}],"wp:attachment":[{"href":"https:\/\/arak.spicehorse.eu\/sk\/wp-json\/wp\/v2\/media?parent=194357"}],"wp:term":[{"taxonomy":"product_cat","embeddable":true,"href":"https:\/\/arak.spicehorse.eu\/sk\/wp-json\/wp\/v2\/product_cat?post=194357"},{"taxonomy":"product_tag","embeddable":true,"href":"https:\/\/arak.spicehorse.eu\/sk\/wp-json\/wp\/v2\/product_tag?post=194357"}],"curies":[{"name":"wp","href":"https:\/\/api.w.org\/{rel}","templated":true}]}}